{"id":44682,"date":"2026-05-12T13:31:12","date_gmt":"2026-05-12T11:31:12","guid":{"rendered":"https:\/\/www.digitalcameraschool.it\/home\/?post_type=product&#038;p=44682"},"modified":"2026-05-12T13:34:57","modified_gmt":"2026-05-12T11:34:57","slug":"nitidezza-rumore-come-gestire-al-meglio-il-file-giovedi-10-settembre","status":"publish","type":"product","link":"https:\/\/www.digitalcameraschool.it\/home\/prodotto\/nitidezza-rumore-come-gestire-al-meglio-il-file-giovedi-10-settembre\/","title":{"rendered":"Nitidezza &#038; Rumore  <br> come gestire al meglio il file <br> Gioved\u00ec 10 settembre"},"content":{"rendered":"<div class=\"o9v6fnle cxmmr5t8 oygrvhab hcukyx3x c1et5uql\">\n<div class=\"kvgmc6g5 cxmmr5t8 oygrvhab hcukyx3x c1et5uql\">\n<p><img loading=\"lazy\" decoding=\"async\" class=\"aligncenter wp-image-31047 size-full\" src=\"https:\/\/www.digitalcameraschool.it\/home\/wp-content\/uploads\/2023\/06\/Senza-titolo-4.jpg\" alt=\"\" width=\"2339\" height=\"1654\" srcset=\"https:\/\/www.digitalcameraschool.it\/home\/wp-content\/uploads\/2023\/06\/Senza-titolo-4.jpg 2339w, https:\/\/www.digitalcameraschool.it\/home\/wp-content\/uploads\/2023\/06\/Senza-titolo-4-300x212.jpg 300w, https:\/\/www.digitalcameraschool.it\/home\/wp-content\/uploads\/2023\/06\/Senza-titolo-4-1024x724.jpg 1024w, https:\/\/www.digitalcameraschool.it\/home\/wp-content\/uploads\/2023\/06\/Senza-titolo-4-768x543.jpg 768w, https:\/\/www.digitalcameraschool.it\/home\/wp-content\/uploads\/2023\/06\/Senza-titolo-4-1536x1086.jpg 1536w, https:\/\/www.digitalcameraschool.it\/home\/wp-content\/uploads\/2023\/06\/Senza-titolo-4-2048x1448.jpg 2048w, https:\/\/www.digitalcameraschool.it\/home\/wp-content\/uploads\/2023\/06\/Senza-titolo-4-600x424.jpg 600w\" sizes=\"auto, (max-width: 2339px) 100vw, 2339px\" \/><\/p>\n<\/div>\n<div class=\"o9v6fnle cxmmr5t8 oygrvhab hcukyx3x c1et5uql\"><span class=\"pq6dq46d tbxw36s4 knj5qynh kvgmc6g5 ditlmg2l oygrvhab nvdbi5me sf5mxxl7 gl3lb2sf hhz5lgdu\"><img loading=\"lazy\" decoding=\"async\" src=\"https:\/\/static.xx.fbcdn.net\/images\/emoji.php\/v9\/t35\/3\/16\/2705.png\" alt=\"\u2705\" width=\"16\" height=\"16\" \/><\/span>\u00a0<strong>PRE-REQUISITI<\/strong><br \/>\nIl corso \u00e8 indicato a chi possiede una conoscenza anche minima di\u00a0 ISO-TEMPI-DIFRAMMI. Il corso \u00e8 indicato per qualsiasi brand di fotocamere.<\/div>\n<div><\/div>\n<div>\n<hr \/>\n<\/div>\n<div class=\"o9v6fnle cxmmr5t8 oygrvhab hcukyx3x c1et5uql\">\n<p><span class=\"pq6dq46d tbxw36s4 knj5qynh kvgmc6g5 ditlmg2l oygrvhab nvdbi5me sf5mxxl7 gl3lb2sf hhz5lgdu\"><img loading=\"lazy\" decoding=\"async\" src=\"https:\/\/static.xx.fbcdn.net\/images\/emoji.php\/v9\/t35\/3\/16\/2705.png\" alt=\"\u2705\" width=\"16\" height=\"16\" \/><strong>COSA VEDREMO<\/strong><\/span><\/p>\n<ul>\n<li>Introduzione al concetto di Rumore e di Nitidezza in un immagine<\/li>\n<li>Come partire l\u2019acquisizione delle immagini per ottenere il miglior risultato nel modo pi\u00f9 facile<\/li>\n<li>Come ridurre il rumore termico e\/o a alti ISO senza perdere dettaglio<\/li>\n<li>Aumentare la Nitidezza e la qualit\u00e0 del file senza compromettere il file<\/li>\n<li>I software pi\u00f9 semplici per eseguire le lavorazioni di modifica<\/li>\n<li>Sommare le immagini migliorare la nitidezza e togliere il rumore nella stessa immagine<\/li>\n<li>Prove pratiche in diretta (anche con delle foto inviate dai partecipanti)<\/li>\n<\/ul>\n<p><img loading=\"lazy\" decoding=\"async\" class=\"aligncenter wp-image-31048 size-full\" src=\"https:\/\/www.digitalcameraschool.it\/home\/wp-content\/uploads\/2023\/06\/Senza-titolo-42.jpg\" alt=\"\" width=\"2339\" height=\"1654\" srcset=\"https:\/\/www.digitalcameraschool.it\/home\/wp-content\/uploads\/2023\/06\/Senza-titolo-42.jpg 2339w, https:\/\/www.digitalcameraschool.it\/home\/wp-content\/uploads\/2023\/06\/Senza-titolo-42-300x212.jpg 300w, https:\/\/www.digitalcameraschool.it\/home\/wp-content\/uploads\/2023\/06\/Senza-titolo-42-1024x724.jpg 1024w, https:\/\/www.digitalcameraschool.it\/home\/wp-content\/uploads\/2023\/06\/Senza-titolo-42-768x543.jpg 768w, https:\/\/www.digitalcameraschool.it\/home\/wp-content\/uploads\/2023\/06\/Senza-titolo-42-1536x1086.jpg 1536w, https:\/\/www.digitalcameraschool.it\/home\/wp-content\/uploads\/2023\/06\/Senza-titolo-42-2048x1448.jpg 2048w, https:\/\/www.digitalcameraschool.it\/home\/wp-content\/uploads\/2023\/06\/Senza-titolo-42-600x424.jpg 600w\" sizes=\"auto, (max-width: 2339px) 100vw, 2339px\" \/><\/p>\n<\/div>\n<hr \/>\n<p><strong>\u2705PROGRAMMA INDICATIVO<\/strong><\/p>\n<div class=\"o9v6fnle cxmmr5t8 oygrvhab hcukyx3x c1et5uql\">Si utilizzer\u00e0 la piattaforma zoom\u00a0 per connettersi e la lezione \u00e8 Live e potrai parlare con il docente.<\/div>\n<\/div>\n<div>ore 20:20 collegamento<\/div>\n<div>ore 20:30 inizio lezione<\/div>\n<div>ore 22:30 termine lezione<\/div>\n<div><\/div>\n<div>La lezione verr\u00e0 registrata e il video verr\u00e0 inviato gratuitamente .<\/div>\n<div class=\"o9v6fnle cxmmr5t8 oygrvhab hcukyx3x c1et5uql\">\n<div><\/div>\n<hr \/>\n<p><span class=\"pq6dq46d tbxw36s4 knj5qynh kvgmc6g5 ditlmg2l oygrvhab nvdbi5me sf5mxxl7 gl3lb2sf hhz5lgdu\"><br \/>\n<img loading=\"lazy\" decoding=\"async\" src=\"https:\/\/static.xx.fbcdn.net\/images\/emoji.php\/v9\/t35\/3\/16\/2705.png\" alt=\"\u2705\" width=\"16\" height=\"16\" \/><strong>DOCENTE<\/strong><\/span><\/p>\n<p>Marco Lecchi<\/p>\n<hr \/>\n<p><b>\u00a0<\/b><\/p>\n<\/div>\n<div>\n<div class=\"o9v6fnle cxmmr5t8 oygrvhab hcukyx3x c1et5uql\"><strong>\u2705 PREZZO DEL CORSO\u00a0<\/strong><\/div>\n<div class=\"o9v6fnle cxmmr5t8 oygrvhab hcukyx3x c1et5uql\">Il corso ha un prezzo di 50,00 euro<\/div>\n<div>Oppure di 25,00 euro se si possiede l&#8217;education card.<\/div>\n<div><\/div>\n<\/div>\n<div><strong>\u2705 INCLUSO NEL CORSO<\/strong><\/div>\n<div>&#8211; Workshop fotografico in diretta ONLINE<\/div>\n<div>&#8211; Video della lezione<\/div>\n<div><\/div>\n<hr \/>\n<div class=\"o9v6fnle cxmmr5t8 oygrvhab hcukyx3x c1et5uql\"><b>\u00a0 Per info ed iscrizioni<\/b><\/div>\n<p>Marco Lecchi 393 9242473 &#8211; marco@digitalcameraschool.it<\/p>\n","protected":false},"excerpt":{"rendered":"<p class=\"isSelectedEnd\">\ud83d\udd0d <strong>Nitidezza &amp; Rumore<\/strong><br \/>\nCome gestire al meglio il file fotografico<br \/>\n\ud83d\udcc5 Gioved\u00ec 10 settembre<\/p>\n<p class=\"isSelectedEnd\">Un corso online dedicato a chi vuole migliorare la qualit\u00e0 delle proprie immagini, ottenendo file pi\u00f9 nitidi e puliti senza complicazioni tecniche.<\/p>\n<p class=\"isSelectedEnd\">\ud83d\udccc Durante la lezione vedremo:<br \/>\n\u2022 Differenza tra rumore e nitidezza<br \/>\n\u2022 Come acquisire correttamente il file gi\u00e0 in fase di scatto<br \/>\n\u2022 Tecniche per ridurre il rumore senza perdere dettaglio<br \/>\n\u2022 Come aumentare la nitidezza mantenendo naturale l\u2019immagine<br \/>\n\u2022 Software semplici ed efficaci per la post produzione<br \/>\n\u2022 Tecniche di somma immagini per migliorare qualit\u00e0 e dettaglio<br \/>\n\u2022 Esempi pratici in diretta anche con foto dei partecipanti<\/p>\n<p class=\"isSelectedEnd\">\ud83d\udcbb Lezione LIVE su Zoom<br \/>\n\ud83d\udd63 Ore 20:30 \u2013 22:30<br \/>\n\ud83c\udfa5 Registrazione inclusa e inviata gratuitamente<\/p>\n<p class=\"isSelectedEnd\">\ud83d\udc64 Docente: Marco Lecchi<\/p>\n<p class=\"isSelectedEnd\">\ud83d\udcb0 Prezzo:<br \/>\n\u2022 50 \u20ac<br \/>\n\u2022 25 \u20ac con Education Card<\/p>\n<p class=\"isSelectedEnd\">\u2705 Aperto a tutti i brand fotografici<br \/>\n\u2705 Richiesta una conoscenza base di ISO, tempi e diaframmi<\/p>\n<p>\ud83d\udce9 Per informazioni e iscrizioni contattaci in chat.<\/p>\n","protected":false},"featured_media":44683,"template":"","meta":{"pmpro_default_level":""},"product_brand":[],"product_cat":[167,40],"product_tag":[],"class_list":{"0":"post-44682","1":"product","2":"type-product","3":"status-publish","4":"has-post-thumbnail","6":"product_cat-corsi","7":"product_cat-corsi-in-diretta-on-line","8":"pmpro-has-access","10":"first","11":"instock","12":"virtual","13":"taxable","14":"purchasable","15":"product-type-simple"},"acf":[],"yoast_head":"<!-- This site is optimized with the Yoast SEO plugin v27.5 - https:\/\/yoast.com\/product\/yoast-seo-wordpress\/ -->\n<title>Nitidezza &amp; Rumore  come gestire al meglio il file  Gioved\u00ec 10 settembre - Digital Camera School - Corsi di fotografia<\/title>\n<meta name=\"robots\" content=\"index, follow, max-snippet:-1, max-image-preview:large, max-video-preview:-1\" \/>\n<link rel=\"canonical\" href=\"https:\/\/www.digitalcameraschool.it\/home\/prodotto\/nitidezza-rumore-come-gestire-al-meglio-il-file-giovedi-10-settembre\/\" \/>\n<meta property=\"og:locale\" content=\"it_IT\" \/>\n<meta property=\"og:type\" content=\"article\" \/>\n<meta property=\"og:title\" content=\"Nitidezza &amp; Rumore  come gestire al meglio il file  Gioved\u00ec 10 settembre - Digital Camera School - Corsi di fotografia\" \/>\n<meta property=\"og:description\" content=\"\ud83d\udd0d Nitidezza &amp; Rumore Come gestire al meglio il file fotografico \ud83d\udcc5 Gioved\u00ec 10 settembre Un corso online dedicato a chi vuole migliorare la qualit\u00e0 delle proprie immagini, ottenendo file pi\u00f9 nitidi e puliti senza complicazioni tecniche. \ud83d\udccc Durante la lezione vedremo: \u2022 Differenza tra rumore e nitidezza \u2022 Come acquisire correttamente il file gi\u00e0 in fase di scatto \u2022 Tecniche per ridurre il rumore senza perdere dettaglio \u2022 Come aumentare la nitidezza mantenendo naturale l\u2019immagine \u2022 Software semplici ed efficaci per la post produzione \u2022 Tecniche di somma immagini per migliorare qualit\u00e0 e dettaglio \u2022 Esempi pratici in diretta anche con foto dei partecipanti \ud83d\udcbb Lezione LIVE su Zoom \ud83d\udd63 Ore 20:30 \u2013 22:30 \ud83c\udfa5 Registrazione inclusa e inviata gratuitamente \ud83d\udc64 Docente: Marco Lecchi \ud83d\udcb0 Prezzo: \u2022 50 \u20ac \u2022 25 \u20ac con Education Card \u2705 Aperto a tutti i brand fotografici \u2705 Richiesta una conoscenza base di ISO, tempi e diaframmi \ud83d\udce9 Per informazioni e iscrizioni contattaci in chat.\" \/>\n<meta property=\"og:url\" content=\"https:\/\/www.digitalcameraschool.it\/home\/prodotto\/nitidezza-rumore-come-gestire-al-meglio-il-file-giovedi-10-settembre\/\" \/>\n<meta property=\"og:site_name\" content=\"Digital Camera School - Corsi di fotografia\" \/>\n<meta property=\"article:publisher\" content=\"https:\/\/www.facebook.com\/digitalcameraschool\" \/>\n<meta property=\"article:modified_time\" content=\"2026-05-12T11:34:57+00:00\" \/>\n<meta property=\"og:image\" content=\"https:\/\/www.digitalcameraschool.it\/home\/wp-content\/uploads\/2026\/05\/469.jpg\" \/>\n\t<meta property=\"og:image:width\" content=\"2500\" \/>\n\t<meta property=\"og:image:height\" content=\"2500\" \/>\n\t<meta property=\"og:image:type\" content=\"image\/jpeg\" \/>\n<meta name=\"twitter:card\" content=\"summary_large_image\" \/>\n<meta name=\"twitter:label1\" content=\"Tempo di lettura stimato\" \/>\n\t<meta name=\"twitter:data1\" content=\"3 minuti\" \/>\n<script type=\"application\/ld+json\" class=\"yoast-schema-graph\">{\"@context\":\"https:\\\/\\\/schema.org\",\"@graph\":[{\"@type\":\"WebPage\",\"@id\":\"https:\\\/\\\/www.digitalcameraschool.it\\\/home\\\/prodotto\\\/nitidezza-rumore-come-gestire-al-meglio-il-file-giovedi-10-settembre\\\/\",\"url\":\"https:\\\/\\\/www.digitalcameraschool.it\\\/home\\\/prodotto\\\/nitidezza-rumore-come-gestire-al-meglio-il-file-giovedi-10-settembre\\\/\",\"name\":\"Nitidezza & Rumore come gestire al meglio il file Gioved\u00ec 10 settembre - Digital Camera School - Corsi di fotografia\",\"isPartOf\":{\"@id\":\"https:\\\/\\\/www.digitalcameraschool.it\\\/home\\\/#website\"},\"primaryImageOfPage\":{\"@id\":\"https:\\\/\\\/www.digitalcameraschool.it\\\/home\\\/prodotto\\\/nitidezza-rumore-come-gestire-al-meglio-il-file-giovedi-10-settembre\\\/#primaryimage\"},\"image\":{\"@id\":\"https:\\\/\\\/www.digitalcameraschool.it\\\/home\\\/prodotto\\\/nitidezza-rumore-come-gestire-al-meglio-il-file-giovedi-10-settembre\\\/#primaryimage\"},\"thumbnailUrl\":\"https:\\\/\\\/www.digitalcameraschool.it\\\/home\\\/wp-content\\\/uploads\\\/2026\\\/05\\\/469.jpg\",\"datePublished\":\"2026-05-12T11:31:12+00:00\",\"dateModified\":\"2026-05-12T11:34:57+00:00\",\"breadcrumb\":{\"@id\":\"https:\\\/\\\/www.digitalcameraschool.it\\\/home\\\/prodotto\\\/nitidezza-rumore-come-gestire-al-meglio-il-file-giovedi-10-settembre\\\/#breadcrumb\"},\"inLanguage\":\"it-IT\",\"potentialAction\":[{\"@type\":\"ReadAction\",\"target\":[\"https:\\\/\\\/www.digitalcameraschool.it\\\/home\\\/prodotto\\\/nitidezza-rumore-come-gestire-al-meglio-il-file-giovedi-10-settembre\\\/\"]}]},{\"@type\":\"ImageObject\",\"inLanguage\":\"it-IT\",\"@id\":\"https:\\\/\\\/www.digitalcameraschool.it\\\/home\\\/prodotto\\\/nitidezza-rumore-come-gestire-al-meglio-il-file-giovedi-10-settembre\\\/#primaryimage\",\"url\":\"https:\\\/\\\/www.digitalcameraschool.it\\\/home\\\/wp-content\\\/uploads\\\/2026\\\/05\\\/469.jpg\",\"contentUrl\":\"https:\\\/\\\/www.digitalcameraschool.it\\\/home\\\/wp-content\\\/uploads\\\/2026\\\/05\\\/469.jpg\",\"width\":2500,\"height\":2500},{\"@type\":\"BreadcrumbList\",\"@id\":\"https:\\\/\\\/www.digitalcameraschool.it\\\/home\\\/prodotto\\\/nitidezza-rumore-come-gestire-al-meglio-il-file-giovedi-10-settembre\\\/#breadcrumb\",\"itemListElement\":[{\"@type\":\"ListItem\",\"position\":1,\"name\":\"Home\",\"item\":\"https:\\\/\\\/www.digitalcameraschool.it\\\/home\\\/\"},{\"@type\":\"ListItem\",\"position\":2,\"name\":\"Shop\",\"item\":\"https:\\\/\\\/www.digitalcameraschool.it\\\/home\\\/shop\\\/\"},{\"@type\":\"ListItem\",\"position\":3,\"name\":\"Nitidezza &#038; Rumore come gestire al meglio il file Gioved\u00ec 10 settembre\"}]},{\"@type\":\"WebSite\",\"@id\":\"https:\\\/\\\/www.digitalcameraschool.it\\\/home\\\/#website\",\"url\":\"https:\\\/\\\/www.digitalcameraschool.it\\\/home\\\/\",\"name\":\"Digital Camera School - Corsi di fotografia\",\"description\":\"Corsi, workshop, viaggi e molto altro!\",\"publisher\":{\"@id\":\"https:\\\/\\\/www.digitalcameraschool.it\\\/home\\\/#organization\"},\"potentialAction\":[{\"@type\":\"SearchAction\",\"target\":{\"@type\":\"EntryPoint\",\"urlTemplate\":\"https:\\\/\\\/www.digitalcameraschool.it\\\/home\\\/?s={search_term_string}\"},\"query-input\":{\"@type\":\"PropertyValueSpecification\",\"valueRequired\":true,\"valueName\":\"search_term_string\"}}],\"inLanguage\":\"it-IT\"},{\"@type\":\"Organization\",\"@id\":\"https:\\\/\\\/www.digitalcameraschool.it\\\/home\\\/#organization\",\"name\":\"Digital Camera School\",\"url\":\"https:\\\/\\\/www.digitalcameraschool.it\\\/home\\\/\",\"logo\":{\"@type\":\"ImageObject\",\"inLanguage\":\"it-IT\",\"@id\":\"https:\\\/\\\/www.digitalcameraschool.it\\\/home\\\/#\\\/schema\\\/logo\\\/image\\\/\",\"url\":\"https:\\\/\\\/www.digitalcameraschool.it\\\/home\\\/wp-content\\\/uploads\\\/2022\\\/05\\\/logo-rotondo-dcs.png\",\"contentUrl\":\"https:\\\/\\\/www.digitalcameraschool.it\\\/home\\\/wp-content\\\/uploads\\\/2022\\\/05\\\/logo-rotondo-dcs.png\",\"width\":500,\"height\":500,\"caption\":\"Digital Camera School\"},\"image\":{\"@id\":\"https:\\\/\\\/www.digitalcameraschool.it\\\/home\\\/#\\\/schema\\\/logo\\\/image\\\/\"},\"sameAs\":[\"https:\\\/\\\/www.facebook.com\\\/digitalcameraschool\",\"https:\\\/\\\/www.instagram.com\\\/digital_camera_school\\\/\",\"https:\\\/\\\/www.youtube.com\\\/c\\\/digitalcameraschool_tv\"]}]}<\/script>\n<!-- \/ Yoast SEO plugin. -->","yoast_head_json":{"title":"Nitidezza & Rumore  come gestire al meglio il file  Gioved\u00ec 10 settembre - Digital Camera School - Corsi di fotografia","robots":{"index":"index","follow":"follow","max-snippet":"max-snippet:-1","max-image-preview":"max-image-preview:large","max-video-preview":"max-video-preview:-1"},"canonical":"https:\/\/www.digitalcameraschool.it\/home\/prodotto\/nitidezza-rumore-come-gestire-al-meglio-il-file-giovedi-10-settembre\/","og_locale":"it_IT","og_type":"article","og_title":"Nitidezza & Rumore  come gestire al meglio il file  Gioved\u00ec 10 settembre - Digital Camera School - Corsi di fotografia","og_description":"\ud83d\udd0d Nitidezza &amp; Rumore Come gestire al meglio il file fotografico \ud83d\udcc5 Gioved\u00ec 10 settembre Un corso online dedicato a chi vuole migliorare la qualit\u00e0 delle proprie immagini, ottenendo file pi\u00f9 nitidi e puliti senza complicazioni tecniche. \ud83d\udccc Durante la lezione vedremo: \u2022 Differenza tra rumore e nitidezza \u2022 Come acquisire correttamente il file gi\u00e0 in fase di scatto \u2022 Tecniche per ridurre il rumore senza perdere dettaglio \u2022 Come aumentare la nitidezza mantenendo naturale l\u2019immagine \u2022 Software semplici ed efficaci per la post produzione \u2022 Tecniche di somma immagini per migliorare qualit\u00e0 e dettaglio \u2022 Esempi pratici in diretta anche con foto dei partecipanti \ud83d\udcbb Lezione LIVE su Zoom \ud83d\udd63 Ore 20:30 \u2013 22:30 \ud83c\udfa5 Registrazione inclusa e inviata gratuitamente \ud83d\udc64 Docente: Marco Lecchi \ud83d\udcb0 Prezzo: \u2022 50 \u20ac \u2022 25 \u20ac con Education Card \u2705 Aperto a tutti i brand fotografici \u2705 Richiesta una conoscenza base di ISO, tempi e diaframmi \ud83d\udce9 Per informazioni e iscrizioni contattaci in chat.","og_url":"https:\/\/www.digitalcameraschool.it\/home\/prodotto\/nitidezza-rumore-come-gestire-al-meglio-il-file-giovedi-10-settembre\/","og_site_name":"Digital Camera School - Corsi di fotografia","article_publisher":"https:\/\/www.facebook.com\/digitalcameraschool","article_modified_time":"2026-05-12T11:34:57+00:00","og_image":[{"width":2500,"height":2500,"url":"https:\/\/www.digitalcameraschool.it\/home\/wp-content\/uploads\/2026\/05\/469.jpg","type":"image\/jpeg"}],"twitter_card":"summary_large_image","twitter_misc":{"Tempo di lettura stimato":"3 minuti"},"schema":{"@context":"https:\/\/schema.org","@graph":[{"@type":"WebPage","@id":"https:\/\/www.digitalcameraschool.it\/home\/prodotto\/nitidezza-rumore-come-gestire-al-meglio-il-file-giovedi-10-settembre\/","url":"https:\/\/www.digitalcameraschool.it\/home\/prodotto\/nitidezza-rumore-come-gestire-al-meglio-il-file-giovedi-10-settembre\/","name":"Nitidezza & Rumore come gestire al meglio il file Gioved\u00ec 10 settembre - Digital Camera School - Corsi di fotografia","isPartOf":{"@id":"https:\/\/www.digitalcameraschool.it\/home\/#website"},"primaryImageOfPage":{"@id":"https:\/\/www.digitalcameraschool.it\/home\/prodotto\/nitidezza-rumore-come-gestire-al-meglio-il-file-giovedi-10-settembre\/#primaryimage"},"image":{"@id":"https:\/\/www.digitalcameraschool.it\/home\/prodotto\/nitidezza-rumore-come-gestire-al-meglio-il-file-giovedi-10-settembre\/#primaryimage"},"thumbnailUrl":"https:\/\/www.digitalcameraschool.it\/home\/wp-content\/uploads\/2026\/05\/469.jpg","datePublished":"2026-05-12T11:31:12+00:00","dateModified":"2026-05-12T11:34:57+00:00","breadcrumb":{"@id":"https:\/\/www.digitalcameraschool.it\/home\/prodotto\/nitidezza-rumore-come-gestire-al-meglio-il-file-giovedi-10-settembre\/#breadcrumb"},"inLanguage":"it-IT","potentialAction":[{"@type":"ReadAction","target":["https:\/\/www.digitalcameraschool.it\/home\/prodotto\/nitidezza-rumore-come-gestire-al-meglio-il-file-giovedi-10-settembre\/"]}]},{"@type":"ImageObject","inLanguage":"it-IT","@id":"https:\/\/www.digitalcameraschool.it\/home\/prodotto\/nitidezza-rumore-come-gestire-al-meglio-il-file-giovedi-10-settembre\/#primaryimage","url":"https:\/\/www.digitalcameraschool.it\/home\/wp-content\/uploads\/2026\/05\/469.jpg","contentUrl":"https:\/\/www.digitalcameraschool.it\/home\/wp-content\/uploads\/2026\/05\/469.jpg","width":2500,"height":2500},{"@type":"BreadcrumbList","@id":"https:\/\/www.digitalcameraschool.it\/home\/prodotto\/nitidezza-rumore-come-gestire-al-meglio-il-file-giovedi-10-settembre\/#breadcrumb","itemListElement":[{"@type":"ListItem","position":1,"name":"Home","item":"https:\/\/www.digitalcameraschool.it\/home\/"},{"@type":"ListItem","position":2,"name":"Shop","item":"https:\/\/www.digitalcameraschool.it\/home\/shop\/"},{"@type":"ListItem","position":3,"name":"Nitidezza &#038; Rumore come gestire al meglio il file Gioved\u00ec 10 settembre"}]},{"@type":"WebSite","@id":"https:\/\/www.digitalcameraschool.it\/home\/#website","url":"https:\/\/www.digitalcameraschool.it\/home\/","name":"Digital Camera School - Corsi di fotografia","description":"Corsi, workshop, viaggi e molto altro!","publisher":{"@id":"https:\/\/www.digitalcameraschool.it\/home\/#organization"},"potentialAction":[{"@type":"SearchAction","target":{"@type":"EntryPoint","urlTemplate":"https:\/\/www.digitalcameraschool.it\/home\/?s={search_term_string}"},"query-input":{"@type":"PropertyValueSpecification","valueRequired":true,"valueName":"search_term_string"}}],"inLanguage":"it-IT"},{"@type":"Organization","@id":"https:\/\/www.digitalcameraschool.it\/home\/#organization","name":"Digital Camera School","url":"https:\/\/www.digitalcameraschool.it\/home\/","logo":{"@type":"ImageObject","inLanguage":"it-IT","@id":"https:\/\/www.digitalcameraschool.it\/home\/#\/schema\/logo\/image\/","url":"https:\/\/www.digitalcameraschool.it\/home\/wp-content\/uploads\/2022\/05\/logo-rotondo-dcs.png","contentUrl":"https:\/\/www.digitalcameraschool.it\/home\/wp-content\/uploads\/2022\/05\/logo-rotondo-dcs.png","width":500,"height":500,"caption":"Digital Camera School"},"image":{"@id":"https:\/\/www.digitalcameraschool.it\/home\/#\/schema\/logo\/image\/"},"sameAs":["https:\/\/www.facebook.com\/digitalcameraschool","https:\/\/www.instagram.com\/digital_camera_school\/","https:\/\/www.youtube.com\/c\/digitalcameraschool_tv"]}]}},"_links":{"self":[{"href":"https:\/\/www.digitalcameraschool.it\/home\/wp-json\/wp\/v2\/product\/44682","targetHints":{"allow":["GET"]}}],"collection":[{"href":"https:\/\/www.digitalcameraschool.it\/home\/wp-json\/wp\/v2\/product"}],"about":[{"href":"https:\/\/www.digitalcameraschool.it\/home\/wp-json\/wp\/v2\/types\/product"}],"wp:featuredmedia":[{"embeddable":true,"href":"https:\/\/www.digitalcameraschool.it\/home\/wp-json\/wp\/v2\/media\/44683"}],"wp:attachment":[{"href":"https:\/\/www.digitalcameraschool.it\/home\/wp-json\/wp\/v2\/media?parent=44682"}],"wp:term":[{"taxonomy":"product_brand","embeddable":true,"href":"https:\/\/www.digitalcameraschool.it\/home\/wp-json\/wp\/v2\/product_brand?post=44682"},{"taxonomy":"product_cat","embeddable":true,"href":"https:\/\/www.digitalcameraschool.it\/home\/wp-json\/wp\/v2\/product_cat?post=44682"},{"taxonomy":"product_tag","embeddable":true,"href":"https:\/\/www.digitalcameraschool.it\/home\/wp-json\/wp\/v2\/product_tag?post=44682"}],"curies":[{"name":"wp","href":"https:\/\/api.w.org\/{rel}","templated":true}]}}