{"id":44278,"date":"2026-04-09T11:06:38","date_gmt":"2026-04-09T09:06:38","guid":{"rendered":"https:\/\/www.digitalcameraschool.it\/home\/?post_type=product&#038;p=44278"},"modified":"2026-04-09T11:10:18","modified_gmt":"2026-04-09T09:10:18","slug":"photopills-online","status":"publish","type":"product","link":"https:\/\/www.digitalcameraschool.it\/home\/prodotto\/photopills-online\/","title":{"rendered":"L&#8217;App Photopills<br>Gioved\u00ec 17 settembre"},"content":{"rendered":"<div class=\"o9v6fnle cxmmr5t8 oygrvhab hcukyx3x c1et5uql\" style=\"text-align: justify;\">\n<div class=\"o9v6fnle cxmmr5t8 oygrvhab hcukyx3x c1et5uql\">\n<div class=\"o9v6fnle cxmmr5t8 oygrvhab hcukyx3x c1et5uql\" style=\"text-align: justify;\">In questo webinar, grazie all\u2019esperienza dei nostri docenti, si potr\u00e0 vedere e conoscere tutte le funzionalit\u00e0 di questa app fotografica, la pi\u00f9 potente e completa per fotografi di paesaggio, notturni e creativi. Ci sar\u00e0 un focus speciale sullo strumento \u201cPlanner\u201d, il cuore pulsante di PhotoPills, perfetto per pianificare scatti perfetti al tramonto, all\u2019alba o durante eventi astronomici spettacolari.<br \/>\nNon perderti l\u2019occasione per padroneggiare uno degli strumenti pi\u00f9 utili per la fotografia outdoor. Si tratta di un webinar in diretta dove potrai confrontarti con il docente per qualsiasi dubbio o richiesta.<\/div>\n<\/div>\n<\/div>\n<div><\/div>\n<div>\n<div id='gallery-1' class='gallery galleryid-44278 gallery-columns-3 gallery-size-full'><figure class='gallery-item'>\n\t\t\t<div class='gallery-icon portrait'>\n\t\t\t\t<a href='https:\/\/www.digitalcameraschool.it\/home\/?attachment_id=41684'><img loading=\"lazy\" decoding=\"async\" width=\"1080\" height=\"2400\" src=\"https:\/\/www.digitalcameraschool.it\/home\/wp-content\/uploads\/2025\/08\/photopills-ar1753297757773.jpg\" class=\"attachment-full size-full\" alt=\"\" srcset=\"https:\/\/www.digitalcameraschool.it\/home\/wp-content\/uploads\/2025\/08\/photopills-ar1753297757773.jpg 1080w, https:\/\/www.digitalcameraschool.it\/home\/wp-content\/uploads\/2025\/08\/photopills-ar1753297757773-135x300.jpg 135w, https:\/\/www.digitalcameraschool.it\/home\/wp-content\/uploads\/2025\/08\/photopills-ar1753297757773-461x1024.jpg 461w, https:\/\/www.digitalcameraschool.it\/home\/wp-content\/uploads\/2025\/08\/photopills-ar1753297757773-768x1707.jpg 768w, https:\/\/www.digitalcameraschool.it\/home\/wp-content\/uploads\/2025\/08\/photopills-ar1753297757773-691x1536.jpg 691w, https:\/\/www.digitalcameraschool.it\/home\/wp-content\/uploads\/2025\/08\/photopills-ar1753297757773-922x2048.jpg 922w, https:\/\/www.digitalcameraschool.it\/home\/wp-content\/uploads\/2025\/08\/photopills-ar1753297757773-600x1333.jpg 600w\" sizes=\"auto, (max-width: 1080px) 100vw, 1080px\" \/><\/a>\n\t\t\t<\/div><\/figure><figure class='gallery-item'>\n\t\t\t<div class='gallery-icon portrait'>\n\t\t\t\t<a href='https:\/\/www.digitalcameraschool.it\/home\/?attachment_id=41686'><img loading=\"lazy\" decoding=\"async\" width=\"1080\" height=\"2400\" src=\"https:\/\/www.digitalcameraschool.it\/home\/wp-content\/uploads\/2025\/08\/Screenshot_20250609_094634_PhotoPills.jpg\" class=\"attachment-full size-full\" alt=\"\" srcset=\"https:\/\/www.digitalcameraschool.it\/home\/wp-content\/uploads\/2025\/08\/Screenshot_20250609_094634_PhotoPills.jpg 1080w, https:\/\/www.digitalcameraschool.it\/home\/wp-content\/uploads\/2025\/08\/Screenshot_20250609_094634_PhotoPills-135x300.jpg 135w, https:\/\/www.digitalcameraschool.it\/home\/wp-content\/uploads\/2025\/08\/Screenshot_20250609_094634_PhotoPills-461x1024.jpg 461w, https:\/\/www.digitalcameraschool.it\/home\/wp-content\/uploads\/2025\/08\/Screenshot_20250609_094634_PhotoPills-768x1707.jpg 768w, https:\/\/www.digitalcameraschool.it\/home\/wp-content\/uploads\/2025\/08\/Screenshot_20250609_094634_PhotoPills-691x1536.jpg 691w, https:\/\/www.digitalcameraschool.it\/home\/wp-content\/uploads\/2025\/08\/Screenshot_20250609_094634_PhotoPills-922x2048.jpg 922w, https:\/\/www.digitalcameraschool.it\/home\/wp-content\/uploads\/2025\/08\/Screenshot_20250609_094634_PhotoPills-600x1333.jpg 600w\" sizes=\"auto, (max-width: 1080px) 100vw, 1080px\" \/><\/a>\n\t\t\t<\/div><\/figure><figure class='gallery-item'>\n\t\t\t<div class='gallery-icon portrait'>\n\t\t\t\t<a href='https:\/\/www.digitalcameraschool.it\/home\/?attachment_id=41685'><img loading=\"lazy\" decoding=\"async\" width=\"1080\" height=\"2400\" src=\"https:\/\/www.digitalcameraschool.it\/home\/wp-content\/uploads\/2025\/08\/Screenshot_20250211_142058_PhotoPills.jpg\" class=\"attachment-full size-full\" alt=\"\" srcset=\"https:\/\/www.digitalcameraschool.it\/home\/wp-content\/uploads\/2025\/08\/Screenshot_20250211_142058_PhotoPills.jpg 1080w, https:\/\/www.digitalcameraschool.it\/home\/wp-content\/uploads\/2025\/08\/Screenshot_20250211_142058_PhotoPills-135x300.jpg 135w, https:\/\/www.digitalcameraschool.it\/home\/wp-content\/uploads\/2025\/08\/Screenshot_20250211_142058_PhotoPills-461x1024.jpg 461w, https:\/\/www.digitalcameraschool.it\/home\/wp-content\/uploads\/2025\/08\/Screenshot_20250211_142058_PhotoPills-768x1707.jpg 768w, https:\/\/www.digitalcameraschool.it\/home\/wp-content\/uploads\/2025\/08\/Screenshot_20250211_142058_PhotoPills-691x1536.jpg 691w, https:\/\/www.digitalcameraschool.it\/home\/wp-content\/uploads\/2025\/08\/Screenshot_20250211_142058_PhotoPills-922x2048.jpg 922w, https:\/\/www.digitalcameraschool.it\/home\/wp-content\/uploads\/2025\/08\/Screenshot_20250211_142058_PhotoPills-600x1333.jpg 600w\" sizes=\"auto, (max-width: 1080px) 100vw, 1080px\" \/><\/a>\n\t\t\t<\/div><\/figure>\n\t\t<\/div>\n\n<\/div>\n<div class=\"o9v6fnle cxmmr5t8 oygrvhab hcukyx3x c1et5uql\">\n<div class=\"o9v6fnle cxmmr5t8 oygrvhab hcukyx3x c1et5uql\">\n<div><\/div>\n<\/div>\n<\/div>\n<div class=\"o9v6fnle cxmmr5t8 oygrvhab hcukyx3x c1et5uql\">\n<hr \/>\n<\/div>\n<div class=\"o9v6fnle cxmmr5t8 oygrvhab hcukyx3x c1et5uql\">\n<div class=\"o9v6fnle cxmmr5t8 oygrvhab hcukyx3x c1et5uql\"><strong>PRE-REQUISITI<\/strong><\/div>\n<div class=\"o9v6fnle cxmmr5t8 oygrvhab hcukyx3x c1et5uql\">&#8211; Nessuno<\/div>\n<div><\/div>\n<div>\n<hr \/>\n<\/div>\n<div class=\"o9v6fnle cxmmr5t8 oygrvhab hcukyx3x c1et5uql\"><strong>COSA VEDREMO<\/strong><\/div>\n<div class=\"o9v6fnle cxmmr5t8 oygrvhab hcukyx3x c1et5uql\">&#8211; Calcolo delle posizioni di Sole e Luna<br \/>\n&#8211; Visualizzazione della Via Lattea<br \/>\n&#8211; Realt\u00e0 aumentata<br \/>\n&#8211; Calcolatori fotografici<br \/>\n&#8211; Tabelle e strumenti utili per la pianificazione<\/div>\n<\/div>\n<div>\n<hr \/>\n<\/div>\n<div class=\"o9v6fnle cxmmr5t8 oygrvhab hcukyx3x c1et5uql\">\n<div class=\"o9v6fnle cxmmr5t8 oygrvhab hcukyx3x c1et5uql\"><strong>PROGRAMMA<\/strong><\/div>\n<div class=\"o9v6fnle cxmmr5t8 oygrvhab hcukyx3x c1et5uql\"><\/div>\n<div class=\"o9v6fnle cxmmr5t8 oygrvhab hcukyx3x c1et5uql\">\u2013 20.55: collegamento alla piattaforma zoom<br \/>\n\u2013 21.00: inizio didattica<br \/>\n\u2013 23.00: termine didattica<\/div>\n<\/div>\n<div><\/div>\n<div class=\"o9v6fnle cxmmr5t8 oygrvhab hcukyx3x c1et5uql\">\n<div class=\"o9v6fnle cxmmr5t8 oygrvhab hcukyx3x c1et5uql\">\u2022 Potrai parlare in diretta con il docente<br \/>\n\u2022 Oppure potrai scrive in chat privata o pubblica con il docente<br \/>\n\u2022 La lezione verr\u00e0 registrata in modo da poter essere riguardata successivamente<\/div>\n<div><\/div>\n<div>\n<hr \/>\n<\/div>\n<\/div>\n<div>\n<div class=\"o9v6fnle cxmmr5t8 oygrvhab hcukyx3x c1et5uql\"><strong>DOCENZA<\/strong><\/div>\n<div class=\"o9v6fnle cxmmr5t8 oygrvhab hcukyx3x c1et5uql\">Fabrizio Misero<\/div>\n<\/div>\n<div class=\"o9v6fnle cxmmr5t8 oygrvhab hcukyx3x c1et5uql\">\n<hr \/>\n<\/div>\n<div class=\"o9v6fnle cxmmr5t8 oygrvhab hcukyx3x c1et5uql\">\n<div class=\"o9v6fnle cxmmr5t8 oygrvhab hcukyx3x c1et5uql\"><strong>PREZZO DEL CORSO<\/strong><\/div>\n<div class=\"o9v6fnle cxmmr5t8 oygrvhab hcukyx3x c1et5uql\">\n<p class=\"p1\">Il prezzo del corso \u00e8 di 40 euro.<br \/>\nPrezzo con card: <strong>25 euro<\/strong><\/p>\n<p class=\"p1\">Per fare la nostra card:\u00a0 https:\/\/www.digitalcameraschool.it\/home\/card-experience\/<\/p>\n<\/div>\n<div id='gallery-2' class='gallery galleryid-44278 gallery-columns-1 gallery-size-full'><figure class='gallery-item'>\n\t\t\t<div class='gallery-icon landscape'>\n\t\t\t\t<a href='https:\/\/www.digitalcameraschool.it\/home\/wp-content\/uploads\/2025\/08\/FAB_0233.jpg'><img loading=\"lazy\" decoding=\"async\" width=\"1500\" height=\"1001\" src=\"https:\/\/www.digitalcameraschool.it\/home\/wp-content\/uploads\/2025\/08\/FAB_0233.jpg\" class=\"attachment-full size-full\" alt=\"\" srcset=\"https:\/\/www.digitalcameraschool.it\/home\/wp-content\/uploads\/2025\/08\/FAB_0233.jpg 1500w, https:\/\/www.digitalcameraschool.it\/home\/wp-content\/uploads\/2025\/08\/FAB_0233-300x200.jpg 300w, https:\/\/www.digitalcameraschool.it\/home\/wp-content\/uploads\/2025\/08\/FAB_0233-1024x683.jpg 1024w, https:\/\/www.digitalcameraschool.it\/home\/wp-content\/uploads\/2025\/08\/FAB_0233-768x513.jpg 768w, https:\/\/www.digitalcameraschool.it\/home\/wp-content\/uploads\/2025\/08\/FAB_0233-540x360.jpg 540w, https:\/\/www.digitalcameraschool.it\/home\/wp-content\/uploads\/2025\/08\/FAB_0233-600x400.jpg 600w\" sizes=\"auto, (max-width: 1500px) 100vw, 1500px\" \/><\/a>\n\t\t\t<\/div><\/figure><figure class='gallery-item'>\n\t\t\t<div class='gallery-icon landscape'>\n\t\t\t\t<a href='https:\/\/www.digitalcameraschool.it\/home\/wp-content\/uploads\/2025\/08\/FAB_5142.jpg'><img loading=\"lazy\" decoding=\"async\" width=\"1500\" height=\"1001\" src=\"https:\/\/www.digitalcameraschool.it\/home\/wp-content\/uploads\/2025\/08\/FAB_5142.jpg\" class=\"attachment-full size-full\" alt=\"\" srcset=\"https:\/\/www.digitalcameraschool.it\/home\/wp-content\/uploads\/2025\/08\/FAB_5142.jpg 1500w, https:\/\/www.digitalcameraschool.it\/home\/wp-content\/uploads\/2025\/08\/FAB_5142-300x200.jpg 300w, https:\/\/www.digitalcameraschool.it\/home\/wp-content\/uploads\/2025\/08\/FAB_5142-1024x683.jpg 1024w, https:\/\/www.digitalcameraschool.it\/home\/wp-content\/uploads\/2025\/08\/FAB_5142-768x513.jpg 768w, https:\/\/www.digitalcameraschool.it\/home\/wp-content\/uploads\/2025\/08\/FAB_5142-540x360.jpg 540w, https:\/\/www.digitalcameraschool.it\/home\/wp-content\/uploads\/2025\/08\/FAB_5142-600x400.jpg 600w\" sizes=\"auto, (max-width: 1500px) 100vw, 1500px\" \/><\/a>\n\t\t\t<\/div><\/figure><figure class='gallery-item'>\n\t\t\t<div class='gallery-icon landscape'>\n\t\t\t\t<a href='https:\/\/www.digitalcameraschool.it\/home\/wp-content\/uploads\/2025\/08\/FAB_7047_1.jpg'><img loading=\"lazy\" decoding=\"async\" width=\"1500\" height=\"1001\" src=\"https:\/\/www.digitalcameraschool.it\/home\/wp-content\/uploads\/2025\/08\/FAB_7047_1.jpg\" class=\"attachment-full size-full\" alt=\"\" srcset=\"https:\/\/www.digitalcameraschool.it\/home\/wp-content\/uploads\/2025\/08\/FAB_7047_1.jpg 1500w, https:\/\/www.digitalcameraschool.it\/home\/wp-content\/uploads\/2025\/08\/FAB_7047_1-300x200.jpg 300w, https:\/\/www.digitalcameraschool.it\/home\/wp-content\/uploads\/2025\/08\/FAB_7047_1-1024x683.jpg 1024w, https:\/\/www.digitalcameraschool.it\/home\/wp-content\/uploads\/2025\/08\/FAB_7047_1-768x513.jpg 768w, https:\/\/www.digitalcameraschool.it\/home\/wp-content\/uploads\/2025\/08\/FAB_7047_1-540x360.jpg 540w, https:\/\/www.digitalcameraschool.it\/home\/wp-content\/uploads\/2025\/08\/FAB_7047_1-600x400.jpg 600w\" sizes=\"auto, (max-width: 1500px) 100vw, 1500px\" \/><\/a>\n\t\t\t<\/div><\/figure><figure class='gallery-item'>\n\t\t\t<div class='gallery-icon landscape'>\n\t\t\t\t<a href='https:\/\/www.digitalcameraschool.it\/home\/wp-content\/uploads\/2025\/08\/PERSEIDI-PIETRA_1.jpg'><img loading=\"lazy\" decoding=\"async\" width=\"1500\" height=\"1001\" src=\"https:\/\/www.digitalcameraschool.it\/home\/wp-content\/uploads\/2025\/08\/PERSEIDI-PIETRA_1.jpg\" class=\"attachment-full size-full\" alt=\"\" srcset=\"https:\/\/www.digitalcameraschool.it\/home\/wp-content\/uploads\/2025\/08\/PERSEIDI-PIETRA_1.jpg 1500w, https:\/\/www.digitalcameraschool.it\/home\/wp-content\/uploads\/2025\/08\/PERSEIDI-PIETRA_1-300x200.jpg 300w, https:\/\/www.digitalcameraschool.it\/home\/wp-content\/uploads\/2025\/08\/PERSEIDI-PIETRA_1-1024x683.jpg 1024w, https:\/\/www.digitalcameraschool.it\/home\/wp-content\/uploads\/2025\/08\/PERSEIDI-PIETRA_1-768x513.jpg 768w, https:\/\/www.digitalcameraschool.it\/home\/wp-content\/uploads\/2025\/08\/PERSEIDI-PIETRA_1-540x360.jpg 540w, https:\/\/www.digitalcameraschool.it\/home\/wp-content\/uploads\/2025\/08\/PERSEIDI-PIETRA_1-600x400.jpg 600w\" sizes=\"auto, (max-width: 1500px) 100vw, 1500px\" \/><\/a>\n\t\t\t<\/div><\/figure>\n\t\t<\/div>\n\n<\/div>\n","protected":false},"excerpt":{"rendered":"<div class=\"kvgmc6g5 cxmmr5t8 oygrvhab hcukyx3x c1et5uql\" style=\"text-align: justify;\">\n<div class=\"kvgmc6g5 cxmmr5t8 oygrvhab hcukyx3x c1et5uql\">PhotoPills \u00e8 probabilmente l&#8217;app pi\u00f9 utile, quando si tratta di pianificare uno scatto e non solo. Scopriamola insieme grazie a questo incontro online!<\/div>\n<div class=\"o9v6fnle cxmmr5t8 oygrvhab hcukyx3x c1et5uql\"><\/div>\n<\/div>\n","protected":false},"featured_media":44279,"template":"","meta":{"pmpro_default_level":""},"product_brand":[],"product_cat":[169,167,40,180],"product_tag":[],"class_list":{"0":"post-44278","1":"product","2":"type-product","3":"status-publish","4":"has-post-thumbnail","6":"product_cat-astrofotografia","7":"product_cat-corsi","8":"product_cat-corsi-in-diretta-on-line","9":"product_cat-gratis-o-scontati-con-education-card","10":"pmpro-has-access","12":"first","13":"instock","14":"virtual","15":"taxable","16":"purchasable","17":"product-type-simple"},"acf":[],"yoast_head":"<!-- This site is optimized with the Yoast SEO plugin v27.3 - https:\/\/yoast.com\/product\/yoast-seo-wordpress\/ -->\n<title>L&#039;App PhotopillsGioved\u00ec 17 settembre - Digital Camera School - Corsi di fotografia<\/title>\n<meta name=\"robots\" content=\"index, follow, max-snippet:-1, max-image-preview:large, max-video-preview:-1\" \/>\n<link rel=\"canonical\" href=\"https:\/\/www.digitalcameraschool.it\/home\/prodotto\/photopills-online\/\" \/>\n<meta property=\"og:locale\" content=\"it_IT\" \/>\n<meta property=\"og:type\" content=\"article\" \/>\n<meta property=\"og:title\" content=\"L&#039;App PhotopillsGioved\u00ec 17 settembre - Digital Camera School - Corsi di fotografia\" \/>\n<meta property=\"og:description\" content=\"PhotoPills \u00e8 probabilmente l&#039;app pi\u00f9 utile, quando si tratta di pianificare uno scatto e non solo. Scopriamola insieme grazie a questo incontro online!\" \/>\n<meta property=\"og:url\" content=\"https:\/\/www.digitalcameraschool.it\/home\/prodotto\/photopills-online\/\" \/>\n<meta property=\"og:site_name\" content=\"Digital Camera School - Corsi di fotografia\" \/>\n<meta property=\"article:publisher\" content=\"https:\/\/www.facebook.com\/digitalcameraschool\" \/>\n<meta property=\"article:modified_time\" content=\"2026-04-09T09:10:18+00:00\" \/>\n<meta property=\"og:image\" content=\"https:\/\/www.digitalcameraschool.it\/home\/wp-content\/uploads\/2026\/04\/app-photopills.jpg\" \/>\n\t<meta property=\"og:image:width\" content=\"1800\" \/>\n\t<meta property=\"og:image:height\" content=\"1800\" \/>\n\t<meta property=\"og:image:type\" content=\"image\/jpeg\" \/>\n<meta name=\"twitter:card\" content=\"summary_large_image\" \/>\n<meta name=\"twitter:label1\" content=\"Tempo di lettura stimato\" \/>\n\t<meta name=\"twitter:data1\" content=\"2 minuti\" \/>\n<script type=\"application\/ld+json\" class=\"yoast-schema-graph\">{\"@context\":\"https:\\\/\\\/schema.org\",\"@graph\":[{\"@type\":\"WebPage\",\"@id\":\"https:\\\/\\\/www.digitalcameraschool.it\\\/home\\\/prodotto\\\/photopills-online\\\/\",\"url\":\"https:\\\/\\\/www.digitalcameraschool.it\\\/home\\\/prodotto\\\/photopills-online\\\/\",\"name\":\"L'App Photopills Gioved\u00ec 17 settembre - Digital Camera School - Corsi di fotografia\",\"isPartOf\":{\"@id\":\"https:\\\/\\\/www.digitalcameraschool.it\\\/home\\\/#website\"},\"primaryImageOfPage\":{\"@id\":\"https:\\\/\\\/www.digitalcameraschool.it\\\/home\\\/prodotto\\\/photopills-online\\\/#primaryimage\"},\"image\":{\"@id\":\"https:\\\/\\\/www.digitalcameraschool.it\\\/home\\\/prodotto\\\/photopills-online\\\/#primaryimage\"},\"thumbnailUrl\":\"https:\\\/\\\/www.digitalcameraschool.it\\\/home\\\/wp-content\\\/uploads\\\/2026\\\/04\\\/app-photopills.jpg\",\"datePublished\":\"2026-04-09T09:06:38+00:00\",\"dateModified\":\"2026-04-09T09:10:18+00:00\",\"breadcrumb\":{\"@id\":\"https:\\\/\\\/www.digitalcameraschool.it\\\/home\\\/prodotto\\\/photopills-online\\\/#breadcrumb\"},\"inLanguage\":\"it-IT\",\"potentialAction\":[{\"@type\":\"ReadAction\",\"target\":[\"https:\\\/\\\/www.digitalcameraschool.it\\\/home\\\/prodotto\\\/photopills-online\\\/\"]}]},{\"@type\":\"ImageObject\",\"inLanguage\":\"it-IT\",\"@id\":\"https:\\\/\\\/www.digitalcameraschool.it\\\/home\\\/prodotto\\\/photopills-online\\\/#primaryimage\",\"url\":\"https:\\\/\\\/www.digitalcameraschool.it\\\/home\\\/wp-content\\\/uploads\\\/2026\\\/04\\\/app-photopills.jpg\",\"contentUrl\":\"https:\\\/\\\/www.digitalcameraschool.it\\\/home\\\/wp-content\\\/uploads\\\/2026\\\/04\\\/app-photopills.jpg\",\"width\":1800,\"height\":1800},{\"@type\":\"BreadcrumbList\",\"@id\":\"https:\\\/\\\/www.digitalcameraschool.it\\\/home\\\/prodotto\\\/photopills-online\\\/#breadcrumb\",\"itemListElement\":[{\"@type\":\"ListItem\",\"position\":1,\"name\":\"Home\",\"item\":\"https:\\\/\\\/www.digitalcameraschool.it\\\/home\\\/\"},{\"@type\":\"ListItem\",\"position\":2,\"name\":\"Shop\",\"item\":\"https:\\\/\\\/www.digitalcameraschool.it\\\/home\\\/shop\\\/\"},{\"@type\":\"ListItem\",\"position\":3,\"name\":\"L&#8217;App PhotopillsGioved\u00ec 17 settembre\"}]},{\"@type\":\"WebSite\",\"@id\":\"https:\\\/\\\/www.digitalcameraschool.it\\\/home\\\/#website\",\"url\":\"https:\\\/\\\/www.digitalcameraschool.it\\\/home\\\/\",\"name\":\"Digital Camera School - Corsi di fotografia\",\"description\":\"Corsi, workshop, viaggi e molto altro!\",\"publisher\":{\"@id\":\"https:\\\/\\\/www.digitalcameraschool.it\\\/home\\\/#organization\"},\"potentialAction\":[{\"@type\":\"SearchAction\",\"target\":{\"@type\":\"EntryPoint\",\"urlTemplate\":\"https:\\\/\\\/www.digitalcameraschool.it\\\/home\\\/?s={search_term_string}\"},\"query-input\":{\"@type\":\"PropertyValueSpecification\",\"valueRequired\":true,\"valueName\":\"search_term_string\"}}],\"inLanguage\":\"it-IT\"},{\"@type\":\"Organization\",\"@id\":\"https:\\\/\\\/www.digitalcameraschool.it\\\/home\\\/#organization\",\"name\":\"Digital Camera School\",\"url\":\"https:\\\/\\\/www.digitalcameraschool.it\\\/home\\\/\",\"logo\":{\"@type\":\"ImageObject\",\"inLanguage\":\"it-IT\",\"@id\":\"https:\\\/\\\/www.digitalcameraschool.it\\\/home\\\/#\\\/schema\\\/logo\\\/image\\\/\",\"url\":\"https:\\\/\\\/www.digitalcameraschool.it\\\/home\\\/wp-content\\\/uploads\\\/2022\\\/05\\\/logo-rotondo-dcs.png\",\"contentUrl\":\"https:\\\/\\\/www.digitalcameraschool.it\\\/home\\\/wp-content\\\/uploads\\\/2022\\\/05\\\/logo-rotondo-dcs.png\",\"width\":500,\"height\":500,\"caption\":\"Digital Camera School\"},\"image\":{\"@id\":\"https:\\\/\\\/www.digitalcameraschool.it\\\/home\\\/#\\\/schema\\\/logo\\\/image\\\/\"},\"sameAs\":[\"https:\\\/\\\/www.facebook.com\\\/digitalcameraschool\",\"https:\\\/\\\/www.instagram.com\\\/digital_camera_school\\\/\",\"https:\\\/\\\/www.youtube.com\\\/c\\\/digitalcameraschool_tv\"]}]}<\/script>\n<!-- \/ Yoast SEO plugin. -->","yoast_head_json":{"title":"L'App PhotopillsGioved\u00ec 17 settembre - Digital Camera School - Corsi di fotografia","robots":{"index":"index","follow":"follow","max-snippet":"max-snippet:-1","max-image-preview":"max-image-preview:large","max-video-preview":"max-video-preview:-1"},"canonical":"https:\/\/www.digitalcameraschool.it\/home\/prodotto\/photopills-online\/","og_locale":"it_IT","og_type":"article","og_title":"L'App PhotopillsGioved\u00ec 17 settembre - Digital Camera School - Corsi di fotografia","og_description":"PhotoPills \u00e8 probabilmente l'app pi\u00f9 utile, quando si tratta di pianificare uno scatto e non solo. Scopriamola insieme grazie a questo incontro online!","og_url":"https:\/\/www.digitalcameraschool.it\/home\/prodotto\/photopills-online\/","og_site_name":"Digital Camera School - Corsi di fotografia","article_publisher":"https:\/\/www.facebook.com\/digitalcameraschool","article_modified_time":"2026-04-09T09:10:18+00:00","og_image":[{"width":1800,"height":1800,"url":"https:\/\/www.digitalcameraschool.it\/home\/wp-content\/uploads\/2026\/04\/app-photopills.jpg","type":"image\/jpeg"}],"twitter_card":"summary_large_image","twitter_misc":{"Tempo di lettura stimato":"2 minuti"},"schema":{"@context":"https:\/\/schema.org","@graph":[{"@type":"WebPage","@id":"https:\/\/www.digitalcameraschool.it\/home\/prodotto\/photopills-online\/","url":"https:\/\/www.digitalcameraschool.it\/home\/prodotto\/photopills-online\/","name":"L'App Photopills Gioved\u00ec 17 settembre - Digital Camera School - Corsi di fotografia","isPartOf":{"@id":"https:\/\/www.digitalcameraschool.it\/home\/#website"},"primaryImageOfPage":{"@id":"https:\/\/www.digitalcameraschool.it\/home\/prodotto\/photopills-online\/#primaryimage"},"image":{"@id":"https:\/\/www.digitalcameraschool.it\/home\/prodotto\/photopills-online\/#primaryimage"},"thumbnailUrl":"https:\/\/www.digitalcameraschool.it\/home\/wp-content\/uploads\/2026\/04\/app-photopills.jpg","datePublished":"2026-04-09T09:06:38+00:00","dateModified":"2026-04-09T09:10:18+00:00","breadcrumb":{"@id":"https:\/\/www.digitalcameraschool.it\/home\/prodotto\/photopills-online\/#breadcrumb"},"inLanguage":"it-IT","potentialAction":[{"@type":"ReadAction","target":["https:\/\/www.digitalcameraschool.it\/home\/prodotto\/photopills-online\/"]}]},{"@type":"ImageObject","inLanguage":"it-IT","@id":"https:\/\/www.digitalcameraschool.it\/home\/prodotto\/photopills-online\/#primaryimage","url":"https:\/\/www.digitalcameraschool.it\/home\/wp-content\/uploads\/2026\/04\/app-photopills.jpg","contentUrl":"https:\/\/www.digitalcameraschool.it\/home\/wp-content\/uploads\/2026\/04\/app-photopills.jpg","width":1800,"height":1800},{"@type":"BreadcrumbList","@id":"https:\/\/www.digitalcameraschool.it\/home\/prodotto\/photopills-online\/#breadcrumb","itemListElement":[{"@type":"ListItem","position":1,"name":"Home","item":"https:\/\/www.digitalcameraschool.it\/home\/"},{"@type":"ListItem","position":2,"name":"Shop","item":"https:\/\/www.digitalcameraschool.it\/home\/shop\/"},{"@type":"ListItem","position":3,"name":"L&#8217;App PhotopillsGioved\u00ec 17 settembre"}]},{"@type":"WebSite","@id":"https:\/\/www.digitalcameraschool.it\/home\/#website","url":"https:\/\/www.digitalcameraschool.it\/home\/","name":"Digital Camera School - Corsi di fotografia","description":"Corsi, workshop, viaggi e molto altro!","publisher":{"@id":"https:\/\/www.digitalcameraschool.it\/home\/#organization"},"potentialAction":[{"@type":"SearchAction","target":{"@type":"EntryPoint","urlTemplate":"https:\/\/www.digitalcameraschool.it\/home\/?s={search_term_string}"},"query-input":{"@type":"PropertyValueSpecification","valueRequired":true,"valueName":"search_term_string"}}],"inLanguage":"it-IT"},{"@type":"Organization","@id":"https:\/\/www.digitalcameraschool.it\/home\/#organization","name":"Digital Camera School","url":"https:\/\/www.digitalcameraschool.it\/home\/","logo":{"@type":"ImageObject","inLanguage":"it-IT","@id":"https:\/\/www.digitalcameraschool.it\/home\/#\/schema\/logo\/image\/","url":"https:\/\/www.digitalcameraschool.it\/home\/wp-content\/uploads\/2022\/05\/logo-rotondo-dcs.png","contentUrl":"https:\/\/www.digitalcameraschool.it\/home\/wp-content\/uploads\/2022\/05\/logo-rotondo-dcs.png","width":500,"height":500,"caption":"Digital Camera School"},"image":{"@id":"https:\/\/www.digitalcameraschool.it\/home\/#\/schema\/logo\/image\/"},"sameAs":["https:\/\/www.facebook.com\/digitalcameraschool","https:\/\/www.instagram.com\/digital_camera_school\/","https:\/\/www.youtube.com\/c\/digitalcameraschool_tv"]}]}},"_links":{"self":[{"href":"https:\/\/www.digitalcameraschool.it\/home\/wp-json\/wp\/v2\/product\/44278","targetHints":{"allow":["GET"]}}],"collection":[{"href":"https:\/\/www.digitalcameraschool.it\/home\/wp-json\/wp\/v2\/product"}],"about":[{"href":"https:\/\/www.digitalcameraschool.it\/home\/wp-json\/wp\/v2\/types\/product"}],"wp:featuredmedia":[{"embeddable":true,"href":"https:\/\/www.digitalcameraschool.it\/home\/wp-json\/wp\/v2\/media\/44279"}],"wp:attachment":[{"href":"https:\/\/www.digitalcameraschool.it\/home\/wp-json\/wp\/v2\/media?parent=44278"}],"wp:term":[{"taxonomy":"product_brand","embeddable":true,"href":"https:\/\/www.digitalcameraschool.it\/home\/wp-json\/wp\/v2\/product_brand?post=44278"},{"taxonomy":"product_cat","embeddable":true,"href":"https:\/\/www.digitalcameraschool.it\/home\/wp-json\/wp\/v2\/product_cat?post=44278"},{"taxonomy":"product_tag","embeddable":true,"href":"https:\/\/www.digitalcameraschool.it\/home\/wp-json\/wp\/v2\/product_tag?post=44278"}],"curies":[{"name":"wp","href":"https:\/\/api.w.org\/{rel}","templated":true}]}}