{"id":44058,"date":"2026-03-23T17:39:53","date_gmt":"2026-03-23T16:39:53","guid":{"rendered":"https:\/\/www.digitalcameraschool.it\/home\/?post_type=product&#038;p=44058"},"modified":"2026-05-08T12:54:24","modified_gmt":"2026-05-08T10:54:24","slug":"monza-workshop-sul-foliage-macro-paesaggio","status":"publish","type":"product","link":"https:\/\/www.digitalcameraschool.it\/home\/prodotto\/monza-workshop-sul-foliage-macro-paesaggio\/","title":{"rendered":"MONZA WORKSHOP SUL FOLIAGE, MACRO, PAESAGGIO sabato 31 ottobre"},"content":{"rendered":"<div class=\"o9v6fnle cxmmr5t8 oygrvhab hcukyx3x c1et5uql\">\n<table class=\"w-fit min-w-(--thread-content-width)\" data-start=\"133\" data-end=\"1420\">\n<thead data-start=\"133\" data-end=\"230\">\n<tr data-start=\"133\" data-end=\"230\">\n<th style=\"text-align: justify;\" data-start=\"133\" data-end=\"161\" data-col-size=\"sm\"><strong data-start=\"135\" data-end=\"145\">Quando<\/strong><\/th>\n<th style=\"text-align: justify;\" data-start=\"161\" data-end=\"230\" data-col-size=\"lg\">sabato 31 OTTOBRE<\/th>\n<\/tr>\n<\/thead>\n<tbody data-start=\"330\" data-end=\"1420\">\n<tr style=\"text-align: justify;\" data-start=\"330\" data-end=\"428\">\n<td data-start=\"330\" data-end=\"358\" data-col-size=\"sm\"><strong data-start=\"332\" data-end=\"342\">Durata<\/strong><\/td>\n<td data-col-size=\"lg\" data-start=\"358\" data-end=\"428\">mattinata<\/td>\n<\/tr>\n<tr style=\"text-align: justify;\" data-start=\"429\" data-end=\"527\">\n<td data-start=\"429\" data-end=\"457\" data-col-size=\"sm\"><strong data-start=\"431\" data-end=\"447\">Partecipanti<\/strong><\/td>\n<td data-col-size=\"lg\" data-start=\"457\" data-end=\"527\">Gruppo ristretto: massimo 10 persone<\/td>\n<\/tr>\n<tr style=\"text-align: justify;\" data-start=\"528\" data-end=\"625\">\n<td data-start=\"528\" data-end=\"556\" data-col-size=\"sm\"><strong data-start=\"530\" data-end=\"541\">Docente<\/strong><\/td>\n<td data-col-size=\"lg\" data-start=\"556\" data-end=\"625\">Marco Lecchi \u2013 Digital Camera School<\/td>\n<\/tr>\n<tr style=\"text-align: justify;\" data-start=\"626\" data-end=\"724\">\n<td data-start=\"626\" data-end=\"656\" data-col-size=\"sm\"><strong data-start=\"628\" data-end=\"655\">Quota di partecipazione<\/strong><\/td>\n<td data-col-size=\"lg\" data-start=\"656\" data-end=\"724\">A partire da \u20ac 35 euro con education card<\/td>\n<\/tr>\n<tr style=\"text-align: justify;\" data-start=\"725\" data-end=\"827\">\n<td data-start=\"725\" data-end=\"753\" data-col-size=\"sm\"><strong data-start=\"727\" data-end=\"740\">Tipologia<\/strong><\/td>\n<td data-col-size=\"lg\" data-start=\"753\" data-end=\"827\">Workshop pratico<\/td>\n<\/tr>\n<tr style=\"text-align: justify;\" data-start=\"828\" data-end=\"951\">\n<td data-start=\"828\" data-end=\"856\" data-col-size=\"sm\"><strong data-start=\"830\" data-end=\"847\">Temi trattati<\/strong><\/td>\n<td data-col-size=\"lg\" data-start=\"856\" data-end=\"951\">Paesaggio, macro, naturalistica<\/td>\n<\/tr>\n<tr style=\"text-align: justify;\" data-start=\"952\" data-end=\"1050\">\n<td data-start=\"952\" data-end=\"980\" data-col-size=\"sm\"><strong data-start=\"954\" data-end=\"977\">Livello consigliato<\/strong><\/td>\n<td data-col-size=\"lg\" data-start=\"980\" data-end=\"1050\">Adatto a tutti: principianti, amatori evoluti e fotografi esperti<\/td>\n<\/tr>\n<tr style=\"text-align: justify;\" data-start=\"1051\" data-end=\"1149\">\n<td data-start=\"1051\" data-end=\"1079\" data-col-size=\"sm\"><strong data-start=\"1053\" data-end=\"1075\">Fotocamere ammesse<\/strong><\/td>\n<td data-col-size=\"lg\" data-start=\"1079\" data-end=\"1149\">Qualsiasi brand (reflex o mirrorless)<\/td>\n<\/tr>\n<tr style=\"text-align: justify;\" data-start=\"1150\" data-end=\"1287\">\n<td data-start=\"1150\" data-end=\"1181\" data-col-size=\"sm\"><strong data-start=\"1152\" data-end=\"1180\">Attrezzatura consigliata<\/strong><\/td>\n<td data-col-size=\"lg\" data-start=\"1181\" data-end=\"1287\">Treppiedi, grandangolo, telecomando remoto (opzionale), filtri ND\/polarizzatori (possibilit\u00e0 di prova)<\/td>\n<\/tr>\n<tr data-start=\"1288\" data-end=\"1420\">\n<td style=\"text-align: justify;\" data-start=\"1288\" data-end=\"1316\" data-col-size=\"sm\"><strong data-start=\"1290\" data-end=\"1302\">Alloggio<\/strong><\/td>\n<td style=\"text-align: justify;\" data-col-size=\"lg\" data-start=\"1316\" data-end=\"1420\">Non previsto<\/td>\n<\/tr>\n<\/tbody>\n<\/table>\n<\/div>\n<div class=\"o9v6fnle cxmmr5t8 oygrvhab hcukyx3x c1et5uql\">\n<p><strong>\u2705PRE-REQUISITI<br \/>\n<\/strong>L\u2019uscita \u00e8 aperta a tutti e si riesce ad apprezzare al meglio se si possiede almeno la conoscenza base di ISO-TEMPI-DIAFRAMMI.<\/p>\n<hr \/>\n<div class=\"o9v6fnle cxmmr5t8 oygrvhab hcukyx3x c1et5uql\">\n<h2 data-section-id=\"1s4macg\" data-start=\"1404\" data-end=\"1442\">\u2728 Durante il workshop lavoreremo su<\/h2>\n<ul data-start=\"1443\" data-end=\"1820\">\n<li data-section-id=\"1oatv2z\" data-start=\"1443\" data-end=\"1492\">\ud83c\udf42 fotografia autunnale e gestione del colore<\/li>\n<li data-section-id=\"r0bied\" data-start=\"1493\" data-end=\"1527\">\ud83d\udd0d fotografia macro e dettagli<\/li>\n<li data-section-id=\"10s3qdf\" data-start=\"1528\" data-end=\"1592\">\ud83d\udc3f\ufe0f fotografia naturalistica (scoiattoli e piccoli soggetti)<\/li>\n<li data-section-id=\"cxhbdp\" data-start=\"1593\" data-end=\"1633\">\ud83c\udf04 fotografia di paesaggio nel parco<\/li>\n<li data-section-id=\"1qdpw1r\" data-start=\"1634\" data-end=\"1683\">\ud83e\udded composizione e scelta del punto di ripresa<\/li>\n<li data-section-id=\"1dhqaz4\" data-start=\"1684\" data-end=\"1718\">\ud83d\udca1 lettura della luce naturale<\/li>\n<li data-section-id=\"1u27i35\" data-start=\"1719\" data-end=\"1761\">\ud83c\udfaf controllo della profondit\u00e0 di campo<\/li>\n<li data-section-id=\"ai4ypr\" data-start=\"1762\" data-end=\"1820\">\ud83d\udcc1 attenzione alla qualit\u00e0 del file e alla resa finale<\/li>\n<\/ul>\n<\/div>\n<div>\n<div>\n<div><\/div>\n<\/div>\n<\/div>\n<\/div>\n<div class=\"o9v6fnle cxmmr5t8 oygrvhab hcukyx3x c1et5uql\">\n<hr \/>\n<\/div>\n<div>\n<div class=\"gmail_default\">\n<h2 data-section-id=\"1tvh1oo\" data-start=\"1985\" data-end=\"2012\">\u2139\ufe0f Informazioni pratiche<\/h2>\n<p data-start=\"2013\" data-end=\"2208\"><strong data-start=\"2013\" data-end=\"2025\">\ud83d\udcc5 Data:<\/strong> 31 ottobre<br data-start=\"2036\" data-end=\"2039\" \/><strong data-start=\"2039\" data-end=\"2054\">\ud83d\udccd Ritrovo:<\/strong> Parco di Monza (ore 7:30)<br data-start=\"2080\" data-end=\"2083\" \/><strong data-start=\"2083\" data-end=\"2105\">\ud83d\udcf8 Partecipazione:<\/strong> aperta a tutti i brand<br data-start=\"2128\" data-end=\"2131\" \/><strong data-start=\"2131\" data-end=\"2145\">\ud83d\udd52 Durata:<\/strong> 7:30 ore 12:00<\/p>\n<\/div>\n<\/div>\n<hr \/>\n<p><strong>\u2705DOCENTE:<\/strong><\/p>\n<h2 data-start=\"144\" data-end=\"164\">Marco Lecchi\u00a0<strong data-start=\"165\" data-end=\"229\">Fotografo, formatore e fondatore della Digital Camera School<\/strong><\/h2>\n<p data-start=\"231\" data-end=\"660\">Dal 2001 lavoro nel mondo della comunicazione visiva, unendo le competenze del marketing con la mia pi\u00f9 grande passione: la fotografia.<br data-start=\"366\" data-end=\"369\" \/>Nel 2003 ho iniziato a vendere le mie immagini e a costruire un percorso professionale che mi ha portato a specializzarmi in fotografia di\u00a0<strong data-start=\"508\" data-end=\"572\">paesaggio, viaggio, industriale, corporate, eventi e interni<\/strong>. Vivo in Valtellina, terra di luce e spazi aperti che continua a ispirarmi ogni giorno.<\/p>\n<p data-start=\"662\" data-end=\"848\">Nel 2011 ho co-fondato la\u00a0<strong data-start=\"688\" data-end=\"713\">Digital Camera School<\/strong>, con oltre 60 sedi attive in Italia, per portare la formazione fotografica sul territorio in modo pratico, accessibile e coinvolgente.<\/p>\n<p data-start=\"1173\" data-end=\"1421\">Amo raccontare il paesaggio e il suo mutamento nel tempo, e considero l\u2019insegnamento una parte essenziale del mio lavoro:\u00a0<strong data-start=\"1295\" data-end=\"1337\">trasmettere passione, visione e metodo<\/strong>\u00a0\u00e8 ci\u00f2 che rende ogni corso un\u2019esperienza autentica, e mai solo una lezione tecnica.<\/p>\n<hr \/>\n<p>\u2705<strong>NUMERO MIN-MAX DI PARTECIPANTI<\/strong><\/p>\n<p>MINIMO 08 PERSONE<\/p>\n<p>MAX 1o PERSONE<\/p>\n<div>\n<hr \/>\n<p><strong>\u2705 PREZZO DEL CORSO<\/strong><\/p>\n<p>Il corso ha un prezzo di 50 euro<br \/>\noppure di 35 euro per chi ha la nostra Education card.<\/p>\n<p><strong>\u2705 COSA \u00c8 ESCLUSO DAL PREZZO<\/strong><br \/>\n\u2013 Trasporto<br \/>\n\u2013 Cibi e Bevande<br \/>\n\u2013 Pernottamento<br \/>\n\u2013 Tutto quello non specificato in compreso<\/p>\n<hr \/>\n<\/div>\n<div>\n<p><strong><img decoding=\"async\" class=\"emoji\" role=\"img\" draggable=\"false\" src=\"https:\/\/s.w.org\/images\/core\/emoji\/13.0.0\/svg\/2705.svg\" alt=\"\u2705\" \/>\u00a0ANNULLAMENTI\/RINVII<\/strong><\/p>\n<\/div>\n<p>\u2013 In caso di mancata partecipazione al corso \u00e8 possibile usufruire dell\u2019importo versato in altri nostri workshop o attivit\u00e0 proposte.<br \/>\n\u2013 In caso di annullamento da parte dell\u2019organizzatore si potr\u00e0 chiedere il rimborso della quota oppure ottenere un buono per un\u2019altra attivit\u00e0.<\/p>\n<p>Cerchiamo sempre di incontrare le esigenze di chi decide di frequentare le nostre attivit\u00e0 e dare importanza al tempo e il denaro impiegato. Con questa filosofia, nei workshop di un giorno, la quota di partecipazione sar\u00e0 sempre disponibile.<\/p>\n<hr \/>\n<div><strong><img decoding=\"async\" class=\"emoji\" role=\"img\" draggable=\"false\" src=\"https:\/\/s.w.org\/images\/core\/emoji\/13.0.0\/svg\/2705.svg\" alt=\"\u2705\" \/>\u00a0CONSIGLI PER I PERNOTTAMENTI<\/strong><\/div>\n<div>La piattaforma Booking \u00e8 l\u2019ideale per trovare la sistemazione ideale per ciascuna esigenza<\/div>\n<div>https:\/\/www.booking.com\/<\/div>\n<div>NB Ricordati di attivare l\u2019opzione cancellazione gratuita, in modo da non incorrere in penali.<\/div>\n<div class=\"o9v6fnle cxmmr5t8 oygrvhab hcukyx3x c1et5uql\">\n<hr \/>\n<\/div>\n<p><b>Per info e contatti:<\/b><\/p>\n<p>Marco Lecchi 393 9242473 &#8211; marco@digitalcameraschool.it<\/p>\n","protected":false},"excerpt":{"rendered":"<h1 data-section-id=\"2imdey\" data-start=\"94\" data-end=\"140\">\ud83c\udf42 Workshop fotografico nel Parco di Monza<\/h1>\n<h2 data-section-id=\"phcuzu\" data-start=\"141\" data-end=\"157\">\ud83d\udcc5 31 ottobre<\/h2>\n<p data-start=\"159\" data-end=\"349\">Una giornata dedicata alla fotografia immersi nei <strong data-start=\"209\" data-end=\"248\">colori autunnali del Parco di Monza<\/strong>, tra natura, dettagli e scorci della <strong data-start=\"286\" data-end=\"301\">Villa Reale<\/strong>, in uno dei momenti pi\u00f9 affascinanti dell\u2019anno.<\/p>\n<p data-start=\"351\" data-end=\"579\">\ud83c\udf41 L\u2019autunno offre una variet\u00e0 straordinaria di soggetti: foglie, texture, luce morbida, colori caldi e animali nel loro ambiente. Un contesto perfetto per lavorare su pi\u00f9 generi fotografici, con un approccio pratico e completo.<\/p>\n<p data-start=\"581\" data-end=\"754\">\ud83d\udccd Il <strong data-start=\"587\" data-end=\"654\">ritrovo \u00e8 previsto alle ore 7:30 all\u2019interno del Parco di Monza<\/strong> (posizione precisa comunicata prima del workshop), cos\u00ec da sfruttare al meglio la luce del mattino.<\/p>\n<p data-start=\"756\" data-end=\"990\">\ud83c\udf33 Durante la giornata alterneremo diverse situazioni fotografiche, passando dalla <strong data-start=\"839\" data-end=\"874\">fotografia macro e di dettaglio<\/strong> alla <strong data-start=\"880\" data-end=\"923\">fotografia naturalistica e di paesaggio<\/strong>, con particolare attenzione alla variet\u00e0 dei soggetti disponibili.<\/p>\n<p data-start=\"992\" data-end=\"1161\">\ud83d\udc3f\ufe0f Avremo modo di fotografare anche piccoli animali come <strong data-start=\"1050\" data-end=\"1064\">scoiattoli<\/strong>, oltre a lavorare su <strong data-start=\"1086\" data-end=\"1160\">foglie, texture, colori autunnali, particolari e composizioni creative<\/strong>.<\/p>\n<p data-start=\"1163\" data-end=\"1332\">\ud83d\udcf7 Il workshop \u00e8 <strong data-start=\"1180\" data-end=\"1218\">aperto a tutti i brand fotografici<\/strong>. \u00c8 richiesto saper utilizzare la fotocamera in modalit\u00e0 manuale e avere una conoscenza di base della gestione di:<\/p>\n<p data-start=\"992\" data-end=\"1161\">\n","protected":false},"featured_media":44059,"template":"","meta":{"pmpro_default_level":""},"product_brand":[],"product_cat":[167,158,110],"product_tag":[],"class_list":{"0":"post-44058","1":"product","2":"type-product","3":"status-publish","4":"has-post-thumbnail","6":"product_cat-corsi","7":"product_cat-in-evidenza","8":"product_cat-workshop","9":"pmpro-has-access","11":"first","12":"instock","13":"virtual","14":"taxable","15":"purchasable","16":"product-type-simple"},"acf":[],"yoast_head":"<!-- This site is optimized with the Yoast SEO plugin v27.5 - https:\/\/yoast.com\/product\/yoast-seo-wordpress\/ -->\n<title>MONZA WORKSHOP SUL FOLIAGE, MACRO, PAESAGGIO sabato 31 ottobre - Digital Camera School - Corsi di fotografia<\/title>\n<meta name=\"robots\" content=\"index, follow, max-snippet:-1, max-image-preview:large, max-video-preview:-1\" \/>\n<link rel=\"canonical\" href=\"https:\/\/www.digitalcameraschool.it\/home\/prodotto\/monza-workshop-sul-foliage-macro-paesaggio\/\" \/>\n<meta property=\"og:locale\" content=\"it_IT\" \/>\n<meta property=\"og:type\" content=\"article\" \/>\n<meta property=\"og:title\" content=\"MONZA WORKSHOP SUL FOLIAGE, MACRO, PAESAGGIO sabato 31 ottobre - Digital Camera School - Corsi di fotografia\" \/>\n<meta property=\"og:description\" content=\"\ud83c\udf42 Workshop fotografico nel Parco di Monza \ud83d\udcc5 31 ottobre Una giornata dedicata alla fotografia immersi nei colori autunnali del Parco di Monza, tra natura, dettagli e scorci della Villa Reale, in uno dei momenti pi\u00f9 affascinanti dell\u2019anno. \ud83c\udf41 L\u2019autunno offre una variet\u00e0 straordinaria di soggetti: foglie, texture, luce morbida, colori caldi e animali nel loro ambiente. Un contesto perfetto per lavorare su pi\u00f9 generi fotografici, con un approccio pratico e completo. \ud83d\udccd Il ritrovo \u00e8 previsto alle ore 7:30 all\u2019interno del Parco di Monza (posizione precisa comunicata prima del workshop), cos\u00ec da sfruttare al meglio la luce del mattino. \ud83c\udf33 Durante la giornata alterneremo diverse situazioni fotografiche, passando dalla fotografia macro e di dettaglio alla fotografia naturalistica e di paesaggio, con particolare attenzione alla variet\u00e0 dei soggetti disponibili. \ud83d\udc3f\ufe0f Avremo modo di fotografare anche piccoli animali come scoiattoli, oltre a lavorare su foglie, texture, colori autunnali, particolari e composizioni creative. \ud83d\udcf7 Il workshop \u00e8 aperto a tutti i brand fotografici. \u00c8 richiesto saper utilizzare la fotocamera in modalit\u00e0 manuale e avere una conoscenza di base della gestione di:\" \/>\n<meta property=\"og:url\" content=\"https:\/\/www.digitalcameraschool.it\/home\/prodotto\/monza-workshop-sul-foliage-macro-paesaggio\/\" \/>\n<meta property=\"og:site_name\" content=\"Digital Camera School - Corsi di fotografia\" \/>\n<meta property=\"article:publisher\" content=\"https:\/\/www.facebook.com\/digitalcameraschool\" \/>\n<meta property=\"article:modified_time\" content=\"2026-05-08T10:54:24+00:00\" \/>\n<meta property=\"og:image\" content=\"https:\/\/www.digitalcameraschool.it\/home\/wp-content\/uploads\/2026\/03\/464.1-1024x1024.jpg\" \/>\n\t<meta property=\"og:image:width\" content=\"1024\" \/>\n\t<meta property=\"og:image:height\" content=\"1024\" \/>\n\t<meta property=\"og:image:type\" content=\"image\/jpeg\" \/>\n<meta name=\"twitter:card\" content=\"summary_large_image\" \/>\n<meta name=\"twitter:label1\" content=\"Tempo di lettura stimato\" \/>\n\t<meta name=\"twitter:data1\" content=\"4 minuti\" \/>\n<script type=\"application\/ld+json\" class=\"yoast-schema-graph\">{\"@context\":\"https:\\\/\\\/schema.org\",\"@graph\":[{\"@type\":\"WebPage\",\"@id\":\"https:\\\/\\\/www.digitalcameraschool.it\\\/home\\\/prodotto\\\/monza-workshop-sul-foliage-macro-paesaggio\\\/\",\"url\":\"https:\\\/\\\/www.digitalcameraschool.it\\\/home\\\/prodotto\\\/monza-workshop-sul-foliage-macro-paesaggio\\\/\",\"name\":\"MONZA WORKSHOP SUL FOLIAGE, MACRO, PAESAGGIO sabato 31 ottobre - Digital Camera School - Corsi di fotografia\",\"isPartOf\":{\"@id\":\"https:\\\/\\\/www.digitalcameraschool.it\\\/home\\\/#website\"},\"primaryImageOfPage\":{\"@id\":\"https:\\\/\\\/www.digitalcameraschool.it\\\/home\\\/prodotto\\\/monza-workshop-sul-foliage-macro-paesaggio\\\/#primaryimage\"},\"image\":{\"@id\":\"https:\\\/\\\/www.digitalcameraschool.it\\\/home\\\/prodotto\\\/monza-workshop-sul-foliage-macro-paesaggio\\\/#primaryimage\"},\"thumbnailUrl\":\"https:\\\/\\\/www.digitalcameraschool.it\\\/home\\\/wp-content\\\/uploads\\\/2026\\\/03\\\/464.1.jpg\",\"datePublished\":\"2026-03-23T16:39:53+00:00\",\"dateModified\":\"2026-05-08T10:54:24+00:00\",\"breadcrumb\":{\"@id\":\"https:\\\/\\\/www.digitalcameraschool.it\\\/home\\\/prodotto\\\/monza-workshop-sul-foliage-macro-paesaggio\\\/#breadcrumb\"},\"inLanguage\":\"it-IT\",\"potentialAction\":[{\"@type\":\"ReadAction\",\"target\":[\"https:\\\/\\\/www.digitalcameraschool.it\\\/home\\\/prodotto\\\/monza-workshop-sul-foliage-macro-paesaggio\\\/\"]}]},{\"@type\":\"ImageObject\",\"inLanguage\":\"it-IT\",\"@id\":\"https:\\\/\\\/www.digitalcameraschool.it\\\/home\\\/prodotto\\\/monza-workshop-sul-foliage-macro-paesaggio\\\/#primaryimage\",\"url\":\"https:\\\/\\\/www.digitalcameraschool.it\\\/home\\\/wp-content\\\/uploads\\\/2026\\\/03\\\/464.1.jpg\",\"contentUrl\":\"https:\\\/\\\/www.digitalcameraschool.it\\\/home\\\/wp-content\\\/uploads\\\/2026\\\/03\\\/464.1.jpg\",\"width\":2500,\"height\":2500},{\"@type\":\"BreadcrumbList\",\"@id\":\"https:\\\/\\\/www.digitalcameraschool.it\\\/home\\\/prodotto\\\/monza-workshop-sul-foliage-macro-paesaggio\\\/#breadcrumb\",\"itemListElement\":[{\"@type\":\"ListItem\",\"position\":1,\"name\":\"Home\",\"item\":\"https:\\\/\\\/www.digitalcameraschool.it\\\/home\\\/\"},{\"@type\":\"ListItem\",\"position\":2,\"name\":\"Shop\",\"item\":\"https:\\\/\\\/www.digitalcameraschool.it\\\/home\\\/shop\\\/\"},{\"@type\":\"ListItem\",\"position\":3,\"name\":\"MONZA WORKSHOP SUL FOLIAGE, MACRO, PAESAGGIO sabato 31 ottobre\"}]},{\"@type\":\"WebSite\",\"@id\":\"https:\\\/\\\/www.digitalcameraschool.it\\\/home\\\/#website\",\"url\":\"https:\\\/\\\/www.digitalcameraschool.it\\\/home\\\/\",\"name\":\"Digital Camera School - Corsi di fotografia\",\"description\":\"Corsi, workshop, viaggi e molto altro!\",\"publisher\":{\"@id\":\"https:\\\/\\\/www.digitalcameraschool.it\\\/home\\\/#organization\"},\"potentialAction\":[{\"@type\":\"SearchAction\",\"target\":{\"@type\":\"EntryPoint\",\"urlTemplate\":\"https:\\\/\\\/www.digitalcameraschool.it\\\/home\\\/?s={search_term_string}\"},\"query-input\":{\"@type\":\"PropertyValueSpecification\",\"valueRequired\":true,\"valueName\":\"search_term_string\"}}],\"inLanguage\":\"it-IT\"},{\"@type\":\"Organization\",\"@id\":\"https:\\\/\\\/www.digitalcameraschool.it\\\/home\\\/#organization\",\"name\":\"Digital Camera School\",\"url\":\"https:\\\/\\\/www.digitalcameraschool.it\\\/home\\\/\",\"logo\":{\"@type\":\"ImageObject\",\"inLanguage\":\"it-IT\",\"@id\":\"https:\\\/\\\/www.digitalcameraschool.it\\\/home\\\/#\\\/schema\\\/logo\\\/image\\\/\",\"url\":\"https:\\\/\\\/www.digitalcameraschool.it\\\/home\\\/wp-content\\\/uploads\\\/2022\\\/05\\\/logo-rotondo-dcs.png\",\"contentUrl\":\"https:\\\/\\\/www.digitalcameraschool.it\\\/home\\\/wp-content\\\/uploads\\\/2022\\\/05\\\/logo-rotondo-dcs.png\",\"width\":500,\"height\":500,\"caption\":\"Digital Camera School\"},\"image\":{\"@id\":\"https:\\\/\\\/www.digitalcameraschool.it\\\/home\\\/#\\\/schema\\\/logo\\\/image\\\/\"},\"sameAs\":[\"https:\\\/\\\/www.facebook.com\\\/digitalcameraschool\",\"https:\\\/\\\/www.instagram.com\\\/digital_camera_school\\\/\",\"https:\\\/\\\/www.youtube.com\\\/c\\\/digitalcameraschool_tv\"]}]}<\/script>\n<!-- \/ Yoast SEO plugin. -->","yoast_head_json":{"title":"MONZA WORKSHOP SUL FOLIAGE, MACRO, PAESAGGIO sabato 31 ottobre - Digital Camera School - Corsi di fotografia","robots":{"index":"index","follow":"follow","max-snippet":"max-snippet:-1","max-image-preview":"max-image-preview:large","max-video-preview":"max-video-preview:-1"},"canonical":"https:\/\/www.digitalcameraschool.it\/home\/prodotto\/monza-workshop-sul-foliage-macro-paesaggio\/","og_locale":"it_IT","og_type":"article","og_title":"MONZA WORKSHOP SUL FOLIAGE, MACRO, PAESAGGIO sabato 31 ottobre - Digital Camera School - Corsi di fotografia","og_description":"\ud83c\udf42 Workshop fotografico nel Parco di Monza \ud83d\udcc5 31 ottobre Una giornata dedicata alla fotografia immersi nei colori autunnali del Parco di Monza, tra natura, dettagli e scorci della Villa Reale, in uno dei momenti pi\u00f9 affascinanti dell\u2019anno. \ud83c\udf41 L\u2019autunno offre una variet\u00e0 straordinaria di soggetti: foglie, texture, luce morbida, colori caldi e animali nel loro ambiente. Un contesto perfetto per lavorare su pi\u00f9 generi fotografici, con un approccio pratico e completo. \ud83d\udccd Il ritrovo \u00e8 previsto alle ore 7:30 all\u2019interno del Parco di Monza (posizione precisa comunicata prima del workshop), cos\u00ec da sfruttare al meglio la luce del mattino. \ud83c\udf33 Durante la giornata alterneremo diverse situazioni fotografiche, passando dalla fotografia macro e di dettaglio alla fotografia naturalistica e di paesaggio, con particolare attenzione alla variet\u00e0 dei soggetti disponibili. \ud83d\udc3f\ufe0f Avremo modo di fotografare anche piccoli animali come scoiattoli, oltre a lavorare su foglie, texture, colori autunnali, particolari e composizioni creative. \ud83d\udcf7 Il workshop \u00e8 aperto a tutti i brand fotografici. \u00c8 richiesto saper utilizzare la fotocamera in modalit\u00e0 manuale e avere una conoscenza di base della gestione di:","og_url":"https:\/\/www.digitalcameraschool.it\/home\/prodotto\/monza-workshop-sul-foliage-macro-paesaggio\/","og_site_name":"Digital Camera School - Corsi di fotografia","article_publisher":"https:\/\/www.facebook.com\/digitalcameraschool","article_modified_time":"2026-05-08T10:54:24+00:00","og_image":[{"width":1024,"height":1024,"url":"https:\/\/www.digitalcameraschool.it\/home\/wp-content\/uploads\/2026\/03\/464.1-1024x1024.jpg","type":"image\/jpeg"}],"twitter_card":"summary_large_image","twitter_misc":{"Tempo di lettura stimato":"4 minuti"},"schema":{"@context":"https:\/\/schema.org","@graph":[{"@type":"WebPage","@id":"https:\/\/www.digitalcameraschool.it\/home\/prodotto\/monza-workshop-sul-foliage-macro-paesaggio\/","url":"https:\/\/www.digitalcameraschool.it\/home\/prodotto\/monza-workshop-sul-foliage-macro-paesaggio\/","name":"MONZA WORKSHOP SUL FOLIAGE, MACRO, PAESAGGIO sabato 31 ottobre - Digital Camera School - Corsi di fotografia","isPartOf":{"@id":"https:\/\/www.digitalcameraschool.it\/home\/#website"},"primaryImageOfPage":{"@id":"https:\/\/www.digitalcameraschool.it\/home\/prodotto\/monza-workshop-sul-foliage-macro-paesaggio\/#primaryimage"},"image":{"@id":"https:\/\/www.digitalcameraschool.it\/home\/prodotto\/monza-workshop-sul-foliage-macro-paesaggio\/#primaryimage"},"thumbnailUrl":"https:\/\/www.digitalcameraschool.it\/home\/wp-content\/uploads\/2026\/03\/464.1.jpg","datePublished":"2026-03-23T16:39:53+00:00","dateModified":"2026-05-08T10:54:24+00:00","breadcrumb":{"@id":"https:\/\/www.digitalcameraschool.it\/home\/prodotto\/monza-workshop-sul-foliage-macro-paesaggio\/#breadcrumb"},"inLanguage":"it-IT","potentialAction":[{"@type":"ReadAction","target":["https:\/\/www.digitalcameraschool.it\/home\/prodotto\/monza-workshop-sul-foliage-macro-paesaggio\/"]}]},{"@type":"ImageObject","inLanguage":"it-IT","@id":"https:\/\/www.digitalcameraschool.it\/home\/prodotto\/monza-workshop-sul-foliage-macro-paesaggio\/#primaryimage","url":"https:\/\/www.digitalcameraschool.it\/home\/wp-content\/uploads\/2026\/03\/464.1.jpg","contentUrl":"https:\/\/www.digitalcameraschool.it\/home\/wp-content\/uploads\/2026\/03\/464.1.jpg","width":2500,"height":2500},{"@type":"BreadcrumbList","@id":"https:\/\/www.digitalcameraschool.it\/home\/prodotto\/monza-workshop-sul-foliage-macro-paesaggio\/#breadcrumb","itemListElement":[{"@type":"ListItem","position":1,"name":"Home","item":"https:\/\/www.digitalcameraschool.it\/home\/"},{"@type":"ListItem","position":2,"name":"Shop","item":"https:\/\/www.digitalcameraschool.it\/home\/shop\/"},{"@type":"ListItem","position":3,"name":"MONZA WORKSHOP SUL FOLIAGE, MACRO, PAESAGGIO sabato 31 ottobre"}]},{"@type":"WebSite","@id":"https:\/\/www.digitalcameraschool.it\/home\/#website","url":"https:\/\/www.digitalcameraschool.it\/home\/","name":"Digital Camera School - Corsi di fotografia","description":"Corsi, workshop, viaggi e molto altro!","publisher":{"@id":"https:\/\/www.digitalcameraschool.it\/home\/#organization"},"potentialAction":[{"@type":"SearchAction","target":{"@type":"EntryPoint","urlTemplate":"https:\/\/www.digitalcameraschool.it\/home\/?s={search_term_string}"},"query-input":{"@type":"PropertyValueSpecification","valueRequired":true,"valueName":"search_term_string"}}],"inLanguage":"it-IT"},{"@type":"Organization","@id":"https:\/\/www.digitalcameraschool.it\/home\/#organization","name":"Digital Camera School","url":"https:\/\/www.digitalcameraschool.it\/home\/","logo":{"@type":"ImageObject","inLanguage":"it-IT","@id":"https:\/\/www.digitalcameraschool.it\/home\/#\/schema\/logo\/image\/","url":"https:\/\/www.digitalcameraschool.it\/home\/wp-content\/uploads\/2022\/05\/logo-rotondo-dcs.png","contentUrl":"https:\/\/www.digitalcameraschool.it\/home\/wp-content\/uploads\/2022\/05\/logo-rotondo-dcs.png","width":500,"height":500,"caption":"Digital Camera School"},"image":{"@id":"https:\/\/www.digitalcameraschool.it\/home\/#\/schema\/logo\/image\/"},"sameAs":["https:\/\/www.facebook.com\/digitalcameraschool","https:\/\/www.instagram.com\/digital_camera_school\/","https:\/\/www.youtube.com\/c\/digitalcameraschool_tv"]}]}},"_links":{"self":[{"href":"https:\/\/www.digitalcameraschool.it\/home\/wp-json\/wp\/v2\/product\/44058","targetHints":{"allow":["GET"]}}],"collection":[{"href":"https:\/\/www.digitalcameraschool.it\/home\/wp-json\/wp\/v2\/product"}],"about":[{"href":"https:\/\/www.digitalcameraschool.it\/home\/wp-json\/wp\/v2\/types\/product"}],"wp:featuredmedia":[{"embeddable":true,"href":"https:\/\/www.digitalcameraschool.it\/home\/wp-json\/wp\/v2\/media\/44059"}],"wp:attachment":[{"href":"https:\/\/www.digitalcameraschool.it\/home\/wp-json\/wp\/v2\/media?parent=44058"}],"wp:term":[{"taxonomy":"product_brand","embeddable":true,"href":"https:\/\/www.digitalcameraschool.it\/home\/wp-json\/wp\/v2\/product_brand?post=44058"},{"taxonomy":"product_cat","embeddable":true,"href":"https:\/\/www.digitalcameraschool.it\/home\/wp-json\/wp\/v2\/product_cat?post=44058"},{"taxonomy":"product_tag","embeddable":true,"href":"https:\/\/www.digitalcameraschool.it\/home\/wp-json\/wp\/v2\/product_tag?post=44058"}],"curies":[{"name":"wp","href":"https:\/\/api.w.org\/{rel}","templated":true}]}}