{"id":43929,"date":"2026-03-12T11:11:47","date_gmt":"2026-03-12T10:11:47","guid":{"rendered":"https:\/\/www.digitalcameraschool.it\/home\/?post_type=product&#038;p=43929"},"modified":"2026-04-30T18:30:37","modified_gmt":"2026-04-30T16:30:37","slug":"affinity-photo-base","status":"publish","type":"product","link":"https:\/\/www.digitalcameraschool.it\/home\/prodotto\/affinity-photo-base\/","title":{"rendered":"Affinity Foto <br> Corso base <br> 4 incontri da mercoled\u00ec 6 maggio 2026"},"content":{"rendered":"<div class=\"o9v6fnle cxmmr5t8 oygrvhab hcukyx3x c1et5uql\">\n<p class=\"isSelectedEnd\" style=\"text-align: justify;\"><strong>Affinity Photo<\/strong> \u00e8 uno dei software di fotoritocco pi\u00f9 completi oggi disponibili e, tra le soluzioni gratuite o accessibili a tutti, \u00e8 anche <strong>uno dei pi\u00f9 facili e immediati<\/strong> da imparare. Grazie alla sua <strong>interfaccia intuitiva<\/strong> e agli strumenti potenti ma semplici da usare, rappresenta un\u2019ottima scelta per chi vuole iniziare a migliorare le proprie fotografie senza dover affrontare programmi complessi o costosi.<\/p>\n<p style=\"text-align: justify;\">Il corso \u00e8 <strong>pensato per tutti<\/strong>: non sono richieste conoscenze pregresse di fotoritocco o di grafica. \u00c8 perfetto per chi si avvicina per la prima volta all\u2019editing fotografico, per appassionati di fotografia che vogliono migliorare le proprie immagini, oppure per chi desidera imparare a utilizzare Affinity Photo in modo chiaro e pratico.<\/p>\n<\/div>\n<div>\n<hr \/>\n<\/div>\n<div class=\"o9v6fnle cxmmr5t8 oygrvhab hcukyx3x c1et5uql\">\n<h3 data-start=\"2216\" data-end=\"2241\"><strong data-start=\"2223\" data-end=\"2241\"><span style=\"color: #ff6600;\"><i class=\"wp-svg-search-2 search-2\"><\/i><\/span>\u00a0Cosa vedremo<\/strong><\/h3>\n<ul>\n<li style=\"list-style-type: none;\">\n<ul>\n<li data-start=\"0\" data-end=\"76\">\n<p data-start=\"2\" data-end=\"76\">Introduzione ad <strong data-start=\"18\" data-end=\"36\">Affinity Photo<\/strong> e alla logica di lavoro del programma<\/p>\n<\/li>\n<li data-start=\"77\" data-end=\"141\">\n<p data-start=\"79\" data-end=\"141\">Orientarsi nell\u2019<strong data-start=\"95\" data-end=\"110\">interfaccia<\/strong> e negli strumenti principali<\/p>\n<\/li>\n<li data-start=\"142\" data-end=\"196\">\n<p data-start=\"144\" data-end=\"196\"><strong data-start=\"144\" data-end=\"182\" data-is-only-node=\"\">Aprire, importare e gestire i file<\/strong> fotografici<\/p>\n<\/li>\n<li data-start=\"197\" data-end=\"247\">\n<p data-start=\"199\" data-end=\"247\">Correggere <strong data-start=\"210\" data-end=\"245\">esposizione, colori e contrasto<\/strong><\/p>\n<\/li>\n<li data-start=\"248\" data-end=\"291\">\n<p data-start=\"250\" data-end=\"291\"><strong data-start=\"250\" data-end=\"277\" data-is-only-node=\"\">Ritagliare e ricomporre<\/strong> un\u2019immagine<\/p>\n<\/li>\n<li data-start=\"292\" data-end=\"350\">\n<p data-start=\"294\" data-end=\"350\">Applicare <strong data-start=\"304\" data-end=\"319\">regolazioni<\/strong> per migliorare le fotografie<\/p>\n<\/li>\n<li data-start=\"351\" data-end=\"388\">\n<p data-start=\"353\" data-end=\"388\">Capire e utilizzare i <strong data-start=\"375\" data-end=\"386\">livelli<\/strong><\/p>\n<\/li>\n<li data-start=\"389\" data-end=\"447\">\n<p data-start=\"391\" data-end=\"447\">Eseguire i primi <strong data-start=\"408\" data-end=\"445\">interventi di ritocco fotografico<\/strong><\/p>\n<\/li>\n<li data-start=\"448\" data-end=\"513\" data-is-last-node=\"\">\n<p data-start=\"450\" data-end=\"513\" data-is-last-node=\"\">Migliorare le immagini in modo <strong data-start=\"481\" data-end=\"513\" data-is-last-node=\"\">semplice, rapido ed efficace<\/strong><\/p>\n<\/li>\n<\/ul>\n<\/li>\n<\/ul>\n<hr \/>\n<\/div>\n<div>\n<p><strong>PROGRAMMA<\/strong><\/p>\n<h3 data-start=\"1633\" data-end=\"1669\"><strong data-start=\"1641\" data-end=\"1669\"><span style=\"color: #ff6600;\"><i class=\"wp-svg-pushpin pushpin\"><\/i><\/span>\u00a0Calendario delle lezioni<\/strong><\/h3>\n<ul data-start=\"1670\" data-end=\"1918\">\n<li data-start=\"1670\" data-end=\"1717\">Mercoled\u00ec 06 maggio<\/li>\n<li data-start=\"1670\" data-end=\"1717\">Mercoled\u00ec 20 maggio<\/li>\n<li data-start=\"1670\" data-end=\"1717\">Mercoled\u00ec 27 maggio<\/li>\n<li data-start=\"1670\" data-end=\"1717\">Mercoled\u00ec 03 giugno<\/li>\n<\/ul>\n<h3><span style=\"color: #ff6600;\"><i class=\"wp-svg-clock-2 clock-2\"><\/i><\/span>\u00a0Orario:<\/h3>\n<ul data-start=\"1670\" data-end=\"1918\">\n<li data-start=\"1670\" data-end=\"1717\">Ore 20.25: collegamento<\/li>\n<li data-start=\"1670\" data-end=\"1717\">Ore 20.30: inizio lezione<\/li>\n<li data-start=\"1670\" data-end=\"1717\">Ore 22.00: fine lezione<\/li>\n<\/ul>\n<p data-start=\"1920\" data-end=\"2209\">Useremo la <strong>piattaforma Zoom<\/strong>.<br data-start=\"1973\" data-end=\"1976\" \/>Potrai <strong data-start=\"1983\" data-end=\"2012\">interagire con il docente<\/strong>, fare domande in tempo reale oppure utilizzare la <strong data-start=\"2063\" data-end=\"2090\">chat pubblica o privata<\/strong>.<br data-start=\"2091\" data-end=\"2094\" \/>Tutti gli incontri saranno <strong data-start=\"2121\" data-end=\"2135\">registrati<\/strong>, cos\u00ec potrai rivederli in qualsiasi momento per consolidare i concetti.<\/p>\n<hr \/>\n<\/div>\n<p><strong>DOCENTE<\/strong><\/p>\n<p>Luigi Mazzucchi<\/p>\n<hr \/>\n<p><strong>PREZZO<\/strong><\/p>\n<p>Il prezzo del corso \u00e8 di 70 euro.<br \/>\nPer chi possiede la nostra Education Card il prezzo \u00e8 di 50 euro.<br \/>\nNon hai la card? <a href=\"https:\/\/www.digitalcameraschool.it\/home\/card-experience\/\">Qui tutte le informazioni!<\/a><\/p>\n<p><img loading=\"lazy\" decoding=\"async\" class=\"aligncenter size-full wp-image-43930\" src=\"https:\/\/www.digitalcameraschool.it\/home\/wp-content\/uploads\/2026\/03\/affinity-photo_001-scaled.jpg\" alt=\"\" width=\"2560\" height=\"1479\" srcset=\"https:\/\/www.digitalcameraschool.it\/home\/wp-content\/uploads\/2026\/03\/affinity-photo_001-scaled.jpg 2560w, https:\/\/www.digitalcameraschool.it\/home\/wp-content\/uploads\/2026\/03\/affinity-photo_001-300x173.jpg 300w, https:\/\/www.digitalcameraschool.it\/home\/wp-content\/uploads\/2026\/03\/affinity-photo_001-1024x592.jpg 1024w, https:\/\/www.digitalcameraschool.it\/home\/wp-content\/uploads\/2026\/03\/affinity-photo_001-768x444.jpg 768w, https:\/\/www.digitalcameraschool.it\/home\/wp-content\/uploads\/2026\/03\/affinity-photo_001-1536x887.jpg 1536w, https:\/\/www.digitalcameraschool.it\/home\/wp-content\/uploads\/2026\/03\/affinity-photo_001-2048x1183.jpg 2048w, https:\/\/www.digitalcameraschool.it\/home\/wp-content\/uploads\/2026\/03\/affinity-photo_001-600x347.jpg 600w\" sizes=\"auto, (max-width: 2560px) 100vw, 2560px\" \/><\/p>\n<p><img loading=\"lazy\" decoding=\"async\" class=\"aligncenter size-full wp-image-43932\" src=\"https:\/\/www.digitalcameraschool.it\/home\/wp-content\/uploads\/2026\/03\/affinity-photo_003-scaled.jpg\" alt=\"\" width=\"2560\" height=\"1479\" srcset=\"https:\/\/www.digitalcameraschool.it\/home\/wp-content\/uploads\/2026\/03\/affinity-photo_003-scaled.jpg 2560w, https:\/\/www.digitalcameraschool.it\/home\/wp-content\/uploads\/2026\/03\/affinity-photo_003-300x173.jpg 300w, https:\/\/www.digitalcameraschool.it\/home\/wp-content\/uploads\/2026\/03\/affinity-photo_003-1024x592.jpg 1024w, https:\/\/www.digitalcameraschool.it\/home\/wp-content\/uploads\/2026\/03\/affinity-photo_003-768x444.jpg 768w, https:\/\/www.digitalcameraschool.it\/home\/wp-content\/uploads\/2026\/03\/affinity-photo_003-1536x887.jpg 1536w, https:\/\/www.digitalcameraschool.it\/home\/wp-content\/uploads\/2026\/03\/affinity-photo_003-2048x1183.jpg 2048w, https:\/\/www.digitalcameraschool.it\/home\/wp-content\/uploads\/2026\/03\/affinity-photo_003-600x347.jpg 600w\" sizes=\"auto, (max-width: 2560px) 100vw, 2560px\" \/><\/p>\n<div>\n<p><img loading=\"lazy\" decoding=\"async\" class=\"aligncenter size-full wp-image-29590\" src=\"https:\/\/www.digitalcameraschool.it\/home\/wp-content\/uploads\/2021\/11\/lightroom_10.jpg\" alt=\"\" width=\"1800\" height=\"838\" srcset=\"https:\/\/www.digitalcameraschool.it\/home\/wp-content\/uploads\/2021\/11\/lightroom_10.jpg 1800w, https:\/\/www.digitalcameraschool.it\/home\/wp-content\/uploads\/2021\/11\/lightroom_10-300x140.jpg 300w, https:\/\/www.digitalcameraschool.it\/home\/wp-content\/uploads\/2021\/11\/lightroom_10-1024x477.jpg 1024w, https:\/\/www.digitalcameraschool.it\/home\/wp-content\/uploads\/2021\/11\/lightroom_10-768x358.jpg 768w, https:\/\/www.digitalcameraschool.it\/home\/wp-content\/uploads\/2021\/11\/lightroom_10-1536x715.jpg 1536w, https:\/\/www.digitalcameraschool.it\/home\/wp-content\/uploads\/2021\/11\/lightroom_10-530x248.jpg 530w, https:\/\/www.digitalcameraschool.it\/home\/wp-content\/uploads\/2021\/11\/lightroom_10-600x279.jpg 600w\" sizes=\"auto, (max-width: 1800px) 100vw, 1800px\" \/><\/p>\n<\/div>\n<figure id=\"attachment_29583\" aria-describedby=\"caption-attachment-29583\" style=\"width: 1800px\" class=\"wp-caption aligncenter\"><img loading=\"lazy\" decoding=\"async\" class=\"size-full wp-image-29583\" src=\"https:\/\/www.digitalcameraschool.it\/home\/wp-content\/uploads\/2021\/11\/lightroom_3.jpg\" alt=\"\" width=\"1800\" height=\"838\" srcset=\"https:\/\/www.digitalcameraschool.it\/home\/wp-content\/uploads\/2021\/11\/lightroom_3.jpg 1800w, https:\/\/www.digitalcameraschool.it\/home\/wp-content\/uploads\/2021\/11\/lightroom_3-300x140.jpg 300w, https:\/\/www.digitalcameraschool.it\/home\/wp-content\/uploads\/2021\/11\/lightroom_3-1024x477.jpg 1024w, https:\/\/www.digitalcameraschool.it\/home\/wp-content\/uploads\/2021\/11\/lightroom_3-768x358.jpg 768w, https:\/\/www.digitalcameraschool.it\/home\/wp-content\/uploads\/2021\/11\/lightroom_3-1536x715.jpg 1536w, https:\/\/www.digitalcameraschool.it\/home\/wp-content\/uploads\/2021\/11\/lightroom_3-530x248.jpg 530w, https:\/\/www.digitalcameraschool.it\/home\/wp-content\/uploads\/2021\/11\/lightroom_3-600x279.jpg 600w\" sizes=\"auto, (max-width: 1800px) 100vw, 1800px\" \/><figcaption id=\"caption-attachment-29583\" class=\"wp-caption-text\">Foto di Milvia Stefani<\/figcaption><\/figure>\n<figure id=\"attachment_29581\" aria-describedby=\"caption-attachment-29581\" style=\"width: 1800px\" class=\"wp-caption aligncenter\"><img loading=\"lazy\" decoding=\"async\" class=\"size-full wp-image-29581\" src=\"https:\/\/www.digitalcameraschool.it\/home\/wp-content\/uploads\/2021\/11\/lightroom_1.jpg\" alt=\"\" width=\"1800\" height=\"838\" srcset=\"https:\/\/www.digitalcameraschool.it\/home\/wp-content\/uploads\/2021\/11\/lightroom_1.jpg 1800w, https:\/\/www.digitalcameraschool.it\/home\/wp-content\/uploads\/2021\/11\/lightroom_1-300x140.jpg 300w, https:\/\/www.digitalcameraschool.it\/home\/wp-content\/uploads\/2021\/11\/lightroom_1-1024x477.jpg 1024w, https:\/\/www.digitalcameraschool.it\/home\/wp-content\/uploads\/2021\/11\/lightroom_1-768x358.jpg 768w, https:\/\/www.digitalcameraschool.it\/home\/wp-content\/uploads\/2021\/11\/lightroom_1-1536x715.jpg 1536w, https:\/\/www.digitalcameraschool.it\/home\/wp-content\/uploads\/2021\/11\/lightroom_1-530x248.jpg 530w, https:\/\/www.digitalcameraschool.it\/home\/wp-content\/uploads\/2021\/11\/lightroom_1-600x279.jpg 600w\" sizes=\"auto, (max-width: 1800px) 100vw, 1800px\" \/><figcaption id=\"caption-attachment-29581\" class=\"wp-caption-text\">Foto di Carlo Gadina<\/figcaption><\/figure>\n<figure id=\"attachment_29582\" aria-describedby=\"caption-attachment-29582\" style=\"width: 1800px\" class=\"wp-caption aligncenter\"><img loading=\"lazy\" decoding=\"async\" class=\"size-full wp-image-29582\" src=\"https:\/\/www.digitalcameraschool.it\/home\/wp-content\/uploads\/2021\/11\/lightroom_2.jpg\" alt=\"\" width=\"1800\" height=\"1064\" srcset=\"https:\/\/www.digitalcameraschool.it\/home\/wp-content\/uploads\/2021\/11\/lightroom_2.jpg 1800w, https:\/\/www.digitalcameraschool.it\/home\/wp-content\/uploads\/2021\/11\/lightroom_2-300x177.jpg 300w, https:\/\/www.digitalcameraschool.it\/home\/wp-content\/uploads\/2021\/11\/lightroom_2-1024x605.jpg 1024w, https:\/\/www.digitalcameraschool.it\/home\/wp-content\/uploads\/2021\/11\/lightroom_2-768x454.jpg 768w, https:\/\/www.digitalcameraschool.it\/home\/wp-content\/uploads\/2021\/11\/lightroom_2-1536x908.jpg 1536w, https:\/\/www.digitalcameraschool.it\/home\/wp-content\/uploads\/2021\/11\/lightroom_2-600x355.jpg 600w\" sizes=\"auto, (max-width: 1800px) 100vw, 1800px\" \/><figcaption id=\"caption-attachment-29582\" class=\"wp-caption-text\">Foto di Katya Spataro<\/figcaption><\/figure>\n","protected":false},"excerpt":{"rendered":"<p>Affinity Photo \u00e8 uno dei software di fotoritocco pi\u00f9 completi oggi disponibili e, tra le soluzioni gratuite o accessibili a tutti, \u00e8 anche uno dei pi\u00f9 facili e&#8230;<\/p>\n","protected":false},"featured_media":43934,"template":"","meta":{"pmpro_default_level":""},"product_brand":[],"product_cat":[167,40,168],"product_tag":[],"class_list":{"0":"post-43929","1":"product","2":"type-product","3":"status-publish","4":"has-post-thumbnail","6":"product_cat-corsi","7":"product_cat-corsi-in-diretta-on-line","8":"product_cat-post-produzione-corsi","9":"pmpro-has-access","11":"first","12":"instock","13":"virtual","14":"taxable","15":"purchasable","16":"product-type-simple"},"acf":[],"yoast_head":"<!-- This site is optimized with the Yoast SEO plugin v27.5 - https:\/\/yoast.com\/product\/yoast-seo-wordpress\/ -->\n<title>Affinity Foto  Corso base  4 incontri da mercoled\u00ec 6 maggio 2026 - Digital Camera School - Corsi di fotografia<\/title>\n<meta name=\"robots\" content=\"index, follow, max-snippet:-1, max-image-preview:large, max-video-preview:-1\" \/>\n<link rel=\"canonical\" href=\"https:\/\/www.digitalcameraschool.it\/home\/prodotto\/affinity-photo-base\/\" \/>\n<meta property=\"og:locale\" content=\"it_IT\" \/>\n<meta property=\"og:type\" content=\"article\" \/>\n<meta property=\"og:title\" content=\"Affinity Foto  Corso base  4 incontri da mercoled\u00ec 6 maggio 2026 - Digital Camera School - Corsi di fotografia\" \/>\n<meta property=\"og:description\" content=\"Affinity Photo \u00e8 uno dei software di fotoritocco pi\u00f9 completi oggi disponibili e, tra le soluzioni gratuite o accessibili a tutti, \u00e8 anche uno dei pi\u00f9 facili e...\" \/>\n<meta property=\"og:url\" content=\"https:\/\/www.digitalcameraschool.it\/home\/prodotto\/affinity-photo-base\/\" \/>\n<meta property=\"og:site_name\" content=\"Digital Camera School - Corsi di fotografia\" \/>\n<meta property=\"article:publisher\" content=\"https:\/\/www.facebook.com\/digitalcameraschool\" \/>\n<meta property=\"article:modified_time\" content=\"2026-04-30T16:30:37+00:00\" \/>\n<meta property=\"og:image\" content=\"https:\/\/www.digitalcameraschool.it\/home\/wp-content\/uploads\/2026\/03\/affinity-photo_base.jpg\" \/>\n\t<meta property=\"og:image:width\" content=\"1800\" \/>\n\t<meta property=\"og:image:height\" content=\"1800\" \/>\n\t<meta property=\"og:image:type\" content=\"image\/jpeg\" \/>\n<meta name=\"twitter:card\" content=\"summary_large_image\" \/>\n<meta name=\"twitter:label1\" content=\"Tempo di lettura stimato\" \/>\n\t<meta name=\"twitter:data1\" content=\"4 minuti\" \/>\n<script type=\"application\/ld+json\" class=\"yoast-schema-graph\">{\"@context\":\"https:\\\/\\\/schema.org\",\"@graph\":[{\"@type\":\"WebPage\",\"@id\":\"https:\\\/\\\/www.digitalcameraschool.it\\\/home\\\/prodotto\\\/affinity-photo-base\\\/\",\"url\":\"https:\\\/\\\/www.digitalcameraschool.it\\\/home\\\/prodotto\\\/affinity-photo-base\\\/\",\"name\":\"Affinity Foto Corso base 4 incontri da mercoled\u00ec 6 maggio 2026 - Digital Camera School - Corsi di fotografia\",\"isPartOf\":{\"@id\":\"https:\\\/\\\/www.digitalcameraschool.it\\\/home\\\/#website\"},\"primaryImageOfPage\":{\"@id\":\"https:\\\/\\\/www.digitalcameraschool.it\\\/home\\\/prodotto\\\/affinity-photo-base\\\/#primaryimage\"},\"image\":{\"@id\":\"https:\\\/\\\/www.digitalcameraschool.it\\\/home\\\/prodotto\\\/affinity-photo-base\\\/#primaryimage\"},\"thumbnailUrl\":\"https:\\\/\\\/www.digitalcameraschool.it\\\/home\\\/wp-content\\\/uploads\\\/2026\\\/03\\\/affinity-photo_base.jpg\",\"datePublished\":\"2026-03-12T10:11:47+00:00\",\"dateModified\":\"2026-04-30T16:30:37+00:00\",\"breadcrumb\":{\"@id\":\"https:\\\/\\\/www.digitalcameraschool.it\\\/home\\\/prodotto\\\/affinity-photo-base\\\/#breadcrumb\"},\"inLanguage\":\"it-IT\",\"potentialAction\":[{\"@type\":\"ReadAction\",\"target\":[\"https:\\\/\\\/www.digitalcameraschool.it\\\/home\\\/prodotto\\\/affinity-photo-base\\\/\"]}]},{\"@type\":\"ImageObject\",\"inLanguage\":\"it-IT\",\"@id\":\"https:\\\/\\\/www.digitalcameraschool.it\\\/home\\\/prodotto\\\/affinity-photo-base\\\/#primaryimage\",\"url\":\"https:\\\/\\\/www.digitalcameraschool.it\\\/home\\\/wp-content\\\/uploads\\\/2026\\\/03\\\/affinity-photo_base.jpg\",\"contentUrl\":\"https:\\\/\\\/www.digitalcameraschool.it\\\/home\\\/wp-content\\\/uploads\\\/2026\\\/03\\\/affinity-photo_base.jpg\",\"width\":1800,\"height\":1800},{\"@type\":\"BreadcrumbList\",\"@id\":\"https:\\\/\\\/www.digitalcameraschool.it\\\/home\\\/prodotto\\\/affinity-photo-base\\\/#breadcrumb\",\"itemListElement\":[{\"@type\":\"ListItem\",\"position\":1,\"name\":\"Home\",\"item\":\"https:\\\/\\\/www.digitalcameraschool.it\\\/home\\\/\"},{\"@type\":\"ListItem\",\"position\":2,\"name\":\"Shop\",\"item\":\"https:\\\/\\\/www.digitalcameraschool.it\\\/home\\\/shop\\\/\"},{\"@type\":\"ListItem\",\"position\":3,\"name\":\"Affinity Foto Corso base 4 incontri da mercoled\u00ec 6 maggio 2026\"}]},{\"@type\":\"WebSite\",\"@id\":\"https:\\\/\\\/www.digitalcameraschool.it\\\/home\\\/#website\",\"url\":\"https:\\\/\\\/www.digitalcameraschool.it\\\/home\\\/\",\"name\":\"Digital Camera School - Corsi di fotografia\",\"description\":\"Corsi, workshop, viaggi e molto altro!\",\"publisher\":{\"@id\":\"https:\\\/\\\/www.digitalcameraschool.it\\\/home\\\/#organization\"},\"potentialAction\":[{\"@type\":\"SearchAction\",\"target\":{\"@type\":\"EntryPoint\",\"urlTemplate\":\"https:\\\/\\\/www.digitalcameraschool.it\\\/home\\\/?s={search_term_string}\"},\"query-input\":{\"@type\":\"PropertyValueSpecification\",\"valueRequired\":true,\"valueName\":\"search_term_string\"}}],\"inLanguage\":\"it-IT\"},{\"@type\":\"Organization\",\"@id\":\"https:\\\/\\\/www.digitalcameraschool.it\\\/home\\\/#organization\",\"name\":\"Digital Camera School\",\"url\":\"https:\\\/\\\/www.digitalcameraschool.it\\\/home\\\/\",\"logo\":{\"@type\":\"ImageObject\",\"inLanguage\":\"it-IT\",\"@id\":\"https:\\\/\\\/www.digitalcameraschool.it\\\/home\\\/#\\\/schema\\\/logo\\\/image\\\/\",\"url\":\"https:\\\/\\\/www.digitalcameraschool.it\\\/home\\\/wp-content\\\/uploads\\\/2022\\\/05\\\/logo-rotondo-dcs.png\",\"contentUrl\":\"https:\\\/\\\/www.digitalcameraschool.it\\\/home\\\/wp-content\\\/uploads\\\/2022\\\/05\\\/logo-rotondo-dcs.png\",\"width\":500,\"height\":500,\"caption\":\"Digital Camera School\"},\"image\":{\"@id\":\"https:\\\/\\\/www.digitalcameraschool.it\\\/home\\\/#\\\/schema\\\/logo\\\/image\\\/\"},\"sameAs\":[\"https:\\\/\\\/www.facebook.com\\\/digitalcameraschool\",\"https:\\\/\\\/www.instagram.com\\\/digital_camera_school\\\/\",\"https:\\\/\\\/www.youtube.com\\\/c\\\/digitalcameraschool_tv\"]}]}<\/script>\n<!-- \/ Yoast SEO plugin. -->","yoast_head_json":{"title":"Affinity Foto  Corso base  4 incontri da mercoled\u00ec 6 maggio 2026 - Digital Camera School - Corsi di fotografia","robots":{"index":"index","follow":"follow","max-snippet":"max-snippet:-1","max-image-preview":"max-image-preview:large","max-video-preview":"max-video-preview:-1"},"canonical":"https:\/\/www.digitalcameraschool.it\/home\/prodotto\/affinity-photo-base\/","og_locale":"it_IT","og_type":"article","og_title":"Affinity Foto  Corso base  4 incontri da mercoled\u00ec 6 maggio 2026 - Digital Camera School - Corsi di fotografia","og_description":"Affinity Photo \u00e8 uno dei software di fotoritocco pi\u00f9 completi oggi disponibili e, tra le soluzioni gratuite o accessibili a tutti, \u00e8 anche uno dei pi\u00f9 facili e...","og_url":"https:\/\/www.digitalcameraschool.it\/home\/prodotto\/affinity-photo-base\/","og_site_name":"Digital Camera School - Corsi di fotografia","article_publisher":"https:\/\/www.facebook.com\/digitalcameraschool","article_modified_time":"2026-04-30T16:30:37+00:00","og_image":[{"width":1800,"height":1800,"url":"https:\/\/www.digitalcameraschool.it\/home\/wp-content\/uploads\/2026\/03\/affinity-photo_base.jpg","type":"image\/jpeg"}],"twitter_card":"summary_large_image","twitter_misc":{"Tempo di lettura stimato":"4 minuti"},"schema":{"@context":"https:\/\/schema.org","@graph":[{"@type":"WebPage","@id":"https:\/\/www.digitalcameraschool.it\/home\/prodotto\/affinity-photo-base\/","url":"https:\/\/www.digitalcameraschool.it\/home\/prodotto\/affinity-photo-base\/","name":"Affinity Foto Corso base 4 incontri da mercoled\u00ec 6 maggio 2026 - Digital Camera School - Corsi di fotografia","isPartOf":{"@id":"https:\/\/www.digitalcameraschool.it\/home\/#website"},"primaryImageOfPage":{"@id":"https:\/\/www.digitalcameraschool.it\/home\/prodotto\/affinity-photo-base\/#primaryimage"},"image":{"@id":"https:\/\/www.digitalcameraschool.it\/home\/prodotto\/affinity-photo-base\/#primaryimage"},"thumbnailUrl":"https:\/\/www.digitalcameraschool.it\/home\/wp-content\/uploads\/2026\/03\/affinity-photo_base.jpg","datePublished":"2026-03-12T10:11:47+00:00","dateModified":"2026-04-30T16:30:37+00:00","breadcrumb":{"@id":"https:\/\/www.digitalcameraschool.it\/home\/prodotto\/affinity-photo-base\/#breadcrumb"},"inLanguage":"it-IT","potentialAction":[{"@type":"ReadAction","target":["https:\/\/www.digitalcameraschool.it\/home\/prodotto\/affinity-photo-base\/"]}]},{"@type":"ImageObject","inLanguage":"it-IT","@id":"https:\/\/www.digitalcameraschool.it\/home\/prodotto\/affinity-photo-base\/#primaryimage","url":"https:\/\/www.digitalcameraschool.it\/home\/wp-content\/uploads\/2026\/03\/affinity-photo_base.jpg","contentUrl":"https:\/\/www.digitalcameraschool.it\/home\/wp-content\/uploads\/2026\/03\/affinity-photo_base.jpg","width":1800,"height":1800},{"@type":"BreadcrumbList","@id":"https:\/\/www.digitalcameraschool.it\/home\/prodotto\/affinity-photo-base\/#breadcrumb","itemListElement":[{"@type":"ListItem","position":1,"name":"Home","item":"https:\/\/www.digitalcameraschool.it\/home\/"},{"@type":"ListItem","position":2,"name":"Shop","item":"https:\/\/www.digitalcameraschool.it\/home\/shop\/"},{"@type":"ListItem","position":3,"name":"Affinity Foto Corso base 4 incontri da mercoled\u00ec 6 maggio 2026"}]},{"@type":"WebSite","@id":"https:\/\/www.digitalcameraschool.it\/home\/#website","url":"https:\/\/www.digitalcameraschool.it\/home\/","name":"Digital Camera School - Corsi di fotografia","description":"Corsi, workshop, viaggi e molto altro!","publisher":{"@id":"https:\/\/www.digitalcameraschool.it\/home\/#organization"},"potentialAction":[{"@type":"SearchAction","target":{"@type":"EntryPoint","urlTemplate":"https:\/\/www.digitalcameraschool.it\/home\/?s={search_term_string}"},"query-input":{"@type":"PropertyValueSpecification","valueRequired":true,"valueName":"search_term_string"}}],"inLanguage":"it-IT"},{"@type":"Organization","@id":"https:\/\/www.digitalcameraschool.it\/home\/#organization","name":"Digital Camera School","url":"https:\/\/www.digitalcameraschool.it\/home\/","logo":{"@type":"ImageObject","inLanguage":"it-IT","@id":"https:\/\/www.digitalcameraschool.it\/home\/#\/schema\/logo\/image\/","url":"https:\/\/www.digitalcameraschool.it\/home\/wp-content\/uploads\/2022\/05\/logo-rotondo-dcs.png","contentUrl":"https:\/\/www.digitalcameraschool.it\/home\/wp-content\/uploads\/2022\/05\/logo-rotondo-dcs.png","width":500,"height":500,"caption":"Digital Camera School"},"image":{"@id":"https:\/\/www.digitalcameraschool.it\/home\/#\/schema\/logo\/image\/"},"sameAs":["https:\/\/www.facebook.com\/digitalcameraschool","https:\/\/www.instagram.com\/digital_camera_school\/","https:\/\/www.youtube.com\/c\/digitalcameraschool_tv"]}]}},"_links":{"self":[{"href":"https:\/\/www.digitalcameraschool.it\/home\/wp-json\/wp\/v2\/product\/43929","targetHints":{"allow":["GET"]}}],"collection":[{"href":"https:\/\/www.digitalcameraschool.it\/home\/wp-json\/wp\/v2\/product"}],"about":[{"href":"https:\/\/www.digitalcameraschool.it\/home\/wp-json\/wp\/v2\/types\/product"}],"wp:featuredmedia":[{"embeddable":true,"href":"https:\/\/www.digitalcameraschool.it\/home\/wp-json\/wp\/v2\/media\/43934"}],"wp:attachment":[{"href":"https:\/\/www.digitalcameraschool.it\/home\/wp-json\/wp\/v2\/media?parent=43929"}],"wp:term":[{"taxonomy":"product_brand","embeddable":true,"href":"https:\/\/www.digitalcameraschool.it\/home\/wp-json\/wp\/v2\/product_brand?post=43929"},{"taxonomy":"product_cat","embeddable":true,"href":"https:\/\/www.digitalcameraschool.it\/home\/wp-json\/wp\/v2\/product_cat?post=43929"},{"taxonomy":"product_tag","embeddable":true,"href":"https:\/\/www.digitalcameraschool.it\/home\/wp-json\/wp\/v2\/product_tag?post=43929"}],"curies":[{"name":"wp","href":"https:\/\/api.w.org\/{rel}","templated":true}]}}