{"id":43796,"date":"2026-02-25T10:53:55","date_gmt":"2026-02-25T09:53:55","guid":{"rendered":"https:\/\/www.digitalcameraschool.it\/home\/?post_type=product&#038;p=43796"},"modified":"2026-04-09T09:31:38","modified_gmt":"2026-04-09T07:31:38","slug":"workshop-di-storytelling-fotografico-4-incontri-da-lunedi-08-giugno","status":"publish","type":"product","link":"https:\/\/www.digitalcameraschool.it\/home\/prodotto\/workshop-di-storytelling-fotografico-4-incontri-da-lunedi-08-giugno\/","title":{"rendered":"Workshop di Storytelling Fotografico<br> 4 incontri da Luned\u00ec 08 giugno"},"content":{"rendered":"<div class=\"o9v6fnle cxmmr5t8 oygrvhab hcukyx3x c1et5uql\">\n<h2 data-start=\"394\" data-end=\"415\">\ud83d\udcf8 A chi \u00e8 rivolto<\/h2>\n<p data-start=\"619\" data-end=\"644\">Il workshop \u00e8 ideale per:<\/p>\n<ul data-start=\"646\" data-end=\"915\">\n<li data-start=\"646\" data-end=\"718\">\n<p data-start=\"648\" data-end=\"718\">Fotografi che desiderano dare maggiore profondit\u00e0 ai propri progetti<\/p>\n<\/li>\n<li data-start=\"719\" data-end=\"796\">\n<p data-start=\"721\" data-end=\"796\">Chi vuole imparare a organizzare le immagini in modo coerente e narrativo<\/p>\n<\/li>\n<li data-start=\"797\" data-end=\"858\">\n<p data-start=\"799\" data-end=\"858\">Chi documenta viaggi, esperienze personali o temi sociali<\/p>\n<\/li>\n<li data-start=\"859\" data-end=\"915\">\n<p data-start=\"861\" data-end=\"915\">Chi desidera sviluppare una propria cifra stilistica<\/p>\n<\/li>\n<\/ul>\n<p data-start=\"917\" data-end=\"987\">\u00c8 richiesta una conoscenza anche minima di <strong data-start=\"960\" data-end=\"986\">ISO, tempi e diaframmi<\/strong>.<\/p>\n<\/div>\n<div>\n<hr \/>\n<\/div>\n<div>\n<h2 data-start=\"977\" data-end=\"997\">\ud83d\udd0d Cosa imparerai<\/h2>\n<p data-start=\"1016\" data-end=\"1049\">Durante il workshop affronteremo:<\/p>\n<ul data-start=\"1051\" data-end=\"1443\">\n<li data-start=\"1051\" data-end=\"1092\">\n<p data-start=\"1053\" data-end=\"1092\">Che cos\u2019\u00e8 lo storytelling fotografico<\/p>\n<\/li>\n<li data-start=\"1093\" data-end=\"1123\">\n<p data-start=\"1095\" data-end=\"1123\">Le tipologie di narrazione<\/p>\n<\/li>\n<li data-start=\"1124\" data-end=\"1177\">\n<p data-start=\"1126\" data-end=\"1177\">Le fasi di costruzione di una storia per immagini<\/p>\n<\/li>\n<li data-start=\"1178\" data-end=\"1232\">\n<p data-start=\"1180\" data-end=\"1232\">Come costruire una sequenza fotografica funzionale<\/p>\n<\/li>\n<li data-start=\"1233\" data-end=\"1287\">\n<p data-start=\"1235\" data-end=\"1287\">Approcci e sviluppo della propria cifra stilistica<\/p>\n<\/li>\n<li data-start=\"1288\" data-end=\"1338\">\n<p data-start=\"1290\" data-end=\"1338\">Il rapporto tra testo e narrazione fotografica<\/p>\n<\/li>\n<li data-start=\"1339\" data-end=\"1383\">\n<p data-start=\"1341\" data-end=\"1383\">Post-produzione e narrazione fotografica<\/p>\n<\/li>\n<li data-start=\"1384\" data-end=\"1443\">\n<p data-start=\"1386\" data-end=\"1443\">Fotografi contemporanei e analisi di progetti narrativi<\/p>\n<\/li>\n<\/ul>\n<p data-start=\"1445\" data-end=\"1664\">Scopriremo come costruire una narrazione convincente, sia che si tratti di raccontare un viaggio, una vicenda personale o un tema sociale, con l\u2019obiettivo di condividere in modo efficace la propria visione della realt\u00e0.<\/p>\n<hr \/>\n<\/div>\n<h2 data-start=\"1608\" data-end=\"1627\">\ud83d\udcbb Come funziona<\/h2>\n<p data-start=\"1629\" data-end=\"1668\">Useremo la piattaforma <strong data-start=\"1652\" data-end=\"1667\">GoToMeeting<\/strong>.<\/p>\n<p data-start=\"1670\" data-end=\"1802\">Ogni incontro sar\u00e0 registrato e il video verr\u00e0 inviato ai partecipanti, utile in caso di assenza o per rivedere i concetti trattati.<\/p>\n<p data-start=\"1804\" data-end=\"1924\">Il docente condivider\u00e0 il proprio desktop, cos\u00ec da rendere la spiegazione semplice, chiara e immediatamente applicabile.<\/p>\n<p data-start=\"1926\" data-end=\"2045\">Tutte le lezioni si tengono in diretta su GoToMeeting, con possibilit\u00e0 di interagire in tempo reale o scrivere in chat.<\/p>\n<p data-start=\"2047\" data-end=\"2098\">Connessione e test tecnico disponibili dalle 20:35.<\/p>\n<hr data-start=\"2100\" data-end=\"2103\" \/>\n<h2 data-start=\"2105\" data-end=\"2136\">\ud83d\uddd3\ufe0f Calendario delle lezioni<\/h2>\n<p data-start=\"2296\" data-end=\"2498\"><strong data-start=\"2296\" data-end=\"2309\">Lezione 1<\/strong> \u2013 Luned\u00ec 8 giugno | 20:45 \u2013 22:45<br data-start=\"2343\" data-end=\"2346\" \/><strong data-start=\"2346\" data-end=\"2359\">Lezione 2<\/strong> \u2013 Luned\u00ec 15 giugno | 20:45 \u2013 22:45<br data-start=\"2394\" data-end=\"2397\" \/><strong data-start=\"2397\" data-end=\"2410\">Lezione 3<\/strong> \u2013 Luned\u00ec 22 giugno | 20:45 \u2013 22:45<br data-start=\"2445\" data-end=\"2448\" \/><strong data-start=\"2448\" data-end=\"2461\">Lezione 4<\/strong> \u2013 Luned\u00ec 29 giugno | 20:45 \u2013 22:45<\/p>\n<hr data-start=\"2402\" data-end=\"2405\" \/>\n<h2 data-start=\"2407\" data-end=\"2423\">\ud83d\udc69\u200d\ud83c\udfeb Docente<\/h2>\n<p data-start=\"2425\" data-end=\"2448\"><strong data-start=\"2425\" data-end=\"2448\">Giovanna Dell\u2019Acqua<\/strong><\/p>\n<hr data-start=\"2450\" data-end=\"2453\" \/>\n<h2 data-start=\"2455\" data-end=\"2467\">\ud83d\udcb6 Prezzo<\/h2>\n<p data-start=\"2469\" data-end=\"2575\">Il prezzo del corso \u00e8 di <strong data-start=\"2494\" data-end=\"2505\">80 euro<\/strong>.<br data-start=\"2506\" data-end=\"2509\" \/>Per i possessori di <strong data-start=\"2529\" data-end=\"2547\">Education Card<\/strong> il prezzo \u00e8 di <strong data-start=\"2563\" data-end=\"2574\">60 euro<\/strong>.<\/p>\n<p>&nbsp;<\/p>\n","protected":false},"excerpt":{"rendered":"<h1 data-start=\"132\" data-end=\"179\">Workshop Online di Storytelling Fotografico<\/h1>\n<p><strong>DA Luned\u00ec 08 giugno<\/strong><\/p>\n<p data-start=\"181\" data-end=\"338\">Un percorso in quattro incontri per comprendere che cos\u2019\u00e8 lo storytelling fotografico e approfondirne le dinamiche dal punto di vista narrativo e stilistico.<\/p>\n<p data-start=\"340\" data-end=\"589\">Raccontare per immagini \u00e8 un passaggio evolutivo nel percorso di ogni fotografo: significa andare oltre la singola fotografia e imparare a costruire una narrazione capace di coinvolgere, emozionare e comunicare in modo chiaro ci\u00f2 che ci sta a cuore.<\/p>\n<h2 data-start=\"596\" data-end=\"617\">\ud83d\udcf8 A chi \u00e8 rivolto<\/h2>\n<p data-start=\"619\" data-end=\"644\">Il workshop \u00e8 ideale per:<\/p>\n<ul data-start=\"646\" data-end=\"915\">\n<li data-start=\"646\" data-end=\"718\">\n<p data-start=\"648\" data-end=\"718\">Fotografi che desiderano dare maggiore profondit\u00e0 ai propri progetti<\/p>\n<\/li>\n<li data-start=\"719\" data-end=\"796\">\n<p data-start=\"721\" data-end=\"796\">Chi vuole imparare a organizzare le immagini in modo coerente e narrativo<\/p>\n<\/li>\n<li data-start=\"797\" data-end=\"858\">\n<p data-start=\"799\" data-end=\"858\">Chi documenta viaggi, esperienze personali o temi sociali<\/p>\n<\/li>\n<li data-start=\"859\" data-end=\"915\">\n<p data-start=\"861\" data-end=\"915\">Chi desidera sviluppare una propria cifra stilistica<\/p>\n<\/li>\n<\/ul>\n<p data-start=\"917\" data-end=\"987\">\u00c8 richiesta una conoscenza anche minima di <strong data-start=\"960\" data-end=\"986\">ISO, tempi e diaframmi<\/strong>.<\/p>\n","protected":false},"featured_media":43797,"template":"","meta":{"pmpro_default_level":""},"product_brand":[],"product_cat":[167,40,168],"product_tag":[],"class_list":{"0":"post-43796","1":"product","2":"type-product","3":"status-publish","4":"has-post-thumbnail","6":"product_cat-corsi","7":"product_cat-corsi-in-diretta-on-line","8":"product_cat-post-produzione-corsi","9":"pmpro-has-access","11":"first","12":"instock","13":"virtual","14":"taxable","15":"purchasable","16":"product-type-simple"},"acf":[],"yoast_head":"<!-- This site is optimized with the Yoast SEO plugin v27.4 - https:\/\/yoast.com\/product\/yoast-seo-wordpress\/ -->\n<title>Workshop di Storytelling Fotografico 4 incontri da Luned\u00ec 08 giugno - Digital Camera School - Corsi di fotografia<\/title>\n<meta name=\"robots\" content=\"index, follow, max-snippet:-1, max-image-preview:large, max-video-preview:-1\" \/>\n<link rel=\"canonical\" href=\"https:\/\/www.digitalcameraschool.it\/home\/prodotto\/workshop-di-storytelling-fotografico-4-incontri-da-lunedi-08-giugno\/\" \/>\n<meta property=\"og:locale\" content=\"it_IT\" \/>\n<meta property=\"og:type\" content=\"article\" \/>\n<meta property=\"og:title\" content=\"Workshop di Storytelling Fotografico 4 incontri da Luned\u00ec 08 giugno - Digital Camera School - Corsi di fotografia\" \/>\n<meta property=\"og:description\" content=\"Workshop Online di Storytelling Fotografico DA Luned\u00ec 08 giugno Un percorso in quattro incontri per comprendere che cos\u2019\u00e8 lo storytelling fotografico e approfondirne le dinamiche dal punto di vista narrativo e stilistico. Raccontare per immagini \u00e8 un passaggio evolutivo nel percorso di ogni fotografo: significa andare oltre la singola fotografia e imparare a costruire una narrazione capace di coinvolgere, emozionare e comunicare in modo chiaro ci\u00f2 che ci sta a cuore.  \ud83d\udcf8 A chi \u00e8 rivolto Il workshop \u00e8 ideale per:     Fotografi che desiderano dare maggiore profondit\u00e0 ai propri progetti    Chi vuole imparare a organizzare le immagini in modo coerente e narrativo    Chi documenta viaggi, esperienze personali o temi sociali    Chi desidera sviluppare una propria cifra stilistica   \u00c8 richiesta una conoscenza anche minima di ISO, tempi e diaframmi.\" \/>\n<meta property=\"og:url\" content=\"https:\/\/www.digitalcameraschool.it\/home\/prodotto\/workshop-di-storytelling-fotografico-4-incontri-da-lunedi-08-giugno\/\" \/>\n<meta property=\"og:site_name\" content=\"Digital Camera School - Corsi di fotografia\" \/>\n<meta property=\"article:publisher\" content=\"https:\/\/www.facebook.com\/digitalcameraschool\" \/>\n<meta property=\"article:modified_time\" content=\"2026-04-09T07:31:38+00:00\" \/>\n<meta property=\"og:image\" content=\"https:\/\/www.digitalcameraschool.it\/home\/wp-content\/uploads\/2026\/02\/432.jpg\" \/>\n\t<meta property=\"og:image:width\" content=\"2500\" \/>\n\t<meta property=\"og:image:height\" content=\"2500\" \/>\n\t<meta property=\"og:image:type\" content=\"image\/jpeg\" \/>\n<meta name=\"twitter:card\" content=\"summary_large_image\" \/>\n<meta name=\"twitter:label1\" content=\"Tempo di lettura stimato\" \/>\n\t<meta name=\"twitter:data1\" content=\"2 minuti\" \/>\n<script type=\"application\/ld+json\" class=\"yoast-schema-graph\">{\"@context\":\"https:\\\/\\\/schema.org\",\"@graph\":[{\"@type\":\"WebPage\",\"@id\":\"https:\\\/\\\/www.digitalcameraschool.it\\\/home\\\/prodotto\\\/workshop-di-storytelling-fotografico-4-incontri-da-lunedi-08-giugno\\\/\",\"url\":\"https:\\\/\\\/www.digitalcameraschool.it\\\/home\\\/prodotto\\\/workshop-di-storytelling-fotografico-4-incontri-da-lunedi-08-giugno\\\/\",\"name\":\"Workshop di Storytelling Fotografico 4 incontri da Luned\u00ec 08 giugno - Digital Camera School - Corsi di fotografia\",\"isPartOf\":{\"@id\":\"https:\\\/\\\/www.digitalcameraschool.it\\\/home\\\/#website\"},\"primaryImageOfPage\":{\"@id\":\"https:\\\/\\\/www.digitalcameraschool.it\\\/home\\\/prodotto\\\/workshop-di-storytelling-fotografico-4-incontri-da-lunedi-08-giugno\\\/#primaryimage\"},\"image\":{\"@id\":\"https:\\\/\\\/www.digitalcameraschool.it\\\/home\\\/prodotto\\\/workshop-di-storytelling-fotografico-4-incontri-da-lunedi-08-giugno\\\/#primaryimage\"},\"thumbnailUrl\":\"https:\\\/\\\/www.digitalcameraschool.it\\\/home\\\/wp-content\\\/uploads\\\/2026\\\/02\\\/432.jpg\",\"datePublished\":\"2026-02-25T09:53:55+00:00\",\"dateModified\":\"2026-04-09T07:31:38+00:00\",\"breadcrumb\":{\"@id\":\"https:\\\/\\\/www.digitalcameraschool.it\\\/home\\\/prodotto\\\/workshop-di-storytelling-fotografico-4-incontri-da-lunedi-08-giugno\\\/#breadcrumb\"},\"inLanguage\":\"it-IT\",\"potentialAction\":[{\"@type\":\"ReadAction\",\"target\":[\"https:\\\/\\\/www.digitalcameraschool.it\\\/home\\\/prodotto\\\/workshop-di-storytelling-fotografico-4-incontri-da-lunedi-08-giugno\\\/\"]}]},{\"@type\":\"ImageObject\",\"inLanguage\":\"it-IT\",\"@id\":\"https:\\\/\\\/www.digitalcameraschool.it\\\/home\\\/prodotto\\\/workshop-di-storytelling-fotografico-4-incontri-da-lunedi-08-giugno\\\/#primaryimage\",\"url\":\"https:\\\/\\\/www.digitalcameraschool.it\\\/home\\\/wp-content\\\/uploads\\\/2026\\\/02\\\/432.jpg\",\"contentUrl\":\"https:\\\/\\\/www.digitalcameraschool.it\\\/home\\\/wp-content\\\/uploads\\\/2026\\\/02\\\/432.jpg\",\"width\":2500,\"height\":2500},{\"@type\":\"BreadcrumbList\",\"@id\":\"https:\\\/\\\/www.digitalcameraschool.it\\\/home\\\/prodotto\\\/workshop-di-storytelling-fotografico-4-incontri-da-lunedi-08-giugno\\\/#breadcrumb\",\"itemListElement\":[{\"@type\":\"ListItem\",\"position\":1,\"name\":\"Home\",\"item\":\"https:\\\/\\\/www.digitalcameraschool.it\\\/home\\\/\"},{\"@type\":\"ListItem\",\"position\":2,\"name\":\"Shop\",\"item\":\"https:\\\/\\\/www.digitalcameraschool.it\\\/home\\\/shop\\\/\"},{\"@type\":\"ListItem\",\"position\":3,\"name\":\"Workshop di Storytelling Fotografico 4 incontri da Luned\u00ec 08 giugno\"}]},{\"@type\":\"WebSite\",\"@id\":\"https:\\\/\\\/www.digitalcameraschool.it\\\/home\\\/#website\",\"url\":\"https:\\\/\\\/www.digitalcameraschool.it\\\/home\\\/\",\"name\":\"Digital Camera School - Corsi di fotografia\",\"description\":\"Corsi, workshop, viaggi e molto altro!\",\"publisher\":{\"@id\":\"https:\\\/\\\/www.digitalcameraschool.it\\\/home\\\/#organization\"},\"potentialAction\":[{\"@type\":\"SearchAction\",\"target\":{\"@type\":\"EntryPoint\",\"urlTemplate\":\"https:\\\/\\\/www.digitalcameraschool.it\\\/home\\\/?s={search_term_string}\"},\"query-input\":{\"@type\":\"PropertyValueSpecification\",\"valueRequired\":true,\"valueName\":\"search_term_string\"}}],\"inLanguage\":\"it-IT\"},{\"@type\":\"Organization\",\"@id\":\"https:\\\/\\\/www.digitalcameraschool.it\\\/home\\\/#organization\",\"name\":\"Digital Camera School\",\"url\":\"https:\\\/\\\/www.digitalcameraschool.it\\\/home\\\/\",\"logo\":{\"@type\":\"ImageObject\",\"inLanguage\":\"it-IT\",\"@id\":\"https:\\\/\\\/www.digitalcameraschool.it\\\/home\\\/#\\\/schema\\\/logo\\\/image\\\/\",\"url\":\"https:\\\/\\\/www.digitalcameraschool.it\\\/home\\\/wp-content\\\/uploads\\\/2022\\\/05\\\/logo-rotondo-dcs.png\",\"contentUrl\":\"https:\\\/\\\/www.digitalcameraschool.it\\\/home\\\/wp-content\\\/uploads\\\/2022\\\/05\\\/logo-rotondo-dcs.png\",\"width\":500,\"height\":500,\"caption\":\"Digital Camera School\"},\"image\":{\"@id\":\"https:\\\/\\\/www.digitalcameraschool.it\\\/home\\\/#\\\/schema\\\/logo\\\/image\\\/\"},\"sameAs\":[\"https:\\\/\\\/www.facebook.com\\\/digitalcameraschool\",\"https:\\\/\\\/www.instagram.com\\\/digital_camera_school\\\/\",\"https:\\\/\\\/www.youtube.com\\\/c\\\/digitalcameraschool_tv\"]}]}<\/script>\n<!-- \/ Yoast SEO plugin. -->","yoast_head_json":{"title":"Workshop di Storytelling Fotografico 4 incontri da Luned\u00ec 08 giugno - Digital Camera School - Corsi di fotografia","robots":{"index":"index","follow":"follow","max-snippet":"max-snippet:-1","max-image-preview":"max-image-preview:large","max-video-preview":"max-video-preview:-1"},"canonical":"https:\/\/www.digitalcameraschool.it\/home\/prodotto\/workshop-di-storytelling-fotografico-4-incontri-da-lunedi-08-giugno\/","og_locale":"it_IT","og_type":"article","og_title":"Workshop di Storytelling Fotografico 4 incontri da Luned\u00ec 08 giugno - Digital Camera School - Corsi di fotografia","og_description":"Workshop Online di Storytelling Fotografico DA Luned\u00ec 08 giugno Un percorso in quattro incontri per comprendere che cos\u2019\u00e8 lo storytelling fotografico e approfondirne le dinamiche dal punto di vista narrativo e stilistico. Raccontare per immagini \u00e8 un passaggio evolutivo nel percorso di ogni fotografo: significa andare oltre la singola fotografia e imparare a costruire una narrazione capace di coinvolgere, emozionare e comunicare in modo chiaro ci\u00f2 che ci sta a cuore.  \ud83d\udcf8 A chi \u00e8 rivolto Il workshop \u00e8 ideale per:     Fotografi che desiderano dare maggiore profondit\u00e0 ai propri progetti    Chi vuole imparare a organizzare le immagini in modo coerente e narrativo    Chi documenta viaggi, esperienze personali o temi sociali    Chi desidera sviluppare una propria cifra stilistica   \u00c8 richiesta una conoscenza anche minima di ISO, tempi e diaframmi.","og_url":"https:\/\/www.digitalcameraschool.it\/home\/prodotto\/workshop-di-storytelling-fotografico-4-incontri-da-lunedi-08-giugno\/","og_site_name":"Digital Camera School - Corsi di fotografia","article_publisher":"https:\/\/www.facebook.com\/digitalcameraschool","article_modified_time":"2026-04-09T07:31:38+00:00","og_image":[{"width":2500,"height":2500,"url":"https:\/\/www.digitalcameraschool.it\/home\/wp-content\/uploads\/2026\/02\/432.jpg","type":"image\/jpeg"}],"twitter_card":"summary_large_image","twitter_misc":{"Tempo di lettura stimato":"2 minuti"},"schema":{"@context":"https:\/\/schema.org","@graph":[{"@type":"WebPage","@id":"https:\/\/www.digitalcameraschool.it\/home\/prodotto\/workshop-di-storytelling-fotografico-4-incontri-da-lunedi-08-giugno\/","url":"https:\/\/www.digitalcameraschool.it\/home\/prodotto\/workshop-di-storytelling-fotografico-4-incontri-da-lunedi-08-giugno\/","name":"Workshop di Storytelling Fotografico 4 incontri da Luned\u00ec 08 giugno - Digital Camera School - Corsi di fotografia","isPartOf":{"@id":"https:\/\/www.digitalcameraschool.it\/home\/#website"},"primaryImageOfPage":{"@id":"https:\/\/www.digitalcameraschool.it\/home\/prodotto\/workshop-di-storytelling-fotografico-4-incontri-da-lunedi-08-giugno\/#primaryimage"},"image":{"@id":"https:\/\/www.digitalcameraschool.it\/home\/prodotto\/workshop-di-storytelling-fotografico-4-incontri-da-lunedi-08-giugno\/#primaryimage"},"thumbnailUrl":"https:\/\/www.digitalcameraschool.it\/home\/wp-content\/uploads\/2026\/02\/432.jpg","datePublished":"2026-02-25T09:53:55+00:00","dateModified":"2026-04-09T07:31:38+00:00","breadcrumb":{"@id":"https:\/\/www.digitalcameraschool.it\/home\/prodotto\/workshop-di-storytelling-fotografico-4-incontri-da-lunedi-08-giugno\/#breadcrumb"},"inLanguage":"it-IT","potentialAction":[{"@type":"ReadAction","target":["https:\/\/www.digitalcameraschool.it\/home\/prodotto\/workshop-di-storytelling-fotografico-4-incontri-da-lunedi-08-giugno\/"]}]},{"@type":"ImageObject","inLanguage":"it-IT","@id":"https:\/\/www.digitalcameraschool.it\/home\/prodotto\/workshop-di-storytelling-fotografico-4-incontri-da-lunedi-08-giugno\/#primaryimage","url":"https:\/\/www.digitalcameraschool.it\/home\/wp-content\/uploads\/2026\/02\/432.jpg","contentUrl":"https:\/\/www.digitalcameraschool.it\/home\/wp-content\/uploads\/2026\/02\/432.jpg","width":2500,"height":2500},{"@type":"BreadcrumbList","@id":"https:\/\/www.digitalcameraschool.it\/home\/prodotto\/workshop-di-storytelling-fotografico-4-incontri-da-lunedi-08-giugno\/#breadcrumb","itemListElement":[{"@type":"ListItem","position":1,"name":"Home","item":"https:\/\/www.digitalcameraschool.it\/home\/"},{"@type":"ListItem","position":2,"name":"Shop","item":"https:\/\/www.digitalcameraschool.it\/home\/shop\/"},{"@type":"ListItem","position":3,"name":"Workshop di Storytelling Fotografico 4 incontri da Luned\u00ec 08 giugno"}]},{"@type":"WebSite","@id":"https:\/\/www.digitalcameraschool.it\/home\/#website","url":"https:\/\/www.digitalcameraschool.it\/home\/","name":"Digital Camera School - Corsi di fotografia","description":"Corsi, workshop, viaggi e molto altro!","publisher":{"@id":"https:\/\/www.digitalcameraschool.it\/home\/#organization"},"potentialAction":[{"@type":"SearchAction","target":{"@type":"EntryPoint","urlTemplate":"https:\/\/www.digitalcameraschool.it\/home\/?s={search_term_string}"},"query-input":{"@type":"PropertyValueSpecification","valueRequired":true,"valueName":"search_term_string"}}],"inLanguage":"it-IT"},{"@type":"Organization","@id":"https:\/\/www.digitalcameraschool.it\/home\/#organization","name":"Digital Camera School","url":"https:\/\/www.digitalcameraschool.it\/home\/","logo":{"@type":"ImageObject","inLanguage":"it-IT","@id":"https:\/\/www.digitalcameraschool.it\/home\/#\/schema\/logo\/image\/","url":"https:\/\/www.digitalcameraschool.it\/home\/wp-content\/uploads\/2022\/05\/logo-rotondo-dcs.png","contentUrl":"https:\/\/www.digitalcameraschool.it\/home\/wp-content\/uploads\/2022\/05\/logo-rotondo-dcs.png","width":500,"height":500,"caption":"Digital Camera School"},"image":{"@id":"https:\/\/www.digitalcameraschool.it\/home\/#\/schema\/logo\/image\/"},"sameAs":["https:\/\/www.facebook.com\/digitalcameraschool","https:\/\/www.instagram.com\/digital_camera_school\/","https:\/\/www.youtube.com\/c\/digitalcameraschool_tv"]}]}},"_links":{"self":[{"href":"https:\/\/www.digitalcameraschool.it\/home\/wp-json\/wp\/v2\/product\/43796","targetHints":{"allow":["GET"]}}],"collection":[{"href":"https:\/\/www.digitalcameraschool.it\/home\/wp-json\/wp\/v2\/product"}],"about":[{"href":"https:\/\/www.digitalcameraschool.it\/home\/wp-json\/wp\/v2\/types\/product"}],"wp:featuredmedia":[{"embeddable":true,"href":"https:\/\/www.digitalcameraschool.it\/home\/wp-json\/wp\/v2\/media\/43797"}],"wp:attachment":[{"href":"https:\/\/www.digitalcameraschool.it\/home\/wp-json\/wp\/v2\/media?parent=43796"}],"wp:term":[{"taxonomy":"product_brand","embeddable":true,"href":"https:\/\/www.digitalcameraschool.it\/home\/wp-json\/wp\/v2\/product_brand?post=43796"},{"taxonomy":"product_cat","embeddable":true,"href":"https:\/\/www.digitalcameraschool.it\/home\/wp-json\/wp\/v2\/product_cat?post=43796"},{"taxonomy":"product_tag","embeddable":true,"href":"https:\/\/www.digitalcameraschool.it\/home\/wp-json\/wp\/v2\/product_tag?post=43796"}],"curies":[{"name":"wp","href":"https:\/\/api.w.org\/{rel}","templated":true}]}}