{"id":43794,"date":"2026-02-25T10:44:59","date_gmt":"2026-02-25T09:44:59","guid":{"rendered":"https:\/\/www.digitalcameraschool.it\/home\/?post_type=product&#038;p=43794"},"modified":"2026-04-12T18:10:18","modified_gmt":"2026-04-12T16:10:18","slug":"corso-di-fotografia-intermedio-tecnico-5-incontri-da-giovedi-28-maggio","status":"publish","type":"product","link":"https:\/\/www.digitalcameraschool.it\/home\/prodotto\/corso-di-fotografia-intermedio-tecnico-5-incontri-da-giovedi-28-maggio\/","title":{"rendered":"CORSO DI FOTOGRAFIA  INTERMEDIO TECNICO <br> 5 incontri da Gioved\u00ec 28 maggio"},"content":{"rendered":"<div class=\"o9v6fnle cxmmr5t8 oygrvhab hcukyx3x c1et5uql\">\n<h2 data-start=\"394\" data-end=\"415\">\ud83d\udcf8 A chi \u00e8 rivolto<\/h2>\n<p data-start=\"417\" data-end=\"438\">Il corso \u00e8 rivolto a:<\/p>\n<ul data-start=\"440\" data-end=\"863\">\n<li data-start=\"440\" data-end=\"510\">\n<p data-start=\"442\" data-end=\"510\">Chi desidera acquisire maggiore controllo della propria fotocamera<\/p>\n<\/li>\n<li data-start=\"511\" data-end=\"606\">\n<p data-start=\"513\" data-end=\"606\">Chi utilizza gi\u00e0 le modalit\u00e0 semi-automatiche e vuole comprenderle in modo pi\u00f9 approfondito<\/p>\n<\/li>\n<li data-start=\"607\" data-end=\"668\">\n<p data-start=\"609\" data-end=\"668\">Chi vuole migliorare la qualit\u00e0 tecnica dei propri scatti<\/p>\n<\/li>\n<li data-start=\"669\" data-end=\"767\">\n<p data-start=\"671\" data-end=\"767\">Chi desidera sviluppare maggiore consapevolezza nella gestione della luce e della composizione<\/p>\n<\/li>\n<li data-start=\"768\" data-end=\"863\">\n<p data-start=\"770\" data-end=\"863\">Chi vuole completare il proprio flusso di lavoro includendo anche lo sviluppo dell\u2019immagine<\/p>\n<\/li>\n<\/ul>\n<p data-start=\"865\" data-end=\"970\">\u00c8 adatto sia a chi parte dalle basi sia a chi fotografa gi\u00e0 e desidera consolidare le proprie competenze.<\/p>\n<\/div>\n<div><\/div>\n<div>\n<h2 data-start=\"977\" data-end=\"997\">\ud83d\udd0d Cosa imparerai<\/h2>\n<p data-start=\"999\" data-end=\"1056\">Durante il corso affronteremo in modo chiaro e operativo:<\/p>\n<h3 data-start=\"1058\" data-end=\"1079\">Tecnica di scatto<\/h3>\n<ul data-start=\"1080\" data-end=\"1293\">\n<li data-start=\"1080\" data-end=\"1168\">\n<p data-start=\"1082\" data-end=\"1168\">Semi-automatismi: quando utilizzare Priorit\u00e0 di Tempo e quando Priorit\u00e0 di Diaframma<\/p>\n<\/li>\n<li data-start=\"1169\" data-end=\"1203\">\n<p data-start=\"1171\" data-end=\"1203\">Misurazione esposimetrica Spot<\/p>\n<\/li>\n<li data-start=\"1204\" data-end=\"1238\">\n<p data-start=\"1206\" data-end=\"1238\">Compensazione dell\u2019esposizione<\/p>\n<\/li>\n<li data-start=\"1239\" data-end=\"1266\">\n<p data-start=\"1241\" data-end=\"1266\">Blocco dell\u2019esposizione<\/p>\n<\/li>\n<li data-start=\"1267\" data-end=\"1274\">\n<p data-start=\"1269\" data-end=\"1274\">HDR<\/p>\n<\/li>\n<li data-start=\"1275\" data-end=\"1293\">\n<p data-start=\"1277\" data-end=\"1293\">Focus Stacking<\/p>\n<\/li>\n<\/ul>\n<h3 data-start=\"1295\" data-end=\"1307\">Ritratto<\/h3>\n<ul data-start=\"1308\" data-end=\"1372\">\n<li data-start=\"1308\" data-end=\"1339\">\n<p data-start=\"1310\" data-end=\"1339\">Schemi di luce nel ritratto<\/p>\n<\/li>\n<li data-start=\"1340\" data-end=\"1372\">\n<p data-start=\"1342\" data-end=\"1372\">Tagli del corpo nel ritratto<\/p>\n<\/li>\n<\/ul>\n<h3 data-start=\"1374\" data-end=\"1400\">Linguaggio fotografico<\/h3>\n<ul data-start=\"1401\" data-end=\"1505\">\n<li data-start=\"1401\" data-end=\"1445\">\n<p data-start=\"1403\" data-end=\"1445\">Nozioni base di storytelling fotografico<\/p>\n<\/li>\n<li data-start=\"1446\" data-end=\"1471\">\n<p data-start=\"1448\" data-end=\"1471\">Composizione avanzata<\/p>\n<\/li>\n<li data-start=\"1472\" data-end=\"1505\">\n<p data-start=\"1474\" data-end=\"1505\">Nozioni base di bianco e nero<\/p>\n<\/li>\n<\/ul>\n<h3 data-start=\"1507\" data-end=\"1533\">Sviluppo dell\u2019immagine<\/h3>\n<ul data-start=\"1534\" data-end=\"1601\">\n<li data-start=\"1534\" data-end=\"1572\">\n<p data-start=\"1536\" data-end=\"1572\">Post-produzione tramite Camera Raw<\/p>\n<\/li>\n<li data-start=\"1573\" data-end=\"1601\">\n<p data-start=\"1575\" data-end=\"1601\">Utilizzo di Lightroom CC<\/p>\n<\/li>\n<\/ul>\n<\/div>\n<h2 data-start=\"1608\" data-end=\"1627\">\ud83d\udcbb Come funziona<\/h2>\n<p data-start=\"1629\" data-end=\"1668\">Useremo la piattaforma <strong data-start=\"1652\" data-end=\"1667\">GoToMeeting<\/strong>.<\/p>\n<p data-start=\"1670\" data-end=\"1802\">Ogni incontro sar\u00e0 registrato e il video verr\u00e0 inviato ai partecipanti, utile in caso di assenza o per rivedere i concetti trattati.<\/p>\n<p data-start=\"1804\" data-end=\"1924\">Il docente condivider\u00e0 il proprio desktop, cos\u00ec da rendere la spiegazione semplice, chiara e immediatamente applicabile.<\/p>\n<p data-start=\"1926\" data-end=\"2045\">Tutte le lezioni si tengono in diretta su GoToMeeting, con possibilit\u00e0 di interagire in tempo reale o scrivere in chat.<\/p>\n<p data-start=\"2047\" data-end=\"2098\">Connessione e test tecnico disponibili dalle 20:35.<\/p>\n<hr data-start=\"2100\" data-end=\"2103\" \/>\n<h2 data-start=\"2105\" data-end=\"2136\">\ud83d\uddd3\ufe0f Calendario delle lezioni<\/h2>\n<p data-start=\"2138\" data-end=\"2189\"><strong data-start=\"2138\" data-end=\"2151\">Lezione 1<\/strong><br data-start=\"2151\" data-end=\"2154\" \/>Gioved\u00ec 28 maggio | 20:45 \u2013 22:45<\/p>\n<p data-start=\"2191\" data-end=\"2241\"><strong data-start=\"2191\" data-end=\"2204\">Lezione 2<\/strong><br data-start=\"2204\" data-end=\"2207\" \/>Gioved\u00ec 4 giugno | 20:45 \u2013 22:45<\/p>\n<p data-start=\"2243\" data-end=\"2294\"><strong data-start=\"2243\" data-end=\"2256\">Lezione 3<\/strong><br data-start=\"2256\" data-end=\"2259\" \/>Gioved\u00ec 11 giugno | 20:45 \u2013 22:45<\/p>\n<p data-start=\"2296\" data-end=\"2347\"><strong data-start=\"2296\" data-end=\"2309\">Lezione 4<\/strong><br data-start=\"2309\" data-end=\"2312\" \/>Gioved\u00ec 18 giugno | 20:45 \u2013 22:45<\/p>\n<p data-start=\"2349\" data-end=\"2400\"><strong data-start=\"2349\" data-end=\"2362\">Lezione 5<\/strong><br data-start=\"2362\" data-end=\"2365\" \/>Gioved\u00ec 25 giugno | 20:45 \u2013 22:45<\/p>\n<hr data-start=\"2402\" data-end=\"2405\" \/>\n<h2 data-start=\"2407\" data-end=\"2423\">\ud83d\udc69\u200d\ud83c\udfeb Docente<\/h2>\n<p data-start=\"2425\" data-end=\"2448\"><strong data-start=\"2425\" data-end=\"2448\">Giovanna Dell\u2019Acqua<\/strong><\/p>\n<hr data-start=\"2450\" data-end=\"2453\" \/>\n<h2 data-start=\"2455\" data-end=\"2467\">\ud83d\udcb6 Prezzo<\/h2>\n<p data-start=\"2469\" data-end=\"2575\">Il prezzo del corso \u00e8 di <strong data-start=\"2494\" data-end=\"2505\">90 euro<\/strong>.<br data-start=\"2506\" data-end=\"2509\" \/>Per i possessori di <strong data-start=\"2529\" data-end=\"2547\">Education Card<\/strong> il prezzo \u00e8 di <strong data-start=\"2563\" data-end=\"2574\">70 euro<\/strong>.<\/p>\n<p>&nbsp;<\/p>\n","protected":false},"excerpt":{"rendered":"<h3 data-start=\"139\" data-end=\"201\">\ud83d\udcbb CORSO DI FOTOGRAFIA INTERMEDIO TECNICO<\/h3>\n<p data-start=\"202\" data-end=\"252\"><strong data-start=\"202\" data-end=\"250\">5 lezioni online \u2013 Da gioved\u00ec 28 maggio<\/strong><\/p>\n<p data-start=\"254\" data-end=\"656\">\u00a0Cinque incontri on line per proseguire la propria formazione fotografica a partire dalle conoscenze base. Durante il percorso verranno affrontati argomenti legati alla tecnica, alla comunicazione e alla postproduzione che porteranno il partecipante ad una conoscenza intermedia sia della fotocamera, che di tutti gli aspetti che riguardano la modifica successiva delle immagini. L\u2019obiettivo sar\u00e0 quello di raggiungere un\u2019autonomia completa del flusso di lavoro. Ideale per chi ha una conoscenza anche minima di ISO-TEMPI-DIAFRAMMI.<\/p>\n<p data-start=\"658\" data-end=\"886\">\ud83d\udcf8 <strong data-start=\"655\" data-end=\"674\">A chi \u00e8 rivolto<\/strong><br data-start=\"674\" data-end=\"677\" \/>Il corso \u00e8 <strong data-start=\"688\" data-end=\"707\">rivolto a tutti<\/strong>, sia a chi parte da zero sia a chi utilizza gi\u00e0 Lightroom e vuole approfondirne le potenzialit\u00e0.<br data-start=\"804\" data-end=\"807\" \/>Partiremo dalle <strong data-start=\"823\" data-end=\"844\">basi fondamentali<\/strong>, come la gestione dei cataloghi e dei file RAW, per arrivare a un <strong data-start=\"911\" data-end=\"942\">livello avanzato di editing<\/strong>, affrontando tutte le funzioni pi\u00f9 potenti del software.<\/p>\n","protected":false},"featured_media":43795,"template":"","meta":{"pmpro_default_level":""},"product_brand":[],"product_cat":[167,40,168],"product_tag":[],"class_list":{"0":"post-43794","1":"product","2":"type-product","3":"status-publish","4":"has-post-thumbnail","6":"product_cat-corsi","7":"product_cat-corsi-in-diretta-on-line","8":"product_cat-post-produzione-corsi","9":"pmpro-has-access","11":"first","12":"instock","13":"virtual","14":"taxable","15":"purchasable","16":"product-type-simple"},"acf":[],"yoast_head":"<!-- This site is optimized with the Yoast SEO plugin v27.4 - https:\/\/yoast.com\/product\/yoast-seo-wordpress\/ -->\n<title>CORSO DI FOTOGRAFIA INTERMEDIO TECNICO  5 incontri da Gioved\u00ec 28 maggio - Digital Camera School - Corsi di fotografia<\/title>\n<meta name=\"robots\" content=\"index, follow, max-snippet:-1, max-image-preview:large, max-video-preview:-1\" \/>\n<link rel=\"canonical\" href=\"https:\/\/www.digitalcameraschool.it\/home\/prodotto\/corso-di-fotografia-intermedio-tecnico-5-incontri-da-giovedi-28-maggio\/\" \/>\n<meta property=\"og:locale\" content=\"it_IT\" \/>\n<meta property=\"og:type\" content=\"article\" \/>\n<meta property=\"og:title\" content=\"CORSO DI FOTOGRAFIA INTERMEDIO TECNICO  5 incontri da Gioved\u00ec 28 maggio - Digital Camera School - Corsi di fotografia\" \/>\n<meta property=\"og:description\" content=\"\ud83d\udcbb CORSO DI FOTOGRAFIA INTERMEDIO TECNICO 5 lezioni online \u2013 Da gioved\u00ec 28 maggio \u00a0Cinque incontri on line per proseguire la propria formazione fotografica a partire dalle conoscenze base. Durante il percorso verranno affrontati argomenti legati alla tecnica, alla comunicazione e alla postproduzione che porteranno il partecipante ad una conoscenza intermedia sia della fotocamera, che di tutti gli aspetti che riguardano la modifica successiva delle immagini. L\u2019obiettivo sar\u00e0 quello di raggiungere un\u2019autonomia completa del flusso di lavoro. Ideale per chi ha una conoscenza anche minima di ISO-TEMPI-DIAFRAMMI. \ud83d\udcf8 A chi \u00e8 rivoltoIl corso \u00e8 rivolto a tutti, sia a chi parte da zero sia a chi utilizza gi\u00e0 Lightroom e vuole approfondirne le potenzialit\u00e0.Partiremo dalle basi fondamentali, come la gestione dei cataloghi e dei file RAW, per arrivare a un livello avanzato di editing, affrontando tutte le funzioni pi\u00f9 potenti del software.\" \/>\n<meta property=\"og:url\" content=\"https:\/\/www.digitalcameraschool.it\/home\/prodotto\/corso-di-fotografia-intermedio-tecnico-5-incontri-da-giovedi-28-maggio\/\" \/>\n<meta property=\"og:site_name\" content=\"Digital Camera School - Corsi di fotografia\" \/>\n<meta property=\"article:publisher\" content=\"https:\/\/www.facebook.com\/digitalcameraschool\" \/>\n<meta property=\"article:modified_time\" content=\"2026-04-12T16:10:18+00:00\" \/>\n<meta property=\"og:image\" content=\"https:\/\/www.digitalcameraschool.it\/home\/wp-content\/uploads\/2026\/02\/431.jpg\" \/>\n\t<meta property=\"og:image:width\" content=\"2500\" \/>\n\t<meta property=\"og:image:height\" content=\"2500\" \/>\n\t<meta property=\"og:image:type\" content=\"image\/jpeg\" \/>\n<meta name=\"twitter:card\" content=\"summary_large_image\" \/>\n<meta name=\"twitter:label1\" content=\"Tempo di lettura stimato\" \/>\n\t<meta name=\"twitter:data1\" content=\"2 minuti\" \/>\n<script type=\"application\/ld+json\" class=\"yoast-schema-graph\">{\"@context\":\"https:\\\/\\\/schema.org\",\"@graph\":[{\"@type\":\"WebPage\",\"@id\":\"https:\\\/\\\/www.digitalcameraschool.it\\\/home\\\/prodotto\\\/corso-di-fotografia-intermedio-tecnico-5-incontri-da-giovedi-28-maggio\\\/\",\"url\":\"https:\\\/\\\/www.digitalcameraschool.it\\\/home\\\/prodotto\\\/corso-di-fotografia-intermedio-tecnico-5-incontri-da-giovedi-28-maggio\\\/\",\"name\":\"CORSO DI FOTOGRAFIA INTERMEDIO TECNICO 5 incontri da Gioved\u00ec 28 maggio - Digital Camera School - Corsi di fotografia\",\"isPartOf\":{\"@id\":\"https:\\\/\\\/www.digitalcameraschool.it\\\/home\\\/#website\"},\"primaryImageOfPage\":{\"@id\":\"https:\\\/\\\/www.digitalcameraschool.it\\\/home\\\/prodotto\\\/corso-di-fotografia-intermedio-tecnico-5-incontri-da-giovedi-28-maggio\\\/#primaryimage\"},\"image\":{\"@id\":\"https:\\\/\\\/www.digitalcameraschool.it\\\/home\\\/prodotto\\\/corso-di-fotografia-intermedio-tecnico-5-incontri-da-giovedi-28-maggio\\\/#primaryimage\"},\"thumbnailUrl\":\"https:\\\/\\\/www.digitalcameraschool.it\\\/home\\\/wp-content\\\/uploads\\\/2026\\\/02\\\/431.jpg\",\"datePublished\":\"2026-02-25T09:44:59+00:00\",\"dateModified\":\"2026-04-12T16:10:18+00:00\",\"breadcrumb\":{\"@id\":\"https:\\\/\\\/www.digitalcameraschool.it\\\/home\\\/prodotto\\\/corso-di-fotografia-intermedio-tecnico-5-incontri-da-giovedi-28-maggio\\\/#breadcrumb\"},\"inLanguage\":\"it-IT\",\"potentialAction\":[{\"@type\":\"ReadAction\",\"target\":[\"https:\\\/\\\/www.digitalcameraschool.it\\\/home\\\/prodotto\\\/corso-di-fotografia-intermedio-tecnico-5-incontri-da-giovedi-28-maggio\\\/\"]}]},{\"@type\":\"ImageObject\",\"inLanguage\":\"it-IT\",\"@id\":\"https:\\\/\\\/www.digitalcameraschool.it\\\/home\\\/prodotto\\\/corso-di-fotografia-intermedio-tecnico-5-incontri-da-giovedi-28-maggio\\\/#primaryimage\",\"url\":\"https:\\\/\\\/www.digitalcameraschool.it\\\/home\\\/wp-content\\\/uploads\\\/2026\\\/02\\\/431.jpg\",\"contentUrl\":\"https:\\\/\\\/www.digitalcameraschool.it\\\/home\\\/wp-content\\\/uploads\\\/2026\\\/02\\\/431.jpg\",\"width\":2500,\"height\":2500},{\"@type\":\"BreadcrumbList\",\"@id\":\"https:\\\/\\\/www.digitalcameraschool.it\\\/home\\\/prodotto\\\/corso-di-fotografia-intermedio-tecnico-5-incontri-da-giovedi-28-maggio\\\/#breadcrumb\",\"itemListElement\":[{\"@type\":\"ListItem\",\"position\":1,\"name\":\"Home\",\"item\":\"https:\\\/\\\/www.digitalcameraschool.it\\\/home\\\/\"},{\"@type\":\"ListItem\",\"position\":2,\"name\":\"Shop\",\"item\":\"https:\\\/\\\/www.digitalcameraschool.it\\\/home\\\/shop\\\/\"},{\"@type\":\"ListItem\",\"position\":3,\"name\":\"CORSO DI FOTOGRAFIA INTERMEDIO TECNICO 5 incontri da Gioved\u00ec 28 maggio\"}]},{\"@type\":\"WebSite\",\"@id\":\"https:\\\/\\\/www.digitalcameraschool.it\\\/home\\\/#website\",\"url\":\"https:\\\/\\\/www.digitalcameraschool.it\\\/home\\\/\",\"name\":\"Digital Camera School - Corsi di fotografia\",\"description\":\"Corsi, workshop, viaggi e molto altro!\",\"publisher\":{\"@id\":\"https:\\\/\\\/www.digitalcameraschool.it\\\/home\\\/#organization\"},\"potentialAction\":[{\"@type\":\"SearchAction\",\"target\":{\"@type\":\"EntryPoint\",\"urlTemplate\":\"https:\\\/\\\/www.digitalcameraschool.it\\\/home\\\/?s={search_term_string}\"},\"query-input\":{\"@type\":\"PropertyValueSpecification\",\"valueRequired\":true,\"valueName\":\"search_term_string\"}}],\"inLanguage\":\"it-IT\"},{\"@type\":\"Organization\",\"@id\":\"https:\\\/\\\/www.digitalcameraschool.it\\\/home\\\/#organization\",\"name\":\"Digital Camera School\",\"url\":\"https:\\\/\\\/www.digitalcameraschool.it\\\/home\\\/\",\"logo\":{\"@type\":\"ImageObject\",\"inLanguage\":\"it-IT\",\"@id\":\"https:\\\/\\\/www.digitalcameraschool.it\\\/home\\\/#\\\/schema\\\/logo\\\/image\\\/\",\"url\":\"https:\\\/\\\/www.digitalcameraschool.it\\\/home\\\/wp-content\\\/uploads\\\/2022\\\/05\\\/logo-rotondo-dcs.png\",\"contentUrl\":\"https:\\\/\\\/www.digitalcameraschool.it\\\/home\\\/wp-content\\\/uploads\\\/2022\\\/05\\\/logo-rotondo-dcs.png\",\"width\":500,\"height\":500,\"caption\":\"Digital Camera School\"},\"image\":{\"@id\":\"https:\\\/\\\/www.digitalcameraschool.it\\\/home\\\/#\\\/schema\\\/logo\\\/image\\\/\"},\"sameAs\":[\"https:\\\/\\\/www.facebook.com\\\/digitalcameraschool\",\"https:\\\/\\\/www.instagram.com\\\/digital_camera_school\\\/\",\"https:\\\/\\\/www.youtube.com\\\/c\\\/digitalcameraschool_tv\"]}]}<\/script>\n<!-- \/ Yoast SEO plugin. -->","yoast_head_json":{"title":"CORSO DI FOTOGRAFIA INTERMEDIO TECNICO  5 incontri da Gioved\u00ec 28 maggio - Digital Camera School - Corsi di fotografia","robots":{"index":"index","follow":"follow","max-snippet":"max-snippet:-1","max-image-preview":"max-image-preview:large","max-video-preview":"max-video-preview:-1"},"canonical":"https:\/\/www.digitalcameraschool.it\/home\/prodotto\/corso-di-fotografia-intermedio-tecnico-5-incontri-da-giovedi-28-maggio\/","og_locale":"it_IT","og_type":"article","og_title":"CORSO DI FOTOGRAFIA INTERMEDIO TECNICO  5 incontri da Gioved\u00ec 28 maggio - Digital Camera School - Corsi di fotografia","og_description":"\ud83d\udcbb CORSO DI FOTOGRAFIA INTERMEDIO TECNICO 5 lezioni online \u2013 Da gioved\u00ec 28 maggio \u00a0Cinque incontri on line per proseguire la propria formazione fotografica a partire dalle conoscenze base. Durante il percorso verranno affrontati argomenti legati alla tecnica, alla comunicazione e alla postproduzione che porteranno il partecipante ad una conoscenza intermedia sia della fotocamera, che di tutti gli aspetti che riguardano la modifica successiva delle immagini. L\u2019obiettivo sar\u00e0 quello di raggiungere un\u2019autonomia completa del flusso di lavoro. Ideale per chi ha una conoscenza anche minima di ISO-TEMPI-DIAFRAMMI. \ud83d\udcf8 A chi \u00e8 rivoltoIl corso \u00e8 rivolto a tutti, sia a chi parte da zero sia a chi utilizza gi\u00e0 Lightroom e vuole approfondirne le potenzialit\u00e0.Partiremo dalle basi fondamentali, come la gestione dei cataloghi e dei file RAW, per arrivare a un livello avanzato di editing, affrontando tutte le funzioni pi\u00f9 potenti del software.","og_url":"https:\/\/www.digitalcameraschool.it\/home\/prodotto\/corso-di-fotografia-intermedio-tecnico-5-incontri-da-giovedi-28-maggio\/","og_site_name":"Digital Camera School - Corsi di fotografia","article_publisher":"https:\/\/www.facebook.com\/digitalcameraschool","article_modified_time":"2026-04-12T16:10:18+00:00","og_image":[{"width":2500,"height":2500,"url":"https:\/\/www.digitalcameraschool.it\/home\/wp-content\/uploads\/2026\/02\/431.jpg","type":"image\/jpeg"}],"twitter_card":"summary_large_image","twitter_misc":{"Tempo di lettura stimato":"2 minuti"},"schema":{"@context":"https:\/\/schema.org","@graph":[{"@type":"WebPage","@id":"https:\/\/www.digitalcameraschool.it\/home\/prodotto\/corso-di-fotografia-intermedio-tecnico-5-incontri-da-giovedi-28-maggio\/","url":"https:\/\/www.digitalcameraschool.it\/home\/prodotto\/corso-di-fotografia-intermedio-tecnico-5-incontri-da-giovedi-28-maggio\/","name":"CORSO DI FOTOGRAFIA INTERMEDIO TECNICO 5 incontri da Gioved\u00ec 28 maggio - Digital Camera School - Corsi di fotografia","isPartOf":{"@id":"https:\/\/www.digitalcameraschool.it\/home\/#website"},"primaryImageOfPage":{"@id":"https:\/\/www.digitalcameraschool.it\/home\/prodotto\/corso-di-fotografia-intermedio-tecnico-5-incontri-da-giovedi-28-maggio\/#primaryimage"},"image":{"@id":"https:\/\/www.digitalcameraschool.it\/home\/prodotto\/corso-di-fotografia-intermedio-tecnico-5-incontri-da-giovedi-28-maggio\/#primaryimage"},"thumbnailUrl":"https:\/\/www.digitalcameraschool.it\/home\/wp-content\/uploads\/2026\/02\/431.jpg","datePublished":"2026-02-25T09:44:59+00:00","dateModified":"2026-04-12T16:10:18+00:00","breadcrumb":{"@id":"https:\/\/www.digitalcameraschool.it\/home\/prodotto\/corso-di-fotografia-intermedio-tecnico-5-incontri-da-giovedi-28-maggio\/#breadcrumb"},"inLanguage":"it-IT","potentialAction":[{"@type":"ReadAction","target":["https:\/\/www.digitalcameraschool.it\/home\/prodotto\/corso-di-fotografia-intermedio-tecnico-5-incontri-da-giovedi-28-maggio\/"]}]},{"@type":"ImageObject","inLanguage":"it-IT","@id":"https:\/\/www.digitalcameraschool.it\/home\/prodotto\/corso-di-fotografia-intermedio-tecnico-5-incontri-da-giovedi-28-maggio\/#primaryimage","url":"https:\/\/www.digitalcameraschool.it\/home\/wp-content\/uploads\/2026\/02\/431.jpg","contentUrl":"https:\/\/www.digitalcameraschool.it\/home\/wp-content\/uploads\/2026\/02\/431.jpg","width":2500,"height":2500},{"@type":"BreadcrumbList","@id":"https:\/\/www.digitalcameraschool.it\/home\/prodotto\/corso-di-fotografia-intermedio-tecnico-5-incontri-da-giovedi-28-maggio\/#breadcrumb","itemListElement":[{"@type":"ListItem","position":1,"name":"Home","item":"https:\/\/www.digitalcameraschool.it\/home\/"},{"@type":"ListItem","position":2,"name":"Shop","item":"https:\/\/www.digitalcameraschool.it\/home\/shop\/"},{"@type":"ListItem","position":3,"name":"CORSO DI FOTOGRAFIA INTERMEDIO TECNICO 5 incontri da Gioved\u00ec 28 maggio"}]},{"@type":"WebSite","@id":"https:\/\/www.digitalcameraschool.it\/home\/#website","url":"https:\/\/www.digitalcameraschool.it\/home\/","name":"Digital Camera School - Corsi di fotografia","description":"Corsi, workshop, viaggi e molto altro!","publisher":{"@id":"https:\/\/www.digitalcameraschool.it\/home\/#organization"},"potentialAction":[{"@type":"SearchAction","target":{"@type":"EntryPoint","urlTemplate":"https:\/\/www.digitalcameraschool.it\/home\/?s={search_term_string}"},"query-input":{"@type":"PropertyValueSpecification","valueRequired":true,"valueName":"search_term_string"}}],"inLanguage":"it-IT"},{"@type":"Organization","@id":"https:\/\/www.digitalcameraschool.it\/home\/#organization","name":"Digital Camera School","url":"https:\/\/www.digitalcameraschool.it\/home\/","logo":{"@type":"ImageObject","inLanguage":"it-IT","@id":"https:\/\/www.digitalcameraschool.it\/home\/#\/schema\/logo\/image\/","url":"https:\/\/www.digitalcameraschool.it\/home\/wp-content\/uploads\/2022\/05\/logo-rotondo-dcs.png","contentUrl":"https:\/\/www.digitalcameraschool.it\/home\/wp-content\/uploads\/2022\/05\/logo-rotondo-dcs.png","width":500,"height":500,"caption":"Digital Camera School"},"image":{"@id":"https:\/\/www.digitalcameraschool.it\/home\/#\/schema\/logo\/image\/"},"sameAs":["https:\/\/www.facebook.com\/digitalcameraschool","https:\/\/www.instagram.com\/digital_camera_school\/","https:\/\/www.youtube.com\/c\/digitalcameraschool_tv"]}]}},"_links":{"self":[{"href":"https:\/\/www.digitalcameraschool.it\/home\/wp-json\/wp\/v2\/product\/43794","targetHints":{"allow":["GET"]}}],"collection":[{"href":"https:\/\/www.digitalcameraschool.it\/home\/wp-json\/wp\/v2\/product"}],"about":[{"href":"https:\/\/www.digitalcameraschool.it\/home\/wp-json\/wp\/v2\/types\/product"}],"wp:featuredmedia":[{"embeddable":true,"href":"https:\/\/www.digitalcameraschool.it\/home\/wp-json\/wp\/v2\/media\/43795"}],"wp:attachment":[{"href":"https:\/\/www.digitalcameraschool.it\/home\/wp-json\/wp\/v2\/media?parent=43794"}],"wp:term":[{"taxonomy":"product_brand","embeddable":true,"href":"https:\/\/www.digitalcameraschool.it\/home\/wp-json\/wp\/v2\/product_brand?post=43794"},{"taxonomy":"product_cat","embeddable":true,"href":"https:\/\/www.digitalcameraschool.it\/home\/wp-json\/wp\/v2\/product_cat?post=43794"},{"taxonomy":"product_tag","embeddable":true,"href":"https:\/\/www.digitalcameraschool.it\/home\/wp-json\/wp\/v2\/product_tag?post=43794"}],"curies":[{"name":"wp","href":"https:\/\/api.w.org\/{rel}","templated":true}]}}