{"id":43483,"date":"2026-01-30T18:52:08","date_gmt":"2026-01-30T17:52:08","guid":{"rendered":"https:\/\/www.digitalcameraschool.it\/home\/?post_type=product&#038;p=43483"},"modified":"2026-04-27T09:48:34","modified_gmt":"2026-04-27T07:48:34","slug":"saline-di-cervia-e-casa-delle-farfalle-workshop-naturalistico-domenica-07-giugno","status":"publish","type":"product","link":"https:\/\/www.digitalcameraschool.it\/home\/prodotto\/saline-di-cervia-e-casa-delle-farfalle-workshop-naturalistico-domenica-07-giugno\/","title":{"rendered":"Saline di Cervia e Casa delle Farfalle <br> Workshop Naturalistico Domenica 07 giugno"},"content":{"rendered":"<div class=\"o9v6fnle cxmmr5t8 oygrvhab hcukyx3x c1et5uql\">\n<p><img loading=\"lazy\" decoding=\"async\" class=\"aligncenter wp-image-29614 size-full\" src=\"https:\/\/www.digitalcameraschool.it\/home\/wp-content\/uploads\/2023\/02\/DSC_1815.jpg\" alt=\"\" width=\"1000\" height=\"665\" srcset=\"https:\/\/www.digitalcameraschool.it\/home\/wp-content\/uploads\/2023\/02\/DSC_1815.jpg 1000w, https:\/\/www.digitalcameraschool.it\/home\/wp-content\/uploads\/2023\/02\/DSC_1815-300x200.jpg 300w, https:\/\/www.digitalcameraschool.it\/home\/wp-content\/uploads\/2023\/02\/DSC_1815-768x511.jpg 768w, https:\/\/www.digitalcameraschool.it\/home\/wp-content\/uploads\/2023\/02\/DSC_1815-540x360.jpg 540w, https:\/\/www.digitalcameraschool.it\/home\/wp-content\/uploads\/2023\/02\/DSC_1815-600x399.jpg 600w\" sizes=\"auto, (max-width: 1000px) 100vw, 1000px\" \/><\/p>\n<\/div>\n<div><\/div>\n<div class=\"o9v6fnle cxmmr5t8 oygrvhab hcukyx3x c1et5uql\">\n<p><strong>\u2705PRE-REQUISITI\u00a0<\/strong><\/p>\n<p>L\u2019uscita \u00e8 aperta a tutti e si riesce ad apprezzare al meglio se si possiede almeno la conoscenza base di ISO-TEMPI-DIAFRAMMI.<\/p>\n<hr \/>\n<p><strong>\u2705COSA VEDREMO<\/strong><\/p>\n<div class=\"o9v6fnle cxmmr5t8 oygrvhab hcukyx3x c1et5uql\">\n<div class=\"o9v6fnle cxmmr5t8 oygrvhab hcukyx3x c1et5uql\"><\/div>\n<div class=\"o9v6fnle cxmmr5t8 oygrvhab hcukyx3x c1et5uql\">Studio della luce e dell\u2019esposizione<\/div>\n<div class=\"o9v6fnle cxmmr5t8 oygrvhab hcukyx3x c1et5uql\">\u2013 Come impostare la fotocamera<\/div>\n<div class=\"o9v6fnle cxmmr5t8 oygrvhab hcukyx3x c1et5uql\">\u2013 La scelta delle ottiche<\/div>\n<div>&#8211;\u00a0 Le lunghe Esposizioni e i Filtri ND<\/div>\n<div>&#8211;\u00a0 Il polarizzatore<\/div>\n<div class=\"o9v6fnle cxmmr5t8 oygrvhab hcukyx3x c1et5uql\">\u2013 Analisi della prospettiva e punti di ripresa<\/div>\n<div class=\"o9v6fnle cxmmr5t8 oygrvhab hcukyx3x c1et5uql\">\u2013 Fotografare i dettagli del paesaggio<\/div>\n<div class=\"o9v6fnle cxmmr5t8 oygrvhab hcukyx3x c1et5uql\">\u2013 Composizione del colore e delle linee<\/div>\n<div class=\"o9v6fnle cxmmr5t8 oygrvhab hcukyx3x c1et5uql\">\u2013 Regolazioni di messa a fuoco e gestione degli ISO<\/div>\n<div class=\"o9v6fnle cxmmr5t8 oygrvhab hcukyx3x c1et5uql\">\u2013 Utilizzo dei filtri a densit\u00e0 neutra, polarizzatori e digradanti<\/div>\n<div class=\"o9v6fnle cxmmr5t8 oygrvhab hcukyx3x c1et5uql\">\u2013 Doppie esposizioni, HDR e metodi di fusione<\/div>\n<div class=\"o9v6fnle cxmmr5t8 oygrvhab hcukyx3x c1et5uql\">\u2013 L\u2019importanza dell\u2019iperfocale nella fotografi a paesaggistica<\/div>\n<div class=\"o9v6fnle cxmmr5t8 oygrvhab hcukyx3x c1et5uql\">\u2013 La tecnica del focus stacking per ottimizzare la profondit\u00e0 di campo e la nitidezza<\/div>\n<div class=\"o9v6fnle cxmmr5t8 oygrvhab hcukyx3x c1et5uql\">\u2013 Fotografare il tramonto<\/div>\n<div class=\"o9v6fnle cxmmr5t8 oygrvhab hcukyx3x c1et5uql\">\u00a0&#8211; Fotografia Macro<\/div>\n<div>&#8211; Distanza minima di lavoro<\/div>\n<div>&#8211; Rapporto di riproduzione<br \/>\n&#8211; Sistemi di Messa a Fuoco<\/div>\n<\/div>\n<\/div>\n<div><\/div>\n<div><\/div>\n<div class=\"o9v6fnle cxmmr5t8 oygrvhab hcukyx3x c1et5uql\">\n<hr \/>\n<p><strong>\u2705PROGRAMMA INDICATIVO<\/strong><\/p>\n<p>Domenica 07 giugno<\/p>\n<div class=\"o9v6fnle cxmmr5t8 oygrvhab hcukyx3x c1et5uql\">\n<div class=\"o9v6fnle cxmmr5t8 oygrvhab hcukyx3x c1et5uql\">Qualche giorno prima di partire fremo una lezione in diretta streaming sul paesaggio e finito il corso sulla Editing in modo da visionare e correggere le fotografie fatte durante il tour.<\/div>\n<div>ore 15:00 ritrovo alla casa delle farfalle a Milano Marittima<\/div>\n<div>ore 15:15 briefing<\/div>\n<div>ore 15:45 inizio tour nelle serre<\/div>\n<div>ore 17:30 termine tour e ci sposteremo con mezzi propri presso le saline di cervia<\/div>\n<div class=\"o9v6fnle cxmmr5t8 oygrvhab hcukyx3x c1et5uql\">ore 18:00 partenza per avvistamento fotografico birdwatching con il Centro Visite Guidate Saline di Cervia<br \/>\nore 19:30 pausa cena al sacco, possiamo servici anche della buonissima Piadineria Locale<br \/>\nore 20:15 partenza per percorso a piedi e in barca (facile) per la fotografia al tramonto sulle saline<br \/>\nore 21:30 termine attivit\u00e0<\/div>\n<\/div>\n<\/div>\n<div><\/div>\n<div><\/div>\n<div><strong>SPECIALE<\/strong>: per chi vorr\u00e0,\u00a0 le foto fatte in questo workshop\u00a0 potr\u00e0 inviarle alla segreteria della riserva naturale e le pi\u00f9 significative saranno selezionate dal team delle Guide Naturalistiche della Salina di Cervia per essere esposte ad una solo mostra che verr\u00e0 allestita tra novembre\/dicembre<\/div>\n<div><\/div>\n<div class=\"o9v6fnle cxmmr5t8 oygrvhab hcukyx3x c1et5uql\">\n<div class=\"o9v6fnle cxmmr5t8 oygrvhab hcukyx3x c1et5uql\">\n<div class=\"o9v6fnle cxmmr5t8 oygrvhab hcukyx3x c1et5uql\"><strong>ULTERIORI DETTAGLI<\/strong><\/div>\n<\/div>\n<\/div>\n<div><\/div>\n<div><\/div>\n<div><span class=\"pq6dq46d tbxw36s4 knj5qynh kvgmc6g5 ditlmg2l oygrvhab nvdbi5me sf5mxxl7 gl3lb2sf hhz5lgdu\"><strong>\u2705<\/strong><\/span> <strong>LA CASA DELLE FARFALLE <\/strong>un bellissimo centro dov&#8217;\u00e8 possibile osservare moltissime specie di farfalle Italiane e Tropicali, c&#8217;\u00e8 cos\u00ec tanta presenza di farfalle che \u00e8 facile poterle seguire e fotografare anche in pieno giorno. I colori sono sgargianti e si possono fotografare bene anche senza un&#8217;ottica macro dedicata.<\/div>\n<div><\/div>\n<div><img loading=\"lazy\" decoding=\"async\" class=\"aligncenter wp-image-29615 size-full\" src=\"https:\/\/www.digitalcameraschool.it\/home\/wp-content\/uploads\/2023\/02\/DSF0628.jpg\" alt=\"\" width=\"1000\" height=\"667\" srcset=\"https:\/\/www.digitalcameraschool.it\/home\/wp-content\/uploads\/2023\/02\/DSF0628.jpg 1000w, https:\/\/www.digitalcameraschool.it\/home\/wp-content\/uploads\/2023\/02\/DSF0628-300x200.jpg 300w, https:\/\/www.digitalcameraschool.it\/home\/wp-content\/uploads\/2023\/02\/DSF0628-768x512.jpg 768w, https:\/\/www.digitalcameraschool.it\/home\/wp-content\/uploads\/2023\/02\/DSF0628-540x360.jpg 540w, https:\/\/www.digitalcameraschool.it\/home\/wp-content\/uploads\/2023\/02\/DSF0628-600x400.jpg 600w\" sizes=\"auto, (max-width: 1000px) 100vw, 1000px\" \/><\/div>\n<div><\/div>\n<div><\/div>\n<div class=\"o9v6fnle cxmmr5t8 oygrvhab hcukyx3x c1et5uql\">\n<div class=\"o9v6fnle cxmmr5t8 oygrvhab hcukyx3x c1et5uql\">\n<div class=\"o9v6fnle cxmmr5t8 oygrvhab hcukyx3x c1et5uql\"><span class=\"pq6dq46d tbxw36s4 knj5qynh kvgmc6g5 ditlmg2l oygrvhab nvdbi5me sf5mxxl7 gl3lb2sf hhz5lgdu\"><strong>\u2705<\/strong><\/span>\u00a0<strong>PASSEGGIATA guidata LUNGO LA VIA DEI NID<\/strong>I, ci affacciamo sulle vasche di \u201cevaporazione\u201d in zona sud del Centro Visite\u2013 passeggiata guidata breve (a\/r circa 800 mt) lungo un percorso che si affaccia sui siti di nidificazione: camminiamo su di un argine marginale alto, provvisto di schermature per soffermarsi a fare foto\/birdwatching; maggio solitamente \u00e8 un mese potenzialmente ricco di piacevoli sorprese: si possono osservare uccelli in cova, corteggiamenti, accudimento della prole e tecniche di difesa del nido; lungo la passeggiata si possono scoprire anche la flora tipica e le piante \u2018amanti del sale\u2019. Si arriva fino alla Torretta di avvistamento leggermente rialzata che permette una panoramica sulla Salina. Si rientra poi al Centro Visite lungo lo stesso percorso.<\/div>\n<\/div>\n<\/div>\n<div class=\"o9v6fnle cxmmr5t8 oygrvhab hcukyx3x c1et5uql\">\n<div class=\"o9v6fnle cxmmr5t8 oygrvhab hcukyx3x c1et5uql\">\n<div><\/div>\n<div class=\"o9v6fnle cxmmr5t8 oygrvhab hcukyx3x c1et5uql\"><strong>\u2705TRAMONTO in BARCA<\/strong>: navighiamo un tratto del canale circondariale della Salina per circa 15 minuti fino ad arrivare ad un pontile dove scendiamo ed effettuiamo un tragitto guidato a piedi breve (ricordo che siamo sul prolungamento dell\u2019argine del percorso in passeggiata) che si affaccia sulle vasche meridionali di evaporazione e siti di nidificazione dove \u00e8 possibile osservare anche il panorama della Salina, dove acqua e cielo si confondono. Valuteremo il giorno stesso in base alla nidificazione del momento se \u00e8 possibile addentrarsi di qualche metro lungo un argine che si spinge verso l\u2019interno della Salina.<\/div>\n<\/div>\n<\/div>\n<div><\/div>\n<div>\n<hr \/>\n<\/div>\n<div class=\"o9v6fnle cxmmr5t8 oygrvhab hcukyx3x c1et5uql\">\n<div class=\"o9v6fnle cxmmr5t8 oygrvhab hcukyx3x c1et5uql\">\n<div class=\"o9v6fnle cxmmr5t8 oygrvhab hcukyx3x c1et5uql\"><\/div>\n<div class=\"o9v6fnle cxmmr5t8 oygrvhab hcukyx3x c1et5uql\"><strong> \u2705IL PREZZO<\/strong><\/div>\n<\/div>\n<div class=\"o9v6fnle cxmmr5t8 oygrvhab hcukyx3x c1et5uql\">\n<div class=\"o9v6fnle cxmmr5t8 oygrvhab hcukyx3x c1et5uql\">150,00 euro a persona .<\/div>\n<div class=\"o9v6fnle cxmmr5t8 oygrvhab hcukyx3x c1et5uql\">Prezzo di 100,00 euro per chi possiede la nostra Education Card.<\/div>\n<div>\n<div class=\"o9v6fnle cxmmr5t8 oygrvhab hcukyx3x c1et5uql\"><\/div>\n<\/div>\n<div><\/div>\n<div class=\"o9v6fnle cxmmr5t8 oygrvhab hcukyx3x c1et5uql\"><strong>\u2705COSA E\u2019 INCLUSO DAL PREZZO<\/strong><\/div>\n<div class=\"o9v6fnle cxmmr5t8 oygrvhab hcukyx3x c1et5uql\">Workshop<br \/>\nTour guidato il collaborazione con il Centro Visite Saline di Cervia Atlantide<\/div>\n<div><\/div>\n<div class=\"o9v6fnle cxmmr5t8 oygrvhab hcukyx3x c1et5uql\"><strong>\u2705COSA E\u2019 ESCLUSO DAL PREZZO<\/strong><\/div>\n<\/div>\n<div>&#8211; Ingresso casa delle farfalle Euro 12,00 a testa<\/div>\n<div class=\"o9v6fnle cxmmr5t8 oygrvhab hcukyx3x c1et5uql\">\n<div class=\"o9v6fnle cxmmr5t8 oygrvhab hcukyx3x c1et5uql\">\u2013 Bevande e mangiare<\/div>\n<div class=\"o9v6fnle cxmmr5t8 oygrvhab hcukyx3x c1et5uql\">&#8211; Trasporti,<\/div>\n<div class=\"o9v6fnle cxmmr5t8 oygrvhab hcukyx3x c1et5uql\">&#8211; Pernottamenti e tutto quello non specificato<\/div>\n<\/div>\n<div><img loading=\"lazy\" decoding=\"async\" class=\"aligncenter wp-image-29616 size-full\" src=\"https:\/\/www.digitalcameraschool.it\/home\/wp-content\/uploads\/2023\/02\/DSC_1801-HDR.jpg\" alt=\"\" width=\"665\" height=\"1000\" srcset=\"https:\/\/www.digitalcameraschool.it\/home\/wp-content\/uploads\/2023\/02\/DSC_1801-HDR.jpg 665w, https:\/\/www.digitalcameraschool.it\/home\/wp-content\/uploads\/2023\/02\/DSC_1801-HDR-200x300.jpg 200w, https:\/\/www.digitalcameraschool.it\/home\/wp-content\/uploads\/2023\/02\/DSC_1801-HDR-600x902.jpg 600w\" sizes=\"auto, (max-width: 665px) 100vw, 665px\" \/><\/div>\n<div><\/div>\n<\/div>\n<div>\n<div class=\"gmail_default\"><b>\u00a0<\/b><\/div>\n<\/div>\n<div class=\"o9v6fnle cxmmr5t8 oygrvhab hcukyx3x c1et5uql\">\n<hr \/>\n<p><strong>\u2705ABBIGLIAMENTO<\/strong><\/p>\n<p>Consigliamo un abbigliamento adatto alla stagione e alle temperature. Scarpe comode ed impermeabile<\/p>\n<hr \/>\n<p><strong>\u2705ATTREZZATURA UTILE<\/strong><\/p>\n<p>Fotocamera con batterie cariche e schede di memoria libere<br \/>\nTreppiedi (se non hai un treppiedi avvisaci che lo porteremo per te)<br \/>\nFiltri per Lunghe Esposizioni<br \/>\nOttiche: dal grandangolo al tele pi\u00f9 spinto. Vanno bene anche le ottiche macro<\/p>\n<\/div>\n<hr \/>\n<p><strong>\u2705DOCENTE:<\/strong><br \/>\nMarco Viviani<\/p>\n<hr \/>\n<p>\u2705<strong>NUMERO MIN-MAX DI PARTECIPANTI<\/strong><\/p>\n<p>MINIMO 08 persone<br \/>\nMAX 10 persone<\/p>\n<div>\n<hr \/>\n<p><strong>\u2705 COSA E\u2019 ESCLUSO DAL PREZZO<\/strong><br \/>\n\u2013 Trasporto<br \/>\n\u2013 Cibi e Bevande<br \/>\n\u2013 Pernottamento<br \/>\n\u2013 Tutto quello non specificato in compreso<\/p>\n<\/div>\n<div class=\"o9v6fnle cxmmr5t8 oygrvhab hcukyx3x c1et5uql\">\n<hr \/>\n<\/div>\n<p><b>Per info e contatti:<\/b><\/p>\n<p>Marco Lecchi 393 9242473 &#8211; marco@digitalcameraschool.it<\/p>\n<p>&nbsp;<\/p>\n<p><img loading=\"lazy\" decoding=\"async\" class=\"aligncenter wp-image-29617 size-full\" src=\"https:\/\/www.digitalcameraschool.it\/home\/wp-content\/uploads\/2023\/02\/DSF0676.jpg\" alt=\"\" width=\"1000\" height=\"667\" srcset=\"https:\/\/www.digitalcameraschool.it\/home\/wp-content\/uploads\/2023\/02\/DSF0676.jpg 1000w, https:\/\/www.digitalcameraschool.it\/home\/wp-content\/uploads\/2023\/02\/DSF0676-300x200.jpg 300w, https:\/\/www.digitalcameraschool.it\/home\/wp-content\/uploads\/2023\/02\/DSF0676-768x512.jpg 768w, https:\/\/www.digitalcameraschool.it\/home\/wp-content\/uploads\/2023\/02\/DSF0676-540x360.jpg 540w, https:\/\/www.digitalcameraschool.it\/home\/wp-content\/uploads\/2023\/02\/DSF0676-600x400.jpg 600w\" sizes=\"auto, (max-width: 1000px) 100vw, 1000px\" \/><\/p>\n","protected":false},"excerpt":{"rendered":"<p>Un bellissimo workshop all\u2019interno delle Saline di Cervia e prima una visita macro a Milano Marittima presso la casa delle farfalle. Alle saline di Cervia sar\u00e0 un tour guidato da personale esperto. Dove potremmo fotografare ed avvistare della bellissima avifauna locale in nidificazione e al termine della giornata una bellissima serie di scatti al tramonto.<\/p>\n","protected":false},"featured_media":43484,"template":"","meta":{"pmpro_default_level":""},"product_brand":[],"product_cat":[167,158,110],"product_tag":[],"class_list":{"0":"post-43483","1":"product","2":"type-product","3":"status-publish","4":"has-post-thumbnail","6":"product_cat-corsi","7":"product_cat-in-evidenza","8":"product_cat-workshop","9":"pmpro-has-access","11":"first","12":"instock","13":"virtual","14":"taxable","15":"purchasable","16":"product-type-simple"},"acf":[],"yoast_head":"<!-- This site is optimized with the Yoast SEO plugin v27.5 - https:\/\/yoast.com\/product\/yoast-seo-wordpress\/ -->\n<title>Saline di Cervia e Casa delle Farfalle  Workshop Naturalistico Domenica 07 giugno - Digital Camera School - Corsi di fotografia<\/title>\n<meta name=\"robots\" content=\"index, follow, max-snippet:-1, max-image-preview:large, max-video-preview:-1\" \/>\n<link rel=\"canonical\" href=\"https:\/\/www.digitalcameraschool.it\/home\/prodotto\/saline-di-cervia-e-casa-delle-farfalle-workshop-naturalistico-domenica-07-giugno\/\" \/>\n<meta property=\"og:locale\" content=\"it_IT\" \/>\n<meta property=\"og:type\" content=\"article\" \/>\n<meta property=\"og:title\" content=\"Saline di Cervia e Casa delle Farfalle  Workshop Naturalistico Domenica 07 giugno - Digital Camera School - Corsi di fotografia\" \/>\n<meta property=\"og:description\" content=\"Un bellissimo workshop all\u2019interno delle Saline di Cervia e prima una visita macro a Milano Marittima presso la casa delle farfalle. Alle saline di Cervia sar\u00e0 un tour guidato da personale esperto. Dove potremmo fotografare ed avvistare della bellissima avifauna locale in nidificazione e al termine della giornata una bellissima serie di scatti al tramonto.\" \/>\n<meta property=\"og:url\" content=\"https:\/\/www.digitalcameraschool.it\/home\/prodotto\/saline-di-cervia-e-casa-delle-farfalle-workshop-naturalistico-domenica-07-giugno\/\" \/>\n<meta property=\"og:site_name\" content=\"Digital Camera School - Corsi di fotografia\" \/>\n<meta property=\"article:publisher\" content=\"https:\/\/www.facebook.com\/digitalcameraschool\" \/>\n<meta property=\"article:modified_time\" content=\"2026-04-27T07:48:34+00:00\" \/>\n<meta property=\"og:image\" content=\"https:\/\/www.digitalcameraschool.it\/home\/wp-content\/uploads\/2026\/01\/459.jpg\" \/>\n\t<meta property=\"og:image:width\" content=\"2500\" \/>\n\t<meta property=\"og:image:height\" content=\"2500\" \/>\n\t<meta property=\"og:image:type\" content=\"image\/jpeg\" \/>\n<meta name=\"twitter:card\" content=\"summary_large_image\" \/>\n<meta name=\"twitter:label1\" content=\"Tempo di lettura stimato\" \/>\n\t<meta name=\"twitter:data1\" content=\"5 minuti\" \/>\n<script type=\"application\/ld+json\" class=\"yoast-schema-graph\">{\"@context\":\"https:\\\/\\\/schema.org\",\"@graph\":[{\"@type\":\"WebPage\",\"@id\":\"https:\\\/\\\/www.digitalcameraschool.it\\\/home\\\/prodotto\\\/saline-di-cervia-e-casa-delle-farfalle-workshop-naturalistico-domenica-07-giugno\\\/\",\"url\":\"https:\\\/\\\/www.digitalcameraschool.it\\\/home\\\/prodotto\\\/saline-di-cervia-e-casa-delle-farfalle-workshop-naturalistico-domenica-07-giugno\\\/\",\"name\":\"Saline di Cervia e Casa delle Farfalle Workshop Naturalistico Domenica 07 giugno - Digital Camera School - Corsi di fotografia\",\"isPartOf\":{\"@id\":\"https:\\\/\\\/www.digitalcameraschool.it\\\/home\\\/#website\"},\"primaryImageOfPage\":{\"@id\":\"https:\\\/\\\/www.digitalcameraschool.it\\\/home\\\/prodotto\\\/saline-di-cervia-e-casa-delle-farfalle-workshop-naturalistico-domenica-07-giugno\\\/#primaryimage\"},\"image\":{\"@id\":\"https:\\\/\\\/www.digitalcameraschool.it\\\/home\\\/prodotto\\\/saline-di-cervia-e-casa-delle-farfalle-workshop-naturalistico-domenica-07-giugno\\\/#primaryimage\"},\"thumbnailUrl\":\"https:\\\/\\\/www.digitalcameraschool.it\\\/home\\\/wp-content\\\/uploads\\\/2026\\\/01\\\/459.jpg\",\"datePublished\":\"2026-01-30T17:52:08+00:00\",\"dateModified\":\"2026-04-27T07:48:34+00:00\",\"breadcrumb\":{\"@id\":\"https:\\\/\\\/www.digitalcameraschool.it\\\/home\\\/prodotto\\\/saline-di-cervia-e-casa-delle-farfalle-workshop-naturalistico-domenica-07-giugno\\\/#breadcrumb\"},\"inLanguage\":\"it-IT\",\"potentialAction\":[{\"@type\":\"ReadAction\",\"target\":[\"https:\\\/\\\/www.digitalcameraschool.it\\\/home\\\/prodotto\\\/saline-di-cervia-e-casa-delle-farfalle-workshop-naturalistico-domenica-07-giugno\\\/\"]}]},{\"@type\":\"ImageObject\",\"inLanguage\":\"it-IT\",\"@id\":\"https:\\\/\\\/www.digitalcameraschool.it\\\/home\\\/prodotto\\\/saline-di-cervia-e-casa-delle-farfalle-workshop-naturalistico-domenica-07-giugno\\\/#primaryimage\",\"url\":\"https:\\\/\\\/www.digitalcameraschool.it\\\/home\\\/wp-content\\\/uploads\\\/2026\\\/01\\\/459.jpg\",\"contentUrl\":\"https:\\\/\\\/www.digitalcameraschool.it\\\/home\\\/wp-content\\\/uploads\\\/2026\\\/01\\\/459.jpg\",\"width\":2500,\"height\":2500},{\"@type\":\"BreadcrumbList\",\"@id\":\"https:\\\/\\\/www.digitalcameraschool.it\\\/home\\\/prodotto\\\/saline-di-cervia-e-casa-delle-farfalle-workshop-naturalistico-domenica-07-giugno\\\/#breadcrumb\",\"itemListElement\":[{\"@type\":\"ListItem\",\"position\":1,\"name\":\"Home\",\"item\":\"https:\\\/\\\/www.digitalcameraschool.it\\\/home\\\/\"},{\"@type\":\"ListItem\",\"position\":2,\"name\":\"Shop\",\"item\":\"https:\\\/\\\/www.digitalcameraschool.it\\\/home\\\/shop\\\/\"},{\"@type\":\"ListItem\",\"position\":3,\"name\":\"Saline di Cervia e Casa delle Farfalle Workshop Naturalistico Domenica 07 giugno\"}]},{\"@type\":\"WebSite\",\"@id\":\"https:\\\/\\\/www.digitalcameraschool.it\\\/home\\\/#website\",\"url\":\"https:\\\/\\\/www.digitalcameraschool.it\\\/home\\\/\",\"name\":\"Digital Camera School - Corsi di fotografia\",\"description\":\"Corsi, workshop, viaggi e molto altro!\",\"publisher\":{\"@id\":\"https:\\\/\\\/www.digitalcameraschool.it\\\/home\\\/#organization\"},\"potentialAction\":[{\"@type\":\"SearchAction\",\"target\":{\"@type\":\"EntryPoint\",\"urlTemplate\":\"https:\\\/\\\/www.digitalcameraschool.it\\\/home\\\/?s={search_term_string}\"},\"query-input\":{\"@type\":\"PropertyValueSpecification\",\"valueRequired\":true,\"valueName\":\"search_term_string\"}}],\"inLanguage\":\"it-IT\"},{\"@type\":\"Organization\",\"@id\":\"https:\\\/\\\/www.digitalcameraschool.it\\\/home\\\/#organization\",\"name\":\"Digital Camera School\",\"url\":\"https:\\\/\\\/www.digitalcameraschool.it\\\/home\\\/\",\"logo\":{\"@type\":\"ImageObject\",\"inLanguage\":\"it-IT\",\"@id\":\"https:\\\/\\\/www.digitalcameraschool.it\\\/home\\\/#\\\/schema\\\/logo\\\/image\\\/\",\"url\":\"https:\\\/\\\/www.digitalcameraschool.it\\\/home\\\/wp-content\\\/uploads\\\/2022\\\/05\\\/logo-rotondo-dcs.png\",\"contentUrl\":\"https:\\\/\\\/www.digitalcameraschool.it\\\/home\\\/wp-content\\\/uploads\\\/2022\\\/05\\\/logo-rotondo-dcs.png\",\"width\":500,\"height\":500,\"caption\":\"Digital Camera School\"},\"image\":{\"@id\":\"https:\\\/\\\/www.digitalcameraschool.it\\\/home\\\/#\\\/schema\\\/logo\\\/image\\\/\"},\"sameAs\":[\"https:\\\/\\\/www.facebook.com\\\/digitalcameraschool\",\"https:\\\/\\\/www.instagram.com\\\/digital_camera_school\\\/\",\"https:\\\/\\\/www.youtube.com\\\/c\\\/digitalcameraschool_tv\"]}]}<\/script>\n<!-- \/ Yoast SEO plugin. -->","yoast_head_json":{"title":"Saline di Cervia e Casa delle Farfalle  Workshop Naturalistico Domenica 07 giugno - Digital Camera School - Corsi di fotografia","robots":{"index":"index","follow":"follow","max-snippet":"max-snippet:-1","max-image-preview":"max-image-preview:large","max-video-preview":"max-video-preview:-1"},"canonical":"https:\/\/www.digitalcameraschool.it\/home\/prodotto\/saline-di-cervia-e-casa-delle-farfalle-workshop-naturalistico-domenica-07-giugno\/","og_locale":"it_IT","og_type":"article","og_title":"Saline di Cervia e Casa delle Farfalle  Workshop Naturalistico Domenica 07 giugno - Digital Camera School - Corsi di fotografia","og_description":"Un bellissimo workshop all\u2019interno delle Saline di Cervia e prima una visita macro a Milano Marittima presso la casa delle farfalle. Alle saline di Cervia sar\u00e0 un tour guidato da personale esperto. Dove potremmo fotografare ed avvistare della bellissima avifauna locale in nidificazione e al termine della giornata una bellissima serie di scatti al tramonto.","og_url":"https:\/\/www.digitalcameraschool.it\/home\/prodotto\/saline-di-cervia-e-casa-delle-farfalle-workshop-naturalistico-domenica-07-giugno\/","og_site_name":"Digital Camera School - Corsi di fotografia","article_publisher":"https:\/\/www.facebook.com\/digitalcameraschool","article_modified_time":"2026-04-27T07:48:34+00:00","og_image":[{"width":2500,"height":2500,"url":"https:\/\/www.digitalcameraschool.it\/home\/wp-content\/uploads\/2026\/01\/459.jpg","type":"image\/jpeg"}],"twitter_card":"summary_large_image","twitter_misc":{"Tempo di lettura stimato":"5 minuti"},"schema":{"@context":"https:\/\/schema.org","@graph":[{"@type":"WebPage","@id":"https:\/\/www.digitalcameraschool.it\/home\/prodotto\/saline-di-cervia-e-casa-delle-farfalle-workshop-naturalistico-domenica-07-giugno\/","url":"https:\/\/www.digitalcameraschool.it\/home\/prodotto\/saline-di-cervia-e-casa-delle-farfalle-workshop-naturalistico-domenica-07-giugno\/","name":"Saline di Cervia e Casa delle Farfalle Workshop Naturalistico Domenica 07 giugno - Digital Camera School - Corsi di fotografia","isPartOf":{"@id":"https:\/\/www.digitalcameraschool.it\/home\/#website"},"primaryImageOfPage":{"@id":"https:\/\/www.digitalcameraschool.it\/home\/prodotto\/saline-di-cervia-e-casa-delle-farfalle-workshop-naturalistico-domenica-07-giugno\/#primaryimage"},"image":{"@id":"https:\/\/www.digitalcameraschool.it\/home\/prodotto\/saline-di-cervia-e-casa-delle-farfalle-workshop-naturalistico-domenica-07-giugno\/#primaryimage"},"thumbnailUrl":"https:\/\/www.digitalcameraschool.it\/home\/wp-content\/uploads\/2026\/01\/459.jpg","datePublished":"2026-01-30T17:52:08+00:00","dateModified":"2026-04-27T07:48:34+00:00","breadcrumb":{"@id":"https:\/\/www.digitalcameraschool.it\/home\/prodotto\/saline-di-cervia-e-casa-delle-farfalle-workshop-naturalistico-domenica-07-giugno\/#breadcrumb"},"inLanguage":"it-IT","potentialAction":[{"@type":"ReadAction","target":["https:\/\/www.digitalcameraschool.it\/home\/prodotto\/saline-di-cervia-e-casa-delle-farfalle-workshop-naturalistico-domenica-07-giugno\/"]}]},{"@type":"ImageObject","inLanguage":"it-IT","@id":"https:\/\/www.digitalcameraschool.it\/home\/prodotto\/saline-di-cervia-e-casa-delle-farfalle-workshop-naturalistico-domenica-07-giugno\/#primaryimage","url":"https:\/\/www.digitalcameraschool.it\/home\/wp-content\/uploads\/2026\/01\/459.jpg","contentUrl":"https:\/\/www.digitalcameraschool.it\/home\/wp-content\/uploads\/2026\/01\/459.jpg","width":2500,"height":2500},{"@type":"BreadcrumbList","@id":"https:\/\/www.digitalcameraschool.it\/home\/prodotto\/saline-di-cervia-e-casa-delle-farfalle-workshop-naturalistico-domenica-07-giugno\/#breadcrumb","itemListElement":[{"@type":"ListItem","position":1,"name":"Home","item":"https:\/\/www.digitalcameraschool.it\/home\/"},{"@type":"ListItem","position":2,"name":"Shop","item":"https:\/\/www.digitalcameraschool.it\/home\/shop\/"},{"@type":"ListItem","position":3,"name":"Saline di Cervia e Casa delle Farfalle Workshop Naturalistico Domenica 07 giugno"}]},{"@type":"WebSite","@id":"https:\/\/www.digitalcameraschool.it\/home\/#website","url":"https:\/\/www.digitalcameraschool.it\/home\/","name":"Digital Camera School - Corsi di fotografia","description":"Corsi, workshop, viaggi e molto altro!","publisher":{"@id":"https:\/\/www.digitalcameraschool.it\/home\/#organization"},"potentialAction":[{"@type":"SearchAction","target":{"@type":"EntryPoint","urlTemplate":"https:\/\/www.digitalcameraschool.it\/home\/?s={search_term_string}"},"query-input":{"@type":"PropertyValueSpecification","valueRequired":true,"valueName":"search_term_string"}}],"inLanguage":"it-IT"},{"@type":"Organization","@id":"https:\/\/www.digitalcameraschool.it\/home\/#organization","name":"Digital Camera School","url":"https:\/\/www.digitalcameraschool.it\/home\/","logo":{"@type":"ImageObject","inLanguage":"it-IT","@id":"https:\/\/www.digitalcameraschool.it\/home\/#\/schema\/logo\/image\/","url":"https:\/\/www.digitalcameraschool.it\/home\/wp-content\/uploads\/2022\/05\/logo-rotondo-dcs.png","contentUrl":"https:\/\/www.digitalcameraschool.it\/home\/wp-content\/uploads\/2022\/05\/logo-rotondo-dcs.png","width":500,"height":500,"caption":"Digital Camera School"},"image":{"@id":"https:\/\/www.digitalcameraschool.it\/home\/#\/schema\/logo\/image\/"},"sameAs":["https:\/\/www.facebook.com\/digitalcameraschool","https:\/\/www.instagram.com\/digital_camera_school\/","https:\/\/www.youtube.com\/c\/digitalcameraschool_tv"]}]}},"_links":{"self":[{"href":"https:\/\/www.digitalcameraschool.it\/home\/wp-json\/wp\/v2\/product\/43483","targetHints":{"allow":["GET"]}}],"collection":[{"href":"https:\/\/www.digitalcameraschool.it\/home\/wp-json\/wp\/v2\/product"}],"about":[{"href":"https:\/\/www.digitalcameraschool.it\/home\/wp-json\/wp\/v2\/types\/product"}],"wp:featuredmedia":[{"embeddable":true,"href":"https:\/\/www.digitalcameraschool.it\/home\/wp-json\/wp\/v2\/media\/43484"}],"wp:attachment":[{"href":"https:\/\/www.digitalcameraschool.it\/home\/wp-json\/wp\/v2\/media?parent=43483"}],"wp:term":[{"taxonomy":"product_brand","embeddable":true,"href":"https:\/\/www.digitalcameraschool.it\/home\/wp-json\/wp\/v2\/product_brand?post=43483"},{"taxonomy":"product_cat","embeddable":true,"href":"https:\/\/www.digitalcameraschool.it\/home\/wp-json\/wp\/v2\/product_cat?post=43483"},{"taxonomy":"product_tag","embeddable":true,"href":"https:\/\/www.digitalcameraschool.it\/home\/wp-json\/wp\/v2\/product_tag?post=43483"}],"curies":[{"name":"wp","href":"https:\/\/api.w.org\/{rel}","templated":true}]}}