{"id":43479,"date":"2026-01-30T18:27:49","date_gmt":"2026-01-30T17:27:49","guid":{"rendered":"https:\/\/www.digitalcameraschool.it\/home\/?post_type=product&#038;p=43479"},"modified":"2026-04-09T16:35:29","modified_gmt":"2026-04-09T14:35:29","slug":"firenze-workshop-tramonto-e-notturna-sabato-30-maggio","status":"publish","type":"product","link":"https:\/\/www.digitalcameraschool.it\/home\/prodotto\/firenze-workshop-tramonto-e-notturna-sabato-30-maggio\/","title":{"rendered":"FIRENZE Workshop tramonto e notturna &#8211; Sabato 30 maggio"},"content":{"rendered":"<div class=\"o9v6fnle cxmmr5t8 oygrvhab hcukyx3x c1et5uql\">\n<p class=\"p1\">Un workshop di fotografia al tramonto e notturna,<span class=\"Apple-converted-space\">\u00a0 <\/span>in una delle citt\u00e0 pi\u00f9 belle d\u2019Italia dove vedremo tecniche, attrezzature idee e stimoli per migliorare la propria fotografia di paesa<span class=\"s1\">ggio\u00a0<\/span>e creare cos\u00ec un metodo ideale controllare al meglio lo scatto.<\/p>\n<p><strong>\u2705 PRE-REQUISITI\u00a0<\/strong><\/p>\n<p>L\u2019uscita \u00e8 aperta a tutti e si riesce ad apprezzare al meglio se si possiede almeno la conoscenza base di ISO-TEMPI-DIAFRAMMI.<\/p>\n<hr \/>\n<p><strong>\u2705 COSA VEDREMO<\/strong><\/p>\n<p>\u2013 I pro e i contro dei vari formati del sensore (FF, APSC, micro 4:3,\u2026)<br \/>\n\u2013 Uso del grandangolo<br \/>\n\u2013 Tecniche e regole di composizione<br \/>\n\u2013 Analisi della prospettiva e punti di ripresa<br \/>\n\u2013 Fotografare i dettagli del paesaggio<br \/>\n\u2013 Composizione del colore e delle linee<br \/>\n\u2013 Geometrie, linee cadenti e controllo della distorsione<br \/>\n\u2013 Regolazioni di messa a fuoco e gestione degli ISO<br \/>\n\u2013 Utilizzo dei filtri a densit\u00e0 neutra, polarizzatori e digradanti<br \/>\n\u2013 Doppie esposizioni, HDR e metodi di fusione del RAW<br \/>\n\u2013 L\u2019importanza dell\u2019iperfocale nella fotografia paesaggistica<br \/>\n\u2013 La tecnica del focus stacking per ottimizzare la profondit\u00e0 di campo e la nitidezza<br \/>\n\u2013 Lunghe esposizioni<br \/>\n\u2013 Possibilit\u00e0 di stampa con Saal Digital (codice sconto)<br \/>\n\u2013 Creazione gruppo Telegram<\/p>\n<hr \/>\n<p><strong>\u2705 PROGRAMMA INDICATIVO<\/strong><\/p>\n<div>\n<div><\/div>\n<div>\n<div>\n<div>\n<div>\n<div><strong><span style=\"color: #000000; font-family: verdana, sans-serif;\">Sabato 30 maggio<\/span><\/strong><\/div>\n<div>\n<div>Ore 16.00 Ritrovo al Piazzale Michelangelo presso la statua per il briefing iniziale<\/div>\n<div>\u00a0Ore 16.15 ci spostiamo al punto di scatto<\/div>\n<div>\u00a0Ore 21.00 Tramonto<\/div>\n<div>\u00a0Ore 21.15 Ci spostiamo verso il Ponte Vecchio<\/div>\n<div>\u00a0 Ore 22.30 Sessione in notturna<\/div>\n<div>\u00a0Ore 24.00 Termine workshop<\/div>\n<\/div>\n<\/div>\n<div>\n<div><\/div>\n<\/div>\n<\/div>\n<div><strong><span style=\"color: #000000; font-family: verdana, sans-serif;\">\u2022 ABBIGLIAMENTO<\/span><\/strong><\/div>\n<div>\n<p><span style=\"color: #000000; font-family: verdana, sans-serif;\">Consigliamo un abbigliamento adatto alla stagione e scarpe comode<\/span><\/p>\n<p><strong><span style=\"color: #000000; font-family: verdana, sans-serif;\">\u2022 ATTREZZATURA UTILE<\/span><\/strong><\/p>\n<p><span style=\"color: #000000; font-family: verdana, sans-serif;\">Fotocamera con batterie cariche e schede di memoria libere<br \/>\nTreppiedi<br \/>\nObiettivi dal grandangolo al teleobiettivo<br \/>\nFiltri ND e CPL<\/span><\/p>\n<\/div>\n<\/div>\n<div>\n<div><\/div>\n<\/div>\n<\/div>\n<\/div>\n<\/div>\n<hr \/>\n<p>\u2705 <strong>NUMERO MIN-MAX DI PARTECIPANTI<\/strong><\/p>\n<p>MINIMO 05 PERSONE<\/p>\n<p>MAX\u00a0 10 PERSONE<\/p>\n<hr \/>\n<p>\u2705 <strong>DOCENTE<\/strong><\/p>\n<p>Marco Viviani: Ora che le fotocamere digitali sono cosi\u2019 potenti ed efficaci ,la questione non \u00e8 pi\u00f9 \u201ccome\u201d fotografare ma \u201ccosa\u201d fotografare. La macchina fotografica moderna spalanca orizzonti che erano immaginabili per i \u201cpadri fondatori\u201d della fotografia : si pu\u00f2 scattare nel buio quasi totale, riprendere sequenze con la rapidit\u00e0 di una mitragliatrice e raccogliere e raccontare migliaia di immagini senza interruzioni.<br \/>\nUna delle lezioni pi\u00f9 importanti della fotografia \u00e8 che tutta la luce \u00e8 buona e tutte le condizioni sono buone : bisogna semplicemente capire come lavorare in ogni situazione. Durante questo mio cammino di 5 anni con viaggi in Italia che all\u2019estero ho incontrato molte difficolt\u00e0 ma non sono altro che opportunit\u00e0 per far emergere l\u2019artista che \u00e8 in voi.<\/p>\n<hr \/>\n<div><strong>\u2705 PREZZO DEL CORSO\u00a0<\/strong><\/div>\n<div>\n<p>l prezzo del corso \u00e8 di 100,00 euro a persona.<br \/>\nSe possiedi la nostra Education Card il prezzo del corso \u00e8 70,00 Euro.<\/p>\n<\/div>\n<div>\n<p><strong>\u00a0\u2705 COSA \u00c8 ESCLUSO DAL PREZZO<\/strong><br \/>\n\u2013 Trasporto<br \/>\n\u2013 Cibi e Bevande<br \/>\n\u2013 Pernottamento<br \/>\n\u2013 Tutto quello non specificato in compreso<\/p>\n<hr \/>\n<\/div>\n<div>\n<div class=\"o9v6fnle cxmmr5t8 oygrvhab hcukyx3x c1et5uql\"><strong>\u2705 ACCOMPAGNATORI<\/strong><\/div>\n<div class=\"o9v6fnle cxmmr5t8 oygrvhab hcukyx3x c1et5uql\">Gli amici accompagnatori non fotografi sono benvenuti. Non devono versare nessuna quota.<\/div>\n<div><\/div>\n<div>\n<hr \/>\n<\/div>\n<p><strong>\u2705\u00a0ANNULLAMENTI\/RINVII<\/strong><\/p>\n<\/div>\n<p>\u2013 In caso di mancata partecipazione al corso \u00e8 possibile usufruire dell\u2019importo versato in altri nostri workshop o attivit\u00e0 proposte.<br \/>\n\u2013 In caso di annullamento da parte dell\u2019organizzatore si potr\u00e0 chiedere il rimborso della quota oppure ottenere un buono per un\u2019altra attivit\u00e0.<\/p>\n<p>Cerchiamo sempre di incontrare le esigenze di chi decide di frequentare le nostre attivit\u00e0 e dare importanza al tempo e il denaro impiegato. Con questa filosofia, nei workshop di un giorno, la quota di partecipazione sar\u00e0 sempre disponibile.<\/p>\n<hr \/>\n<div><strong>\u2705 CONSIGLI PER I PERNOTTAMENTI<\/strong><\/div>\n<div>La piattaforma booking \u00e8 l&#8217;ideale per trovare la sistemazione ideale per ciascuna esigenza<\/div>\n<div>https:\/\/www.booking.com\/<\/div>\n<div>NB Ricordati di attivare l&#8217;opzione cancellazione gratuita, in modo da non incorrere in penali qualora dovessimo rimandare il workshop<\/div>\n","protected":false},"excerpt":{"rendered":"<p>Un workshop di fotografia al tramonto e notturna,\u00a0 in una delle citt\u00e0 pi\u00f9 belle d\u2019Italia dove vedremo tecniche, attrezzature idee e stimoli per migliorare la propria fotografia di&#8230;<\/p>\n","protected":false},"featured_media":43480,"template":"","meta":{"pmpro_default_level":""},"product_brand":[],"product_cat":[167,110],"product_tag":[],"class_list":{"0":"post-43479","1":"product","2":"type-product","3":"status-publish","4":"has-post-thumbnail","6":"product_cat-corsi","7":"product_cat-workshop","8":"pmpro-has-access","10":"first","11":"instock","12":"virtual","13":"taxable","14":"purchasable","15":"product-type-simple"},"acf":[],"yoast_head":"<!-- This site is optimized with the Yoast SEO plugin v27.5 - https:\/\/yoast.com\/product\/yoast-seo-wordpress\/ -->\n<title>FIRENZE Workshop tramonto e notturna - Sabato 30 maggio - Digital Camera School - Corsi di fotografia<\/title>\n<meta name=\"robots\" content=\"index, follow, max-snippet:-1, max-image-preview:large, max-video-preview:-1\" \/>\n<link rel=\"canonical\" href=\"https:\/\/www.digitalcameraschool.it\/home\/prodotto\/firenze-workshop-tramonto-e-notturna-sabato-30-maggio\/\" \/>\n<meta property=\"og:locale\" content=\"it_IT\" \/>\n<meta property=\"og:type\" content=\"article\" \/>\n<meta property=\"og:title\" content=\"FIRENZE Workshop tramonto e notturna - Sabato 30 maggio - Digital Camera School - Corsi di fotografia\" \/>\n<meta property=\"og:description\" content=\"Un workshop di fotografia al tramonto e notturna,\u00a0 in una delle citt\u00e0 pi\u00f9 belle d\u2019Italia dove vedremo tecniche, attrezzature idee e stimoli per migliorare la propria fotografia di...\" \/>\n<meta property=\"og:url\" content=\"https:\/\/www.digitalcameraschool.it\/home\/prodotto\/firenze-workshop-tramonto-e-notturna-sabato-30-maggio\/\" \/>\n<meta property=\"og:site_name\" content=\"Digital Camera School - Corsi di fotografia\" \/>\n<meta property=\"article:publisher\" content=\"https:\/\/www.facebook.com\/digitalcameraschool\" \/>\n<meta property=\"article:modified_time\" content=\"2026-04-09T14:35:29+00:00\" \/>\n<meta property=\"og:image\" content=\"https:\/\/www.digitalcameraschool.it\/home\/wp-content\/uploads\/2026\/01\/432.jpg\" \/>\n\t<meta property=\"og:image:width\" content=\"2500\" \/>\n\t<meta property=\"og:image:height\" content=\"2500\" \/>\n\t<meta property=\"og:image:type\" content=\"image\/jpeg\" \/>\n<meta name=\"twitter:card\" content=\"summary_large_image\" \/>\n<meta name=\"twitter:label1\" content=\"Tempo di lettura stimato\" \/>\n\t<meta name=\"twitter:data1\" content=\"4 minuti\" \/>\n<script type=\"application\/ld+json\" class=\"yoast-schema-graph\">{\"@context\":\"https:\\\/\\\/schema.org\",\"@graph\":[{\"@type\":\"WebPage\",\"@id\":\"https:\\\/\\\/www.digitalcameraschool.it\\\/home\\\/prodotto\\\/firenze-workshop-tramonto-e-notturna-sabato-30-maggio\\\/\",\"url\":\"https:\\\/\\\/www.digitalcameraschool.it\\\/home\\\/prodotto\\\/firenze-workshop-tramonto-e-notturna-sabato-30-maggio\\\/\",\"name\":\"FIRENZE Workshop tramonto e notturna - Sabato 30 maggio - Digital Camera School - Corsi di fotografia\",\"isPartOf\":{\"@id\":\"https:\\\/\\\/www.digitalcameraschool.it\\\/home\\\/#website\"},\"primaryImageOfPage\":{\"@id\":\"https:\\\/\\\/www.digitalcameraschool.it\\\/home\\\/prodotto\\\/firenze-workshop-tramonto-e-notturna-sabato-30-maggio\\\/#primaryimage\"},\"image\":{\"@id\":\"https:\\\/\\\/www.digitalcameraschool.it\\\/home\\\/prodotto\\\/firenze-workshop-tramonto-e-notturna-sabato-30-maggio\\\/#primaryimage\"},\"thumbnailUrl\":\"https:\\\/\\\/www.digitalcameraschool.it\\\/home\\\/wp-content\\\/uploads\\\/2026\\\/01\\\/432.jpg\",\"datePublished\":\"2026-01-30T17:27:49+00:00\",\"dateModified\":\"2026-04-09T14:35:29+00:00\",\"breadcrumb\":{\"@id\":\"https:\\\/\\\/www.digitalcameraschool.it\\\/home\\\/prodotto\\\/firenze-workshop-tramonto-e-notturna-sabato-30-maggio\\\/#breadcrumb\"},\"inLanguage\":\"it-IT\",\"potentialAction\":[{\"@type\":\"ReadAction\",\"target\":[\"https:\\\/\\\/www.digitalcameraschool.it\\\/home\\\/prodotto\\\/firenze-workshop-tramonto-e-notturna-sabato-30-maggio\\\/\"]}]},{\"@type\":\"ImageObject\",\"inLanguage\":\"it-IT\",\"@id\":\"https:\\\/\\\/www.digitalcameraschool.it\\\/home\\\/prodotto\\\/firenze-workshop-tramonto-e-notturna-sabato-30-maggio\\\/#primaryimage\",\"url\":\"https:\\\/\\\/www.digitalcameraschool.it\\\/home\\\/wp-content\\\/uploads\\\/2026\\\/01\\\/432.jpg\",\"contentUrl\":\"https:\\\/\\\/www.digitalcameraschool.it\\\/home\\\/wp-content\\\/uploads\\\/2026\\\/01\\\/432.jpg\",\"width\":2500,\"height\":2500},{\"@type\":\"BreadcrumbList\",\"@id\":\"https:\\\/\\\/www.digitalcameraschool.it\\\/home\\\/prodotto\\\/firenze-workshop-tramonto-e-notturna-sabato-30-maggio\\\/#breadcrumb\",\"itemListElement\":[{\"@type\":\"ListItem\",\"position\":1,\"name\":\"Home\",\"item\":\"https:\\\/\\\/www.digitalcameraschool.it\\\/home\\\/\"},{\"@type\":\"ListItem\",\"position\":2,\"name\":\"Shop\",\"item\":\"https:\\\/\\\/www.digitalcameraschool.it\\\/home\\\/shop\\\/\"},{\"@type\":\"ListItem\",\"position\":3,\"name\":\"FIRENZE Workshop tramonto e notturna &#8211; Sabato 30 maggio\"}]},{\"@type\":\"WebSite\",\"@id\":\"https:\\\/\\\/www.digitalcameraschool.it\\\/home\\\/#website\",\"url\":\"https:\\\/\\\/www.digitalcameraschool.it\\\/home\\\/\",\"name\":\"Digital Camera School - Corsi di fotografia\",\"description\":\"Corsi, workshop, viaggi e molto altro!\",\"publisher\":{\"@id\":\"https:\\\/\\\/www.digitalcameraschool.it\\\/home\\\/#organization\"},\"potentialAction\":[{\"@type\":\"SearchAction\",\"target\":{\"@type\":\"EntryPoint\",\"urlTemplate\":\"https:\\\/\\\/www.digitalcameraschool.it\\\/home\\\/?s={search_term_string}\"},\"query-input\":{\"@type\":\"PropertyValueSpecification\",\"valueRequired\":true,\"valueName\":\"search_term_string\"}}],\"inLanguage\":\"it-IT\"},{\"@type\":\"Organization\",\"@id\":\"https:\\\/\\\/www.digitalcameraschool.it\\\/home\\\/#organization\",\"name\":\"Digital Camera School\",\"url\":\"https:\\\/\\\/www.digitalcameraschool.it\\\/home\\\/\",\"logo\":{\"@type\":\"ImageObject\",\"inLanguage\":\"it-IT\",\"@id\":\"https:\\\/\\\/www.digitalcameraschool.it\\\/home\\\/#\\\/schema\\\/logo\\\/image\\\/\",\"url\":\"https:\\\/\\\/www.digitalcameraschool.it\\\/home\\\/wp-content\\\/uploads\\\/2022\\\/05\\\/logo-rotondo-dcs.png\",\"contentUrl\":\"https:\\\/\\\/www.digitalcameraschool.it\\\/home\\\/wp-content\\\/uploads\\\/2022\\\/05\\\/logo-rotondo-dcs.png\",\"width\":500,\"height\":500,\"caption\":\"Digital Camera School\"},\"image\":{\"@id\":\"https:\\\/\\\/www.digitalcameraschool.it\\\/home\\\/#\\\/schema\\\/logo\\\/image\\\/\"},\"sameAs\":[\"https:\\\/\\\/www.facebook.com\\\/digitalcameraschool\",\"https:\\\/\\\/www.instagram.com\\\/digital_camera_school\\\/\",\"https:\\\/\\\/www.youtube.com\\\/c\\\/digitalcameraschool_tv\"]}]}<\/script>\n<!-- \/ Yoast SEO plugin. -->","yoast_head_json":{"title":"FIRENZE Workshop tramonto e notturna - Sabato 30 maggio - Digital Camera School - Corsi di fotografia","robots":{"index":"index","follow":"follow","max-snippet":"max-snippet:-1","max-image-preview":"max-image-preview:large","max-video-preview":"max-video-preview:-1"},"canonical":"https:\/\/www.digitalcameraschool.it\/home\/prodotto\/firenze-workshop-tramonto-e-notturna-sabato-30-maggio\/","og_locale":"it_IT","og_type":"article","og_title":"FIRENZE Workshop tramonto e notturna - Sabato 30 maggio - Digital Camera School - Corsi di fotografia","og_description":"Un workshop di fotografia al tramonto e notturna,\u00a0 in una delle citt\u00e0 pi\u00f9 belle d\u2019Italia dove vedremo tecniche, attrezzature idee e stimoli per migliorare la propria fotografia di...","og_url":"https:\/\/www.digitalcameraschool.it\/home\/prodotto\/firenze-workshop-tramonto-e-notturna-sabato-30-maggio\/","og_site_name":"Digital Camera School - Corsi di fotografia","article_publisher":"https:\/\/www.facebook.com\/digitalcameraschool","article_modified_time":"2026-04-09T14:35:29+00:00","og_image":[{"width":2500,"height":2500,"url":"https:\/\/www.digitalcameraschool.it\/home\/wp-content\/uploads\/2026\/01\/432.jpg","type":"image\/jpeg"}],"twitter_card":"summary_large_image","twitter_misc":{"Tempo di lettura stimato":"4 minuti"},"schema":{"@context":"https:\/\/schema.org","@graph":[{"@type":"WebPage","@id":"https:\/\/www.digitalcameraschool.it\/home\/prodotto\/firenze-workshop-tramonto-e-notturna-sabato-30-maggio\/","url":"https:\/\/www.digitalcameraschool.it\/home\/prodotto\/firenze-workshop-tramonto-e-notturna-sabato-30-maggio\/","name":"FIRENZE Workshop tramonto e notturna - Sabato 30 maggio - Digital Camera School - Corsi di fotografia","isPartOf":{"@id":"https:\/\/www.digitalcameraschool.it\/home\/#website"},"primaryImageOfPage":{"@id":"https:\/\/www.digitalcameraschool.it\/home\/prodotto\/firenze-workshop-tramonto-e-notturna-sabato-30-maggio\/#primaryimage"},"image":{"@id":"https:\/\/www.digitalcameraschool.it\/home\/prodotto\/firenze-workshop-tramonto-e-notturna-sabato-30-maggio\/#primaryimage"},"thumbnailUrl":"https:\/\/www.digitalcameraschool.it\/home\/wp-content\/uploads\/2026\/01\/432.jpg","datePublished":"2026-01-30T17:27:49+00:00","dateModified":"2026-04-09T14:35:29+00:00","breadcrumb":{"@id":"https:\/\/www.digitalcameraschool.it\/home\/prodotto\/firenze-workshop-tramonto-e-notturna-sabato-30-maggio\/#breadcrumb"},"inLanguage":"it-IT","potentialAction":[{"@type":"ReadAction","target":["https:\/\/www.digitalcameraschool.it\/home\/prodotto\/firenze-workshop-tramonto-e-notturna-sabato-30-maggio\/"]}]},{"@type":"ImageObject","inLanguage":"it-IT","@id":"https:\/\/www.digitalcameraschool.it\/home\/prodotto\/firenze-workshop-tramonto-e-notturna-sabato-30-maggio\/#primaryimage","url":"https:\/\/www.digitalcameraschool.it\/home\/wp-content\/uploads\/2026\/01\/432.jpg","contentUrl":"https:\/\/www.digitalcameraschool.it\/home\/wp-content\/uploads\/2026\/01\/432.jpg","width":2500,"height":2500},{"@type":"BreadcrumbList","@id":"https:\/\/www.digitalcameraschool.it\/home\/prodotto\/firenze-workshop-tramonto-e-notturna-sabato-30-maggio\/#breadcrumb","itemListElement":[{"@type":"ListItem","position":1,"name":"Home","item":"https:\/\/www.digitalcameraschool.it\/home\/"},{"@type":"ListItem","position":2,"name":"Shop","item":"https:\/\/www.digitalcameraschool.it\/home\/shop\/"},{"@type":"ListItem","position":3,"name":"FIRENZE Workshop tramonto e notturna &#8211; Sabato 30 maggio"}]},{"@type":"WebSite","@id":"https:\/\/www.digitalcameraschool.it\/home\/#website","url":"https:\/\/www.digitalcameraschool.it\/home\/","name":"Digital Camera School - Corsi di fotografia","description":"Corsi, workshop, viaggi e molto altro!","publisher":{"@id":"https:\/\/www.digitalcameraschool.it\/home\/#organization"},"potentialAction":[{"@type":"SearchAction","target":{"@type":"EntryPoint","urlTemplate":"https:\/\/www.digitalcameraschool.it\/home\/?s={search_term_string}"},"query-input":{"@type":"PropertyValueSpecification","valueRequired":true,"valueName":"search_term_string"}}],"inLanguage":"it-IT"},{"@type":"Organization","@id":"https:\/\/www.digitalcameraschool.it\/home\/#organization","name":"Digital Camera School","url":"https:\/\/www.digitalcameraschool.it\/home\/","logo":{"@type":"ImageObject","inLanguage":"it-IT","@id":"https:\/\/www.digitalcameraschool.it\/home\/#\/schema\/logo\/image\/","url":"https:\/\/www.digitalcameraschool.it\/home\/wp-content\/uploads\/2022\/05\/logo-rotondo-dcs.png","contentUrl":"https:\/\/www.digitalcameraschool.it\/home\/wp-content\/uploads\/2022\/05\/logo-rotondo-dcs.png","width":500,"height":500,"caption":"Digital Camera School"},"image":{"@id":"https:\/\/www.digitalcameraschool.it\/home\/#\/schema\/logo\/image\/"},"sameAs":["https:\/\/www.facebook.com\/digitalcameraschool","https:\/\/www.instagram.com\/digital_camera_school\/","https:\/\/www.youtube.com\/c\/digitalcameraschool_tv"]}]}},"_links":{"self":[{"href":"https:\/\/www.digitalcameraschool.it\/home\/wp-json\/wp\/v2\/product\/43479","targetHints":{"allow":["GET"]}}],"collection":[{"href":"https:\/\/www.digitalcameraschool.it\/home\/wp-json\/wp\/v2\/product"}],"about":[{"href":"https:\/\/www.digitalcameraschool.it\/home\/wp-json\/wp\/v2\/types\/product"}],"wp:featuredmedia":[{"embeddable":true,"href":"https:\/\/www.digitalcameraschool.it\/home\/wp-json\/wp\/v2\/media\/43480"}],"wp:attachment":[{"href":"https:\/\/www.digitalcameraschool.it\/home\/wp-json\/wp\/v2\/media?parent=43479"}],"wp:term":[{"taxonomy":"product_brand","embeddable":true,"href":"https:\/\/www.digitalcameraschool.it\/home\/wp-json\/wp\/v2\/product_brand?post=43479"},{"taxonomy":"product_cat","embeddable":true,"href":"https:\/\/www.digitalcameraschool.it\/home\/wp-json\/wp\/v2\/product_cat?post=43479"},{"taxonomy":"product_tag","embeddable":true,"href":"https:\/\/www.digitalcameraschool.it\/home\/wp-json\/wp\/v2\/product_tag?post=43479"}],"curies":[{"name":"wp","href":"https:\/\/api.w.org\/{rel}","templated":true}]}}