{"id":41356,"date":"2025-07-05T09:02:01","date_gmt":"2025-07-05T07:02:01","guid":{"rendered":"https:\/\/www.digitalcameraschool.it\/home\/?post_type=product&#038;p=41356"},"modified":"2026-01-18T12:45:37","modified_gmt":"2026-01-18T11:45:37","slug":"bianco-e-nero-online-2","status":"publish","type":"product","link":"https:\/\/www.digitalcameraschool.it\/home\/prodotto\/bianco-e-nero-online-2\/","title":{"rendered":"Bianco e nero base<br>5 incontri da luned\u00ec 12 gennaio"},"content":{"rendered":"<p>Con questo corso formato da 5 incontri si vuole offrire una base concreta di conoscenze teoriche e pratiche sulla fotografia in bianco e nero, mettendo in mano a chi parteciper\u00e0 tutto ci\u00f2 che serve per portare a casa scatti ben realizzati (dall&#8217;idea alla stampa finale).<\/p>\n<p>\u2705 <strong>ARGOMENTI<\/strong><\/p>\n<p><strong>\u2022 Bianco e nero: teoria e pratica<\/strong><\/p>\n<p style=\"padding-left: 40px;\">&#8211; Pensare per <strong>luminosit\u00e0<\/strong> e non per colore<br \/>\n&#8211; I vari tipi di <strong>monocromie<\/strong><br \/>\n&#8211; Confronto delle <strong>possibilit\u00e0<\/strong> dei vari mezzi fotografici (analogici, digitali, mobile)<br \/>\n&#8211; <strong>Analisi delle foto<\/strong> di grandi autori\/autrici e non<br \/>\n&#8211; Come <strong>impostare la macchina<\/strong> in modo ottimale<\/p>\n<div class=\"o9v6fnle cxmmr5t8 oygrvhab hcukyx3x c1et5uql\" style=\"text-align: justify;\">\n<p><strong>\u2022 Post-produzione<\/strong><\/p>\n<\/div>\n<div class=\"o9v6fnle cxmmr5t8 oygrvhab hcukyx3x c1et5uql\" style=\"padding-left: 40px; text-align: justify;\">&#8211; <strong>Potenzialit\u00e0<\/strong> dei vari software (Adobe Photoshop, Adobe Camera Raw, Adobe Lightroom, Silver Efex Pro)<br \/>\n&#8211; <strong>Flusso di lavoro ideale<\/strong> con la visione passo per passo delle tecniche pi\u00f9 efficaci<br \/>\n&#8211; Riceverai diverse <strong>azioni\/preset<\/strong> per i vari software, con le istruzioni per l\u2019installazione<\/div>\n<div>\n<div class=\"o9v6fnle cxmmr5t8 oygrvhab hcukyx3x c1et5uql\" style=\"padding-left: 40px; text-align: justify;\">&#8211; Lavoriamo direttamente sulle <strong>foto inviate dalle persone partecipanti<\/strong>!<br \/>\n&#8211; <strong>Esportare<\/strong> per il bianco e nero: consigli fondamentali<\/div>\n<\/div>\n<hr \/>\n<div><\/div>\n<div>\n<figure id=\"attachment_32731\" aria-describedby=\"caption-attachment-32731\" style=\"width: 2560px\" class=\"wp-caption aligncenter\"><img loading=\"lazy\" decoding=\"async\" class=\"size-full wp-image-32731\" src=\"https:\/\/www.digitalcameraschool.it\/home\/wp-content\/uploads\/2022\/02\/lavorazione_bianco-nero_acr-scaled.jpg\" alt=\"\" width=\"2560\" height=\"1468\" srcset=\"https:\/\/www.digitalcameraschool.it\/home\/wp-content\/uploads\/2022\/02\/lavorazione_bianco-nero_acr-scaled.jpg 2560w, https:\/\/www.digitalcameraschool.it\/home\/wp-content\/uploads\/2022\/02\/lavorazione_bianco-nero_acr-300x172.jpg 300w, https:\/\/www.digitalcameraschool.it\/home\/wp-content\/uploads\/2022\/02\/lavorazione_bianco-nero_acr-1024x587.jpg 1024w, https:\/\/www.digitalcameraschool.it\/home\/wp-content\/uploads\/2022\/02\/lavorazione_bianco-nero_acr-768x441.jpg 768w, https:\/\/www.digitalcameraschool.it\/home\/wp-content\/uploads\/2022\/02\/lavorazione_bianco-nero_acr-1536x881.jpg 1536w, https:\/\/www.digitalcameraschool.it\/home\/wp-content\/uploads\/2022\/02\/lavorazione_bianco-nero_acr-2048x1175.jpg 2048w, https:\/\/www.digitalcameraschool.it\/home\/wp-content\/uploads\/2022\/02\/lavorazione_bianco-nero_acr-600x344.jpg 600w\" sizes=\"auto, (max-width: 2560px) 100vw, 2560px\" \/><figcaption id=\"caption-attachment-32731\" class=\"wp-caption-text\">Interventi locali: fondamentali se si vuole arrivare a una buona conversione.<\/figcaption><\/figure>\n<\/div>\n<div>\n<hr \/>\n<\/div>\n<div>\n<figure id=\"attachment_32730\" aria-describedby=\"caption-attachment-32730\" style=\"width: 421px\" class=\"wp-caption aligncenter\"><img loading=\"lazy\" decoding=\"async\" class=\"wp-image-32730\" src=\"https:\/\/www.digitalcameraschool.it\/home\/wp-content\/uploads\/2022\/02\/scheda-analisi_bw.jpg\" alt=\"\" width=\"421\" height=\"596\" srcset=\"https:\/\/www.digitalcameraschool.it\/home\/wp-content\/uploads\/2022\/02\/scheda-analisi_bw.jpg 800w, https:\/\/www.digitalcameraschool.it\/home\/wp-content\/uploads\/2022\/02\/scheda-analisi_bw-212x300.jpg 212w, https:\/\/www.digitalcameraschool.it\/home\/wp-content\/uploads\/2022\/02\/scheda-analisi_bw-722x1024.jpg 722w, https:\/\/www.digitalcameraschool.it\/home\/wp-content\/uploads\/2022\/02\/scheda-analisi_bw-768x1089.jpg 768w, https:\/\/www.digitalcameraschool.it\/home\/wp-content\/uploads\/2022\/02\/scheda-analisi_bw-600x851.jpg 600w\" sizes=\"auto, (max-width: 421px) 100vw, 421px\" \/><figcaption id=\"caption-attachment-32730\" class=\"wp-caption-text\">Un&#8217;utilissima scheda che daremo in formato pdf (ovviamente non sfocata). \ud83d\ude42 Perfetta per comprendere se si sta facendo o si ha fatto un buon lavoro.<\/figcaption><\/figure>\n<\/div>\n<div><\/div>\n<div>\n<hr \/>\n<\/div>\n<div><\/div>\n<div><\/div>\n<div>\n<figure id=\"attachment_27305\" aria-describedby=\"caption-attachment-27305\" style=\"width: 640px\" class=\"wp-caption aligncenter\"><img loading=\"lazy\" decoding=\"async\" class=\"size-large wp-image-27305\" src=\"https:\/\/www.digitalcameraschool.it\/home\/wp-content\/uploads\/2022\/02\/bw_silverefex-esempio-1024x592.jpg\" alt=\"\" width=\"640\" height=\"370\" srcset=\"https:\/\/www.digitalcameraschool.it\/home\/wp-content\/uploads\/2022\/02\/bw_silverefex-esempio-1024x592.jpg 1024w, https:\/\/www.digitalcameraschool.it\/home\/wp-content\/uploads\/2022\/02\/bw_silverefex-esempio-300x174.jpg 300w, https:\/\/www.digitalcameraschool.it\/home\/wp-content\/uploads\/2022\/02\/bw_silverefex-esempio-768x444.jpg 768w, https:\/\/www.digitalcameraschool.it\/home\/wp-content\/uploads\/2022\/02\/bw_silverefex-esempio-1536x889.jpg 1536w, https:\/\/www.digitalcameraschool.it\/home\/wp-content\/uploads\/2022\/02\/bw_silverefex-esempio-2048x1185.jpg 2048w, https:\/\/www.digitalcameraschool.it\/home\/wp-content\/uploads\/2022\/02\/bw_silverefex-esempio-600x347.jpg 600w\" sizes=\"auto, (max-width: 640px) 100vw, 640px\" \/><figcaption id=\"caption-attachment-27305\" class=\"wp-caption-text\">Un utilizzo moderno della zonale di Ansel Adams.<\/figcaption><\/figure>\n<\/div>\n<div>\n<hr \/>\n<p><strong>\u2705 PROGRAMMA E ORARI<\/strong><\/p>\n<\/div>\n<div class=\"o9v6fnle cxmmr5t8 oygrvhab hcukyx3x c1et5uql\" style=\"text-align: justify; padding-left: 40px;\">\u2013 1\u00b0 incontro:luned\u00ec 12 gennaio 2026<br \/>\n\u2013 2\u00b0 incontro: luned\u00ec 19 gennaio 2026<br \/>\n\u2013 3\u00b0 incontro: luned\u00ec 26 gennaio 2026<br \/>\n\u2013 4\u00b0 incontro: luned\u00ec 02 febbraio 2026<br \/>\n\u2013 5\u00b0 incontro: luned\u00ec 09 febbraio 2026<\/div>\n<div><\/div>\n<div><span style=\"color: #ffffff;\">&#8230;<\/span><\/div>\n<div class=\"o9v6fnle cxmmr5t8 oygrvhab hcukyx3x c1et5uql\" style=\"text-align: justify;\">\u2022 20.25: collegamento<br \/>\n\u2022 20.30: inizio lezione<br \/>\n\u2022 22.00: fine lezione<\/div>\n<div><span style=\"color: #ffffff;\">&#8230;<\/span><\/div>\n<div class=\"o9v6fnle cxmmr5t8 oygrvhab hcukyx3x c1et5uql\" style=\"text-align: justify; padding-left: 40px;\">&#8211; Potrai parlare in diretta con il docente<br \/>\n&#8211; Oppure potrai scrive in chat privata o pubblica con il docente<\/div>\n<div style=\"padding-left: 40px;\"><\/div>\n<div class=\"o9v6fnle cxmmr5t8 oygrvhab hcukyx3x c1et5uql\" style=\"text-align: justify;\">\n<hr \/>\n<p><strong>\u2705 COME FUNZIONA<\/strong><\/p>\n<p>Useremo la piattaforma Zoom. Ogni incontro sar\u00e0 registrato e invieremo il video, utile in caso di assenza o anche solo per rivedere tutti i concetti espressi in aula. Il docente condivider\u00e0 il proprio desktop, cos\u00ec da rendere pi\u00f9 semplice e chiara la spiegazione.<\/p>\n<\/div>\n<div class=\"o9v6fnle cxmmr5t8 oygrvhab hcukyx3x c1et5uql\" style=\"text-align: justify;\">\n<hr \/>\n<p><strong>\u2705 COSA APPRENDERAI<br \/>\n<\/strong><br \/>\n\u2022 Comprendere il processo completo di creazione di una fotografia in Bianco e Nero<br \/>\n\u2022 Conoscere i grandi maestri della fotografia in Bianco e Nero<br \/>\n\u2022 Valutare correttamente le situazioni in cui l\u2019uso del Bianco e Nero \u00e8 ottimale<br \/>\n\u2022 Gli elementi estetici e compositivi che caratterizzano un\u2019immagine in Bianco e Nero<br \/>\n\u2022 Post-produrre le immagini da colori a B&amp;N con Photoshop, Lightroom e Silver Efex Pro: con ognuno vedremo le tecniche pi\u00f9 veloci ed efficaci<br \/>\n\u2022 Alcune tecniche avanzate di conversione<\/p>\n<p>&nbsp;<\/p>\n<p><span style=\"color: #ffffff;\">&#8230;<\/span><br \/>\n<img loading=\"lazy\" decoding=\"async\" class=\"aligncenter wp-image-32732\" src=\"https:\/\/www.digitalcameraschool.it\/home\/wp-content\/uploads\/2022\/02\/bretagna_faro-e-lui-scaled.jpeg\" alt=\"\" width=\"710\" height=\"1065\" srcset=\"https:\/\/www.digitalcameraschool.it\/home\/wp-content\/uploads\/2022\/02\/bretagna_faro-e-lui-scaled.jpeg 1706w, https:\/\/www.digitalcameraschool.it\/home\/wp-content\/uploads\/2022\/02\/bretagna_faro-e-lui-200x300.jpeg 200w, https:\/\/www.digitalcameraschool.it\/home\/wp-content\/uploads\/2022\/02\/bretagna_faro-e-lui-683x1024.jpeg 683w, https:\/\/www.digitalcameraschool.it\/home\/wp-content\/uploads\/2022\/02\/bretagna_faro-e-lui-768x1152.jpeg 768w, https:\/\/www.digitalcameraschool.it\/home\/wp-content\/uploads\/2022\/02\/bretagna_faro-e-lui-1024x1536.jpeg 1024w, https:\/\/www.digitalcameraschool.it\/home\/wp-content\/uploads\/2022\/02\/bretagna_faro-e-lui-1365x2048.jpeg 1365w, https:\/\/www.digitalcameraschool.it\/home\/wp-content\/uploads\/2022\/02\/bretagna_faro-e-lui-600x900.jpeg 600w\" sizes=\"auto, (max-width: 710px) 100vw, 710px\" \/><\/p>\n<\/div>\n<div><\/div>\n<div><\/div>\n","protected":false},"excerpt":{"rendered":"<p><span style=\"color: #ff9900;\">[wp-svg-icons icon=\"calendar\" wrap=\"i\"]<\/span> 5 incontri settimanali da luned\u00ec 12 gennaio 2026<br \/>\n<span style=\"color: #ff9900;\">[wp-svg-icons icon=\"clock-2\" wrap=\"i\"]<\/span> Dalle 20.30 alle 22.00<br \/>\n<span style=\"color: #ff9900;\">&#8230;<\/p>\n","protected":false},"featured_media":41701,"template":"","meta":{"pmpro_default_level":""},"product_brand":[],"product_cat":[167,40],"product_tag":[],"class_list":{"0":"post-41356","1":"product","2":"type-product","3":"status-publish","4":"has-post-thumbnail","6":"product_cat-corsi","7":"product_cat-corsi-in-diretta-on-line","8":"pmpro-has-access","10":"first","11":"instock","12":"virtual","13":"taxable","14":"purchasable","15":"product-type-simple"},"acf":[],"yoast_head":"<!-- This site is optimized with the Yoast SEO plugin v27.5 - https:\/\/yoast.com\/product\/yoast-seo-wordpress\/ -->\n<title>Bianco e nero base5 incontri da luned\u00ec 12 gennaio - Digital Camera School - Corsi di fotografia<\/title>\n<meta name=\"robots\" content=\"index, follow, max-snippet:-1, max-image-preview:large, max-video-preview:-1\" \/>\n<link rel=\"canonical\" href=\"https:\/\/www.digitalcameraschool.it\/home\/prodotto\/bianco-e-nero-online-2\/\" \/>\n<meta property=\"og:locale\" content=\"it_IT\" \/>\n<meta property=\"og:type\" content=\"article\" \/>\n<meta property=\"og:title\" content=\"Bianco e nero base5 incontri da luned\u00ec 12 gennaio - Digital Camera School - Corsi di fotografia\" \/>\n<meta property=\"og:description\" content=\"5 incontri settimanali da luned\u00ec 12 gennaio 2026  Dalle 20.30 alle 22.00 ...\" \/>\n<meta property=\"og:url\" content=\"https:\/\/www.digitalcameraschool.it\/home\/prodotto\/bianco-e-nero-online-2\/\" \/>\n<meta property=\"og:site_name\" content=\"Digital Camera School - Corsi di fotografia\" \/>\n<meta property=\"article:publisher\" content=\"https:\/\/www.facebook.com\/digitalcameraschool\" \/>\n<meta property=\"article:modified_time\" content=\"2026-01-18T11:45:37+00:00\" \/>\n<meta property=\"og:image\" content=\"https:\/\/www.digitalcameraschool.it\/home\/wp-content\/uploads\/2025\/07\/bianco-e-nero-online.jpg\" \/>\n\t<meta property=\"og:image:width\" content=\"1800\" \/>\n\t<meta property=\"og:image:height\" content=\"1800\" \/>\n\t<meta property=\"og:image:type\" content=\"image\/jpeg\" \/>\n<meta name=\"twitter:card\" content=\"summary_large_image\" \/>\n<meta name=\"twitter:label1\" content=\"Tempo di lettura stimato\" \/>\n\t<meta name=\"twitter:data1\" content=\"4 minuti\" \/>\n<script type=\"application\/ld+json\" class=\"yoast-schema-graph\">{\"@context\":\"https:\\\/\\\/schema.org\",\"@graph\":[{\"@type\":\"WebPage\",\"@id\":\"https:\\\/\\\/www.digitalcameraschool.it\\\/home\\\/prodotto\\\/bianco-e-nero-online-2\\\/\",\"url\":\"https:\\\/\\\/www.digitalcameraschool.it\\\/home\\\/prodotto\\\/bianco-e-nero-online-2\\\/\",\"name\":\"Bianco e nero base 5 incontri da luned\u00ec 12 gennaio - Digital Camera School - Corsi di fotografia\",\"isPartOf\":{\"@id\":\"https:\\\/\\\/www.digitalcameraschool.it\\\/home\\\/#website\"},\"primaryImageOfPage\":{\"@id\":\"https:\\\/\\\/www.digitalcameraschool.it\\\/home\\\/prodotto\\\/bianco-e-nero-online-2\\\/#primaryimage\"},\"image\":{\"@id\":\"https:\\\/\\\/www.digitalcameraschool.it\\\/home\\\/prodotto\\\/bianco-e-nero-online-2\\\/#primaryimage\"},\"thumbnailUrl\":\"https:\\\/\\\/www.digitalcameraschool.it\\\/home\\\/wp-content\\\/uploads\\\/2025\\\/07\\\/bianco-e-nero-online.jpg\",\"datePublished\":\"2025-07-05T07:02:01+00:00\",\"dateModified\":\"2026-01-18T11:45:37+00:00\",\"breadcrumb\":{\"@id\":\"https:\\\/\\\/www.digitalcameraschool.it\\\/home\\\/prodotto\\\/bianco-e-nero-online-2\\\/#breadcrumb\"},\"inLanguage\":\"it-IT\",\"potentialAction\":[{\"@type\":\"ReadAction\",\"target\":[\"https:\\\/\\\/www.digitalcameraschool.it\\\/home\\\/prodotto\\\/bianco-e-nero-online-2\\\/\"]}]},{\"@type\":\"ImageObject\",\"inLanguage\":\"it-IT\",\"@id\":\"https:\\\/\\\/www.digitalcameraschool.it\\\/home\\\/prodotto\\\/bianco-e-nero-online-2\\\/#primaryimage\",\"url\":\"https:\\\/\\\/www.digitalcameraschool.it\\\/home\\\/wp-content\\\/uploads\\\/2025\\\/07\\\/bianco-e-nero-online.jpg\",\"contentUrl\":\"https:\\\/\\\/www.digitalcameraschool.it\\\/home\\\/wp-content\\\/uploads\\\/2025\\\/07\\\/bianco-e-nero-online.jpg\",\"width\":1800,\"height\":1800},{\"@type\":\"BreadcrumbList\",\"@id\":\"https:\\\/\\\/www.digitalcameraschool.it\\\/home\\\/prodotto\\\/bianco-e-nero-online-2\\\/#breadcrumb\",\"itemListElement\":[{\"@type\":\"ListItem\",\"position\":1,\"name\":\"Home\",\"item\":\"https:\\\/\\\/www.digitalcameraschool.it\\\/home\\\/\"},{\"@type\":\"ListItem\",\"position\":2,\"name\":\"Shop\",\"item\":\"https:\\\/\\\/www.digitalcameraschool.it\\\/home\\\/shop\\\/\"},{\"@type\":\"ListItem\",\"position\":3,\"name\":\"Bianco e nero base5 incontri da luned\u00ec 12 gennaio\"}]},{\"@type\":\"WebSite\",\"@id\":\"https:\\\/\\\/www.digitalcameraschool.it\\\/home\\\/#website\",\"url\":\"https:\\\/\\\/www.digitalcameraschool.it\\\/home\\\/\",\"name\":\"Digital Camera School - Corsi di fotografia\",\"description\":\"Corsi, workshop, viaggi e molto altro!\",\"publisher\":{\"@id\":\"https:\\\/\\\/www.digitalcameraschool.it\\\/home\\\/#organization\"},\"potentialAction\":[{\"@type\":\"SearchAction\",\"target\":{\"@type\":\"EntryPoint\",\"urlTemplate\":\"https:\\\/\\\/www.digitalcameraschool.it\\\/home\\\/?s={search_term_string}\"},\"query-input\":{\"@type\":\"PropertyValueSpecification\",\"valueRequired\":true,\"valueName\":\"search_term_string\"}}],\"inLanguage\":\"it-IT\"},{\"@type\":\"Organization\",\"@id\":\"https:\\\/\\\/www.digitalcameraschool.it\\\/home\\\/#organization\",\"name\":\"Digital Camera School\",\"url\":\"https:\\\/\\\/www.digitalcameraschool.it\\\/home\\\/\",\"logo\":{\"@type\":\"ImageObject\",\"inLanguage\":\"it-IT\",\"@id\":\"https:\\\/\\\/www.digitalcameraschool.it\\\/home\\\/#\\\/schema\\\/logo\\\/image\\\/\",\"url\":\"https:\\\/\\\/www.digitalcameraschool.it\\\/home\\\/wp-content\\\/uploads\\\/2022\\\/05\\\/logo-rotondo-dcs.png\",\"contentUrl\":\"https:\\\/\\\/www.digitalcameraschool.it\\\/home\\\/wp-content\\\/uploads\\\/2022\\\/05\\\/logo-rotondo-dcs.png\",\"width\":500,\"height\":500,\"caption\":\"Digital Camera School\"},\"image\":{\"@id\":\"https:\\\/\\\/www.digitalcameraschool.it\\\/home\\\/#\\\/schema\\\/logo\\\/image\\\/\"},\"sameAs\":[\"https:\\\/\\\/www.facebook.com\\\/digitalcameraschool\",\"https:\\\/\\\/www.instagram.com\\\/digital_camera_school\\\/\",\"https:\\\/\\\/www.youtube.com\\\/c\\\/digitalcameraschool_tv\"]}]}<\/script>\n<!-- \/ Yoast SEO plugin. -->","yoast_head_json":{"title":"Bianco e nero base5 incontri da luned\u00ec 12 gennaio - Digital Camera School - Corsi di fotografia","robots":{"index":"index","follow":"follow","max-snippet":"max-snippet:-1","max-image-preview":"max-image-preview:large","max-video-preview":"max-video-preview:-1"},"canonical":"https:\/\/www.digitalcameraschool.it\/home\/prodotto\/bianco-e-nero-online-2\/","og_locale":"it_IT","og_type":"article","og_title":"Bianco e nero base5 incontri da luned\u00ec 12 gennaio - Digital Camera School - Corsi di fotografia","og_description":"5 incontri settimanali da luned\u00ec 12 gennaio 2026  Dalle 20.30 alle 22.00 ...","og_url":"https:\/\/www.digitalcameraschool.it\/home\/prodotto\/bianco-e-nero-online-2\/","og_site_name":"Digital Camera School - Corsi di fotografia","article_publisher":"https:\/\/www.facebook.com\/digitalcameraschool","article_modified_time":"2026-01-18T11:45:37+00:00","og_image":[{"width":1800,"height":1800,"url":"https:\/\/www.digitalcameraschool.it\/home\/wp-content\/uploads\/2025\/07\/bianco-e-nero-online.jpg","type":"image\/jpeg"}],"twitter_card":"summary_large_image","twitter_misc":{"Tempo di lettura stimato":"4 minuti"},"schema":{"@context":"https:\/\/schema.org","@graph":[{"@type":"WebPage","@id":"https:\/\/www.digitalcameraschool.it\/home\/prodotto\/bianco-e-nero-online-2\/","url":"https:\/\/www.digitalcameraschool.it\/home\/prodotto\/bianco-e-nero-online-2\/","name":"Bianco e nero base 5 incontri da luned\u00ec 12 gennaio - Digital Camera School - Corsi di fotografia","isPartOf":{"@id":"https:\/\/www.digitalcameraschool.it\/home\/#website"},"primaryImageOfPage":{"@id":"https:\/\/www.digitalcameraschool.it\/home\/prodotto\/bianco-e-nero-online-2\/#primaryimage"},"image":{"@id":"https:\/\/www.digitalcameraschool.it\/home\/prodotto\/bianco-e-nero-online-2\/#primaryimage"},"thumbnailUrl":"https:\/\/www.digitalcameraschool.it\/home\/wp-content\/uploads\/2025\/07\/bianco-e-nero-online.jpg","datePublished":"2025-07-05T07:02:01+00:00","dateModified":"2026-01-18T11:45:37+00:00","breadcrumb":{"@id":"https:\/\/www.digitalcameraschool.it\/home\/prodotto\/bianco-e-nero-online-2\/#breadcrumb"},"inLanguage":"it-IT","potentialAction":[{"@type":"ReadAction","target":["https:\/\/www.digitalcameraschool.it\/home\/prodotto\/bianco-e-nero-online-2\/"]}]},{"@type":"ImageObject","inLanguage":"it-IT","@id":"https:\/\/www.digitalcameraschool.it\/home\/prodotto\/bianco-e-nero-online-2\/#primaryimage","url":"https:\/\/www.digitalcameraschool.it\/home\/wp-content\/uploads\/2025\/07\/bianco-e-nero-online.jpg","contentUrl":"https:\/\/www.digitalcameraschool.it\/home\/wp-content\/uploads\/2025\/07\/bianco-e-nero-online.jpg","width":1800,"height":1800},{"@type":"BreadcrumbList","@id":"https:\/\/www.digitalcameraschool.it\/home\/prodotto\/bianco-e-nero-online-2\/#breadcrumb","itemListElement":[{"@type":"ListItem","position":1,"name":"Home","item":"https:\/\/www.digitalcameraschool.it\/home\/"},{"@type":"ListItem","position":2,"name":"Shop","item":"https:\/\/www.digitalcameraschool.it\/home\/shop\/"},{"@type":"ListItem","position":3,"name":"Bianco e nero base5 incontri da luned\u00ec 12 gennaio"}]},{"@type":"WebSite","@id":"https:\/\/www.digitalcameraschool.it\/home\/#website","url":"https:\/\/www.digitalcameraschool.it\/home\/","name":"Digital Camera School - Corsi di fotografia","description":"Corsi, workshop, viaggi e molto altro!","publisher":{"@id":"https:\/\/www.digitalcameraschool.it\/home\/#organization"},"potentialAction":[{"@type":"SearchAction","target":{"@type":"EntryPoint","urlTemplate":"https:\/\/www.digitalcameraschool.it\/home\/?s={search_term_string}"},"query-input":{"@type":"PropertyValueSpecification","valueRequired":true,"valueName":"search_term_string"}}],"inLanguage":"it-IT"},{"@type":"Organization","@id":"https:\/\/www.digitalcameraschool.it\/home\/#organization","name":"Digital Camera School","url":"https:\/\/www.digitalcameraschool.it\/home\/","logo":{"@type":"ImageObject","inLanguage":"it-IT","@id":"https:\/\/www.digitalcameraschool.it\/home\/#\/schema\/logo\/image\/","url":"https:\/\/www.digitalcameraschool.it\/home\/wp-content\/uploads\/2022\/05\/logo-rotondo-dcs.png","contentUrl":"https:\/\/www.digitalcameraschool.it\/home\/wp-content\/uploads\/2022\/05\/logo-rotondo-dcs.png","width":500,"height":500,"caption":"Digital Camera School"},"image":{"@id":"https:\/\/www.digitalcameraschool.it\/home\/#\/schema\/logo\/image\/"},"sameAs":["https:\/\/www.facebook.com\/digitalcameraschool","https:\/\/www.instagram.com\/digital_camera_school\/","https:\/\/www.youtube.com\/c\/digitalcameraschool_tv"]}]}},"_links":{"self":[{"href":"https:\/\/www.digitalcameraschool.it\/home\/wp-json\/wp\/v2\/product\/41356","targetHints":{"allow":["GET"]}}],"collection":[{"href":"https:\/\/www.digitalcameraschool.it\/home\/wp-json\/wp\/v2\/product"}],"about":[{"href":"https:\/\/www.digitalcameraschool.it\/home\/wp-json\/wp\/v2\/types\/product"}],"wp:featuredmedia":[{"embeddable":true,"href":"https:\/\/www.digitalcameraschool.it\/home\/wp-json\/wp\/v2\/media\/41701"}],"wp:attachment":[{"href":"https:\/\/www.digitalcameraschool.it\/home\/wp-json\/wp\/v2\/media?parent=41356"}],"wp:term":[{"taxonomy":"product_brand","embeddable":true,"href":"https:\/\/www.digitalcameraschool.it\/home\/wp-json\/wp\/v2\/product_brand?post=41356"},{"taxonomy":"product_cat","embeddable":true,"href":"https:\/\/www.digitalcameraschool.it\/home\/wp-json\/wp\/v2\/product_cat?post=41356"},{"taxonomy":"product_tag","embeddable":true,"href":"https:\/\/www.digitalcameraschool.it\/home\/wp-json\/wp\/v2\/product_tag?post=41356"}],"curies":[{"name":"wp","href":"https:\/\/api.w.org\/{rel}","templated":true}]}}