{"id":39033,"date":"2024-12-19T12:00:37","date_gmt":"2024-12-19T11:00:37","guid":{"rendered":"https:\/\/www.digitalcameraschool.it\/home\/?post_type=product&#038;p=39033"},"modified":"2026-04-30T14:04:54","modified_gmt":"2026-04-30T12:04:54","slug":"e-book-laboratorio-di-fotografia-stimoli-ed-idee-sulla-fotografia-fotografare-linverno","status":"publish","type":"product","link":"https:\/\/www.digitalcameraschool.it\/home\/prodotto\/e-book-laboratorio-di-fotografia-stimoli-ed-idee-sulla-fotografia-fotografare-linverno\/","title":{"rendered":"E-BOOK Laboratorio di Fotografia &#8211; Stimoli ed Idee sulla fotografia &#8220;Fotografare l&#8217;Inverno&#8221;"},"content":{"rendered":"<p style=\"text-align: justify;\"><span style=\"color: #000000;\">Una dispensa su come Fotografare l&#8217;inverno<\/span><\/p>\n<p style=\"text-align: justify;\"><strong><img decoding=\"async\" class=\"emoji\" role=\"img\" draggable=\"false\" src=\"https:\/\/s.w.org\/images\/core\/emoji\/13.0.0\/svg\/2705.svg\" alt=\"\u2705\" \/>PRE-REQUISITI\u00a0<\/strong><\/p>\n<p>Aperto a tutti<\/p>\n<hr \/>\n<p style=\"text-align: justify;\"><b> <strong><img decoding=\"async\" class=\"emoji\" role=\"img\" draggable=\"false\" src=\"https:\/\/s.w.org\/images\/core\/emoji\/13.0.0\/svg\/2705.svg\" alt=\"\u2705\" \/>COSA VEDREMO<\/strong><\/b><\/p>\n<p>Stimoli ed idee<\/p>\n<hr \/>\n<p><b><strong><img decoding=\"async\" class=\"emoji\" role=\"img\" draggable=\"false\" src=\"https:\/\/s.w.org\/images\/core\/emoji\/13.0.0\/svg\/2705.svg\" alt=\"\u2705\" \/>DATA<\/strong><\/b><br \/>\nDa scaricare<\/p>\n<p>Marco Lecchi 393 9242473 &#8211; marco@digitalcameraschool.it<\/p>\n<hr \/>\n<p><b><strong><img decoding=\"async\" class=\"emoji\" role=\"img\" draggable=\"false\" src=\"https:\/\/s.w.org\/images\/core\/emoji\/13.0.0\/svg\/2705.svg\" alt=\"\u2705\" \/>DOCENTE<\/strong><\/b><\/p>\n<p>Marco Lecchi. Nel 2003 inizia a lavorare come fotografo professionista specializzato in fotografia industriale, coorportate e landscape. Nel 2011 ha fondato la Digital Camera School e organizza corsi e workshop in tutta Italia e con oltre 60 sedi.<\/p>\n<p>Si occupa:<br \/>\n\u2013 Corsi di fotografia base oltre 200 corsi effettuati<br \/>\n\u2013 Corso avanzati oltre 70 corsi effettuati<br \/>\n\u2013 Workshop di paesaggio oltre 50 workshop effettuati<br \/>\n\u2013 Corsi di camera raw<br \/>\nContatti marco@digitalcameraschool.it \u2013 mobile 393 9242473<\/p>\n<hr \/>\n<p><b><strong><img decoding=\"async\" class=\"emoji\" role=\"img\" draggable=\"false\" src=\"https:\/\/s.w.org\/images\/core\/emoji\/13.0.0\/svg\/2705.svg\" alt=\"\u2705\" \/>PREZZO DEL CORSO<\/strong><\/b><br \/>\nIl corso ha un prezzo di 00,00 Euro<br \/>\nOppure gratuito per chi ha l&#8217;Education card<\/p>\n<p>&nbsp;<\/p>\n<p>&nbsp;<\/p>\n","protected":false},"excerpt":{"rendered":"<h2><strong>Fotografare l\u2019Inverno: Guida per Esplorare la Bellezza della Stagione Fredda<\/strong><\/h2>\n<h3><strong>Introduzione: L\u2019Inverno Attraverso l\u2019Obiettivo<\/strong><\/h3>\n<p>L\u2019inverno \u00e8 una stagione unica, dove ogni paesaggio sembra entrare in una dimensione sospesa nel tempo. I colori sono pi\u00f9 tenui, le ombre pi\u00f9 lunghe e la luce si trasforma in una delicata alleata per i fotografi. Tuttavia, la fotografia invernale non \u00e8 priva di sfide: il freddo, la neve e le difficolt\u00e0 tecniche possono mettere a dura prova anche i pi\u00f9 esperti.<\/p>\n<p>In questo e-book esploreremo non solo le tecniche necessarie per catturare la magia dell\u2019inverno, ma anche le migliori idee creative per fotografare il mare, la montagna e le pianure in questa stagione. Preparati a scoprire come realizzare immagini mozzafiato, anche nei giorni pi\u00f9 gelidi!<\/p>\n","protected":false},"featured_media":39034,"template":"","meta":{"pmpro_default_level":""},"product_brand":[],"product_cat":[185],"product_tag":[],"class_list":{"0":"post-39033","1":"product","2":"type-product","3":"status-publish","4":"has-post-thumbnail","6":"product_cat-videocorsi","7":"pmpro-has-access","9":"first","10":"instock","11":"virtual","12":"purchasable","13":"product-type-simple"},"acf":[],"yoast_head":"<!-- This site is optimized with the Yoast SEO plugin v27.6 - https:\/\/yoast.com\/product\/yoast-seo-wordpress\/ -->\n<title>E-BOOK Laboratorio di Fotografia - Stimoli ed Idee sulla fotografia &quot;Fotografare l&#039;Inverno&quot; - Digital Camera School - Corsi di fotografia<\/title>\n<meta name=\"robots\" content=\"index, follow, max-snippet:-1, max-image-preview:large, max-video-preview:-1\" \/>\n<link rel=\"canonical\" href=\"https:\/\/www.digitalcameraschool.it\/home\/prodotto\/e-book-laboratorio-di-fotografia-stimoli-ed-idee-sulla-fotografia-fotografare-linverno\/\" \/>\n<meta property=\"og:locale\" content=\"it_IT\" \/>\n<meta property=\"og:type\" content=\"article\" \/>\n<meta property=\"og:title\" content=\"E-BOOK Laboratorio di Fotografia - Stimoli ed Idee sulla fotografia &quot;Fotografare l&#039;Inverno&quot; - Digital Camera School - Corsi di fotografia\" \/>\n<meta property=\"og:description\" content=\"Fotografare l\u2019Inverno: Guida per Esplorare la Bellezza della Stagione Fredda Introduzione: L\u2019Inverno Attraverso l\u2019Obiettivo L\u2019inverno \u00e8 una stagione unica, dove ogni paesaggio sembra entrare in una dimensione sospesa nel tempo. I colori sono pi\u00f9 tenui, le ombre pi\u00f9 lunghe e la luce si trasforma in una delicata alleata per i fotografi. Tuttavia, la fotografia invernale non \u00e8 priva di sfide: il freddo, la neve e le difficolt\u00e0 tecniche possono mettere a dura prova anche i pi\u00f9 esperti.  In questo e-book esploreremo non solo le tecniche necessarie per catturare la magia dell\u2019inverno, ma anche le migliori idee creative per fotografare il mare, la montagna e le pianure in questa stagione. Preparati a scoprire come realizzare immagini mozzafiato, anche nei giorni pi\u00f9 gelidi!\" \/>\n<meta property=\"og:url\" content=\"https:\/\/www.digitalcameraschool.it\/home\/prodotto\/e-book-laboratorio-di-fotografia-stimoli-ed-idee-sulla-fotografia-fotografare-linverno\/\" \/>\n<meta property=\"og:site_name\" content=\"Digital Camera School - Corsi di fotografia\" \/>\n<meta property=\"article:publisher\" content=\"https:\/\/www.facebook.com\/digitalcameraschool\" \/>\n<meta property=\"article:modified_time\" content=\"2026-04-30T12:04:54+00:00\" \/>\n<meta property=\"og:image\" content=\"https:\/\/www.digitalcameraschool.it\/home\/wp-content\/uploads\/2024\/12\/436-scaled.jpg\" \/>\n\t<meta property=\"og:image:width\" content=\"2560\" \/>\n\t<meta property=\"og:image:height\" content=\"2560\" \/>\n\t<meta property=\"og:image:type\" content=\"image\/jpeg\" \/>\n<meta name=\"twitter:card\" content=\"summary_large_image\" \/>\n<meta name=\"twitter:label1\" content=\"Tempo di lettura stimato\" \/>\n\t<meta name=\"twitter:data1\" content=\"2 minuti\" \/>\n<script type=\"application\/ld+json\" class=\"yoast-schema-graph\">{\"@context\":\"https:\\\/\\\/schema.org\",\"@graph\":[{\"@type\":\"WebPage\",\"@id\":\"https:\\\/\\\/www.digitalcameraschool.it\\\/home\\\/prodotto\\\/e-book-laboratorio-di-fotografia-stimoli-ed-idee-sulla-fotografia-fotografare-linverno\\\/\",\"url\":\"https:\\\/\\\/www.digitalcameraschool.it\\\/home\\\/prodotto\\\/e-book-laboratorio-di-fotografia-stimoli-ed-idee-sulla-fotografia-fotografare-linverno\\\/\",\"name\":\"E-BOOK Laboratorio di Fotografia - Stimoli ed Idee sulla fotografia \\\"Fotografare l'Inverno\\\" - Digital Camera School - Corsi di fotografia\",\"isPartOf\":{\"@id\":\"https:\\\/\\\/www.digitalcameraschool.it\\\/home\\\/#website\"},\"primaryImageOfPage\":{\"@id\":\"https:\\\/\\\/www.digitalcameraschool.it\\\/home\\\/prodotto\\\/e-book-laboratorio-di-fotografia-stimoli-ed-idee-sulla-fotografia-fotografare-linverno\\\/#primaryimage\"},\"image\":{\"@id\":\"https:\\\/\\\/www.digitalcameraschool.it\\\/home\\\/prodotto\\\/e-book-laboratorio-di-fotografia-stimoli-ed-idee-sulla-fotografia-fotografare-linverno\\\/#primaryimage\"},\"thumbnailUrl\":\"https:\\\/\\\/www.digitalcameraschool.it\\\/home\\\/wp-content\\\/uploads\\\/2024\\\/12\\\/436-scaled.jpg\",\"datePublished\":\"2024-12-19T11:00:37+00:00\",\"dateModified\":\"2026-04-30T12:04:54+00:00\",\"breadcrumb\":{\"@id\":\"https:\\\/\\\/www.digitalcameraschool.it\\\/home\\\/prodotto\\\/e-book-laboratorio-di-fotografia-stimoli-ed-idee-sulla-fotografia-fotografare-linverno\\\/#breadcrumb\"},\"inLanguage\":\"it-IT\",\"potentialAction\":[{\"@type\":\"ReadAction\",\"target\":[\"https:\\\/\\\/www.digitalcameraschool.it\\\/home\\\/prodotto\\\/e-book-laboratorio-di-fotografia-stimoli-ed-idee-sulla-fotografia-fotografare-linverno\\\/\"]}]},{\"@type\":\"ImageObject\",\"inLanguage\":\"it-IT\",\"@id\":\"https:\\\/\\\/www.digitalcameraschool.it\\\/home\\\/prodotto\\\/e-book-laboratorio-di-fotografia-stimoli-ed-idee-sulla-fotografia-fotografare-linverno\\\/#primaryimage\",\"url\":\"https:\\\/\\\/www.digitalcameraschool.it\\\/home\\\/wp-content\\\/uploads\\\/2024\\\/12\\\/436-scaled.jpg\",\"contentUrl\":\"https:\\\/\\\/www.digitalcameraschool.it\\\/home\\\/wp-content\\\/uploads\\\/2024\\\/12\\\/436-scaled.jpg\",\"width\":2560,\"height\":2560},{\"@type\":\"BreadcrumbList\",\"@id\":\"https:\\\/\\\/www.digitalcameraschool.it\\\/home\\\/prodotto\\\/e-book-laboratorio-di-fotografia-stimoli-ed-idee-sulla-fotografia-fotografare-linverno\\\/#breadcrumb\",\"itemListElement\":[{\"@type\":\"ListItem\",\"position\":1,\"name\":\"Home\",\"item\":\"https:\\\/\\\/www.digitalcameraschool.it\\\/home\\\/\"},{\"@type\":\"ListItem\",\"position\":2,\"name\":\"Shop\",\"item\":\"https:\\\/\\\/www.digitalcameraschool.it\\\/home\\\/shop\\\/\"},{\"@type\":\"ListItem\",\"position\":3,\"name\":\"E-BOOK Laboratorio di Fotografia &#8211; Stimoli ed Idee sulla fotografia &#8220;Fotografare l&#8217;Inverno&#8221;\"}]},{\"@type\":\"WebSite\",\"@id\":\"https:\\\/\\\/www.digitalcameraschool.it\\\/home\\\/#website\",\"url\":\"https:\\\/\\\/www.digitalcameraschool.it\\\/home\\\/\",\"name\":\"Digital Camera School - Corsi di fotografia\",\"description\":\"Corsi, workshop, viaggi e molto altro!\",\"publisher\":{\"@id\":\"https:\\\/\\\/www.digitalcameraschool.it\\\/home\\\/#organization\"},\"potentialAction\":[{\"@type\":\"SearchAction\",\"target\":{\"@type\":\"EntryPoint\",\"urlTemplate\":\"https:\\\/\\\/www.digitalcameraschool.it\\\/home\\\/?s={search_term_string}\"},\"query-input\":{\"@type\":\"PropertyValueSpecification\",\"valueRequired\":true,\"valueName\":\"search_term_string\"}}],\"inLanguage\":\"it-IT\"},{\"@type\":\"Organization\",\"@id\":\"https:\\\/\\\/www.digitalcameraschool.it\\\/home\\\/#organization\",\"name\":\"Digital Camera School\",\"url\":\"https:\\\/\\\/www.digitalcameraschool.it\\\/home\\\/\",\"logo\":{\"@type\":\"ImageObject\",\"inLanguage\":\"it-IT\",\"@id\":\"https:\\\/\\\/www.digitalcameraschool.it\\\/home\\\/#\\\/schema\\\/logo\\\/image\\\/\",\"url\":\"https:\\\/\\\/www.digitalcameraschool.it\\\/home\\\/wp-content\\\/uploads\\\/2022\\\/05\\\/logo-rotondo-dcs.png\",\"contentUrl\":\"https:\\\/\\\/www.digitalcameraschool.it\\\/home\\\/wp-content\\\/uploads\\\/2022\\\/05\\\/logo-rotondo-dcs.png\",\"width\":500,\"height\":500,\"caption\":\"Digital Camera School\"},\"image\":{\"@id\":\"https:\\\/\\\/www.digitalcameraschool.it\\\/home\\\/#\\\/schema\\\/logo\\\/image\\\/\"},\"sameAs\":[\"https:\\\/\\\/www.facebook.com\\\/digitalcameraschool\",\"https:\\\/\\\/www.instagram.com\\\/digital_camera_school\\\/\",\"https:\\\/\\\/www.youtube.com\\\/c\\\/digitalcameraschool_tv\"]}]}<\/script>\n<!-- \/ Yoast SEO plugin. -->","yoast_head_json":{"title":"E-BOOK Laboratorio di Fotografia - Stimoli ed Idee sulla fotografia \"Fotografare l'Inverno\" - Digital Camera School - Corsi di fotografia","robots":{"index":"index","follow":"follow","max-snippet":"max-snippet:-1","max-image-preview":"max-image-preview:large","max-video-preview":"max-video-preview:-1"},"canonical":"https:\/\/www.digitalcameraschool.it\/home\/prodotto\/e-book-laboratorio-di-fotografia-stimoli-ed-idee-sulla-fotografia-fotografare-linverno\/","og_locale":"it_IT","og_type":"article","og_title":"E-BOOK Laboratorio di Fotografia - Stimoli ed Idee sulla fotografia \"Fotografare l'Inverno\" - Digital Camera School - Corsi di fotografia","og_description":"Fotografare l\u2019Inverno: Guida per Esplorare la Bellezza della Stagione Fredda Introduzione: L\u2019Inverno Attraverso l\u2019Obiettivo L\u2019inverno \u00e8 una stagione unica, dove ogni paesaggio sembra entrare in una dimensione sospesa nel tempo. I colori sono pi\u00f9 tenui, le ombre pi\u00f9 lunghe e la luce si trasforma in una delicata alleata per i fotografi. Tuttavia, la fotografia invernale non \u00e8 priva di sfide: il freddo, la neve e le difficolt\u00e0 tecniche possono mettere a dura prova anche i pi\u00f9 esperti.  In questo e-book esploreremo non solo le tecniche necessarie per catturare la magia dell\u2019inverno, ma anche le migliori idee creative per fotografare il mare, la montagna e le pianure in questa stagione. Preparati a scoprire come realizzare immagini mozzafiato, anche nei giorni pi\u00f9 gelidi!","og_url":"https:\/\/www.digitalcameraschool.it\/home\/prodotto\/e-book-laboratorio-di-fotografia-stimoli-ed-idee-sulla-fotografia-fotografare-linverno\/","og_site_name":"Digital Camera School - Corsi di fotografia","article_publisher":"https:\/\/www.facebook.com\/digitalcameraschool","article_modified_time":"2026-04-30T12:04:54+00:00","og_image":[{"width":2560,"height":2560,"url":"https:\/\/www.digitalcameraschool.it\/home\/wp-content\/uploads\/2024\/12\/436-scaled.jpg","type":"image\/jpeg"}],"twitter_card":"summary_large_image","twitter_misc":{"Tempo di lettura stimato":"2 minuti"},"schema":{"@context":"https:\/\/schema.org","@graph":[{"@type":"WebPage","@id":"https:\/\/www.digitalcameraschool.it\/home\/prodotto\/e-book-laboratorio-di-fotografia-stimoli-ed-idee-sulla-fotografia-fotografare-linverno\/","url":"https:\/\/www.digitalcameraschool.it\/home\/prodotto\/e-book-laboratorio-di-fotografia-stimoli-ed-idee-sulla-fotografia-fotografare-linverno\/","name":"E-BOOK Laboratorio di Fotografia - Stimoli ed Idee sulla fotografia \"Fotografare l'Inverno\" - Digital Camera School - Corsi di fotografia","isPartOf":{"@id":"https:\/\/www.digitalcameraschool.it\/home\/#website"},"primaryImageOfPage":{"@id":"https:\/\/www.digitalcameraschool.it\/home\/prodotto\/e-book-laboratorio-di-fotografia-stimoli-ed-idee-sulla-fotografia-fotografare-linverno\/#primaryimage"},"image":{"@id":"https:\/\/www.digitalcameraschool.it\/home\/prodotto\/e-book-laboratorio-di-fotografia-stimoli-ed-idee-sulla-fotografia-fotografare-linverno\/#primaryimage"},"thumbnailUrl":"https:\/\/www.digitalcameraschool.it\/home\/wp-content\/uploads\/2024\/12\/436-scaled.jpg","datePublished":"2024-12-19T11:00:37+00:00","dateModified":"2026-04-30T12:04:54+00:00","breadcrumb":{"@id":"https:\/\/www.digitalcameraschool.it\/home\/prodotto\/e-book-laboratorio-di-fotografia-stimoli-ed-idee-sulla-fotografia-fotografare-linverno\/#breadcrumb"},"inLanguage":"it-IT","potentialAction":[{"@type":"ReadAction","target":["https:\/\/www.digitalcameraschool.it\/home\/prodotto\/e-book-laboratorio-di-fotografia-stimoli-ed-idee-sulla-fotografia-fotografare-linverno\/"]}]},{"@type":"ImageObject","inLanguage":"it-IT","@id":"https:\/\/www.digitalcameraschool.it\/home\/prodotto\/e-book-laboratorio-di-fotografia-stimoli-ed-idee-sulla-fotografia-fotografare-linverno\/#primaryimage","url":"https:\/\/www.digitalcameraschool.it\/home\/wp-content\/uploads\/2024\/12\/436-scaled.jpg","contentUrl":"https:\/\/www.digitalcameraschool.it\/home\/wp-content\/uploads\/2024\/12\/436-scaled.jpg","width":2560,"height":2560},{"@type":"BreadcrumbList","@id":"https:\/\/www.digitalcameraschool.it\/home\/prodotto\/e-book-laboratorio-di-fotografia-stimoli-ed-idee-sulla-fotografia-fotografare-linverno\/#breadcrumb","itemListElement":[{"@type":"ListItem","position":1,"name":"Home","item":"https:\/\/www.digitalcameraschool.it\/home\/"},{"@type":"ListItem","position":2,"name":"Shop","item":"https:\/\/www.digitalcameraschool.it\/home\/shop\/"},{"@type":"ListItem","position":3,"name":"E-BOOK Laboratorio di Fotografia &#8211; Stimoli ed Idee sulla fotografia &#8220;Fotografare l&#8217;Inverno&#8221;"}]},{"@type":"WebSite","@id":"https:\/\/www.digitalcameraschool.it\/home\/#website","url":"https:\/\/www.digitalcameraschool.it\/home\/","name":"Digital Camera School - Corsi di fotografia","description":"Corsi, workshop, viaggi e molto altro!","publisher":{"@id":"https:\/\/www.digitalcameraschool.it\/home\/#organization"},"potentialAction":[{"@type":"SearchAction","target":{"@type":"EntryPoint","urlTemplate":"https:\/\/www.digitalcameraschool.it\/home\/?s={search_term_string}"},"query-input":{"@type":"PropertyValueSpecification","valueRequired":true,"valueName":"search_term_string"}}],"inLanguage":"it-IT"},{"@type":"Organization","@id":"https:\/\/www.digitalcameraschool.it\/home\/#organization","name":"Digital Camera School","url":"https:\/\/www.digitalcameraschool.it\/home\/","logo":{"@type":"ImageObject","inLanguage":"it-IT","@id":"https:\/\/www.digitalcameraschool.it\/home\/#\/schema\/logo\/image\/","url":"https:\/\/www.digitalcameraschool.it\/home\/wp-content\/uploads\/2022\/05\/logo-rotondo-dcs.png","contentUrl":"https:\/\/www.digitalcameraschool.it\/home\/wp-content\/uploads\/2022\/05\/logo-rotondo-dcs.png","width":500,"height":500,"caption":"Digital Camera School"},"image":{"@id":"https:\/\/www.digitalcameraschool.it\/home\/#\/schema\/logo\/image\/"},"sameAs":["https:\/\/www.facebook.com\/digitalcameraschool","https:\/\/www.instagram.com\/digital_camera_school\/","https:\/\/www.youtube.com\/c\/digitalcameraschool_tv"]}]}},"_links":{"self":[{"href":"https:\/\/www.digitalcameraschool.it\/home\/wp-json\/wp\/v2\/product\/39033","targetHints":{"allow":["GET"]}}],"collection":[{"href":"https:\/\/www.digitalcameraschool.it\/home\/wp-json\/wp\/v2\/product"}],"about":[{"href":"https:\/\/www.digitalcameraschool.it\/home\/wp-json\/wp\/v2\/types\/product"}],"wp:featuredmedia":[{"embeddable":true,"href":"https:\/\/www.digitalcameraschool.it\/home\/wp-json\/wp\/v2\/media\/39034"}],"wp:attachment":[{"href":"https:\/\/www.digitalcameraschool.it\/home\/wp-json\/wp\/v2\/media?parent=39033"}],"wp:term":[{"taxonomy":"product_brand","embeddable":true,"href":"https:\/\/www.digitalcameraschool.it\/home\/wp-json\/wp\/v2\/product_brand?post=39033"},{"taxonomy":"product_cat","embeddable":true,"href":"https:\/\/www.digitalcameraschool.it\/home\/wp-json\/wp\/v2\/product_cat?post=39033"},{"taxonomy":"product_tag","embeddable":true,"href":"https:\/\/www.digitalcameraschool.it\/home\/wp-json\/wp\/v2\/product_tag?post=39033"}],"curies":[{"name":"wp","href":"https:\/\/api.w.org\/{rel}","templated":true}]}}