{"id":36502,"date":"2024-06-10T10:40:14","date_gmt":"2024-06-10T08:40:14","guid":{"rendered":"https:\/\/www.digitalcameraschool.it\/home\/?post_type=product&#038;p=36502"},"modified":"2025-08-26T08:19:50","modified_gmt":"2025-08-26T06:19:50","slug":"massa-carrara-corso-di-fotografia-base","status":"publish","type":"product","link":"https:\/\/www.digitalcameraschool.it\/home\/prodotto\/massa-carrara-corso-di-fotografia-base\/","title":{"rendered":"Marina di Massa &#8211; Corso di fotografia base &#8211; Formula Week End <br> date in definizione"},"content":{"rendered":"<div class=\"o9v6fnle cxmmr5t8 oygrvhab hcukyx3x c1et5uql\">\n<div class=\"kvgmc6g5 cxmmr5t8 oygrvhab hcukyx3x c1et5uql\">\n<div class=\"o9v6fnle cxmmr5t8 oygrvhab hcukyx3x c1et5uql\">\n<div class=\"kvgmc6g5 cxmmr5t8 oygrvhab hcukyx3x c1et5uql\"><span style=\"text-align: justify;\">Il corso base \u00e8 rivolto a chi vuole compiere <\/span><strong style=\"text-align: justify;\">i primi passi nel mondo della fotografia<\/strong><span style=\"text-align: justify;\">, oppure chi ha gi\u00e0 una buona pratica ma vuole <\/span><strong style=\"text-align: justify;\">consolidare i concetti principali<\/strong><span style=\"text-align: justify;\"> ed arricchire la propria <\/span><strong style=\"text-align: justify;\">conoscenza a 360\u00b0<\/strong><span style=\"text-align: justify;\">. Non \u00e8 obbligatorio avere una fotocamera: ne metteremo noi alcune a disposizione.<\/span><\/div>\n<\/div>\n<div><\/div>\n<div style=\"text-align: justify;\">\n<hr \/>\n<\/div>\n<div class=\"o9v6fnle cxmmr5t8 oygrvhab hcukyx3x c1et5uql\" style=\"text-align: justify;\">\n<div class=\"kvgmc6g5 cxmmr5t8 oygrvhab hcukyx3x c1et5uql\">\n<div><strong>\u2705 COSA IMPARERAI<\/strong><\/div>\n<div>\n<p>Al termine del corso avrai acquisito <strong>una buona tecnica fotografica<\/strong> (capacit\u00e0 di utilizzare la macchina<strong> senza automatismi<\/strong>), le giuste nozioni per saper<strong> leggere le immagini<\/strong> ed eseguire <strong>scatti corretti<\/strong> e di qualit\u00e0.<\/p>\n<\/div>\n<\/div>\n<\/div>\n<\/div>\n<\/div>\n<div>\n<div class=\"o9v6fnle cxmmr5t8 oygrvhab hcukyx3x c1et5uql\">\n<div class=\"kvgmc6g5 cxmmr5t8 oygrvhab hcukyx3x c1et5uql\"><\/div>\n<\/div>\n<div>\n<div class=\"o9v6fnle cxmmr5t8 oygrvhab hcukyx3x c1et5uql\">\n<div class=\"kvgmc6g5 cxmmr5t8 oygrvhab hcukyx3x c1et5uql\"><img loading=\"lazy\" decoding=\"async\" class=\"alignnone wp-image-25394 size-full\" src=\"https:\/\/www.digitalcameraschool.it\/home\/wp-content\/uploads\/2021\/08\/Sito-web6.jpg\" alt=\"\" width=\"1348\" height=\"500\" srcset=\"https:\/\/www.digitalcameraschool.it\/home\/wp-content\/uploads\/2021\/08\/Sito-web6.jpg 1348w, https:\/\/www.digitalcameraschool.it\/home\/wp-content\/uploads\/2021\/08\/Sito-web6-600x223.jpg 600w, https:\/\/www.digitalcameraschool.it\/home\/wp-content\/uploads\/2021\/08\/Sito-web6-300x111.jpg 300w, https:\/\/www.digitalcameraschool.it\/home\/wp-content\/uploads\/2021\/08\/Sito-web6-1024x380.jpg 1024w, https:\/\/www.digitalcameraschool.it\/home\/wp-content\/uploads\/2021\/08\/Sito-web6-768x285.jpg 768w\" sizes=\"auto, (max-width: 1348px) 100vw, 1348px\" \/><\/div>\n<\/div>\n<div><\/div>\n<div style=\"text-align: justify;\">\n<hr \/>\n<\/div>\n<div class=\"o9v6fnle cxmmr5t8 oygrvhab hcukyx3x c1et5uql\" style=\"text-align: justify;\">\n<div class=\"kvgmc6g5 cxmmr5t8 oygrvhab hcukyx3x c1et5uql\">\n<div>\n<div>\n<p><strong>\u2705 METODO<\/strong><br \/>\nIl nostro intento \u00e8 quello di <strong>insegnare col sorriso<\/strong>, senza pesantezza. Il metodo prevede l\u2019utilizzo di <strong>molte immagini<\/strong>, cos\u00ec da rendere l\u2019esperienza il pi\u00f9 <strong>coinvolgente<\/strong> possibile. Durante le lezioni vengono assegnati dei piccoli ma stimolanti compiti facoltativi da compiere a casa, utili per iniziare a prendere la mano col mezzo fotografico. Molto apprezzata \u00e8 la possibilit\u00e0 di <strong>recuperare le eventuali lezioni saltate<\/strong>, con un video che ti sar\u00e0 inviato o in aula. Al termine del corso viene rilasciato sia un <strong>attestato<\/strong> di partecipazione sia una dispensa riassuntiva.<\/p>\n<\/div>\n<div><\/div>\n<div>\n<hr \/>\n<p><strong><span style=\"color: #ff9900;\"><i class=\"wp-svg-camera camera\"><\/i><\/span> NON HAI LA FOTOCAMERA? <\/strong>Nessun problema! Abbiamo le nostre fotocamere da prestarti!<br \/>\n<strong><span style=\"color: #ff9900;\"><i class=\"wp-svg-camera camera\"><\/i><\/span> DISPENSA RIASSUNTIVA <\/strong>In modo da poter consultare, finito il corso, i concetti acquisiti.<br \/>\n<strong><span style=\"color: #ff9900;\"><i class=\"wp-svg-camera camera\"><\/i><\/span> DIVERSI VIDEO-TUTORIAL <\/strong>Per approfondire alcuni argomenti o affrontarne di nuovi!<br \/>\n<strong><span style=\"color: #ff9900;\"><i class=\"wp-svg-camera camera\"><\/i><\/span> AREA RISERVATA <\/strong>\u00a0Potrai accedere e scaricare video, dispense tecniche e suggerimenti fotografici.<br \/>\n<strong><span style=\"color: #ff9900;\"><i class=\"wp-svg-camera camera\"><\/i><\/span> DOCENTI PROFESSIONISTI <\/strong>Capaci di coinvolgere e informare allo stesso tempo.<br \/>\n<strong><span style=\"color: #ff9900;\"><i class=\"wp-svg-camera camera\"><\/i><\/span> ATTESTATO <\/strong>Un ricordo da conservare o appendere e mostrare agli amici.<\/p>\n<hr \/>\n<p>&nbsp;<\/p>\n<\/div>\n<p><img loading=\"lazy\" decoding=\"async\" class=\"aligncenter wp-image-25391 size-full\" src=\"https:\/\/www.digitalcameraschool.it\/home\/wp-content\/uploads\/2021\/08\/Sito-web3.jpg\" alt=\"\" width=\"1348\" height=\"500\" srcset=\"https:\/\/www.digitalcameraschool.it\/home\/wp-content\/uploads\/2021\/08\/Sito-web3.jpg 1348w, https:\/\/www.digitalcameraschool.it\/home\/wp-content\/uploads\/2021\/08\/Sito-web3-600x223.jpg 600w, https:\/\/www.digitalcameraschool.it\/home\/wp-content\/uploads\/2021\/08\/Sito-web3-300x111.jpg 300w, https:\/\/www.digitalcameraschool.it\/home\/wp-content\/uploads\/2021\/08\/Sito-web3-1024x380.jpg 1024w, https:\/\/www.digitalcameraschool.it\/home\/wp-content\/uploads\/2021\/08\/Sito-web3-768x285.jpg 768w\" sizes=\"auto, (max-width: 1348px) 100vw, 1348px\" \/><\/p>\n<\/div>\n<div><\/div>\n<div>\n<hr \/>\n<p>&nbsp;<\/p>\n<p><img loading=\"lazy\" decoding=\"async\" class=\"aligncenter wp-image-25395 size-full\" src=\"https:\/\/www.digitalcameraschool.it\/home\/wp-content\/uploads\/2021\/08\/Sito-web7.jpg\" alt=\"\" width=\"1348\" height=\"500\" srcset=\"https:\/\/www.digitalcameraschool.it\/home\/wp-content\/uploads\/2021\/08\/Sito-web7.jpg 1348w, https:\/\/www.digitalcameraschool.it\/home\/wp-content\/uploads\/2021\/08\/Sito-web7-600x223.jpg 600w, https:\/\/www.digitalcameraschool.it\/home\/wp-content\/uploads\/2021\/08\/Sito-web7-300x111.jpg 300w, https:\/\/www.digitalcameraschool.it\/home\/wp-content\/uploads\/2021\/08\/Sito-web7-1024x380.jpg 1024w, https:\/\/www.digitalcameraschool.it\/home\/wp-content\/uploads\/2021\/08\/Sito-web7-768x285.jpg 768w\" sizes=\"auto, (max-width: 1348px) 100vw, 1348px\" \/><\/p>\n<\/div>\n<div>\n<p>&nbsp;<\/p>\n<hr \/>\n<p><strong><span style=\"color: #339966;\"><i class=\"wp-svg-signup signup\"><\/i><\/span>\u00a0 CALENDARIO<\/strong><\/p>\n<p><strong><img decoding=\"async\" class=\"emoji\" role=\"img\" draggable=\"false\" src=\"https:\/\/s.w.org\/images\/core\/emoji\/15.0.3\/svg\/2705.svg\" alt=\"\u2705\" \/>\u00a0CALENDARIO<br \/>\n<\/strong>date in definizione<\/p>\n<p><strong><img decoding=\"async\" class=\"emoji\" role=\"img\" draggable=\"false\" src=\"https:\/\/s.w.org\/images\/core\/emoji\/15.0.3\/svg\/2705.svg\" alt=\"\u2705\" \/>\u00a0PROGRAMMA<\/strong><\/p>\n<p><strong>Sabato<\/strong><\/p>\n<p>Sabato<br \/>\n\u2013 ore 9:30 ritrovo e consegna del kit di benvenuto il corso si svolger\u00e0 Presso CASA F.A.C.I. Via Lombardo, 16 Marina di Massa<\/p>\n<p>\u2013 ore 10:00 inizio lezione<br \/>\n\u2013 ore 12:30 pausa pranzo<br \/>\n\u2013 ore 14:00 ripresa della didattica<br \/>\n\u2013 ore 18:30 termine della parte teorica<\/p>\n<p>Domenica<br \/>\n\u2013 ore 09:30 ritrovo presso in punto di ritrovo Presso CASA F.A.C.I. Via Lombardo, 16 Marina di Massa<br \/>\n\u2013 ore 09:45 inizio della sessione pratica (se non possiedi la tua fotocamera te la presteremo noi gratuitamente)<br \/>\n\u2013 ore 12:30 pausa pranzo<br \/>\n\u2013 ore 14.00 ripresa lavori<br \/>\n\u2013 ore 16:30 termine evento<\/p>\n<hr \/>\n<\/div>\n<\/div>\n<\/div>\n<div>\n<div>\n<div class=\"o9v6fnle cxmmr5t8 oygrvhab hcukyx3x c1et5uql\" style=\"text-align: justify;\">\n<div class=\"kvgmc6g5 cxmmr5t8 oygrvhab hcukyx3x c1et5uql\">\n<div>\n<p><strong>\u2705 ARGOMENTI<\/strong><\/p>\n<p>COMPOSIZIONE<br \/>\nCome rendere pi\u00f9 accattivanti ed ef\ufb01caci le nostre immagini attraverso la geometria basilare: punti, linee, vettori, poligoni. Tanti esempi chiari e stimolanti.<\/p>\n<\/div>\n<\/div>\n<\/div>\n<div>\n<p>LA MACCHINA E LA TECNICA<br \/>\nI diversi tipi di macchina fotogra\ufb01ca. Come funziona una macchina re\ufb02ex. Il triangolo espositivo (iso-tempo-diaframmi) con esempi pratici e prove in diretta.<\/p>\n<p>LE OTTICHE<br \/>\nLe differenze tra i vari tipi di ottiche e le conseguenze pratiche sul risultato \ufb01nale. La profondit\u00e0 di campo e lo sfocato: come controllarli.<\/p>\n<div>\n<p>USCITA DOMENICA<br \/>\nUscita sul campo dove \u00e8 possibile mettere in pratica la teoria appresa durante le ore in aula. Proveremo inoltre diverse tecniche speciali come il panning, il controluce e la luce di riempimento.<\/p>\n<p>INTRODUZIONE ALLA POST-PRODUZIONE<br \/>\nalcuni programmi gratuiti; un\u2019intera lezione su come iniziare a correggere le nostre fotografia attraverso il miglior programma di post-produzione e ad alcuni dei migliori programmi gratuiti per la correzione delle immagini. Commento collettivo alle foto realizzate dai corsisti. Le azioni basilari per ottimizzare i propri scatti attraverso Adobe Photoshop.<\/p>\n<\/div>\n<\/div>\n<\/div>\n<div class=\"o9v6fnle cxmmr5t8 oygrvhab hcukyx3x c1et5uql\" style=\"text-align: justify;\">\n<div class=\"kvgmc6g5 cxmmr5t8 oygrvhab hcukyx3x c1et5uql\">\n<div>\n<hr \/>\n<\/div>\n<div><strong><span style=\"color: #339966;\"><i class=\"wp-svg-signup signup\"><\/i><\/span>\u00a0 IMPORTANTE<br \/>\n<\/strong><\/div>\n<ul>\n<li>Il numero di partecipanti \u00e8 limitato, cos\u00ec da consentire un&#8217;esperienza pi\u00f9 efficace e attiva.<\/li>\n<\/ul>\n<hr \/>\n<p><strong><span style=\"color: #339966;\"><i class=\"wp-svg-signup signup\"><\/i><\/span>\u00a0 DOCENTE<\/strong><\/p>\n<div class=\"cxmmr5t8 oygrvhab hcukyx3x c1et5uql o9v6fnle\">Marco Lecchi: fotografo, Imprenditore e docente di fotografia. Laureato in marketing e comunicazione. Dal 2001 gestisce una societ\u00e0 di marketing e dal 2003 inizia a vendere le proprie fotografie cos\u00ec da poter unire la sua grande passione ed il lavoro. Vive in Valtellina.<\/div>\n<div><\/div>\n<div class=\"cxmmr5t8 oygrvhab hcukyx3x c1et5uql o9v6fnle\">Si occupa di fotografia Turistica di Viaggio, Paesaggio, industriale e fotografie di interni. Nel 2011 co-fonda la Digital Camera School, societ\u00e0 che organizza corsi -workshop ed eventi di fotografia.<\/div>\n<div><\/div>\n<div class=\"cxmmr5t8 oygrvhab hcukyx3x c1et5uql o9v6fnle\">Appassionato e studioso di geografia si interessa principalmente di fotografia in ambiente di paesaggio e di raccontare i luoghi e il loro mutare nel tempo. Ama insegnare fotografia e trasferire le proprie conoscenze, la passione e l\u2019entusiasmo nei suoi corsi.<\/div>\n<div><\/div>\n<div class=\"cxmmr5t8 oygrvhab hcukyx3x c1et5uql o9v6fnle\">Docente: Digital Camera School<\/div>\n<div class=\"cxmmr5t8 oygrvhab hcukyx3x c1et5uql o9v6fnle\">Si occupa:<br \/>\n\u2013 Corsi di fotografia base oltre 300 corsi effettuati<br \/>\n\u2013 Corso avanzati oltre 120 corsi effettuati<br \/>\n\u2013 Workshop di paesaggio oltre 50 workshop effettuati<br \/>\n\u2013 Corsi di camera raw<br \/>\nContatti marco@digitalcameraschool.it \u2013 mobile 393 9242473<\/div>\n<div>https:\/\/www.digitalcameraschool.it\/home\/teams\/marco-lecchi\/<\/div>\n<\/div>\n<\/div>\n<div>\n<hr \/>\n<\/div>\n<div>\n<p><strong><span style=\"color: #339966;\"><i class=\"wp-svg-signup signup\"><\/i><\/span>\u00a0 PAGAMENTI<\/strong><\/p>\n<p>Il versamento della quota potr\u00e0 essere effettuato il giorno del corso.<br \/>\nOppure entro 7 giorni\u00a0 prima dell&#8217;inizio del corso con Carta di Credito, Paypal oppure bonifico bancario<\/p>\n<\/div>\n<\/div>\n<\/div>\n<div>\n<div>\n<div>\n<hr \/>\n<p><b><strong><span style=\"color: #339966;\"><i class=\"wp-svg-signup signup\"><\/i> <\/span><\/strong>PREZZO DEL CORSO<\/b><\/p>\n<p>80,00 euro se si partecipa da soli<br \/>\n70,00 euro a testa se si partecipa in due o pi\u00f9 persone<\/p>\n<\/div>\n<\/div>\n<div>\n<p style=\"text-align: justify;\"><strong><span style=\"color: #339966;\"><i class=\"wp-svg-signup signup\"><\/i><\/span>\u00a0 ISCRIZIONE<\/strong><\/p>\n<ul>\n<li style=\"text-align: justify;\">Compila il form per iscriverti. Riceverai info e dettagli direttamente via mail! Se preferisci un contatto telefonico, ecco i nostri numeri:<br \/>\n&#8211; 393.9242473 (Marco)<br \/>\n&#8211; 320.1915228 (Gigi)<\/li>\n<\/ul>\n<\/div>\n<\/div>\n<p><iframe loading=\"lazy\" src=\"https:\/\/docs.google.com\/forms\/d\/e\/1FAIpQLSd3-1AuEl4ZWF_1IQGuwwl5D4gYcrMpc1-TdvqS_K8mGDbZKQ\/viewform?embedded=true\" width=\"890\" height=\"1200\" frameborder=\"0\" marginwidth=\"0\" marginheight=\"0\">Caricamento\u2026<\/iframe><\/p>\n<\/div>\n","protected":false},"excerpt":{"rendered":"<p>Il corso base \u00e8 rivolto a chi vuole compiere\u00a0<strong>i primi passi nel mondo della fotografia<\/strong>, oppure chi ha gi\u00e0 una buona pratica ma vuole\u00a0<strong>consolidare i concetti principali<\/strong>\u00a0ed arricchire la propria\u00a0<strong>conoscenza a 360\u00b0<\/strong>. Non \u00e8 obbligatorio avere una fotocamera: ne metteremo noi alcune a disposizione.<\/p>\n","protected":false},"featured_media":37526,"template":"","meta":{"pmpro_default_level":""},"product_brand":[],"product_cat":[112],"product_tag":[],"class_list":{"0":"post-36502","1":"product","2":"type-product","3":"status-publish","4":"has-post-thumbnail","6":"product_cat-corsi-base","7":"pmpro-has-access","9":"first","10":"instock","11":"virtual","12":"taxable","13":"product-type-simple"},"acf":[],"yoast_head":"<!-- This site is optimized with the Yoast SEO plugin v27.3 - https:\/\/yoast.com\/product\/yoast-seo-wordpress\/ -->\n<title>Marina di Massa - Corso di fotografia base - Formula Week End  date in definizione - Digital Camera School - Corsi di fotografia<\/title>\n<meta name=\"robots\" content=\"index, follow, max-snippet:-1, max-image-preview:large, max-video-preview:-1\" \/>\n<link rel=\"canonical\" href=\"https:\/\/www.digitalcameraschool.it\/home\/prodotto\/massa-carrara-corso-di-fotografia-base\/\" \/>\n<meta property=\"og:locale\" content=\"it_IT\" \/>\n<meta property=\"og:type\" content=\"article\" \/>\n<meta property=\"og:title\" content=\"Marina di Massa - Corso di fotografia base - Formula Week End  date in definizione - Digital Camera School - Corsi di fotografia\" \/>\n<meta property=\"og:description\" content=\"Il corso base \u00e8 rivolto a chi vuole compiere\u00a0i primi passi nel mondo della fotografia, oppure chi ha gi\u00e0 una buona pratica ma vuole\u00a0consolidare i concetti principali\u00a0ed arricchire la propria\u00a0conoscenza a 360\u00b0. Non \u00e8 obbligatorio avere una fotocamera: ne metteremo noi alcune a disposizione.\" \/>\n<meta property=\"og:url\" content=\"https:\/\/www.digitalcameraschool.it\/home\/prodotto\/massa-carrara-corso-di-fotografia-base\/\" \/>\n<meta property=\"og:site_name\" content=\"Digital Camera School - Corsi di fotografia\" \/>\n<meta property=\"article:publisher\" content=\"https:\/\/www.facebook.com\/digitalcameraschool\" \/>\n<meta property=\"article:modified_time\" content=\"2025-08-26T06:19:50+00:00\" \/>\n<meta property=\"og:image\" content=\"https:\/\/www.digitalcameraschool.it\/home\/wp-content\/uploads\/2024\/09\/marina-di-massa.jpg\" \/>\n\t<meta property=\"og:image:width\" content=\"1200\" \/>\n\t<meta property=\"og:image:height\" content=\"1200\" \/>\n\t<meta property=\"og:image:type\" content=\"image\/jpeg\" \/>\n<meta name=\"twitter:card\" content=\"summary_large_image\" \/>\n<meta name=\"twitter:label1\" content=\"Tempo di lettura stimato\" \/>\n\t<meta name=\"twitter:data1\" content=\"6 minuti\" \/>\n<script type=\"application\/ld+json\" class=\"yoast-schema-graph\">{\"@context\":\"https:\\\/\\\/schema.org\",\"@graph\":[{\"@type\":\"WebPage\",\"@id\":\"https:\\\/\\\/www.digitalcameraschool.it\\\/home\\\/prodotto\\\/massa-carrara-corso-di-fotografia-base\\\/\",\"url\":\"https:\\\/\\\/www.digitalcameraschool.it\\\/home\\\/prodotto\\\/massa-carrara-corso-di-fotografia-base\\\/\",\"name\":\"Marina di Massa - Corso di fotografia base - Formula Week End date in definizione - Digital Camera School - Corsi di fotografia\",\"isPartOf\":{\"@id\":\"https:\\\/\\\/www.digitalcameraschool.it\\\/home\\\/#website\"},\"primaryImageOfPage\":{\"@id\":\"https:\\\/\\\/www.digitalcameraschool.it\\\/home\\\/prodotto\\\/massa-carrara-corso-di-fotografia-base\\\/#primaryimage\"},\"image\":{\"@id\":\"https:\\\/\\\/www.digitalcameraschool.it\\\/home\\\/prodotto\\\/massa-carrara-corso-di-fotografia-base\\\/#primaryimage\"},\"thumbnailUrl\":\"https:\\\/\\\/www.digitalcameraschool.it\\\/home\\\/wp-content\\\/uploads\\\/2024\\\/09\\\/marina-di-massa.jpg\",\"datePublished\":\"2024-06-10T08:40:14+00:00\",\"dateModified\":\"2025-08-26T06:19:50+00:00\",\"breadcrumb\":{\"@id\":\"https:\\\/\\\/www.digitalcameraschool.it\\\/home\\\/prodotto\\\/massa-carrara-corso-di-fotografia-base\\\/#breadcrumb\"},\"inLanguage\":\"it-IT\",\"potentialAction\":[{\"@type\":\"ReadAction\",\"target\":[\"https:\\\/\\\/www.digitalcameraschool.it\\\/home\\\/prodotto\\\/massa-carrara-corso-di-fotografia-base\\\/\"]}]},{\"@type\":\"ImageObject\",\"inLanguage\":\"it-IT\",\"@id\":\"https:\\\/\\\/www.digitalcameraschool.it\\\/home\\\/prodotto\\\/massa-carrara-corso-di-fotografia-base\\\/#primaryimage\",\"url\":\"https:\\\/\\\/www.digitalcameraschool.it\\\/home\\\/wp-content\\\/uploads\\\/2024\\\/09\\\/marina-di-massa.jpg\",\"contentUrl\":\"https:\\\/\\\/www.digitalcameraschool.it\\\/home\\\/wp-content\\\/uploads\\\/2024\\\/09\\\/marina-di-massa.jpg\",\"width\":1200,\"height\":1200},{\"@type\":\"BreadcrumbList\",\"@id\":\"https:\\\/\\\/www.digitalcameraschool.it\\\/home\\\/prodotto\\\/massa-carrara-corso-di-fotografia-base\\\/#breadcrumb\",\"itemListElement\":[{\"@type\":\"ListItem\",\"position\":1,\"name\":\"Home\",\"item\":\"https:\\\/\\\/www.digitalcameraschool.it\\\/home\\\/\"},{\"@type\":\"ListItem\",\"position\":2,\"name\":\"Shop\",\"item\":\"https:\\\/\\\/www.digitalcameraschool.it\\\/home\\\/shop\\\/\"},{\"@type\":\"ListItem\",\"position\":3,\"name\":\"Marina di Massa &#8211; Corso di fotografia base &#8211; Formula Week End date in definizione\"}]},{\"@type\":\"WebSite\",\"@id\":\"https:\\\/\\\/www.digitalcameraschool.it\\\/home\\\/#website\",\"url\":\"https:\\\/\\\/www.digitalcameraschool.it\\\/home\\\/\",\"name\":\"Digital Camera School - Corsi di fotografia\",\"description\":\"Corsi, workshop, viaggi e molto altro!\",\"publisher\":{\"@id\":\"https:\\\/\\\/www.digitalcameraschool.it\\\/home\\\/#organization\"},\"potentialAction\":[{\"@type\":\"SearchAction\",\"target\":{\"@type\":\"EntryPoint\",\"urlTemplate\":\"https:\\\/\\\/www.digitalcameraschool.it\\\/home\\\/?s={search_term_string}\"},\"query-input\":{\"@type\":\"PropertyValueSpecification\",\"valueRequired\":true,\"valueName\":\"search_term_string\"}}],\"inLanguage\":\"it-IT\"},{\"@type\":\"Organization\",\"@id\":\"https:\\\/\\\/www.digitalcameraschool.it\\\/home\\\/#organization\",\"name\":\"Digital Camera School\",\"url\":\"https:\\\/\\\/www.digitalcameraschool.it\\\/home\\\/\",\"logo\":{\"@type\":\"ImageObject\",\"inLanguage\":\"it-IT\",\"@id\":\"https:\\\/\\\/www.digitalcameraschool.it\\\/home\\\/#\\\/schema\\\/logo\\\/image\\\/\",\"url\":\"https:\\\/\\\/www.digitalcameraschool.it\\\/home\\\/wp-content\\\/uploads\\\/2022\\\/05\\\/logo-rotondo-dcs.png\",\"contentUrl\":\"https:\\\/\\\/www.digitalcameraschool.it\\\/home\\\/wp-content\\\/uploads\\\/2022\\\/05\\\/logo-rotondo-dcs.png\",\"width\":500,\"height\":500,\"caption\":\"Digital Camera School\"},\"image\":{\"@id\":\"https:\\\/\\\/www.digitalcameraschool.it\\\/home\\\/#\\\/schema\\\/logo\\\/image\\\/\"},\"sameAs\":[\"https:\\\/\\\/www.facebook.com\\\/digitalcameraschool\",\"https:\\\/\\\/www.instagram.com\\\/digital_camera_school\\\/\",\"https:\\\/\\\/www.youtube.com\\\/c\\\/digitalcameraschool_tv\"]}]}<\/script>\n<!-- \/ Yoast SEO plugin. -->","yoast_head_json":{"title":"Marina di Massa - Corso di fotografia base - Formula Week End  date in definizione - Digital Camera School - Corsi di fotografia","robots":{"index":"index","follow":"follow","max-snippet":"max-snippet:-1","max-image-preview":"max-image-preview:large","max-video-preview":"max-video-preview:-1"},"canonical":"https:\/\/www.digitalcameraschool.it\/home\/prodotto\/massa-carrara-corso-di-fotografia-base\/","og_locale":"it_IT","og_type":"article","og_title":"Marina di Massa - Corso di fotografia base - Formula Week End  date in definizione - Digital Camera School - Corsi di fotografia","og_description":"Il corso base \u00e8 rivolto a chi vuole compiere\u00a0i primi passi nel mondo della fotografia, oppure chi ha gi\u00e0 una buona pratica ma vuole\u00a0consolidare i concetti principali\u00a0ed arricchire la propria\u00a0conoscenza a 360\u00b0. Non \u00e8 obbligatorio avere una fotocamera: ne metteremo noi alcune a disposizione.","og_url":"https:\/\/www.digitalcameraschool.it\/home\/prodotto\/massa-carrara-corso-di-fotografia-base\/","og_site_name":"Digital Camera School - Corsi di fotografia","article_publisher":"https:\/\/www.facebook.com\/digitalcameraschool","article_modified_time":"2025-08-26T06:19:50+00:00","og_image":[{"width":1200,"height":1200,"url":"https:\/\/www.digitalcameraschool.it\/home\/wp-content\/uploads\/2024\/09\/marina-di-massa.jpg","type":"image\/jpeg"}],"twitter_card":"summary_large_image","twitter_misc":{"Tempo di lettura stimato":"6 minuti"},"schema":{"@context":"https:\/\/schema.org","@graph":[{"@type":"WebPage","@id":"https:\/\/www.digitalcameraschool.it\/home\/prodotto\/massa-carrara-corso-di-fotografia-base\/","url":"https:\/\/www.digitalcameraschool.it\/home\/prodotto\/massa-carrara-corso-di-fotografia-base\/","name":"Marina di Massa - Corso di fotografia base - Formula Week End date in definizione - Digital Camera School - Corsi di fotografia","isPartOf":{"@id":"https:\/\/www.digitalcameraschool.it\/home\/#website"},"primaryImageOfPage":{"@id":"https:\/\/www.digitalcameraschool.it\/home\/prodotto\/massa-carrara-corso-di-fotografia-base\/#primaryimage"},"image":{"@id":"https:\/\/www.digitalcameraschool.it\/home\/prodotto\/massa-carrara-corso-di-fotografia-base\/#primaryimage"},"thumbnailUrl":"https:\/\/www.digitalcameraschool.it\/home\/wp-content\/uploads\/2024\/09\/marina-di-massa.jpg","datePublished":"2024-06-10T08:40:14+00:00","dateModified":"2025-08-26T06:19:50+00:00","breadcrumb":{"@id":"https:\/\/www.digitalcameraschool.it\/home\/prodotto\/massa-carrara-corso-di-fotografia-base\/#breadcrumb"},"inLanguage":"it-IT","potentialAction":[{"@type":"ReadAction","target":["https:\/\/www.digitalcameraschool.it\/home\/prodotto\/massa-carrara-corso-di-fotografia-base\/"]}]},{"@type":"ImageObject","inLanguage":"it-IT","@id":"https:\/\/www.digitalcameraschool.it\/home\/prodotto\/massa-carrara-corso-di-fotografia-base\/#primaryimage","url":"https:\/\/www.digitalcameraschool.it\/home\/wp-content\/uploads\/2024\/09\/marina-di-massa.jpg","contentUrl":"https:\/\/www.digitalcameraschool.it\/home\/wp-content\/uploads\/2024\/09\/marina-di-massa.jpg","width":1200,"height":1200},{"@type":"BreadcrumbList","@id":"https:\/\/www.digitalcameraschool.it\/home\/prodotto\/massa-carrara-corso-di-fotografia-base\/#breadcrumb","itemListElement":[{"@type":"ListItem","position":1,"name":"Home","item":"https:\/\/www.digitalcameraschool.it\/home\/"},{"@type":"ListItem","position":2,"name":"Shop","item":"https:\/\/www.digitalcameraschool.it\/home\/shop\/"},{"@type":"ListItem","position":3,"name":"Marina di Massa &#8211; Corso di fotografia base &#8211; Formula Week End date in definizione"}]},{"@type":"WebSite","@id":"https:\/\/www.digitalcameraschool.it\/home\/#website","url":"https:\/\/www.digitalcameraschool.it\/home\/","name":"Digital Camera School - Corsi di fotografia","description":"Corsi, workshop, viaggi e molto altro!","publisher":{"@id":"https:\/\/www.digitalcameraschool.it\/home\/#organization"},"potentialAction":[{"@type":"SearchAction","target":{"@type":"EntryPoint","urlTemplate":"https:\/\/www.digitalcameraschool.it\/home\/?s={search_term_string}"},"query-input":{"@type":"PropertyValueSpecification","valueRequired":true,"valueName":"search_term_string"}}],"inLanguage":"it-IT"},{"@type":"Organization","@id":"https:\/\/www.digitalcameraschool.it\/home\/#organization","name":"Digital Camera School","url":"https:\/\/www.digitalcameraschool.it\/home\/","logo":{"@type":"ImageObject","inLanguage":"it-IT","@id":"https:\/\/www.digitalcameraschool.it\/home\/#\/schema\/logo\/image\/","url":"https:\/\/www.digitalcameraschool.it\/home\/wp-content\/uploads\/2022\/05\/logo-rotondo-dcs.png","contentUrl":"https:\/\/www.digitalcameraschool.it\/home\/wp-content\/uploads\/2022\/05\/logo-rotondo-dcs.png","width":500,"height":500,"caption":"Digital Camera School"},"image":{"@id":"https:\/\/www.digitalcameraschool.it\/home\/#\/schema\/logo\/image\/"},"sameAs":["https:\/\/www.facebook.com\/digitalcameraschool","https:\/\/www.instagram.com\/digital_camera_school\/","https:\/\/www.youtube.com\/c\/digitalcameraschool_tv"]}]}},"_links":{"self":[{"href":"https:\/\/www.digitalcameraschool.it\/home\/wp-json\/wp\/v2\/product\/36502","targetHints":{"allow":["GET"]}}],"collection":[{"href":"https:\/\/www.digitalcameraschool.it\/home\/wp-json\/wp\/v2\/product"}],"about":[{"href":"https:\/\/www.digitalcameraschool.it\/home\/wp-json\/wp\/v2\/types\/product"}],"wp:featuredmedia":[{"embeddable":true,"href":"https:\/\/www.digitalcameraschool.it\/home\/wp-json\/wp\/v2\/media\/37526"}],"wp:attachment":[{"href":"https:\/\/www.digitalcameraschool.it\/home\/wp-json\/wp\/v2\/media?parent=36502"}],"wp:term":[{"taxonomy":"product_brand","embeddable":true,"href":"https:\/\/www.digitalcameraschool.it\/home\/wp-json\/wp\/v2\/product_brand?post=36502"},{"taxonomy":"product_cat","embeddable":true,"href":"https:\/\/www.digitalcameraschool.it\/home\/wp-json\/wp\/v2\/product_cat?post=36502"},{"taxonomy":"product_tag","embeddable":true,"href":"https:\/\/www.digitalcameraschool.it\/home\/wp-json\/wp\/v2\/product_tag?post=36502"}],"curies":[{"name":"wp","href":"https:\/\/api.w.org\/{rel}","templated":true}]}}