{"id":31582,"date":"2023-07-21T09:32:39","date_gmt":"2023-07-21T07:32:39","guid":{"rendered":"https:\/\/www.digitalcameraschool.it\/home\/?post_type=product&#038;p=31582"},"modified":"2025-10-17T15:21:02","modified_gmt":"2025-10-17T13:21:02","slug":"brescia-corso-di-fotografia-intermedio","status":"publish","type":"product","link":"https:\/\/www.digitalcameraschool.it\/home\/prodotto\/brescia-corso-di-fotografia-intermedio\/","title":{"rendered":"BRESCIA CORSO DI FOTOGRAFIA INTERMEDIO dal 21 gennaio 2026"},"content":{"rendered":"<div class=\"o9v6fnle cxmmr5t8 oygrvhab hcukyx3x c1et5uql\">\n<div class=\"o9v6fnle cxmmr5t8 oygrvhab hcukyx3x c1et5uql\">\n<p>Il naturale proseguimento alle conoscenze fotografiche di base, Il corso di fotografia avanzata o di secondo livello ha come obiettivo quello di comprendere a pieno il linguaggio fotografico per coinvolgere meglio chi guarda le nostre fotografie e comunicare efficacemente. \u00c8 rivolto a chi ha gi\u00e0 seguito un corso base o possiede gi\u00e0 le conoscenze tecniche preliminari.<\/p>\n<p>Ideale per chi ha una conoscenza anche minima di ISO-TEMPI-DIAFRAMMI.<\/p>\n<\/div>\n<div class=\"o9v6fnle cxmmr5t8 oygrvhab hcukyx3x c1et5uql\">\n<div class=\"o9v6fnle cxmmr5t8 oygrvhab hcukyx3x c1et5uql\">PROGRAMMA<\/div>\n<div><\/div>\n<\/div>\n<\/div>\n<div>\n<div class=\"x11i5rnm xat24cr x1mh8g0r x1vvkbs xtlvy1s\">Imparerai ad andare oltre lo scatto singolo, ragionando a &#8220;progetto&#8221;.<\/div>\n<div class=\"x11i5rnm xat24cr x1mh8g0r x1vvkbs xtlvy1s\">Inoltro andremo ad approfondire molti argomenti fondamentali come composizione, flash e tecnica fotografica.<br \/>\nmetodo<\/div>\n<div class=\"x11i5rnm xat24cr x1mh8g0r x1vvkbs xtlvy1s\">Il nostro intento \u00e8 quello di insegnare col sorriso, senza pesantezza. Il metodo prevede l&#8217;utilizzo di molte immagini, cos\u00ec da rendere l&#8217;esperienza il pi\u00f9 coinvolgente possibile. Durante le lezioni vengono assegnati dei piccoli ma stimolanti compiti facoltativi da compiere a casa, utili per iniziare a prendere la mano col mezzo fotografico. Molto apprezzata \u00e8 la possibilit\u00e0 di recuperare le eventuali lezioni saltate, via Skype o in aula. Al termine del corso viene rilasciato sia un attestato di partecipazione sia una dispensa riassuntiva.<\/div>\n<\/div>\n<div><\/div>\n<div><\/div>\n<div>\n<div class=\"x11i5rnm xat24cr x1mh8g0r x1vvkbs xtlvy1s\">LA CREAZIONE DI UN PROGETTO<br \/>\nGli scatti prodotti durante il corso formeranno un progetto di gruppo che ogni partecipante potr\u00e0 scaricare on line o stampare<\/div>\n<div><\/div>\n<div class=\"x11i5rnm xat24cr x1mh8g0r x1vvkbs xtlvy1s\">HAI SALTATO UNA LEZIONE?<br \/>\nPuoi recuperarla! O tramite Skype oppure in aula<\/div>\n<div><\/div>\n<div class=\"x11i5rnm xat24cr x1mh8g0r x1vvkbs xtlvy1s\">DISPENSA RIASSUNTIVA<br \/>\nIn modo da poter consultare, finito il corso, i concetti acquisiti.<\/div>\n<div><\/div>\n<div class=\"x11i5rnm xat24cr x1mh8g0r x1vvkbs xtlvy1s\">ATTESTATO<br \/>\nUn ricordo da conservare o appendere e mostrare agli amici.<\/div>\n<div class=\"x11i5rnm xat24cr x1mh8g0r x1vvkbs xtlvy1s\">video<\/div>\n<div><\/div>\n<div class=\"x11i5rnm xat24cr x1mh8g0r x1vvkbs xtlvy1s\">DIVERSI VIDEO-TUTORIAL<br \/>\nPer approfondire alcuni argomenti o affrontarne di nuovi!<\/div>\n<\/div>\n<div><\/div>\n<div class=\"o9v6fnle cxmmr5t8 oygrvhab hcukyx3x c1et5uql\">\n<div><\/div>\n<div class=\"o9v6fnle cxmmr5t8 oygrvhab hcukyx3x c1et5uql\">\n<hr \/>\n<p><strong>CALENDARIO<\/strong><\/p>\n<\/div>\n<div class=\"o9v6fnle cxmmr5t8 oygrvhab hcukyx3x c1et5uql\">\n<p>Il corso si terr\u00e0 in via Sebino 12, Brescia Orario delle lezioni 20:45-\u00a0 22:45<\/p>\n<p>Mercoled\u00ec 21 gennaio<br \/>\nMercoled\u00ec 28 gennaio<br \/>\nMercoled\u00ec 04 febbraio<br \/>\nMercoled\u00ec 11 febbraio<br \/>\nMercoled\u00ec 18 febbraio<br \/>\nMercoled\u00ec 25 febbraio<\/p>\n<\/div>\n<\/div>\n<div class=\"o9v6fnle cxmmr5t8 oygrvhab hcukyx3x c1et5uql\">\n<div>\n<hr \/>\n<\/div>\n<\/div>\n<div><strong>\u2705 DOCENTE:<\/strong><\/div>\n<div><\/div>\n<div>\n<div class=\"cxmmr5t8 oygrvhab hcukyx3x c1et5uql o9v6fnle\">Eros Mauroner<\/div>\n<\/div>\n<div><\/div>\n<div class=\"o9v6fnle cxmmr5t8 oygrvhab hcukyx3x c1et5uql\">\n<div class=\"o9v6fnle cxmmr5t8 oygrvhab hcukyx3x c1et5uql\">\n<hr \/>\n<\/div>\n<p class=\"p1\">\u00a0<strong>\u2705 PREZZO DEL CORSO COMPRESO LE USCITE<\/strong><\/p>\n<p>Il prezzo del corso \u00e8 di 90,00 Euro<br \/>\noppure 80,00 se ci si iscrive in due o pi\u00f9 persone.<br \/>\noppure 70,00 Euro se hai la nostra Education Card<\/p>\n<p>La quota si pu\u00f2 versare il giorno del corso oppure qualche giorno prima con paypal\/bonifico bancario.<\/p>\n<div class=\"o9v6fnle cxmmr5t8 oygrvhab hcukyx3x c1et5uql\">\n<hr \/>\n<p><strong>MATERIALE AGGIUNTIVO<\/strong><br \/>\n&#8211; Revisione dei compiti<br \/>\n&#8211; Dispense digitali<br \/>\n&#8211; Video propedeutici e integrativi<\/p>\n<\/div>\n<div class=\"o9v6fnle cxmmr5t8 oygrvhab hcukyx3x c1et5uql\">\n<hr \/>\n<p><strong>\u2705 PER INFORMAZIONE<\/strong><\/p>\n<p>Marco Lecchi 393 9242473 \u2013 marco@digitalcameraschool.it<\/p>\n<p>&nbsp;<\/p>\n<p>&nbsp;<\/p>\n<p>&nbsp;<\/p>\n<p><iframe loading=\"lazy\" src=\"https:\/\/docs.google.com\/forms\/d\/e\/1FAIpQLSd8cJqwBjLKxXs4-8H5lvZMmV3DQz6Fag3FpvhFHWUO6anzOQ\/viewform?embedded=true\" width=\"890\" height=\"1274\" frameborder=\"0\" marginwidth=\"0\" marginheight=\"0\">Caricamento\u2026<\/iframe><\/p>\n<\/div>\n<\/div>\n","protected":false},"excerpt":{"rendered":"<p>Il naturale proseguimento alle conoscenze fotografiche di base, verr\u00e0 completata la conoscenza della fotocamera e nei set-up pi\u00f9 importanti, affronteremo, vedremo come acquisire e post-produrre le proprie le proprie immagini arrivando ad un&#8217;autonomia completa del flusso di lavoro. Vedremo accessori importanti come i filtri fotografici, il flash.<\/p>\n<p>Ideale per chi ha una conoscenza anche minima di ISO-TEMPI-DIAFRAMMI.<\/p>\n","protected":false},"featured_media":31583,"template":"","meta":{"pmpro_default_level":""},"product_brand":[],"product_cat":[90],"product_tag":[],"class_list":{"0":"post-31582","1":"product","2":"type-product","3":"status-publish","4":"has-post-thumbnail","6":"product_cat-corsi_ii","7":"pmpro-has-access","9":"first","10":"instock","11":"virtual","12":"taxable","13":"product-type-simple"},"acf":[],"yoast_head":"<!-- This site is optimized with the Yoast SEO plugin v27.3 - https:\/\/yoast.com\/product\/yoast-seo-wordpress\/ -->\n<title>BRESCIA CORSO DI FOTOGRAFIA INTERMEDIO dal 21 gennaio 2026 - Digital Camera School - Corsi di fotografia<\/title>\n<meta name=\"robots\" content=\"index, follow, max-snippet:-1, max-image-preview:large, max-video-preview:-1\" \/>\n<link rel=\"canonical\" href=\"https:\/\/www.digitalcameraschool.it\/home\/prodotto\/brescia-corso-di-fotografia-intermedio\/\" \/>\n<meta property=\"og:locale\" content=\"it_IT\" \/>\n<meta property=\"og:type\" content=\"article\" \/>\n<meta property=\"og:title\" content=\"BRESCIA CORSO DI FOTOGRAFIA INTERMEDIO dal 21 gennaio 2026 - Digital Camera School - Corsi di fotografia\" \/>\n<meta property=\"og:description\" content=\"Il naturale proseguimento alle conoscenze fotografiche di base, verr\u00e0 completata la conoscenza della fotocamera e nei set-up pi\u00f9 importanti, affronteremo, vedremo come acquisire e post-produrre le proprie le proprie immagini arrivando ad un&#039;autonomia completa del flusso di lavoro. Vedremo accessori importanti come i filtri fotografici, il flash.  Ideale per chi ha una conoscenza anche minima di ISO-TEMPI-DIAFRAMMI.\" \/>\n<meta property=\"og:url\" content=\"https:\/\/www.digitalcameraschool.it\/home\/prodotto\/brescia-corso-di-fotografia-intermedio\/\" \/>\n<meta property=\"og:site_name\" content=\"Digital Camera School - Corsi di fotografia\" \/>\n<meta property=\"article:publisher\" content=\"https:\/\/www.facebook.com\/digitalcameraschool\" \/>\n<meta property=\"article:modified_time\" content=\"2025-10-17T13:21:02+00:00\" \/>\n<meta property=\"og:image\" content=\"https:\/\/www.digitalcameraschool.it\/home\/wp-content\/uploads\/2023\/07\/corso-fotografia-intermedio-brescia.jpg\" \/>\n\t<meta property=\"og:image:width\" content=\"1200\" \/>\n\t<meta property=\"og:image:height\" content=\"1200\" \/>\n\t<meta property=\"og:image:type\" content=\"image\/jpeg\" \/>\n<meta name=\"twitter:card\" content=\"summary_large_image\" \/>\n<meta name=\"twitter:label1\" content=\"Tempo di lettura stimato\" \/>\n\t<meta name=\"twitter:data1\" content=\"3 minuti\" \/>\n<script type=\"application\/ld+json\" class=\"yoast-schema-graph\">{\"@context\":\"https:\\\/\\\/schema.org\",\"@graph\":[{\"@type\":\"WebPage\",\"@id\":\"https:\\\/\\\/www.digitalcameraschool.it\\\/home\\\/prodotto\\\/brescia-corso-di-fotografia-intermedio\\\/\",\"url\":\"https:\\\/\\\/www.digitalcameraschool.it\\\/home\\\/prodotto\\\/brescia-corso-di-fotografia-intermedio\\\/\",\"name\":\"BRESCIA CORSO DI FOTOGRAFIA INTERMEDIO dal 21 gennaio 2026 - Digital Camera School - Corsi di fotografia\",\"isPartOf\":{\"@id\":\"https:\\\/\\\/www.digitalcameraschool.it\\\/home\\\/#website\"},\"primaryImageOfPage\":{\"@id\":\"https:\\\/\\\/www.digitalcameraschool.it\\\/home\\\/prodotto\\\/brescia-corso-di-fotografia-intermedio\\\/#primaryimage\"},\"image\":{\"@id\":\"https:\\\/\\\/www.digitalcameraschool.it\\\/home\\\/prodotto\\\/brescia-corso-di-fotografia-intermedio\\\/#primaryimage\"},\"thumbnailUrl\":\"https:\\\/\\\/www.digitalcameraschool.it\\\/home\\\/wp-content\\\/uploads\\\/2023\\\/07\\\/corso-fotografia-intermedio-brescia.jpg\",\"datePublished\":\"2023-07-21T07:32:39+00:00\",\"dateModified\":\"2025-10-17T13:21:02+00:00\",\"breadcrumb\":{\"@id\":\"https:\\\/\\\/www.digitalcameraschool.it\\\/home\\\/prodotto\\\/brescia-corso-di-fotografia-intermedio\\\/#breadcrumb\"},\"inLanguage\":\"it-IT\",\"potentialAction\":[{\"@type\":\"ReadAction\",\"target\":[\"https:\\\/\\\/www.digitalcameraschool.it\\\/home\\\/prodotto\\\/brescia-corso-di-fotografia-intermedio\\\/\"]}]},{\"@type\":\"ImageObject\",\"inLanguage\":\"it-IT\",\"@id\":\"https:\\\/\\\/www.digitalcameraschool.it\\\/home\\\/prodotto\\\/brescia-corso-di-fotografia-intermedio\\\/#primaryimage\",\"url\":\"https:\\\/\\\/www.digitalcameraschool.it\\\/home\\\/wp-content\\\/uploads\\\/2023\\\/07\\\/corso-fotografia-intermedio-brescia.jpg\",\"contentUrl\":\"https:\\\/\\\/www.digitalcameraschool.it\\\/home\\\/wp-content\\\/uploads\\\/2023\\\/07\\\/corso-fotografia-intermedio-brescia.jpg\",\"width\":1200,\"height\":1200},{\"@type\":\"BreadcrumbList\",\"@id\":\"https:\\\/\\\/www.digitalcameraschool.it\\\/home\\\/prodotto\\\/brescia-corso-di-fotografia-intermedio\\\/#breadcrumb\",\"itemListElement\":[{\"@type\":\"ListItem\",\"position\":1,\"name\":\"Home\",\"item\":\"https:\\\/\\\/www.digitalcameraschool.it\\\/home\\\/\"},{\"@type\":\"ListItem\",\"position\":2,\"name\":\"Shop\",\"item\":\"https:\\\/\\\/www.digitalcameraschool.it\\\/home\\\/shop\\\/\"},{\"@type\":\"ListItem\",\"position\":3,\"name\":\"BRESCIA CORSO DI FOTOGRAFIA INTERMEDIO dal 21 gennaio 2026\"}]},{\"@type\":\"WebSite\",\"@id\":\"https:\\\/\\\/www.digitalcameraschool.it\\\/home\\\/#website\",\"url\":\"https:\\\/\\\/www.digitalcameraschool.it\\\/home\\\/\",\"name\":\"Digital Camera School - Corsi di fotografia\",\"description\":\"Corsi, workshop, viaggi e molto altro!\",\"publisher\":{\"@id\":\"https:\\\/\\\/www.digitalcameraschool.it\\\/home\\\/#organization\"},\"potentialAction\":[{\"@type\":\"SearchAction\",\"target\":{\"@type\":\"EntryPoint\",\"urlTemplate\":\"https:\\\/\\\/www.digitalcameraschool.it\\\/home\\\/?s={search_term_string}\"},\"query-input\":{\"@type\":\"PropertyValueSpecification\",\"valueRequired\":true,\"valueName\":\"search_term_string\"}}],\"inLanguage\":\"it-IT\"},{\"@type\":\"Organization\",\"@id\":\"https:\\\/\\\/www.digitalcameraschool.it\\\/home\\\/#organization\",\"name\":\"Digital Camera School\",\"url\":\"https:\\\/\\\/www.digitalcameraschool.it\\\/home\\\/\",\"logo\":{\"@type\":\"ImageObject\",\"inLanguage\":\"it-IT\",\"@id\":\"https:\\\/\\\/www.digitalcameraschool.it\\\/home\\\/#\\\/schema\\\/logo\\\/image\\\/\",\"url\":\"https:\\\/\\\/www.digitalcameraschool.it\\\/home\\\/wp-content\\\/uploads\\\/2022\\\/05\\\/logo-rotondo-dcs.png\",\"contentUrl\":\"https:\\\/\\\/www.digitalcameraschool.it\\\/home\\\/wp-content\\\/uploads\\\/2022\\\/05\\\/logo-rotondo-dcs.png\",\"width\":500,\"height\":500,\"caption\":\"Digital Camera School\"},\"image\":{\"@id\":\"https:\\\/\\\/www.digitalcameraschool.it\\\/home\\\/#\\\/schema\\\/logo\\\/image\\\/\"},\"sameAs\":[\"https:\\\/\\\/www.facebook.com\\\/digitalcameraschool\",\"https:\\\/\\\/www.instagram.com\\\/digital_camera_school\\\/\",\"https:\\\/\\\/www.youtube.com\\\/c\\\/digitalcameraschool_tv\"]}]}<\/script>\n<!-- \/ Yoast SEO plugin. -->","yoast_head_json":{"title":"BRESCIA CORSO DI FOTOGRAFIA INTERMEDIO dal 21 gennaio 2026 - Digital Camera School - Corsi di fotografia","robots":{"index":"index","follow":"follow","max-snippet":"max-snippet:-1","max-image-preview":"max-image-preview:large","max-video-preview":"max-video-preview:-1"},"canonical":"https:\/\/www.digitalcameraschool.it\/home\/prodotto\/brescia-corso-di-fotografia-intermedio\/","og_locale":"it_IT","og_type":"article","og_title":"BRESCIA CORSO DI FOTOGRAFIA INTERMEDIO dal 21 gennaio 2026 - Digital Camera School - Corsi di fotografia","og_description":"Il naturale proseguimento alle conoscenze fotografiche di base, verr\u00e0 completata la conoscenza della fotocamera e nei set-up pi\u00f9 importanti, affronteremo, vedremo come acquisire e post-produrre le proprie le proprie immagini arrivando ad un'autonomia completa del flusso di lavoro. Vedremo accessori importanti come i filtri fotografici, il flash.  Ideale per chi ha una conoscenza anche minima di ISO-TEMPI-DIAFRAMMI.","og_url":"https:\/\/www.digitalcameraschool.it\/home\/prodotto\/brescia-corso-di-fotografia-intermedio\/","og_site_name":"Digital Camera School - Corsi di fotografia","article_publisher":"https:\/\/www.facebook.com\/digitalcameraschool","article_modified_time":"2025-10-17T13:21:02+00:00","og_image":[{"width":1200,"height":1200,"url":"https:\/\/www.digitalcameraschool.it\/home\/wp-content\/uploads\/2023\/07\/corso-fotografia-intermedio-brescia.jpg","type":"image\/jpeg"}],"twitter_card":"summary_large_image","twitter_misc":{"Tempo di lettura stimato":"3 minuti"},"schema":{"@context":"https:\/\/schema.org","@graph":[{"@type":"WebPage","@id":"https:\/\/www.digitalcameraschool.it\/home\/prodotto\/brescia-corso-di-fotografia-intermedio\/","url":"https:\/\/www.digitalcameraschool.it\/home\/prodotto\/brescia-corso-di-fotografia-intermedio\/","name":"BRESCIA CORSO DI FOTOGRAFIA INTERMEDIO dal 21 gennaio 2026 - Digital Camera School - Corsi di fotografia","isPartOf":{"@id":"https:\/\/www.digitalcameraschool.it\/home\/#website"},"primaryImageOfPage":{"@id":"https:\/\/www.digitalcameraschool.it\/home\/prodotto\/brescia-corso-di-fotografia-intermedio\/#primaryimage"},"image":{"@id":"https:\/\/www.digitalcameraschool.it\/home\/prodotto\/brescia-corso-di-fotografia-intermedio\/#primaryimage"},"thumbnailUrl":"https:\/\/www.digitalcameraschool.it\/home\/wp-content\/uploads\/2023\/07\/corso-fotografia-intermedio-brescia.jpg","datePublished":"2023-07-21T07:32:39+00:00","dateModified":"2025-10-17T13:21:02+00:00","breadcrumb":{"@id":"https:\/\/www.digitalcameraschool.it\/home\/prodotto\/brescia-corso-di-fotografia-intermedio\/#breadcrumb"},"inLanguage":"it-IT","potentialAction":[{"@type":"ReadAction","target":["https:\/\/www.digitalcameraschool.it\/home\/prodotto\/brescia-corso-di-fotografia-intermedio\/"]}]},{"@type":"ImageObject","inLanguage":"it-IT","@id":"https:\/\/www.digitalcameraschool.it\/home\/prodotto\/brescia-corso-di-fotografia-intermedio\/#primaryimage","url":"https:\/\/www.digitalcameraschool.it\/home\/wp-content\/uploads\/2023\/07\/corso-fotografia-intermedio-brescia.jpg","contentUrl":"https:\/\/www.digitalcameraschool.it\/home\/wp-content\/uploads\/2023\/07\/corso-fotografia-intermedio-brescia.jpg","width":1200,"height":1200},{"@type":"BreadcrumbList","@id":"https:\/\/www.digitalcameraschool.it\/home\/prodotto\/brescia-corso-di-fotografia-intermedio\/#breadcrumb","itemListElement":[{"@type":"ListItem","position":1,"name":"Home","item":"https:\/\/www.digitalcameraschool.it\/home\/"},{"@type":"ListItem","position":2,"name":"Shop","item":"https:\/\/www.digitalcameraschool.it\/home\/shop\/"},{"@type":"ListItem","position":3,"name":"BRESCIA CORSO DI FOTOGRAFIA INTERMEDIO dal 21 gennaio 2026"}]},{"@type":"WebSite","@id":"https:\/\/www.digitalcameraschool.it\/home\/#website","url":"https:\/\/www.digitalcameraschool.it\/home\/","name":"Digital Camera School - Corsi di fotografia","description":"Corsi, workshop, viaggi e molto altro!","publisher":{"@id":"https:\/\/www.digitalcameraschool.it\/home\/#organization"},"potentialAction":[{"@type":"SearchAction","target":{"@type":"EntryPoint","urlTemplate":"https:\/\/www.digitalcameraschool.it\/home\/?s={search_term_string}"},"query-input":{"@type":"PropertyValueSpecification","valueRequired":true,"valueName":"search_term_string"}}],"inLanguage":"it-IT"},{"@type":"Organization","@id":"https:\/\/www.digitalcameraschool.it\/home\/#organization","name":"Digital Camera School","url":"https:\/\/www.digitalcameraschool.it\/home\/","logo":{"@type":"ImageObject","inLanguage":"it-IT","@id":"https:\/\/www.digitalcameraschool.it\/home\/#\/schema\/logo\/image\/","url":"https:\/\/www.digitalcameraschool.it\/home\/wp-content\/uploads\/2022\/05\/logo-rotondo-dcs.png","contentUrl":"https:\/\/www.digitalcameraschool.it\/home\/wp-content\/uploads\/2022\/05\/logo-rotondo-dcs.png","width":500,"height":500,"caption":"Digital Camera School"},"image":{"@id":"https:\/\/www.digitalcameraschool.it\/home\/#\/schema\/logo\/image\/"},"sameAs":["https:\/\/www.facebook.com\/digitalcameraschool","https:\/\/www.instagram.com\/digital_camera_school\/","https:\/\/www.youtube.com\/c\/digitalcameraschool_tv"]}]}},"_links":{"self":[{"href":"https:\/\/www.digitalcameraschool.it\/home\/wp-json\/wp\/v2\/product\/31582","targetHints":{"allow":["GET"]}}],"collection":[{"href":"https:\/\/www.digitalcameraschool.it\/home\/wp-json\/wp\/v2\/product"}],"about":[{"href":"https:\/\/www.digitalcameraschool.it\/home\/wp-json\/wp\/v2\/types\/product"}],"wp:featuredmedia":[{"embeddable":true,"href":"https:\/\/www.digitalcameraschool.it\/home\/wp-json\/wp\/v2\/media\/31583"}],"wp:attachment":[{"href":"https:\/\/www.digitalcameraschool.it\/home\/wp-json\/wp\/v2\/media?parent=31582"}],"wp:term":[{"taxonomy":"product_brand","embeddable":true,"href":"https:\/\/www.digitalcameraschool.it\/home\/wp-json\/wp\/v2\/product_brand?post=31582"},{"taxonomy":"product_cat","embeddable":true,"href":"https:\/\/www.digitalcameraschool.it\/home\/wp-json\/wp\/v2\/product_cat?post=31582"},{"taxonomy":"product_tag","embeddable":true,"href":"https:\/\/www.digitalcameraschool.it\/home\/wp-json\/wp\/v2\/product_tag?post=31582"}],"curies":[{"name":"wp","href":"https:\/\/api.w.org\/{rel}","templated":true}]}}