{"id":27508,"date":"2022-07-15T10:28:04","date_gmt":"2022-07-15T08:28:04","guid":{"rendered":"https:\/\/www.digitalcameraschool.it\/home\/?post_type=product&#038;p=27508"},"modified":"2023-07-21T11:09:52","modified_gmt":"2023-07-21T09:09:52","slug":"individuale-online-corso-fotografia-basebase","status":"publish","type":"product","link":"https:\/\/www.digitalcameraschool.it\/home\/prodotto\/individuale-online-corso-fotografia-basebase\/","title":{"rendered":"Individuale online &#8211; Corso di fotografia base online"},"content":{"rendered":"<p>Vuoi acquisire o consolidare le basi della fotografia? Preferisci un rapporto diretto con il docente? Ecco la proposta perfetta per te! Quattro ore online per apprendere le basi della fotografia.<\/p>\n<p>Gli argomenti possono variare in base alle tue esigenze!<\/p>\n<hr \/>\n<p><strong>\u2705\u00a0Cosa vedremo<\/strong><\/p>\n<ul>\n<li>Composizione: principi e regole<\/li>\n<li>Esposizione: modalit\u00e0 manuale (iso-tempi-diaframmi) \/ semiautomatismi<\/li>\n<li>La profondit\u00e0 di campo: cos&#8217;\u00e8? Come si pu\u00f2 gestire?<\/li>\n<li>Messa a fuoco: tipologie e modalit\u00e0<\/li>\n<li>Bilanciamento del bianco: di cosa si tratta? Perch\u00e9 \u00e8 importante?<\/li>\n<li>Analisi delle tue fotografie: errori e margini di miglioramento<\/li>\n<\/ul>\n<hr \/>\n<p><strong>\u2705 Come aderire<\/strong><\/p>\n<p>La parte organizzativa \u00e8 molto semplice: una volta acquistato il prodotto ti ricontatteremo noi per fissare il primo incontro (consigliamo incontri di un&#8217;ora e mezza\/massimo due).<\/p>\n<p>Se preferisci ci puoi contattare per fissare il primo incontro e poi acquistare il prodotto.<\/p>\n<p>Useremo la piattaforma Zoom e <strong>potrai tenere la registrazione<\/strong>, in modo da consultare la lezione anche in un secondo momento, ogni volta che vorrai. \ud83d\ude42<\/p>\n<hr \/>\n<div id='gallery-1' class='gallery galleryid-27508 gallery-columns-5 gallery-size-thumbnail'><figure class='gallery-item'>\n\t\t\t<div class='gallery-icon landscape'>\n\t\t\t\t<a href='https:\/\/www.digitalcameraschool.it\/home\/wp-content\/uploads\/2023\/04\/600X382_10.jpg'><img loading=\"lazy\" decoding=\"async\" width=\"150\" height=\"150\" src=\"https:\/\/www.digitalcameraschool.it\/home\/wp-content\/uploads\/2023\/04\/600X382_10-150x150.jpg\" class=\"attachment-thumbnail size-thumbnail\" alt=\"\" srcset=\"https:\/\/www.digitalcameraschool.it\/home\/wp-content\/uploads\/2023\/04\/600X382_10-150x150.jpg 150w, https:\/\/www.digitalcameraschool.it\/home\/wp-content\/uploads\/2023\/04\/600X382_10-300x300.jpg 300w, https:\/\/www.digitalcameraschool.it\/home\/wp-content\/uploads\/2023\/04\/600X382_10-100x100.jpg 100w\" sizes=\"auto, (max-width: 150px) 100vw, 150px\" \/><\/a>\n\t\t\t<\/div><\/figure><figure class='gallery-item'>\n\t\t\t<div class='gallery-icon landscape'>\n\t\t\t\t<a href='https:\/\/www.digitalcameraschool.it\/home\/wp-content\/uploads\/2023\/04\/600X382_5.jpg'><img loading=\"lazy\" decoding=\"async\" width=\"150\" height=\"150\" src=\"https:\/\/www.digitalcameraschool.it\/home\/wp-content\/uploads\/2023\/04\/600X382_5-150x150.jpg\" class=\"attachment-thumbnail size-thumbnail\" alt=\"\" srcset=\"https:\/\/www.digitalcameraschool.it\/home\/wp-content\/uploads\/2023\/04\/600X382_5-150x150.jpg 150w, https:\/\/www.digitalcameraschool.it\/home\/wp-content\/uploads\/2023\/04\/600X382_5-300x300.jpg 300w, https:\/\/www.digitalcameraschool.it\/home\/wp-content\/uploads\/2023\/04\/600X382_5-100x100.jpg 100w\" sizes=\"auto, (max-width: 150px) 100vw, 150px\" \/><\/a>\n\t\t\t<\/div><\/figure><figure class='gallery-item'>\n\t\t\t<div class='gallery-icon landscape'>\n\t\t\t\t<a href='https:\/\/www.digitalcameraschool.it\/home\/wp-content\/uploads\/2023\/04\/600X382_3.jpg'><img loading=\"lazy\" decoding=\"async\" width=\"150\" height=\"150\" src=\"https:\/\/www.digitalcameraschool.it\/home\/wp-content\/uploads\/2023\/04\/600X382_3-150x150.jpg\" class=\"attachment-thumbnail size-thumbnail\" alt=\"\" srcset=\"https:\/\/www.digitalcameraschool.it\/home\/wp-content\/uploads\/2023\/04\/600X382_3-150x150.jpg 150w, https:\/\/www.digitalcameraschool.it\/home\/wp-content\/uploads\/2023\/04\/600X382_3-300x300.jpg 300w, https:\/\/www.digitalcameraschool.it\/home\/wp-content\/uploads\/2023\/04\/600X382_3-100x100.jpg 100w\" sizes=\"auto, (max-width: 150px) 100vw, 150px\" \/><\/a>\n\t\t\t<\/div><\/figure><figure class='gallery-item'>\n\t\t\t<div class='gallery-icon landscape'>\n\t\t\t\t<a href='https:\/\/www.digitalcameraschool.it\/home\/wp-content\/uploads\/2023\/04\/300X300_3.jpg'><img loading=\"lazy\" decoding=\"async\" width=\"150\" height=\"150\" src=\"https:\/\/www.digitalcameraschool.it\/home\/wp-content\/uploads\/2023\/04\/300X300_3-150x150.jpg\" class=\"attachment-thumbnail size-thumbnail\" alt=\"\" srcset=\"https:\/\/www.digitalcameraschool.it\/home\/wp-content\/uploads\/2023\/04\/300X300_3-150x150.jpg 150w, https:\/\/www.digitalcameraschool.it\/home\/wp-content\/uploads\/2023\/04\/300X300_3-300x300.jpg 300w, https:\/\/www.digitalcameraschool.it\/home\/wp-content\/uploads\/2023\/04\/300X300_3-100x100.jpg 100w\" sizes=\"auto, (max-width: 150px) 100vw, 150px\" \/><\/a>\n\t\t\t<\/div><\/figure><figure class='gallery-item'>\n\t\t\t<div class='gallery-icon landscape'>\n\t\t\t\t<a href='https:\/\/www.digitalcameraschool.it\/home\/wp-content\/uploads\/2022\/03\/saracinesca-milano.png'><img loading=\"lazy\" decoding=\"async\" width=\"150\" height=\"150\" src=\"https:\/\/www.digitalcameraschool.it\/home\/wp-content\/uploads\/2022\/03\/saracinesca-milano-150x150.png\" class=\"attachment-thumbnail size-thumbnail\" alt=\"\" srcset=\"https:\/\/www.digitalcameraschool.it\/home\/wp-content\/uploads\/2022\/03\/saracinesca-milano-150x150.png 150w, https:\/\/www.digitalcameraschool.it\/home\/wp-content\/uploads\/2022\/03\/saracinesca-milano-300x300.png 300w, https:\/\/www.digitalcameraschool.it\/home\/wp-content\/uploads\/2022\/03\/saracinesca-milano-100x100.png 100w\" sizes=\"auto, (max-width: 150px) 100vw, 150px\" \/><\/a>\n\t\t\t<\/div><\/figure><figure class='gallery-item'>\n\t\t\t<div class='gallery-icon landscape'>\n\t\t\t\t<a href='https:\/\/www.digitalcameraschool.it\/home\/wp-content\/uploads\/2022\/03\/vetro_rotto-scaled.jpg'><img loading=\"lazy\" decoding=\"async\" width=\"150\" height=\"150\" src=\"https:\/\/www.digitalcameraschool.it\/home\/wp-content\/uploads\/2022\/03\/vetro_rotto-150x150.jpg\" class=\"attachment-thumbnail size-thumbnail\" alt=\"\" srcset=\"https:\/\/www.digitalcameraschool.it\/home\/wp-content\/uploads\/2022\/03\/vetro_rotto-150x150.jpg 150w, https:\/\/www.digitalcameraschool.it\/home\/wp-content\/uploads\/2022\/03\/vetro_rotto-300x300.jpg 300w, https:\/\/www.digitalcameraschool.it\/home\/wp-content\/uploads\/2022\/03\/vetro_rotto-100x100.jpg 100w\" sizes=\"auto, (max-width: 150px) 100vw, 150px\" \/><\/a>\n\t\t\t<\/div><\/figure><figure class='gallery-item'>\n\t\t\t<div class='gallery-icon landscape'>\n\t\t\t\t<a href='https:\/\/www.digitalcameraschool.it\/home\/wp-content\/uploads\/2023\/02\/LM78429.jpeg'><img loading=\"lazy\" decoding=\"async\" width=\"150\" height=\"150\" src=\"https:\/\/www.digitalcameraschool.it\/home\/wp-content\/uploads\/2023\/02\/LM78429-150x150.jpeg\" class=\"attachment-thumbnail size-thumbnail\" alt=\"\" srcset=\"https:\/\/www.digitalcameraschool.it\/home\/wp-content\/uploads\/2023\/02\/LM78429-150x150.jpeg 150w, https:\/\/www.digitalcameraschool.it\/home\/wp-content\/uploads\/2023\/02\/LM78429-300x300.jpeg 300w, https:\/\/www.digitalcameraschool.it\/home\/wp-content\/uploads\/2023\/02\/LM78429-100x100.jpeg 100w\" sizes=\"auto, (max-width: 150px) 100vw, 150px\" \/><\/a>\n\t\t\t<\/div><\/figure><figure class='gallery-item'>\n\t\t\t<div class='gallery-icon landscape'>\n\t\t\t\t<a href='https:\/\/www.digitalcameraschool.it\/home\/wp-content\/uploads\/2023\/02\/luigi_mazzucchi_005.jpeg'><img loading=\"lazy\" decoding=\"async\" width=\"150\" height=\"150\" src=\"https:\/\/www.digitalcameraschool.it\/home\/wp-content\/uploads\/2023\/02\/luigi_mazzucchi_005-150x150.jpeg\" class=\"attachment-thumbnail size-thumbnail\" alt=\"\" srcset=\"https:\/\/www.digitalcameraschool.it\/home\/wp-content\/uploads\/2023\/02\/luigi_mazzucchi_005-150x150.jpeg 150w, https:\/\/www.digitalcameraschool.it\/home\/wp-content\/uploads\/2023\/02\/luigi_mazzucchi_005-300x300.jpeg 300w, https:\/\/www.digitalcameraschool.it\/home\/wp-content\/uploads\/2023\/02\/luigi_mazzucchi_005-100x100.jpeg 100w\" sizes=\"auto, (max-width: 150px) 100vw, 150px\" \/><\/a>\n\t\t\t<\/div><\/figure><figure class='gallery-item'>\n\t\t\t<div class='gallery-icon landscape'>\n\t\t\t\t<a href='https:\/\/www.digitalcameraschool.it\/home\/wp-content\/uploads\/2022\/10\/DSC_2277-1.jpg'><img loading=\"lazy\" decoding=\"async\" width=\"150\" height=\"150\" src=\"https:\/\/www.digitalcameraschool.it\/home\/wp-content\/uploads\/2022\/10\/DSC_2277-1-150x150.jpg\" class=\"attachment-thumbnail size-thumbnail\" alt=\"\" srcset=\"https:\/\/www.digitalcameraschool.it\/home\/wp-content\/uploads\/2022\/10\/DSC_2277-1-150x150.jpg 150w, https:\/\/www.digitalcameraschool.it\/home\/wp-content\/uploads\/2022\/10\/DSC_2277-1-300x300.jpg 300w, https:\/\/www.digitalcameraschool.it\/home\/wp-content\/uploads\/2022\/10\/DSC_2277-1-100x100.jpg 100w\" sizes=\"auto, (max-width: 150px) 100vw, 150px\" \/><\/a>\n\t\t\t<\/div><\/figure><figure class='gallery-item'>\n\t\t\t<div class='gallery-icon landscape'>\n\t\t\t\t<a href='https:\/\/www.digitalcameraschool.it\/home\/wp-content\/uploads\/2022\/10\/DSC_2372-1.jpg'><img loading=\"lazy\" decoding=\"async\" width=\"150\" height=\"150\" src=\"https:\/\/www.digitalcameraschool.it\/home\/wp-content\/uploads\/2022\/10\/DSC_2372-1-150x150.jpg\" class=\"attachment-thumbnail size-thumbnail\" alt=\"\" srcset=\"https:\/\/www.digitalcameraschool.it\/home\/wp-content\/uploads\/2022\/10\/DSC_2372-1-150x150.jpg 150w, https:\/\/www.digitalcameraschool.it\/home\/wp-content\/uploads\/2022\/10\/DSC_2372-1-300x300.jpg 300w, https:\/\/www.digitalcameraschool.it\/home\/wp-content\/uploads\/2022\/10\/DSC_2372-1-100x100.jpg 100w\" sizes=\"auto, (max-width: 150px) 100vw, 150px\" \/><\/a>\n\t\t\t<\/div><\/figure>\n\t\t<\/div>\n\n<hr \/>\n<p><strong>\u2705 Informazioni<\/strong><\/p>\n<p>Marco Lecchi \u2013 +393939242473 \u2013 marco@digitalcameraschool.it<br \/>\nLuigi Mazzucchi \u2013 +393201915228 \u2013 luigi@digitalcameraschool.it<\/p>\n","protected":false},"excerpt":{"rendered":"<p><strong>\u2705 <\/strong>Quattro\u00a0 ore in diretta online<\/p>\n<p><strong>\u2705\u00a0<\/strong>Un&#8217;esperienza one-to-one perfetta per una panoramica sulle basi della fotografia<\/p>\n<p><strong>Prenota il primo incontro: fisserai il secondo direttamente con il docente!<\/strong><\/p>\n","protected":false},"featured_media":31570,"template":"","meta":{"pmpro_default_level":""},"product_brand":[],"product_cat":[163],"product_tag":[],"class_list":{"0":"post-27508","1":"product","2":"type-product","3":"status-publish","4":"has-post-thumbnail","6":"product_cat-corsi-individuali","7":"pmpro-has-access","9":"first","10":"instock","11":"virtual","12":"taxable","13":"purchasable","14":"product-type-simple"},"acf":[],"yoast_head":"<!-- This site is optimized with the Yoast SEO plugin v27.4 - https:\/\/yoast.com\/product\/yoast-seo-wordpress\/ -->\n<title>Individuale online - Corso di fotografia base online - Digital Camera School - Corsi di fotografia<\/title>\n<meta name=\"robots\" content=\"index, follow, max-snippet:-1, max-image-preview:large, max-video-preview:-1\" \/>\n<link rel=\"canonical\" href=\"https:\/\/www.digitalcameraschool.it\/home\/prodotto\/individuale-online-corso-fotografia-basebase\/\" \/>\n<meta property=\"og:locale\" content=\"it_IT\" \/>\n<meta property=\"og:type\" content=\"article\" \/>\n<meta property=\"og:title\" content=\"Individuale online - Corso di fotografia base online - Digital Camera School - Corsi di fotografia\" \/>\n<meta property=\"og:description\" content=\"\u2705 Quattro\u00a0 ore in diretta online  \u2705\u00a0Un&#039;esperienza one-to-one perfetta per una panoramica sulle basi della fotografia  Prenota il primo incontro: fisserai il secondo direttamente con il docente!\" \/>\n<meta property=\"og:url\" content=\"https:\/\/www.digitalcameraschool.it\/home\/prodotto\/individuale-online-corso-fotografia-basebase\/\" \/>\n<meta property=\"og:site_name\" content=\"Digital Camera School - Corsi di fotografia\" \/>\n<meta property=\"article:publisher\" content=\"https:\/\/www.facebook.com\/digitalcameraschool\" \/>\n<meta property=\"article:modified_time\" content=\"2023-07-21T09:09:52+00:00\" \/>\n<meta property=\"og:image\" content=\"https:\/\/www.digitalcameraschool.it\/home\/wp-content\/uploads\/2022\/06\/individuale-base.jpg\" \/>\n\t<meta property=\"og:image:width\" content=\"1200\" \/>\n\t<meta property=\"og:image:height\" content=\"1200\" \/>\n\t<meta property=\"og:image:type\" content=\"image\/jpeg\" \/>\n<meta name=\"twitter:card\" content=\"summary_large_image\" \/>\n<meta name=\"twitter:label1\" content=\"Tempo di lettura stimato\" \/>\n\t<meta name=\"twitter:data1\" content=\"1 minuto\" \/>\n<script type=\"application\/ld+json\" class=\"yoast-schema-graph\">{\"@context\":\"https:\\\/\\\/schema.org\",\"@graph\":[{\"@type\":\"WebPage\",\"@id\":\"https:\\\/\\\/www.digitalcameraschool.it\\\/home\\\/prodotto\\\/individuale-online-corso-fotografia-basebase\\\/\",\"url\":\"https:\\\/\\\/www.digitalcameraschool.it\\\/home\\\/prodotto\\\/individuale-online-corso-fotografia-basebase\\\/\",\"name\":\"Individuale online - Corso di fotografia base online - Digital Camera School - Corsi di fotografia\",\"isPartOf\":{\"@id\":\"https:\\\/\\\/www.digitalcameraschool.it\\\/home\\\/#website\"},\"primaryImageOfPage\":{\"@id\":\"https:\\\/\\\/www.digitalcameraschool.it\\\/home\\\/prodotto\\\/individuale-online-corso-fotografia-basebase\\\/#primaryimage\"},\"image\":{\"@id\":\"https:\\\/\\\/www.digitalcameraschool.it\\\/home\\\/prodotto\\\/individuale-online-corso-fotografia-basebase\\\/#primaryimage\"},\"thumbnailUrl\":\"https:\\\/\\\/www.digitalcameraschool.it\\\/home\\\/wp-content\\\/uploads\\\/2022\\\/06\\\/individuale-base.jpg\",\"datePublished\":\"2022-07-15T08:28:04+00:00\",\"dateModified\":\"2023-07-21T09:09:52+00:00\",\"breadcrumb\":{\"@id\":\"https:\\\/\\\/www.digitalcameraschool.it\\\/home\\\/prodotto\\\/individuale-online-corso-fotografia-basebase\\\/#breadcrumb\"},\"inLanguage\":\"it-IT\",\"potentialAction\":[{\"@type\":\"ReadAction\",\"target\":[\"https:\\\/\\\/www.digitalcameraschool.it\\\/home\\\/prodotto\\\/individuale-online-corso-fotografia-basebase\\\/\"]}]},{\"@type\":\"ImageObject\",\"inLanguage\":\"it-IT\",\"@id\":\"https:\\\/\\\/www.digitalcameraschool.it\\\/home\\\/prodotto\\\/individuale-online-corso-fotografia-basebase\\\/#primaryimage\",\"url\":\"https:\\\/\\\/www.digitalcameraschool.it\\\/home\\\/wp-content\\\/uploads\\\/2022\\\/06\\\/individuale-base.jpg\",\"contentUrl\":\"https:\\\/\\\/www.digitalcameraschool.it\\\/home\\\/wp-content\\\/uploads\\\/2022\\\/06\\\/individuale-base.jpg\",\"width\":1200,\"height\":1200},{\"@type\":\"BreadcrumbList\",\"@id\":\"https:\\\/\\\/www.digitalcameraschool.it\\\/home\\\/prodotto\\\/individuale-online-corso-fotografia-basebase\\\/#breadcrumb\",\"itemListElement\":[{\"@type\":\"ListItem\",\"position\":1,\"name\":\"Home\",\"item\":\"https:\\\/\\\/www.digitalcameraschool.it\\\/home\\\/\"},{\"@type\":\"ListItem\",\"position\":2,\"name\":\"Shop\",\"item\":\"https:\\\/\\\/www.digitalcameraschool.it\\\/home\\\/shop\\\/\"},{\"@type\":\"ListItem\",\"position\":3,\"name\":\"Individuale online &#8211; Corso di fotografia base online\"}]},{\"@type\":\"WebSite\",\"@id\":\"https:\\\/\\\/www.digitalcameraschool.it\\\/home\\\/#website\",\"url\":\"https:\\\/\\\/www.digitalcameraschool.it\\\/home\\\/\",\"name\":\"Digital Camera School - Corsi di fotografia\",\"description\":\"Corsi, workshop, viaggi e molto altro!\",\"publisher\":{\"@id\":\"https:\\\/\\\/www.digitalcameraschool.it\\\/home\\\/#organization\"},\"potentialAction\":[{\"@type\":\"SearchAction\",\"target\":{\"@type\":\"EntryPoint\",\"urlTemplate\":\"https:\\\/\\\/www.digitalcameraschool.it\\\/home\\\/?s={search_term_string}\"},\"query-input\":{\"@type\":\"PropertyValueSpecification\",\"valueRequired\":true,\"valueName\":\"search_term_string\"}}],\"inLanguage\":\"it-IT\"},{\"@type\":\"Organization\",\"@id\":\"https:\\\/\\\/www.digitalcameraschool.it\\\/home\\\/#organization\",\"name\":\"Digital Camera School\",\"url\":\"https:\\\/\\\/www.digitalcameraschool.it\\\/home\\\/\",\"logo\":{\"@type\":\"ImageObject\",\"inLanguage\":\"it-IT\",\"@id\":\"https:\\\/\\\/www.digitalcameraschool.it\\\/home\\\/#\\\/schema\\\/logo\\\/image\\\/\",\"url\":\"https:\\\/\\\/www.digitalcameraschool.it\\\/home\\\/wp-content\\\/uploads\\\/2022\\\/05\\\/logo-rotondo-dcs.png\",\"contentUrl\":\"https:\\\/\\\/www.digitalcameraschool.it\\\/home\\\/wp-content\\\/uploads\\\/2022\\\/05\\\/logo-rotondo-dcs.png\",\"width\":500,\"height\":500,\"caption\":\"Digital Camera School\"},\"image\":{\"@id\":\"https:\\\/\\\/www.digitalcameraschool.it\\\/home\\\/#\\\/schema\\\/logo\\\/image\\\/\"},\"sameAs\":[\"https:\\\/\\\/www.facebook.com\\\/digitalcameraschool\",\"https:\\\/\\\/www.instagram.com\\\/digital_camera_school\\\/\",\"https:\\\/\\\/www.youtube.com\\\/c\\\/digitalcameraschool_tv\"]}]}<\/script>\n<!-- \/ Yoast SEO plugin. -->","yoast_head_json":{"title":"Individuale online - Corso di fotografia base online - Digital Camera School - Corsi di fotografia","robots":{"index":"index","follow":"follow","max-snippet":"max-snippet:-1","max-image-preview":"max-image-preview:large","max-video-preview":"max-video-preview:-1"},"canonical":"https:\/\/www.digitalcameraschool.it\/home\/prodotto\/individuale-online-corso-fotografia-basebase\/","og_locale":"it_IT","og_type":"article","og_title":"Individuale online - Corso di fotografia base online - Digital Camera School - Corsi di fotografia","og_description":"\u2705 Quattro\u00a0 ore in diretta online  \u2705\u00a0Un'esperienza one-to-one perfetta per una panoramica sulle basi della fotografia  Prenota il primo incontro: fisserai il secondo direttamente con il docente!","og_url":"https:\/\/www.digitalcameraschool.it\/home\/prodotto\/individuale-online-corso-fotografia-basebase\/","og_site_name":"Digital Camera School - Corsi di fotografia","article_publisher":"https:\/\/www.facebook.com\/digitalcameraschool","article_modified_time":"2023-07-21T09:09:52+00:00","og_image":[{"width":1200,"height":1200,"url":"https:\/\/www.digitalcameraschool.it\/home\/wp-content\/uploads\/2022\/06\/individuale-base.jpg","type":"image\/jpeg"}],"twitter_card":"summary_large_image","twitter_misc":{"Tempo di lettura stimato":"1 minuto"},"schema":{"@context":"https:\/\/schema.org","@graph":[{"@type":"WebPage","@id":"https:\/\/www.digitalcameraschool.it\/home\/prodotto\/individuale-online-corso-fotografia-basebase\/","url":"https:\/\/www.digitalcameraschool.it\/home\/prodotto\/individuale-online-corso-fotografia-basebase\/","name":"Individuale online - Corso di fotografia base online - Digital Camera School - Corsi di fotografia","isPartOf":{"@id":"https:\/\/www.digitalcameraschool.it\/home\/#website"},"primaryImageOfPage":{"@id":"https:\/\/www.digitalcameraschool.it\/home\/prodotto\/individuale-online-corso-fotografia-basebase\/#primaryimage"},"image":{"@id":"https:\/\/www.digitalcameraschool.it\/home\/prodotto\/individuale-online-corso-fotografia-basebase\/#primaryimage"},"thumbnailUrl":"https:\/\/www.digitalcameraschool.it\/home\/wp-content\/uploads\/2022\/06\/individuale-base.jpg","datePublished":"2022-07-15T08:28:04+00:00","dateModified":"2023-07-21T09:09:52+00:00","breadcrumb":{"@id":"https:\/\/www.digitalcameraschool.it\/home\/prodotto\/individuale-online-corso-fotografia-basebase\/#breadcrumb"},"inLanguage":"it-IT","potentialAction":[{"@type":"ReadAction","target":["https:\/\/www.digitalcameraschool.it\/home\/prodotto\/individuale-online-corso-fotografia-basebase\/"]}]},{"@type":"ImageObject","inLanguage":"it-IT","@id":"https:\/\/www.digitalcameraschool.it\/home\/prodotto\/individuale-online-corso-fotografia-basebase\/#primaryimage","url":"https:\/\/www.digitalcameraschool.it\/home\/wp-content\/uploads\/2022\/06\/individuale-base.jpg","contentUrl":"https:\/\/www.digitalcameraschool.it\/home\/wp-content\/uploads\/2022\/06\/individuale-base.jpg","width":1200,"height":1200},{"@type":"BreadcrumbList","@id":"https:\/\/www.digitalcameraschool.it\/home\/prodotto\/individuale-online-corso-fotografia-basebase\/#breadcrumb","itemListElement":[{"@type":"ListItem","position":1,"name":"Home","item":"https:\/\/www.digitalcameraschool.it\/home\/"},{"@type":"ListItem","position":2,"name":"Shop","item":"https:\/\/www.digitalcameraschool.it\/home\/shop\/"},{"@type":"ListItem","position":3,"name":"Individuale online &#8211; Corso di fotografia base online"}]},{"@type":"WebSite","@id":"https:\/\/www.digitalcameraschool.it\/home\/#website","url":"https:\/\/www.digitalcameraschool.it\/home\/","name":"Digital Camera School - Corsi di fotografia","description":"Corsi, workshop, viaggi e molto altro!","publisher":{"@id":"https:\/\/www.digitalcameraschool.it\/home\/#organization"},"potentialAction":[{"@type":"SearchAction","target":{"@type":"EntryPoint","urlTemplate":"https:\/\/www.digitalcameraschool.it\/home\/?s={search_term_string}"},"query-input":{"@type":"PropertyValueSpecification","valueRequired":true,"valueName":"search_term_string"}}],"inLanguage":"it-IT"},{"@type":"Organization","@id":"https:\/\/www.digitalcameraschool.it\/home\/#organization","name":"Digital Camera School","url":"https:\/\/www.digitalcameraschool.it\/home\/","logo":{"@type":"ImageObject","inLanguage":"it-IT","@id":"https:\/\/www.digitalcameraschool.it\/home\/#\/schema\/logo\/image\/","url":"https:\/\/www.digitalcameraschool.it\/home\/wp-content\/uploads\/2022\/05\/logo-rotondo-dcs.png","contentUrl":"https:\/\/www.digitalcameraschool.it\/home\/wp-content\/uploads\/2022\/05\/logo-rotondo-dcs.png","width":500,"height":500,"caption":"Digital Camera School"},"image":{"@id":"https:\/\/www.digitalcameraschool.it\/home\/#\/schema\/logo\/image\/"},"sameAs":["https:\/\/www.facebook.com\/digitalcameraschool","https:\/\/www.instagram.com\/digital_camera_school\/","https:\/\/www.youtube.com\/c\/digitalcameraschool_tv"]}]}},"_links":{"self":[{"href":"https:\/\/www.digitalcameraschool.it\/home\/wp-json\/wp\/v2\/product\/27508","targetHints":{"allow":["GET"]}}],"collection":[{"href":"https:\/\/www.digitalcameraschool.it\/home\/wp-json\/wp\/v2\/product"}],"about":[{"href":"https:\/\/www.digitalcameraschool.it\/home\/wp-json\/wp\/v2\/types\/product"}],"wp:featuredmedia":[{"embeddable":true,"href":"https:\/\/www.digitalcameraschool.it\/home\/wp-json\/wp\/v2\/media\/31570"}],"wp:attachment":[{"href":"https:\/\/www.digitalcameraschool.it\/home\/wp-json\/wp\/v2\/media?parent=27508"}],"wp:term":[{"taxonomy":"product_brand","embeddable":true,"href":"https:\/\/www.digitalcameraschool.it\/home\/wp-json\/wp\/v2\/product_brand?post=27508"},{"taxonomy":"product_cat","embeddable":true,"href":"https:\/\/www.digitalcameraschool.it\/home\/wp-json\/wp\/v2\/product_cat?post=27508"},{"taxonomy":"product_tag","embeddable":true,"href":"https:\/\/www.digitalcameraschool.it\/home\/wp-json\/wp\/v2\/product_tag?post=27508"}],"curies":[{"name":"wp","href":"https:\/\/api.w.org\/{rel}","templated":true}]}}