{"id":27044,"date":"2022-06-03T12:00:53","date_gmt":"2022-06-03T10:00:53","guid":{"rendered":"https:\/\/www.digitalcameraschool.it\/home\/?post_type=product&#038;p=27044"},"modified":"2023-07-20T11:03:34","modified_gmt":"2023-07-20T09:03:34","slug":"individuale-il-menu-della-tua-macchina-fotografica","status":"publish","type":"product","link":"https:\/\/www.digitalcameraschool.it\/home\/prodotto\/individuale-il-menu-della-tua-macchina-fotografica\/","title":{"rendered":"Individuale online &#8211; Il menu della tua macchina fotografica"},"content":{"rendered":"<p style=\"text-align: justify;\">Le attuali macchine fotografiche digitali possiedono <strong>una miriade di funzioni<\/strong> e possibilit\u00e0. Sta a noi conoscerle e sfruttarle quando necessario. Esistono inoltre alcune <strong>impostazioni che ci semplificano la vita<\/strong>, se utilizzate come si deve.<\/p>\n<p style=\"text-align: justify;\">Un incontro di <strong>due ore face-to-face online<\/strong> \u00e8 l&#8217;esperienza perfetta per accrescere il proprio bagaglio di conoscenze. Sapere pi\u00f9 cose possibili riguardo gli strumenti utilizzati ci porta ad ottenere migliori risultati con meno difficolt\u00e0.<\/p>\n<hr \/>\n<p><strong>\u2705\u00a0Cosa vedremo<\/strong><\/p>\n<ul>\n<li>Le voci di menu, sezione per sezione<\/li>\n<li>Il menu veloce: come gestirlo<\/li>\n<li>I tasti fisici: quali sono e cosa possiamo fare<\/li>\n<\/ul>\n<hr \/>\n<p><strong>\u2705 Come aderire<\/strong><\/p>\n<p>La parte organizzativa \u00e8 molto semplice: una volta acquistato il prodotto ti ricontatteremo noi per fissare l&#8217;incontro. Useremo la piattaforma Zoom e <strong>potrai tenere la registrazione<\/strong>, in modo da consultare la lezione anche in un secondo momento, ogni volta che vorrai. \ud83d\ude42<\/p>\n<div id='gallery-1' class='gallery galleryid-27044 gallery-columns-1 gallery-size-large'><figure class='gallery-item'>\n\t\t\t<div class='gallery-icon portrait'>\n\t\t\t\t<img loading=\"lazy\" decoding=\"async\" width=\"556\" height=\"1024\" src=\"https:\/\/www.digitalcameraschool.it\/home\/wp-content\/uploads\/2022\/06\/002C-556x1024.jpg\" class=\"attachment-large size-large\" alt=\"\" srcset=\"https:\/\/www.digitalcameraschool.it\/home\/wp-content\/uploads\/2022\/06\/002C-556x1024.jpg 556w, https:\/\/www.digitalcameraschool.it\/home\/wp-content\/uploads\/2022\/06\/002C-163x300.jpg 163w, https:\/\/www.digitalcameraschool.it\/home\/wp-content\/uploads\/2022\/06\/002C-768x1413.jpg 768w, https:\/\/www.digitalcameraschool.it\/home\/wp-content\/uploads\/2022\/06\/002C-600x1104.jpg 600w, https:\/\/www.digitalcameraschool.it\/home\/wp-content\/uploads\/2022\/06\/002C.jpg 776w\" sizes=\"auto, (max-width: 556px) 100vw, 556px\" \/>\n\t\t\t<\/div><\/figure><figure class='gallery-item'>\n\t\t\t<div class='gallery-icon portrait'>\n\t\t\t\t<img loading=\"lazy\" decoding=\"async\" width=\"640\" height=\"827\" src=\"https:\/\/www.digitalcameraschool.it\/home\/wp-content\/uploads\/2022\/06\/003A.jpg\" class=\"attachment-large size-large\" alt=\"\" srcset=\"https:\/\/www.digitalcameraschool.it\/home\/wp-content\/uploads\/2022\/06\/003A.jpg 754w, https:\/\/www.digitalcameraschool.it\/home\/wp-content\/uploads\/2022\/06\/003A-232x300.jpg 232w, https:\/\/www.digitalcameraschool.it\/home\/wp-content\/uploads\/2022\/06\/003A-600x775.jpg 600w\" sizes=\"auto, (max-width: 640px) 100vw, 640px\" \/>\n\t\t\t<\/div><\/figure><figure class='gallery-item'>\n\t\t\t<div class='gallery-icon portrait'>\n\t\t\t\t<img loading=\"lazy\" decoding=\"async\" width=\"640\" height=\"900\" src=\"https:\/\/www.digitalcameraschool.it\/home\/wp-content\/uploads\/2022\/06\/007C-008A-728x1024.jpg\" class=\"attachment-large size-large\" alt=\"\" srcset=\"https:\/\/www.digitalcameraschool.it\/home\/wp-content\/uploads\/2022\/06\/007C-008A-728x1024.jpg 728w, https:\/\/www.digitalcameraschool.it\/home\/wp-content\/uploads\/2022\/06\/007C-008A-213x300.jpg 213w, https:\/\/www.digitalcameraschool.it\/home\/wp-content\/uploads\/2022\/06\/007C-008A-768x1080.jpg 768w, https:\/\/www.digitalcameraschool.it\/home\/wp-content\/uploads\/2022\/06\/007C-008A-600x844.jpg 600w, https:\/\/www.digitalcameraschool.it\/home\/wp-content\/uploads\/2022\/06\/007C-008A.jpg 890w\" sizes=\"auto, (max-width: 640px) 100vw, 640px\" \/>\n\t\t\t<\/div><\/figure><figure class='gallery-item'>\n\t\t\t<div class='gallery-icon landscape'>\n\t\t\t\t<img loading=\"lazy\" decoding=\"async\" width=\"640\" height=\"400\" src=\"https:\/\/www.digitalcameraschool.it\/home\/wp-content\/uploads\/2022\/06\/011A-1024x640.jpg\" class=\"attachment-large size-large\" alt=\"\" srcset=\"https:\/\/www.digitalcameraschool.it\/home\/wp-content\/uploads\/2022\/06\/011A-1024x640.jpg 1024w, https:\/\/www.digitalcameraschool.it\/home\/wp-content\/uploads\/2022\/06\/011A-300x188.jpg 300w, https:\/\/www.digitalcameraschool.it\/home\/wp-content\/uploads\/2022\/06\/011A-768x480.jpg 768w, https:\/\/www.digitalcameraschool.it\/home\/wp-content\/uploads\/2022\/06\/011A-600x375.jpg 600w, https:\/\/www.digitalcameraschool.it\/home\/wp-content\/uploads\/2022\/06\/011A.jpg 1280w\" sizes=\"auto, (max-width: 640px) 100vw, 640px\" \/>\n\t\t\t<\/div><\/figure><figure class='gallery-item'>\n\t\t\t<div class='gallery-icon portrait'>\n\t\t\t\t<img loading=\"lazy\" decoding=\"async\" width=\"640\" height=\"939\" src=\"https:\/\/www.digitalcameraschool.it\/home\/wp-content\/uploads\/2022\/06\/013A-698x1024.jpg\" class=\"attachment-large size-large\" alt=\"\" srcset=\"https:\/\/www.digitalcameraschool.it\/home\/wp-content\/uploads\/2022\/06\/013A-698x1024.jpg 698w, https:\/\/www.digitalcameraschool.it\/home\/wp-content\/uploads\/2022\/06\/013A-205x300.jpg 205w, https:\/\/www.digitalcameraschool.it\/home\/wp-content\/uploads\/2022\/06\/013A-600x880.jpg 600w, https:\/\/www.digitalcameraschool.it\/home\/wp-content\/uploads\/2022\/06\/013A.jpg 738w\" sizes=\"auto, (max-width: 640px) 100vw, 640px\" \/>\n\t\t\t<\/div><\/figure><figure class='gallery-item'>\n\t\t\t<div class='gallery-icon landscape'>\n\t\t\t\t<img loading=\"lazy\" decoding=\"async\" width=\"406\" height=\"308\" src=\"https:\/\/www.digitalcameraschool.it\/home\/wp-content\/uploads\/2022\/06\/014D.jpg\" class=\"attachment-large size-large\" alt=\"\" srcset=\"https:\/\/www.digitalcameraschool.it\/home\/wp-content\/uploads\/2022\/06\/014D.jpg 406w, https:\/\/www.digitalcameraschool.it\/home\/wp-content\/uploads\/2022\/06\/014D-300x228.jpg 300w, https:\/\/www.digitalcameraschool.it\/home\/wp-content\/uploads\/2022\/06\/014D-154x116.jpg 154w\" sizes=\"auto, (max-width: 406px) 100vw, 406px\" \/>\n\t\t\t<\/div><\/figure><figure class='gallery-item'>\n\t\t\t<div class='gallery-icon landscape'>\n\t\t\t\t<img loading=\"lazy\" decoding=\"async\" width=\"640\" height=\"598\" src=\"https:\/\/www.digitalcameraschool.it\/home\/wp-content\/uploads\/2022\/06\/017A-1024x956.jpg\" class=\"attachment-large size-large\" alt=\"\" srcset=\"https:\/\/www.digitalcameraschool.it\/home\/wp-content\/uploads\/2022\/06\/017A-1024x956.jpg 1024w, https:\/\/www.digitalcameraschool.it\/home\/wp-content\/uploads\/2022\/06\/017A-300x280.jpg 300w, https:\/\/www.digitalcameraschool.it\/home\/wp-content\/uploads\/2022\/06\/017A-768x717.jpg 768w, https:\/\/www.digitalcameraschool.it\/home\/wp-content\/uploads\/2022\/06\/017A-600x560.jpg 600w, https:\/\/www.digitalcameraschool.it\/home\/wp-content\/uploads\/2022\/06\/017A.jpg 1392w\" sizes=\"auto, (max-width: 640px) 100vw, 640px\" \/>\n\t\t\t<\/div><\/figure><figure class='gallery-item'>\n\t\t\t<div class='gallery-icon landscape'>\n\t\t\t\t<img loading=\"lazy\" decoding=\"async\" width=\"640\" height=\"374\" src=\"https:\/\/www.digitalcameraschool.it\/home\/wp-content\/uploads\/2022\/06\/039-1024x599.jpg\" class=\"attachment-large size-large\" alt=\"\" srcset=\"https:\/\/www.digitalcameraschool.it\/home\/wp-content\/uploads\/2022\/06\/039-1024x599.jpg 1024w, https:\/\/www.digitalcameraschool.it\/home\/wp-content\/uploads\/2022\/06\/039-300x176.jpg 300w, https:\/\/www.digitalcameraschool.it\/home\/wp-content\/uploads\/2022\/06\/039-768x450.jpg 768w, https:\/\/www.digitalcameraschool.it\/home\/wp-content\/uploads\/2022\/06\/039-600x351.jpg 600w, https:\/\/www.digitalcameraschool.it\/home\/wp-content\/uploads\/2022\/06\/039.jpg 1452w\" sizes=\"auto, (max-width: 640px) 100vw, 640px\" \/>\n\t\t\t<\/div><\/figure><figure class='gallery-item'>\n\t\t\t<div class='gallery-icon landscape'>\n\t\t\t\t<img loading=\"lazy\" decoding=\"async\" width=\"640\" height=\"487\" src=\"https:\/\/www.digitalcameraschool.it\/home\/wp-content\/uploads\/2022\/06\/050-1024x779.jpg\" class=\"attachment-large size-large\" alt=\"\" srcset=\"https:\/\/www.digitalcameraschool.it\/home\/wp-content\/uploads\/2022\/06\/050-1024x779.jpg 1024w, https:\/\/www.digitalcameraschool.it\/home\/wp-content\/uploads\/2022\/06\/050-300x228.jpg 300w, https:\/\/www.digitalcameraschool.it\/home\/wp-content\/uploads\/2022\/06\/050-768x584.jpg 768w, https:\/\/www.digitalcameraschool.it\/home\/wp-content\/uploads\/2022\/06\/050-154x116.jpg 154w, https:\/\/www.digitalcameraschool.it\/home\/wp-content\/uploads\/2022\/06\/050-600x456.jpg 600w, https:\/\/www.digitalcameraschool.it\/home\/wp-content\/uploads\/2022\/06\/050.jpg 1218w\" sizes=\"auto, (max-width: 640px) 100vw, 640px\" \/>\n\t\t\t<\/div><\/figure><figure class='gallery-item'>\n\t\t\t<div class='gallery-icon portrait'>\n\t\t\t\t<img loading=\"lazy\" decoding=\"async\" width=\"640\" height=\"815\" src=\"https:\/\/www.digitalcameraschool.it\/home\/wp-content\/uploads\/2022\/06\/057-804x1024.jpg\" class=\"attachment-large size-large\" alt=\"\" srcset=\"https:\/\/www.digitalcameraschool.it\/home\/wp-content\/uploads\/2022\/06\/057-804x1024.jpg 804w, https:\/\/www.digitalcameraschool.it\/home\/wp-content\/uploads\/2022\/06\/057-236x300.jpg 236w, https:\/\/www.digitalcameraschool.it\/home\/wp-content\/uploads\/2022\/06\/057-768x978.jpg 768w, https:\/\/www.digitalcameraschool.it\/home\/wp-content\/uploads\/2022\/06\/057-600x764.jpg 600w, https:\/\/www.digitalcameraschool.it\/home\/wp-content\/uploads\/2022\/06\/057.jpg 812w\" sizes=\"auto, (max-width: 640px) 100vw, 640px\" \/>\n\t\t\t<\/div><\/figure>\n\t\t<\/div>\n\n","protected":false},"excerpt":{"rendered":"<p><strong>\u2705\u00a0<\/strong>Due ore in diretta online<\/p>\n<p><strong>\u2705\u00a0<\/strong>Un&#8217;esperienza one-to-one mirata ad approfondire la conoscenza della tua macchina fotografica!<\/p>\n","protected":false},"featured_media":31569,"template":"","meta":{"pmpro_default_level":""},"product_brand":[],"product_cat":[163],"product_tag":[],"class_list":{"0":"post-27044","1":"product","2":"type-product","3":"status-publish","4":"has-post-thumbnail","6":"product_cat-corsi-individuali","7":"pmpro-has-access","9":"first","10":"instock","11":"virtual","12":"taxable","13":"purchasable","14":"product-type-simple"},"acf":[],"yoast_head":"<!-- This site is optimized with the Yoast SEO plugin v27.4 - https:\/\/yoast.com\/product\/yoast-seo-wordpress\/ -->\n<title>Individuale online - Il menu della tua macchina fotografica - Digital Camera School - Corsi di fotografia<\/title>\n<meta name=\"robots\" content=\"index, follow, max-snippet:-1, max-image-preview:large, max-video-preview:-1\" \/>\n<link rel=\"canonical\" href=\"https:\/\/www.digitalcameraschool.it\/home\/prodotto\/individuale-il-menu-della-tua-macchina-fotografica\/\" \/>\n<meta property=\"og:locale\" content=\"it_IT\" \/>\n<meta property=\"og:type\" content=\"article\" \/>\n<meta property=\"og:title\" content=\"Individuale online - Il menu della tua macchina fotografica - Digital Camera School - Corsi di fotografia\" \/>\n<meta property=\"og:description\" content=\"\u2705\u00a0Due ore in diretta online  \u2705\u00a0Un&#039;esperienza one-to-one mirata ad approfondire la conoscenza della tua macchina fotografica!\" \/>\n<meta property=\"og:url\" content=\"https:\/\/www.digitalcameraschool.it\/home\/prodotto\/individuale-il-menu-della-tua-macchina-fotografica\/\" \/>\n<meta property=\"og:site_name\" content=\"Digital Camera School - Corsi di fotografia\" \/>\n<meta property=\"article:publisher\" content=\"https:\/\/www.facebook.com\/digitalcameraschool\" \/>\n<meta property=\"article:modified_time\" content=\"2023-07-20T09:03:34+00:00\" \/>\n<meta property=\"og:image\" content=\"https:\/\/www.digitalcameraschool.it\/home\/wp-content\/uploads\/2022\/06\/individuale_menu.jpg\" \/>\n\t<meta property=\"og:image:width\" content=\"1200\" \/>\n\t<meta property=\"og:image:height\" content=\"1200\" \/>\n\t<meta property=\"og:image:type\" content=\"image\/jpeg\" \/>\n<meta name=\"twitter:card\" content=\"summary_large_image\" \/>\n<meta name=\"twitter:label1\" content=\"Tempo di lettura stimato\" \/>\n\t<meta name=\"twitter:data1\" content=\"1 minuto\" \/>\n<script type=\"application\/ld+json\" class=\"yoast-schema-graph\">{\"@context\":\"https:\\\/\\\/schema.org\",\"@graph\":[{\"@type\":\"WebPage\",\"@id\":\"https:\\\/\\\/www.digitalcameraschool.it\\\/home\\\/prodotto\\\/individuale-il-menu-della-tua-macchina-fotografica\\\/\",\"url\":\"https:\\\/\\\/www.digitalcameraschool.it\\\/home\\\/prodotto\\\/individuale-il-menu-della-tua-macchina-fotografica\\\/\",\"name\":\"Individuale online - Il menu della tua macchina fotografica - Digital Camera School - Corsi di fotografia\",\"isPartOf\":{\"@id\":\"https:\\\/\\\/www.digitalcameraschool.it\\\/home\\\/#website\"},\"primaryImageOfPage\":{\"@id\":\"https:\\\/\\\/www.digitalcameraschool.it\\\/home\\\/prodotto\\\/individuale-il-menu-della-tua-macchina-fotografica\\\/#primaryimage\"},\"image\":{\"@id\":\"https:\\\/\\\/www.digitalcameraschool.it\\\/home\\\/prodotto\\\/individuale-il-menu-della-tua-macchina-fotografica\\\/#primaryimage\"},\"thumbnailUrl\":\"https:\\\/\\\/www.digitalcameraschool.it\\\/home\\\/wp-content\\\/uploads\\\/2022\\\/06\\\/individuale_menu.jpg\",\"datePublished\":\"2022-06-03T10:00:53+00:00\",\"dateModified\":\"2023-07-20T09:03:34+00:00\",\"breadcrumb\":{\"@id\":\"https:\\\/\\\/www.digitalcameraschool.it\\\/home\\\/prodotto\\\/individuale-il-menu-della-tua-macchina-fotografica\\\/#breadcrumb\"},\"inLanguage\":\"it-IT\",\"potentialAction\":[{\"@type\":\"ReadAction\",\"target\":[\"https:\\\/\\\/www.digitalcameraschool.it\\\/home\\\/prodotto\\\/individuale-il-menu-della-tua-macchina-fotografica\\\/\"]}]},{\"@type\":\"ImageObject\",\"inLanguage\":\"it-IT\",\"@id\":\"https:\\\/\\\/www.digitalcameraschool.it\\\/home\\\/prodotto\\\/individuale-il-menu-della-tua-macchina-fotografica\\\/#primaryimage\",\"url\":\"https:\\\/\\\/www.digitalcameraschool.it\\\/home\\\/wp-content\\\/uploads\\\/2022\\\/06\\\/individuale_menu.jpg\",\"contentUrl\":\"https:\\\/\\\/www.digitalcameraschool.it\\\/home\\\/wp-content\\\/uploads\\\/2022\\\/06\\\/individuale_menu.jpg\",\"width\":1200,\"height\":1200},{\"@type\":\"BreadcrumbList\",\"@id\":\"https:\\\/\\\/www.digitalcameraschool.it\\\/home\\\/prodotto\\\/individuale-il-menu-della-tua-macchina-fotografica\\\/#breadcrumb\",\"itemListElement\":[{\"@type\":\"ListItem\",\"position\":1,\"name\":\"Home\",\"item\":\"https:\\\/\\\/www.digitalcameraschool.it\\\/home\\\/\"},{\"@type\":\"ListItem\",\"position\":2,\"name\":\"Shop\",\"item\":\"https:\\\/\\\/www.digitalcameraschool.it\\\/home\\\/shop\\\/\"},{\"@type\":\"ListItem\",\"position\":3,\"name\":\"Individuale online &#8211; Il menu della tua macchina fotografica\"}]},{\"@type\":\"WebSite\",\"@id\":\"https:\\\/\\\/www.digitalcameraschool.it\\\/home\\\/#website\",\"url\":\"https:\\\/\\\/www.digitalcameraschool.it\\\/home\\\/\",\"name\":\"Digital Camera School - Corsi di fotografia\",\"description\":\"Corsi, workshop, viaggi e molto altro!\",\"publisher\":{\"@id\":\"https:\\\/\\\/www.digitalcameraschool.it\\\/home\\\/#organization\"},\"potentialAction\":[{\"@type\":\"SearchAction\",\"target\":{\"@type\":\"EntryPoint\",\"urlTemplate\":\"https:\\\/\\\/www.digitalcameraschool.it\\\/home\\\/?s={search_term_string}\"},\"query-input\":{\"@type\":\"PropertyValueSpecification\",\"valueRequired\":true,\"valueName\":\"search_term_string\"}}],\"inLanguage\":\"it-IT\"},{\"@type\":\"Organization\",\"@id\":\"https:\\\/\\\/www.digitalcameraschool.it\\\/home\\\/#organization\",\"name\":\"Digital Camera School\",\"url\":\"https:\\\/\\\/www.digitalcameraschool.it\\\/home\\\/\",\"logo\":{\"@type\":\"ImageObject\",\"inLanguage\":\"it-IT\",\"@id\":\"https:\\\/\\\/www.digitalcameraschool.it\\\/home\\\/#\\\/schema\\\/logo\\\/image\\\/\",\"url\":\"https:\\\/\\\/www.digitalcameraschool.it\\\/home\\\/wp-content\\\/uploads\\\/2022\\\/05\\\/logo-rotondo-dcs.png\",\"contentUrl\":\"https:\\\/\\\/www.digitalcameraschool.it\\\/home\\\/wp-content\\\/uploads\\\/2022\\\/05\\\/logo-rotondo-dcs.png\",\"width\":500,\"height\":500,\"caption\":\"Digital Camera School\"},\"image\":{\"@id\":\"https:\\\/\\\/www.digitalcameraschool.it\\\/home\\\/#\\\/schema\\\/logo\\\/image\\\/\"},\"sameAs\":[\"https:\\\/\\\/www.facebook.com\\\/digitalcameraschool\",\"https:\\\/\\\/www.instagram.com\\\/digital_camera_school\\\/\",\"https:\\\/\\\/www.youtube.com\\\/c\\\/digitalcameraschool_tv\"]}]}<\/script>\n<!-- \/ Yoast SEO plugin. -->","yoast_head_json":{"title":"Individuale online - Il menu della tua macchina fotografica - Digital Camera School - Corsi di fotografia","robots":{"index":"index","follow":"follow","max-snippet":"max-snippet:-1","max-image-preview":"max-image-preview:large","max-video-preview":"max-video-preview:-1"},"canonical":"https:\/\/www.digitalcameraschool.it\/home\/prodotto\/individuale-il-menu-della-tua-macchina-fotografica\/","og_locale":"it_IT","og_type":"article","og_title":"Individuale online - Il menu della tua macchina fotografica - Digital Camera School - Corsi di fotografia","og_description":"\u2705\u00a0Due ore in diretta online  \u2705\u00a0Un'esperienza one-to-one mirata ad approfondire la conoscenza della tua macchina fotografica!","og_url":"https:\/\/www.digitalcameraschool.it\/home\/prodotto\/individuale-il-menu-della-tua-macchina-fotografica\/","og_site_name":"Digital Camera School - Corsi di fotografia","article_publisher":"https:\/\/www.facebook.com\/digitalcameraschool","article_modified_time":"2023-07-20T09:03:34+00:00","og_image":[{"width":1200,"height":1200,"url":"https:\/\/www.digitalcameraschool.it\/home\/wp-content\/uploads\/2022\/06\/individuale_menu.jpg","type":"image\/jpeg"}],"twitter_card":"summary_large_image","twitter_misc":{"Tempo di lettura stimato":"1 minuto"},"schema":{"@context":"https:\/\/schema.org","@graph":[{"@type":"WebPage","@id":"https:\/\/www.digitalcameraschool.it\/home\/prodotto\/individuale-il-menu-della-tua-macchina-fotografica\/","url":"https:\/\/www.digitalcameraschool.it\/home\/prodotto\/individuale-il-menu-della-tua-macchina-fotografica\/","name":"Individuale online - Il menu della tua macchina fotografica - Digital Camera School - Corsi di fotografia","isPartOf":{"@id":"https:\/\/www.digitalcameraschool.it\/home\/#website"},"primaryImageOfPage":{"@id":"https:\/\/www.digitalcameraschool.it\/home\/prodotto\/individuale-il-menu-della-tua-macchina-fotografica\/#primaryimage"},"image":{"@id":"https:\/\/www.digitalcameraschool.it\/home\/prodotto\/individuale-il-menu-della-tua-macchina-fotografica\/#primaryimage"},"thumbnailUrl":"https:\/\/www.digitalcameraschool.it\/home\/wp-content\/uploads\/2022\/06\/individuale_menu.jpg","datePublished":"2022-06-03T10:00:53+00:00","dateModified":"2023-07-20T09:03:34+00:00","breadcrumb":{"@id":"https:\/\/www.digitalcameraschool.it\/home\/prodotto\/individuale-il-menu-della-tua-macchina-fotografica\/#breadcrumb"},"inLanguage":"it-IT","potentialAction":[{"@type":"ReadAction","target":["https:\/\/www.digitalcameraschool.it\/home\/prodotto\/individuale-il-menu-della-tua-macchina-fotografica\/"]}]},{"@type":"ImageObject","inLanguage":"it-IT","@id":"https:\/\/www.digitalcameraschool.it\/home\/prodotto\/individuale-il-menu-della-tua-macchina-fotografica\/#primaryimage","url":"https:\/\/www.digitalcameraschool.it\/home\/wp-content\/uploads\/2022\/06\/individuale_menu.jpg","contentUrl":"https:\/\/www.digitalcameraschool.it\/home\/wp-content\/uploads\/2022\/06\/individuale_menu.jpg","width":1200,"height":1200},{"@type":"BreadcrumbList","@id":"https:\/\/www.digitalcameraschool.it\/home\/prodotto\/individuale-il-menu-della-tua-macchina-fotografica\/#breadcrumb","itemListElement":[{"@type":"ListItem","position":1,"name":"Home","item":"https:\/\/www.digitalcameraschool.it\/home\/"},{"@type":"ListItem","position":2,"name":"Shop","item":"https:\/\/www.digitalcameraschool.it\/home\/shop\/"},{"@type":"ListItem","position":3,"name":"Individuale online &#8211; Il menu della tua macchina fotografica"}]},{"@type":"WebSite","@id":"https:\/\/www.digitalcameraschool.it\/home\/#website","url":"https:\/\/www.digitalcameraschool.it\/home\/","name":"Digital Camera School - Corsi di fotografia","description":"Corsi, workshop, viaggi e molto altro!","publisher":{"@id":"https:\/\/www.digitalcameraschool.it\/home\/#organization"},"potentialAction":[{"@type":"SearchAction","target":{"@type":"EntryPoint","urlTemplate":"https:\/\/www.digitalcameraschool.it\/home\/?s={search_term_string}"},"query-input":{"@type":"PropertyValueSpecification","valueRequired":true,"valueName":"search_term_string"}}],"inLanguage":"it-IT"},{"@type":"Organization","@id":"https:\/\/www.digitalcameraschool.it\/home\/#organization","name":"Digital Camera School","url":"https:\/\/www.digitalcameraschool.it\/home\/","logo":{"@type":"ImageObject","inLanguage":"it-IT","@id":"https:\/\/www.digitalcameraschool.it\/home\/#\/schema\/logo\/image\/","url":"https:\/\/www.digitalcameraschool.it\/home\/wp-content\/uploads\/2022\/05\/logo-rotondo-dcs.png","contentUrl":"https:\/\/www.digitalcameraschool.it\/home\/wp-content\/uploads\/2022\/05\/logo-rotondo-dcs.png","width":500,"height":500,"caption":"Digital Camera School"},"image":{"@id":"https:\/\/www.digitalcameraschool.it\/home\/#\/schema\/logo\/image\/"},"sameAs":["https:\/\/www.facebook.com\/digitalcameraschool","https:\/\/www.instagram.com\/digital_camera_school\/","https:\/\/www.youtube.com\/c\/digitalcameraschool_tv"]}]}},"_links":{"self":[{"href":"https:\/\/www.digitalcameraschool.it\/home\/wp-json\/wp\/v2\/product\/27044","targetHints":{"allow":["GET"]}}],"collection":[{"href":"https:\/\/www.digitalcameraschool.it\/home\/wp-json\/wp\/v2\/product"}],"about":[{"href":"https:\/\/www.digitalcameraschool.it\/home\/wp-json\/wp\/v2\/types\/product"}],"wp:featuredmedia":[{"embeddable":true,"href":"https:\/\/www.digitalcameraschool.it\/home\/wp-json\/wp\/v2\/media\/31569"}],"wp:attachment":[{"href":"https:\/\/www.digitalcameraschool.it\/home\/wp-json\/wp\/v2\/media?parent=27044"}],"wp:term":[{"taxonomy":"product_brand","embeddable":true,"href":"https:\/\/www.digitalcameraschool.it\/home\/wp-json\/wp\/v2\/product_brand?post=27044"},{"taxonomy":"product_cat","embeddable":true,"href":"https:\/\/www.digitalcameraschool.it\/home\/wp-json\/wp\/v2\/product_cat?post=27044"},{"taxonomy":"product_tag","embeddable":true,"href":"https:\/\/www.digitalcameraschool.it\/home\/wp-json\/wp\/v2\/product_tag?post=27044"}],"curies":[{"name":"wp","href":"https:\/\/api.w.org\/{rel}","templated":true}]}}