{"id":1777,"date":"2021-03-31T10:22:28","date_gmt":"2021-03-31T08:22:28","guid":{"rendered":"https:\/\/www.digitalcameraschool.it\/home\/?post_type=product&#038;p=1777"},"modified":"2023-09-21T16:01:58","modified_gmt":"2023-09-21T14:01:58","slug":"base-siracusa","status":"publish","type":"product","link":"https:\/\/www.digitalcameraschool.it\/home\/prodotto\/base-siracusa\/","title":{"rendered":"Siracusa &#8211; Corso di fotografia base &#8211; \/\/ Preiscrizioni aperte"},"content":{"rendered":"<div class=\"o9v6fnle cxmmr5t8 oygrvhab hcukyx3x c1et5uql\">\n<div class=\"kvgmc6g5 cxmmr5t8 oygrvhab hcukyx3x c1et5uql\">\n<div><img loading=\"lazy\" decoding=\"async\" class=\"alignnone size-full wp-image-1088\" src=\"https:\/\/www.pagamentidigitalcameraschool.it\/wp-content\/uploads\/2021\/03\/11402499_10204243539704099_1340197524068577805_o.jpg\" alt=\"\" width=\"2048\" height=\"1366\" \/><\/div>\n<\/div>\n<\/div>\n<div><\/div>\n<div><\/div>\n<div class=\"o9v6fnle cxmmr5t8 oygrvhab hcukyx3x c1et5uql\">\n<div class=\"kvgmc6g5 cxmmr5t8 oygrvhab hcukyx3x c1et5uql\">\n<div class=\"gmail_default\" style=\"text-align: justify;\">\n<p>Il corso base \u00e8 rivolto a chi vuole compiere <strong>i primi passi nel mondo della fotografia<\/strong>, oppure chi ha gi\u00e0 una buona pratica ma vuole <strong>consolidare i concetti principali<\/strong> ed arricchire la propria <strong>conoscenza a 360\u00b0<\/strong>. Non \u00e8 obbligatorio avere una fotocamera: ne metteremo noi alcune a disposizione.<\/p>\n<\/div>\n<\/div>\n<\/div>\n<div><\/div>\n<div style=\"text-align: justify;\">\n<hr \/>\n<\/div>\n<div class=\"o9v6fnle cxmmr5t8 oygrvhab hcukyx3x c1et5uql\" style=\"text-align: justify;\">\n<div class=\"kvgmc6g5 cxmmr5t8 oygrvhab hcukyx3x c1et5uql\">\n<div><strong>\u2705 COSA IMPARERAI<\/strong><\/div>\n<div>\n<p>Al termine del corso avrai acquisito <strong>una buona tecnica fotografica<\/strong> (capacit\u00e0 di utilizzare la macchina<strong> senza automatismi<\/strong>), le giuste nozioni per saper<strong> leggere le immagini<\/strong> ed eseguire <strong>scatti corretti<\/strong> e di qualit\u00e0.<\/p>\n<\/div>\n<div><\/div>\n<div>\n<hr \/>\n<p><strong>\u2705 METODO<\/strong><br \/>\nIl nostro intento \u00e8 quello di <strong>insegnare col sorriso<\/strong>, senza pesantezza. Il metodo prevede l\u2019utilizzo di <strong>molte immagini<\/strong>, cos\u00ec da rendere l\u2019esperienza il pi\u00f9 <strong>coinvolgente<\/strong> possibile. Durante le lezioni vengono assegnati dei piccoli ma stimolanti compiti facoltativi da compiere a casa, utili per iniziare a prendere la mano col mezzo fotografico. Molto apprezzata \u00e8 la possibilit\u00e0 di <strong>recuperare le eventuali lezioni saltate<\/strong>, con un video che ti sar\u00e0 inviato o in aula. Al termine del corso viene rilasciato sia un <strong>attestato<\/strong> di partecipazione sia una dispensa riassuntiva.<\/p>\n<\/div>\n<div><\/div>\n<div>\n<hr \/>\n<p><strong><span style=\"color: #ff9900;\"><i class=\"wp-svg-camera camera\"><\/i><\/span> NON HAI LA FOTOCAMERA? <\/strong>Nessun problema! Abbiamo le nostre fotocamere da prestarti!<br \/>\n<strong><span style=\"color: #ff9900;\"><i class=\"wp-svg-camera camera\"><\/i><\/span> HAI SALTATO UNA LEZIONE? <\/strong>Puoi recuperarla! O tramite un video che ti sar\u00e0 inviato oppure in aula!<br \/>\n<strong><span style=\"color: #ff9900;\"><i class=\"wp-svg-camera camera\"><\/i><\/span> DISPENSA RIASSUNTIVA <\/strong>In modo da poter consultare, finito il corso, i concetti acquisiti.<br \/>\n<strong><span style=\"color: #ff9900;\"><i class=\"wp-svg-camera camera\"><\/i><\/span> DIVERSI VIDEO-TUTORIAL <\/strong>Per approfondire alcuni argomenti o affrontarne di nuovi!<br \/>\n<strong><span style=\"color: #ff9900;\"><i class=\"wp-svg-camera camera\"><\/i><\/span> AREA RISERVATA <\/strong>\u00a0Potrai accedere e scaricare video, dispense tecniche e suggerimenti fotografici.<br \/>\n<strong><span style=\"color: #ff9900;\"><i class=\"wp-svg-camera camera\"><\/i><\/span> DOCENTI PROFESSIONISTI <\/strong>Capaci di coinvolgere e informare allo stesso tempo.<br \/>\n<strong><span style=\"color: #ff9900;\"><i class=\"wp-svg-camera camera\"><\/i><\/span> ATTESTATO <\/strong>Un ricordo da conservare o appendere e mostrare agli amici.<\/p>\n<hr \/>\n\n<p><strong>\u2705 CALENDARIO<br \/>\n<\/strong>Non appena possibile pianificheremo le date. L&#8217;elenco degli incontri \u00e8 il seguente:<\/p>\n<\/div>\n<\/div>\n<\/div>\n<p><strong>\u2022 Lezione 01<\/strong><br \/>\nCOMUNICARE CON LE IMMAGINI<br \/>\nUn\u2019introduzione all\u2019approccio fotogra\ufb01co e sulla fotogra\ufb01a come processo comunicativo. Ultima parte dedicata al confronto tra la fotogra\ufb01a e la ripresa video.<\/p>\n<div>\n<p><strong>\u2022 Lezione 02<\/strong><br \/>\nCOMPOSIZIONE<br \/>\nCome rendere pi\u00f9 accattivanti ed ef\ufb01caci le nostre immagini attraverso la geometria basilare: punti, linee, vettori, poligoni. Tanti esempi chiari e stimolanti.<\/p>\n<p><strong>\u2022 Lezione 03<br \/>\n<\/strong>LA MACCHINA E LA TECNICA<br \/>\nI diversi tipi di macchina fotogra\ufb01ca. Come funziona una macchina re\ufb02ex. Il triangolo espositivo (iso-tempo-diaframmi) con esempi pratici e prove in diretta.<\/p>\n<p><strong>\u2022 Lezione 04<\/strong><br \/>\nLE OTTICHE<br \/>\nLe differenze tra i vari tipi di ottiche e le conseguenze pratiche sul risultato \ufb01nale. La profondit\u00e0 di campo e lo sfocato: come controllarli.<\/p>\n<div>\n<p><strong>\u2022 Lezione 05<\/strong><br \/>\nUSCITA<br \/>\nUscita sul campo dove \u00e8 possibile mettere in pratica la teoria appresa durante le ore in aula. Proveremo inoltre diverse tecniche speciali come il panning, il controluce e la luce di riempimento.<\/p>\n<p><strong>\u2022 Lezione 06<\/strong><br \/>\nUSCITA NOTTURNA<br \/>\nQuesta lezione vale come un vero e proprio workshop. Impareremo ad utilizzare la macchina con le lunghe esposizioni, catturando le scie delle macchine, provando la tecnica del light painting e l\u2019utilizzo creativo del flash.<\/p>\n<p><strong>\u2022 Lezione 07<\/strong><br \/>\nIL FLASH E IL BIANCO E NERO<br \/>\nConsigli pratici per un utilizzo ottimale del flash. Analisi del bianco e nero attraverso il lavoro di grandi autori.<\/p>\n<p><strong>\u2022 Lezione 08<\/strong><br \/>\nIntroduzione a Photoshop e alcuni programmi gratuiti; un\u2019intera lezione su come iniziare a correggere le nostre fotografia attraverso il miglior programma di post-produzione e ad alcuni dei migliori programmi gratuiti per la correzione delle immagini. Commento collettivo alle foto realizzate dai corsisti. Le azioni basilari per ottimizzare i propri scatti attraverso Adobe Photoshop.<\/p>\n<hr \/>\n<\/div>\n<div><strong>\u2705 ORARI<\/strong><\/div>\n<div>\n<ul>\n<li>Gli incontri si terranno dalla 20:45 alle 22:45 circa<\/li>\n<li>Le uscite saranno di circa 3 ore<\/li>\n<\/ul>\n<hr \/>\n<\/div>\n<div class=\"o9v6fnle cxmmr5t8 oygrvhab hcukyx3x c1et5uql\" style=\"text-align: justify;\">\n<div class=\"kvgmc6g5 cxmmr5t8 oygrvhab hcukyx3x c1et5uql\">\n<div><strong>\u2705 LUOGO DEL CORSO<\/strong><\/div>\n<ul>\n<li>Il corso si terr\u00e0 in una sede da definire.<\/li>\n<\/ul>\n<div>\n<hr \/>\n<\/div>\n<div><strong>\u2705 IMPORTANTE<br \/>\n<\/strong><\/div>\n<ul>\n<li>Il numero di partecipanti \u00e8 limitato, cos\u00ec da consentire un&#8217;esperienza pi\u00f9 efficace e attiva.<\/li>\n<\/ul>\n<\/div>\n<\/div>\n<div>\n<hr \/>\n<\/div>\n<p style=\"text-align: justify;\"><strong>\u2705INFORMAZIONI<\/strong><\/p>\n<ul>\n<li style=\"text-align: justify;\">Compila il form qui presente per pre-iscriverti! Riceverai info e dettagli direttamente via mail! Se preferisci un contatto telefonico, ecco i nostri numeri:<br \/>\n&#8211; 393.9242473 (Marco)<br \/>\n&#8211; 320.1915228 (Gigi)<\/li>\n<\/ul>\n<p style=\"text-align: justify;\"><p class=\"wpcf7-contact-form-not-found\"><strong>Errore:<\/strong> Modulo di contatto non trovato.<\/p><\/p>\n<\/div>\n","protected":false},"excerpt":{"rendered":"<div class=\"o9v6fnle cxmmr5t8 oygrvhab hcukyx3x c1et5uql\">\n<div class=\"kvgmc6g5 cxmmr5t8 oygrvhab hcukyx3x c1et5uql\"><\/div>\n<\/div>\n<p><span style=\"color: #ff9900;\"><span style=\"color: #000000;\">Il prezzo \u00e8 di 90 euro se ci si iscrive da soli o 70 euro a persona se si \u00e8 in due o pi\u00f9 persone.\u00a0<\/span><\/span><\/p>\n<p>Data l&#8217;emergenza Sanitaria non possiamo indicare una data certa di partenza del corso.<br \/>\n<span style=\"color: #ff9900;\"><strong>Possiamo certamente garantire che riprenderemo SUBITO quando potremo.\u00a0 Puoi pre-iscriverti senza impegno compilando il form che troverai in fondo a questa pagina.<\/strong><\/span><\/p>\n","protected":false},"featured_media":25495,"template":"","meta":{"pmpro_default_level":""},"product_brand":[],"product_cat":[112],"product_tag":[],"class_list":{"0":"post-1777","1":"product","2":"type-product","3":"status-publish","4":"has-post-thumbnail","6":"product_cat-corsi-base","7":"pmpro-has-access","9":"first","10":"instock","11":"virtual","12":"taxable","13":"product-type-simple"},"acf":[],"yoast_head":"<!-- This site is optimized with the Yoast SEO plugin v27.5 - https:\/\/yoast.com\/product\/yoast-seo-wordpress\/ -->\n<title>Siracusa - Corso di fotografia base - \/\/ Preiscrizioni aperte - Digital Camera School - Corsi di fotografia<\/title>\n<meta name=\"robots\" content=\"index, follow, max-snippet:-1, max-image-preview:large, max-video-preview:-1\" \/>\n<link rel=\"canonical\" href=\"https:\/\/www.digitalcameraschool.it\/home\/prodotto\/base-siracusa\/\" \/>\n<meta property=\"og:locale\" content=\"it_IT\" \/>\n<meta property=\"og:type\" content=\"article\" \/>\n<meta property=\"og:title\" content=\"Siracusa - Corso di fotografia base - \/\/ Preiscrizioni aperte - Digital Camera School - Corsi di fotografia\" \/>\n<meta property=\"og:description\" content=\"Il prezzo \u00e8 di 90 euro se ci si iscrive da soli o 70 euro a persona se si \u00e8 in due o pi\u00f9 persone.\u00a0  Data l&#039;emergenza Sanitaria non possiamo indicare una data certa di partenza del corso. Possiamo certamente garantire che riprenderemo SUBITO quando potremo.\u00a0 Puoi pre-iscriverti senza impegno compilando il form che troverai in fondo a questa pagina.\" \/>\n<meta property=\"og:url\" content=\"https:\/\/www.digitalcameraschool.it\/home\/prodotto\/base-siracusa\/\" \/>\n<meta property=\"og:site_name\" content=\"Digital Camera School - Corsi di fotografia\" \/>\n<meta property=\"article:publisher\" content=\"https:\/\/www.facebook.com\/digitalcameraschool\" \/>\n<meta property=\"article:modified_time\" content=\"2023-09-21T14:01:58+00:00\" \/>\n<meta property=\"og:image\" content=\"https:\/\/www.digitalcameraschool.it\/home\/wp-content\/uploads\/2022\/03\/siracusa.jpg\" \/>\n\t<meta property=\"og:image:width\" content=\"1200\" \/>\n\t<meta property=\"og:image:height\" content=\"1200\" \/>\n\t<meta property=\"og:image:type\" content=\"image\/jpeg\" \/>\n<meta name=\"twitter:card\" content=\"summary_large_image\" \/>\n<meta name=\"twitter:label1\" content=\"Tempo di lettura stimato\" \/>\n\t<meta name=\"twitter:data1\" content=\"4 minuti\" \/>\n<script type=\"application\/ld+json\" class=\"yoast-schema-graph\">{\"@context\":\"https:\\\/\\\/schema.org\",\"@graph\":[{\"@type\":\"WebPage\",\"@id\":\"https:\\\/\\\/www.digitalcameraschool.it\\\/home\\\/prodotto\\\/base-siracusa\\\/\",\"url\":\"https:\\\/\\\/www.digitalcameraschool.it\\\/home\\\/prodotto\\\/base-siracusa\\\/\",\"name\":\"Siracusa - Corso di fotografia base - \\\/\\\/ Preiscrizioni aperte - Digital Camera School - Corsi di fotografia\",\"isPartOf\":{\"@id\":\"https:\\\/\\\/www.digitalcameraschool.it\\\/home\\\/#website\"},\"primaryImageOfPage\":{\"@id\":\"https:\\\/\\\/www.digitalcameraschool.it\\\/home\\\/prodotto\\\/base-siracusa\\\/#primaryimage\"},\"image\":{\"@id\":\"https:\\\/\\\/www.digitalcameraschool.it\\\/home\\\/prodotto\\\/base-siracusa\\\/#primaryimage\"},\"thumbnailUrl\":\"https:\\\/\\\/www.digitalcameraschool.it\\\/home\\\/wp-content\\\/uploads\\\/2022\\\/03\\\/siracusa.jpg\",\"datePublished\":\"2021-03-31T08:22:28+00:00\",\"dateModified\":\"2023-09-21T14:01:58+00:00\",\"breadcrumb\":{\"@id\":\"https:\\\/\\\/www.digitalcameraschool.it\\\/home\\\/prodotto\\\/base-siracusa\\\/#breadcrumb\"},\"inLanguage\":\"it-IT\",\"potentialAction\":[{\"@type\":\"ReadAction\",\"target\":[\"https:\\\/\\\/www.digitalcameraschool.it\\\/home\\\/prodotto\\\/base-siracusa\\\/\"]}]},{\"@type\":\"ImageObject\",\"inLanguage\":\"it-IT\",\"@id\":\"https:\\\/\\\/www.digitalcameraschool.it\\\/home\\\/prodotto\\\/base-siracusa\\\/#primaryimage\",\"url\":\"https:\\\/\\\/www.digitalcameraschool.it\\\/home\\\/wp-content\\\/uploads\\\/2022\\\/03\\\/siracusa.jpg\",\"contentUrl\":\"https:\\\/\\\/www.digitalcameraschool.it\\\/home\\\/wp-content\\\/uploads\\\/2022\\\/03\\\/siracusa.jpg\",\"width\":1200,\"height\":1200},{\"@type\":\"BreadcrumbList\",\"@id\":\"https:\\\/\\\/www.digitalcameraschool.it\\\/home\\\/prodotto\\\/base-siracusa\\\/#breadcrumb\",\"itemListElement\":[{\"@type\":\"ListItem\",\"position\":1,\"name\":\"Home\",\"item\":\"https:\\\/\\\/www.digitalcameraschool.it\\\/home\\\/\"},{\"@type\":\"ListItem\",\"position\":2,\"name\":\"Shop\",\"item\":\"https:\\\/\\\/www.digitalcameraschool.it\\\/home\\\/shop\\\/\"},{\"@type\":\"ListItem\",\"position\":3,\"name\":\"Siracusa &#8211; Corso di fotografia base &#8211; \\\/\\\/ Preiscrizioni aperte\"}]},{\"@type\":\"WebSite\",\"@id\":\"https:\\\/\\\/www.digitalcameraschool.it\\\/home\\\/#website\",\"url\":\"https:\\\/\\\/www.digitalcameraschool.it\\\/home\\\/\",\"name\":\"Digital Camera School - Corsi di fotografia\",\"description\":\"Corsi, workshop, viaggi e molto altro!\",\"publisher\":{\"@id\":\"https:\\\/\\\/www.digitalcameraschool.it\\\/home\\\/#organization\"},\"potentialAction\":[{\"@type\":\"SearchAction\",\"target\":{\"@type\":\"EntryPoint\",\"urlTemplate\":\"https:\\\/\\\/www.digitalcameraschool.it\\\/home\\\/?s={search_term_string}\"},\"query-input\":{\"@type\":\"PropertyValueSpecification\",\"valueRequired\":true,\"valueName\":\"search_term_string\"}}],\"inLanguage\":\"it-IT\"},{\"@type\":\"Organization\",\"@id\":\"https:\\\/\\\/www.digitalcameraschool.it\\\/home\\\/#organization\",\"name\":\"Digital Camera School\",\"url\":\"https:\\\/\\\/www.digitalcameraschool.it\\\/home\\\/\",\"logo\":{\"@type\":\"ImageObject\",\"inLanguage\":\"it-IT\",\"@id\":\"https:\\\/\\\/www.digitalcameraschool.it\\\/home\\\/#\\\/schema\\\/logo\\\/image\\\/\",\"url\":\"https:\\\/\\\/www.digitalcameraschool.it\\\/home\\\/wp-content\\\/uploads\\\/2022\\\/05\\\/logo-rotondo-dcs.png\",\"contentUrl\":\"https:\\\/\\\/www.digitalcameraschool.it\\\/home\\\/wp-content\\\/uploads\\\/2022\\\/05\\\/logo-rotondo-dcs.png\",\"width\":500,\"height\":500,\"caption\":\"Digital Camera School\"},\"image\":{\"@id\":\"https:\\\/\\\/www.digitalcameraschool.it\\\/home\\\/#\\\/schema\\\/logo\\\/image\\\/\"},\"sameAs\":[\"https:\\\/\\\/www.facebook.com\\\/digitalcameraschool\",\"https:\\\/\\\/www.instagram.com\\\/digital_camera_school\\\/\",\"https:\\\/\\\/www.youtube.com\\\/c\\\/digitalcameraschool_tv\"]}]}<\/script>\n<!-- \/ Yoast SEO plugin. -->","yoast_head_json":{"title":"Siracusa - Corso di fotografia base - \/\/ Preiscrizioni aperte - Digital Camera School - Corsi di fotografia","robots":{"index":"index","follow":"follow","max-snippet":"max-snippet:-1","max-image-preview":"max-image-preview:large","max-video-preview":"max-video-preview:-1"},"canonical":"https:\/\/www.digitalcameraschool.it\/home\/prodotto\/base-siracusa\/","og_locale":"it_IT","og_type":"article","og_title":"Siracusa - Corso di fotografia base - \/\/ Preiscrizioni aperte - Digital Camera School - Corsi di fotografia","og_description":"Il prezzo \u00e8 di 90 euro se ci si iscrive da soli o 70 euro a persona se si \u00e8 in due o pi\u00f9 persone.\u00a0  Data l'emergenza Sanitaria non possiamo indicare una data certa di partenza del corso. Possiamo certamente garantire che riprenderemo SUBITO quando potremo.\u00a0 Puoi pre-iscriverti senza impegno compilando il form che troverai in fondo a questa pagina.","og_url":"https:\/\/www.digitalcameraschool.it\/home\/prodotto\/base-siracusa\/","og_site_name":"Digital Camera School - Corsi di fotografia","article_publisher":"https:\/\/www.facebook.com\/digitalcameraschool","article_modified_time":"2023-09-21T14:01:58+00:00","og_image":[{"width":1200,"height":1200,"url":"https:\/\/www.digitalcameraschool.it\/home\/wp-content\/uploads\/2022\/03\/siracusa.jpg","type":"image\/jpeg"}],"twitter_card":"summary_large_image","twitter_misc":{"Tempo di lettura stimato":"4 minuti"},"schema":{"@context":"https:\/\/schema.org","@graph":[{"@type":"WebPage","@id":"https:\/\/www.digitalcameraschool.it\/home\/prodotto\/base-siracusa\/","url":"https:\/\/www.digitalcameraschool.it\/home\/prodotto\/base-siracusa\/","name":"Siracusa - Corso di fotografia base - \/\/ Preiscrizioni aperte - Digital Camera School - Corsi di fotografia","isPartOf":{"@id":"https:\/\/www.digitalcameraschool.it\/home\/#website"},"primaryImageOfPage":{"@id":"https:\/\/www.digitalcameraschool.it\/home\/prodotto\/base-siracusa\/#primaryimage"},"image":{"@id":"https:\/\/www.digitalcameraschool.it\/home\/prodotto\/base-siracusa\/#primaryimage"},"thumbnailUrl":"https:\/\/www.digitalcameraschool.it\/home\/wp-content\/uploads\/2022\/03\/siracusa.jpg","datePublished":"2021-03-31T08:22:28+00:00","dateModified":"2023-09-21T14:01:58+00:00","breadcrumb":{"@id":"https:\/\/www.digitalcameraschool.it\/home\/prodotto\/base-siracusa\/#breadcrumb"},"inLanguage":"it-IT","potentialAction":[{"@type":"ReadAction","target":["https:\/\/www.digitalcameraschool.it\/home\/prodotto\/base-siracusa\/"]}]},{"@type":"ImageObject","inLanguage":"it-IT","@id":"https:\/\/www.digitalcameraschool.it\/home\/prodotto\/base-siracusa\/#primaryimage","url":"https:\/\/www.digitalcameraschool.it\/home\/wp-content\/uploads\/2022\/03\/siracusa.jpg","contentUrl":"https:\/\/www.digitalcameraschool.it\/home\/wp-content\/uploads\/2022\/03\/siracusa.jpg","width":1200,"height":1200},{"@type":"BreadcrumbList","@id":"https:\/\/www.digitalcameraschool.it\/home\/prodotto\/base-siracusa\/#breadcrumb","itemListElement":[{"@type":"ListItem","position":1,"name":"Home","item":"https:\/\/www.digitalcameraschool.it\/home\/"},{"@type":"ListItem","position":2,"name":"Shop","item":"https:\/\/www.digitalcameraschool.it\/home\/shop\/"},{"@type":"ListItem","position":3,"name":"Siracusa &#8211; Corso di fotografia base &#8211; \/\/ Preiscrizioni aperte"}]},{"@type":"WebSite","@id":"https:\/\/www.digitalcameraschool.it\/home\/#website","url":"https:\/\/www.digitalcameraschool.it\/home\/","name":"Digital Camera School - Corsi di fotografia","description":"Corsi, workshop, viaggi e molto altro!","publisher":{"@id":"https:\/\/www.digitalcameraschool.it\/home\/#organization"},"potentialAction":[{"@type":"SearchAction","target":{"@type":"EntryPoint","urlTemplate":"https:\/\/www.digitalcameraschool.it\/home\/?s={search_term_string}"},"query-input":{"@type":"PropertyValueSpecification","valueRequired":true,"valueName":"search_term_string"}}],"inLanguage":"it-IT"},{"@type":"Organization","@id":"https:\/\/www.digitalcameraschool.it\/home\/#organization","name":"Digital Camera School","url":"https:\/\/www.digitalcameraschool.it\/home\/","logo":{"@type":"ImageObject","inLanguage":"it-IT","@id":"https:\/\/www.digitalcameraschool.it\/home\/#\/schema\/logo\/image\/","url":"https:\/\/www.digitalcameraschool.it\/home\/wp-content\/uploads\/2022\/05\/logo-rotondo-dcs.png","contentUrl":"https:\/\/www.digitalcameraschool.it\/home\/wp-content\/uploads\/2022\/05\/logo-rotondo-dcs.png","width":500,"height":500,"caption":"Digital Camera School"},"image":{"@id":"https:\/\/www.digitalcameraschool.it\/home\/#\/schema\/logo\/image\/"},"sameAs":["https:\/\/www.facebook.com\/digitalcameraschool","https:\/\/www.instagram.com\/digital_camera_school\/","https:\/\/www.youtube.com\/c\/digitalcameraschool_tv"]}]}},"_links":{"self":[{"href":"https:\/\/www.digitalcameraschool.it\/home\/wp-json\/wp\/v2\/product\/1777","targetHints":{"allow":["GET"]}}],"collection":[{"href":"https:\/\/www.digitalcameraschool.it\/home\/wp-json\/wp\/v2\/product"}],"about":[{"href":"https:\/\/www.digitalcameraschool.it\/home\/wp-json\/wp\/v2\/types\/product"}],"wp:featuredmedia":[{"embeddable":true,"href":"https:\/\/www.digitalcameraschool.it\/home\/wp-json\/wp\/v2\/media\/25495"}],"wp:attachment":[{"href":"https:\/\/www.digitalcameraschool.it\/home\/wp-json\/wp\/v2\/media?parent=1777"}],"wp:term":[{"taxonomy":"product_brand","embeddable":true,"href":"https:\/\/www.digitalcameraschool.it\/home\/wp-json\/wp\/v2\/product_brand?post=1777"},{"taxonomy":"product_cat","embeddable":true,"href":"https:\/\/www.digitalcameraschool.it\/home\/wp-json\/wp\/v2\/product_cat?post=1777"},{"taxonomy":"product_tag","embeddable":true,"href":"https:\/\/www.digitalcameraschool.it\/home\/wp-json\/wp\/v2\/product_tag?post=1777"}],"curies":[{"name":"wp","href":"https:\/\/api.w.org\/{rel}","templated":true}]}}